{"id":9487,"date":"2020-12-03T19:09:54","date_gmt":"2020-12-03T17:09:54","guid":{"rendered":"http:\/\/embreiscom.wpengine.com\/product\/genesis-mid-calf-walker\/"},"modified":"2026-02-12T17:47:57","modified_gmt":"2026-02-12T15:47:57","slug":"genesis-mid-calf-walker","status":"publish","type":"product","link":"https:\/\/embreis.com\/se\/produkt\/genesis-mid-calf-walker\/","title":{"rendered":"Genesis Mid-Calf Walker"},"content":{"rendered":"<p><strong>Genesis Walker \u2013 effektiv immobilisering med fokus p\u00e5 naturligt g\u00e5ngm\u00f6nster och h\u00f6g komfort<\/strong><\/p>\n<p>Genesis Walker Mif-Calf \u00e4r en kort version av Genesis Walker i normal l\u00e4ngd. Denna modell \u00e4r l\u00e4mplig n\u00e4r det inte finns behov av full\u00e4ngdsvarianten, samt i de fall d\u00e5 patienten \u00f6nskar en kortare och smidigare ortos.<\/p>\n<p>Genesis Walker Mid-Calf kombinerar effektiv stabilisering och immobilisering med mycket h\u00f6g anv\u00e4ndarkomfort. Ortosen anv\u00e4nds vid postoperativ och posttraumatisk immobilisering av fotled och fot och \u00e4r utformad f\u00f6r att m\u00f6jligg\u00f6ra ett s\u00e5 naturligt och biomekaniskt korrekt g\u00e5ngm\u00f6nster som m\u00f6jligt under rehabiliteringen.<\/p>\n<p>I utvecklingsprocessen har inget l\u00e4mnats \u00e5t slumpen. Med hj\u00e4lp av avancerad dataoptimering och modern produktutveckling har Breg skapat en optimal kombination mellan medicinsk funktion och anv\u00e4ndarkomfort. Den l\u00e5ga vikten, den mycket l\u00e5ga byggh\u00f6jden och det smidiga plastskalet bidrar till \u00f6kad r\u00f6rlighet och minimal p\u00e5verkan p\u00e5 patientens vardag. En v\u00e4l avv\u00e4gd rullsula, st\u00f6td\u00e4mpning i h\u00e4lpartiet samt bilaterala luftkanaler skapar b\u00e5de stabilitet och komfort, vilket ger h\u00f6g patientacceptans under behandlingstiden.<\/p>\n<p>Genesis Walker Mid-Calf \u00e4r en av de l\u00e4ttaste ortoserna i sitt segment och skapar goda f\u00f6ruts\u00e4ttningar f\u00f6r en trygg och effektiv rehabilitering.<\/p>\n","protected":false},"excerpt":{"rendered":"<div id=\"ctl00_cph1_lTxt\">\n<ul>\n<li>L\u00e5g Walker modell<\/li>\n<li>Fixering av fotled<\/li>\n<li>L\u00e5g byggh\u00f6jd<\/li>\n<li>Smidig rullsula<\/li>\n<\/ul>\n<\/div>\n","protected":false},"featured_media":10386,"template":"","meta":[],"product_brand":[],"product_cat":[1232,217,225],"product_tag":[],"class_list":{"0":"post-9487","1":"product","2":"type-product","3":"status-publish","4":"has-post-thumbnail","6":"product_cat-postop-traum","7":"product_cat-ortos","8":"product_cat-ankel","9":"pa_varumarke-breg","11":"first","12":"outofstock","13":"shipping-taxable","14":"product-type-variable"},"acf":[],"yoast_head":"<!-- This site is optimized with the Yoast SEO Premium plugin v27.3 (Yoast SEO v27.3) - https:\/\/yoast.com\/product\/yoast-seo-premium-wordpress\/ -->\n<title>Genesis Mid-Calf Walker - Embreis.com<\/title>\n<meta name=\"robots\" content=\"index, follow, max-snippet:-1, max-image-preview:large, max-video-preview:-1\" \/>\n<link rel=\"canonical\" href=\"https:\/\/embreis.com\/se\/produkt\/genesis-mid-calf-walker\/\" \/>\n<meta property=\"og:locale\" content=\"sv_SE\" \/>\n<meta property=\"og:type\" content=\"article\" \/>\n<meta property=\"og:title\" content=\"Genesis Mid-Calf Walker\" \/>\n<meta property=\"og:description\" content=\"L\u00e5g Walker modell  Fixering av fotled  L\u00e5g byggh\u00f6jd  Smidig rullsula\" \/>\n<meta property=\"og:url\" content=\"https:\/\/embreis.com\/se\/produkt\/genesis-mid-calf-walker\/\" \/>\n<meta property=\"og:site_name\" content=\"Embreis SE\" \/>\n<meta property=\"article:publisher\" content=\"https:\/\/www.facebook.com\/embreis\/\" \/>\n<meta property=\"article:modified_time\" content=\"2026-02-12T15:47:57+00:00\" \/>\n<meta property=\"og:image\" content=\"https:\/\/embreis.com\/se\/wp-content\/uploads\/sites\/6\/2020\/12\/Breg.Genesis_Mid-Calf.jpg\" \/>\n\t<meta property=\"og:image:width\" content=\"567\" \/>\n\t<meta property=\"og:image:height\" content=\"567\" \/>\n\t<meta property=\"og:image:type\" content=\"image\/jpeg\" \/>\n<meta name=\"twitter:card\" content=\"summary_large_image\" \/>\n<meta name=\"twitter:label1\" content=\"Ber\u00e4knad l\u00e4stid\" \/>\n\t<meta name=\"twitter:data1\" content=\"2 minuter\" \/>\n<script type=\"application\/ld+json\" class=\"yoast-schema-graph\">{\"@context\":\"https:\\\/\\\/schema.org\",\"@graph\":[{\"@type\":\"WebPage\",\"@id\":\"https:\\\/\\\/embreis.com\\\/se\\\/produkt\\\/genesis-mid-calf-walker\\\/\",\"url\":\"https:\\\/\\\/embreis.com\\\/se\\\/produkt\\\/genesis-mid-calf-walker\\\/\",\"name\":\"Genesis Mid-Calf Walker - Embreis.com\",\"isPartOf\":{\"@id\":\"https:\\\/\\\/embreis.com\\\/se\\\/#website\"},\"primaryImageOfPage\":{\"@id\":\"https:\\\/\\\/embreis.com\\\/se\\\/produkt\\\/genesis-mid-calf-walker\\\/#primaryimage\"},\"image\":{\"@id\":\"https:\\\/\\\/embreis.com\\\/se\\\/produkt\\\/genesis-mid-calf-walker\\\/#primaryimage\"},\"thumbnailUrl\":\"https:\\\/\\\/embreis.com\\\/se\\\/wp-content\\\/uploads\\\/sites\\\/6\\\/2020\\\/12\\\/Breg.Genesis_Mid-Calf.jpg\",\"datePublished\":\"2020-12-03T17:09:54+00:00\",\"dateModified\":\"2026-02-12T15:47:57+00:00\",\"breadcrumb\":{\"@id\":\"https:\\\/\\\/embreis.com\\\/se\\\/produkt\\\/genesis-mid-calf-walker\\\/#breadcrumb\"},\"inLanguage\":\"sv-SE\",\"potentialAction\":[{\"@type\":\"ReadAction\",\"target\":[\"https:\\\/\\\/embreis.com\\\/se\\\/produkt\\\/genesis-mid-calf-walker\\\/\"]}]},{\"@type\":\"ImageObject\",\"inLanguage\":\"sv-SE\",\"@id\":\"https:\\\/\\\/embreis.com\\\/se\\\/produkt\\\/genesis-mid-calf-walker\\\/#primaryimage\",\"url\":\"https:\\\/\\\/embreis.com\\\/se\\\/wp-content\\\/uploads\\\/sites\\\/6\\\/2020\\\/12\\\/Breg.Genesis_Mid-Calf.jpg\",\"contentUrl\":\"https:\\\/\\\/embreis.com\\\/se\\\/wp-content\\\/uploads\\\/sites\\\/6\\\/2020\\\/12\\\/Breg.Genesis_Mid-Calf.jpg\",\"width\":567,\"height\":567},{\"@type\":\"BreadcrumbList\",\"@id\":\"https:\\\/\\\/embreis.com\\\/se\\\/produkt\\\/genesis-mid-calf-walker\\\/#breadcrumb\",\"itemListElement\":[{\"@type\":\"ListItem\",\"position\":1,\"name\":\"Hem\",\"item\":\"https:\\\/\\\/embreis.com\\\/se\\\/\"},{\"@type\":\"ListItem\",\"position\":2,\"name\":\"Sortiment\",\"item\":\"https:\\\/\\\/embreis.com\\\/se\\\/sortiment\\\/\"},{\"@type\":\"ListItem\",\"position\":3,\"name\":\"Ortos\",\"item\":\"https:\\\/\\\/embreis.com\\\/se\\\/produktkategori\\\/ortos\\\/\"},{\"@type\":\"ListItem\",\"position\":4,\"name\":\"Ankel\",\"item\":\"https:\\\/\\\/embreis.com\\\/se\\\/produktkategori\\\/ortos\\\/ankel\\\/\"},{\"@type\":\"ListItem\",\"position\":5,\"name\":\"PostOp - Trauma\",\"item\":\"https:\\\/\\\/embreis.com\\\/se\\\/produktkategori\\\/ortos\\\/ankel\\\/postop-traum\\\/\"},{\"@type\":\"ListItem\",\"position\":6,\"name\":\"Genesis Mid-Calf Walker\"}]},{\"@type\":\"WebSite\",\"@id\":\"https:\\\/\\\/embreis.com\\\/se\\\/#website\",\"url\":\"https:\\\/\\\/embreis.com\\\/se\\\/\",\"name\":\"Embreis SE\",\"description\":\"Ortoser, proteser och material\",\"publisher\":{\"@id\":\"https:\\\/\\\/embreis.com\\\/se\\\/#organization\"},\"potentialAction\":[{\"@type\":\"SearchAction\",\"target\":{\"@type\":\"EntryPoint\",\"urlTemplate\":\"https:\\\/\\\/embreis.com\\\/se\\\/?s={search_term_string}\"},\"query-input\":{\"@type\":\"PropertyValueSpecification\",\"valueRequired\":true,\"valueName\":\"search_term_string\"}}],\"inLanguage\":\"sv-SE\"},{\"@type\":\"Organization\",\"@id\":\"https:\\\/\\\/embreis.com\\\/se\\\/#organization\",\"name\":\"Embreis AB\",\"url\":\"https:\\\/\\\/embreis.com\\\/se\\\/\",\"logo\":{\"@type\":\"ImageObject\",\"inLanguage\":\"sv-SE\",\"@id\":\"https:\\\/\\\/embreis.com\\\/se\\\/#\\\/schema\\\/logo\\\/image\\\/\",\"url\":\"https:\\\/\\\/embreis.com\\\/se\\\/wp-content\\\/uploads\\\/sites\\\/6\\\/2019\\\/08\\\/Embreis_Logo2_PMS.png\",\"contentUrl\":\"https:\\\/\\\/embreis.com\\\/se\\\/wp-content\\\/uploads\\\/sites\\\/6\\\/2019\\\/08\\\/Embreis_Logo2_PMS.png\",\"width\":1723,\"height\":926,\"caption\":\"Embreis AB\"},\"image\":{\"@id\":\"https:\\\/\\\/embreis.com\\\/se\\\/#\\\/schema\\\/logo\\\/image\\\/\"},\"sameAs\":[\"https:\\\/\\\/www.facebook.com\\\/embreis\\\/\",\"https:\\\/\\\/www.linkedin.com\\\/company\\\/embreis-ab\\\/\",\"https:\\\/\\\/www.youtube.com\\\/user\\\/embreisAB\"]}]}<\/script>\n<!-- \/ Yoast SEO Premium plugin. -->","yoast_head_json":{"title":"Genesis Mid-Calf Walker - Embreis.com","robots":{"index":"index","follow":"follow","max-snippet":"max-snippet:-1","max-image-preview":"max-image-preview:large","max-video-preview":"max-video-preview:-1"},"canonical":"https:\/\/embreis.com\/se\/produkt\/genesis-mid-calf-walker\/","og_locale":"sv_SE","og_type":"article","og_title":"Genesis Mid-Calf Walker","og_description":"L\u00e5g Walker modell  Fixering av fotled  L\u00e5g byggh\u00f6jd  Smidig rullsula","og_url":"https:\/\/embreis.com\/se\/produkt\/genesis-mid-calf-walker\/","og_site_name":"Embreis SE","article_publisher":"https:\/\/www.facebook.com\/embreis\/","article_modified_time":"2026-02-12T15:47:57+00:00","og_image":[{"width":567,"height":567,"url":"https:\/\/embreis.com\/se\/wp-content\/uploads\/sites\/6\/2020\/12\/Breg.Genesis_Mid-Calf.jpg","type":"image\/jpeg"}],"twitter_card":"summary_large_image","twitter_misc":{"Ber\u00e4knad l\u00e4stid":"2 minuter"},"schema":{"@context":"https:\/\/schema.org","@graph":[{"@type":"WebPage","@id":"https:\/\/embreis.com\/se\/produkt\/genesis-mid-calf-walker\/","url":"https:\/\/embreis.com\/se\/produkt\/genesis-mid-calf-walker\/","name":"Genesis Mid-Calf Walker - Embreis.com","isPartOf":{"@id":"https:\/\/embreis.com\/se\/#website"},"primaryImageOfPage":{"@id":"https:\/\/embreis.com\/se\/produkt\/genesis-mid-calf-walker\/#primaryimage"},"image":{"@id":"https:\/\/embreis.com\/se\/produkt\/genesis-mid-calf-walker\/#primaryimage"},"thumbnailUrl":"https:\/\/embreis.com\/se\/wp-content\/uploads\/sites\/6\/2020\/12\/Breg.Genesis_Mid-Calf.jpg","datePublished":"2020-12-03T17:09:54+00:00","dateModified":"2026-02-12T15:47:57+00:00","breadcrumb":{"@id":"https:\/\/embreis.com\/se\/produkt\/genesis-mid-calf-walker\/#breadcrumb"},"inLanguage":"sv-SE","potentialAction":[{"@type":"ReadAction","target":["https:\/\/embreis.com\/se\/produkt\/genesis-mid-calf-walker\/"]}]},{"@type":"ImageObject","inLanguage":"sv-SE","@id":"https:\/\/embreis.com\/se\/produkt\/genesis-mid-calf-walker\/#primaryimage","url":"https:\/\/embreis.com\/se\/wp-content\/uploads\/sites\/6\/2020\/12\/Breg.Genesis_Mid-Calf.jpg","contentUrl":"https:\/\/embreis.com\/se\/wp-content\/uploads\/sites\/6\/2020\/12\/Breg.Genesis_Mid-Calf.jpg","width":567,"height":567},{"@type":"BreadcrumbList","@id":"https:\/\/embreis.com\/se\/produkt\/genesis-mid-calf-walker\/#breadcrumb","itemListElement":[{"@type":"ListItem","position":1,"name":"Hem","item":"https:\/\/embreis.com\/se\/"},{"@type":"ListItem","position":2,"name":"Sortiment","item":"https:\/\/embreis.com\/se\/sortiment\/"},{"@type":"ListItem","position":3,"name":"Ortos","item":"https:\/\/embreis.com\/se\/produktkategori\/ortos\/"},{"@type":"ListItem","position":4,"name":"Ankel","item":"https:\/\/embreis.com\/se\/produktkategori\/ortos\/ankel\/"},{"@type":"ListItem","position":5,"name":"PostOp - Trauma","item":"https:\/\/embreis.com\/se\/produktkategori\/ortos\/ankel\/postop-traum\/"},{"@type":"ListItem","position":6,"name":"Genesis Mid-Calf Walker"}]},{"@type":"WebSite","@id":"https:\/\/embreis.com\/se\/#website","url":"https:\/\/embreis.com\/se\/","name":"Embreis SE","description":"Ortoser, proteser och material","publisher":{"@id":"https:\/\/embreis.com\/se\/#organization"},"potentialAction":[{"@type":"SearchAction","target":{"@type":"EntryPoint","urlTemplate":"https:\/\/embreis.com\/se\/?s={search_term_string}"},"query-input":{"@type":"PropertyValueSpecification","valueRequired":true,"valueName":"search_term_string"}}],"inLanguage":"sv-SE"},{"@type":"Organization","@id":"https:\/\/embreis.com\/se\/#organization","name":"Embreis AB","url":"https:\/\/embreis.com\/se\/","logo":{"@type":"ImageObject","inLanguage":"sv-SE","@id":"https:\/\/embreis.com\/se\/#\/schema\/logo\/image\/","url":"https:\/\/embreis.com\/se\/wp-content\/uploads\/sites\/6\/2019\/08\/Embreis_Logo2_PMS.png","contentUrl":"https:\/\/embreis.com\/se\/wp-content\/uploads\/sites\/6\/2019\/08\/Embreis_Logo2_PMS.png","width":1723,"height":926,"caption":"Embreis AB"},"image":{"@id":"https:\/\/embreis.com\/se\/#\/schema\/logo\/image\/"},"sameAs":["https:\/\/www.facebook.com\/embreis\/","https:\/\/www.linkedin.com\/company\/embreis-ab\/","https:\/\/www.youtube.com\/user\/embreisAB"]}]}},"_links":{"self":[{"href":"https:\/\/embreis.com\/se\/wp-json\/wp\/v2\/product\/9487","targetHints":{"allow":["GET"]}}],"collection":[{"href":"https:\/\/embreis.com\/se\/wp-json\/wp\/v2\/product"}],"about":[{"href":"https:\/\/embreis.com\/se\/wp-json\/wp\/v2\/types\/product"}],"wp:featuredmedia":[{"embeddable":true,"href":"https:\/\/embreis.com\/se\/wp-json\/wp\/v2\/media\/10386"}],"wp:attachment":[{"href":"https:\/\/embreis.com\/se\/wp-json\/wp\/v2\/media?parent=9487"}],"wp:term":[{"taxonomy":"product_brand","embeddable":true,"href":"https:\/\/embreis.com\/se\/wp-json\/wp\/v2\/product_brand?post=9487"},{"taxonomy":"product_cat","embeddable":true,"href":"https:\/\/embreis.com\/se\/wp-json\/wp\/v2\/product_cat?post=9487"},{"taxonomy":"product_tag","embeddable":true,"href":"https:\/\/embreis.com\/se\/wp-json\/wp\/v2\/product_tag?post=9487"}],"curies":[{"name":"wp","href":"https:\/\/api.w.org\/{rel}","templated":true}]}}