{"id":8512,"date":"2020-11-30T17:44:58","date_gmt":"2020-11-30T15:44:58","guid":{"rendered":"http:\/\/embreiscom.wpengine.com\/product\/spinomed-active-dam\/"},"modified":"2025-09-10T15:01:11","modified_gmt":"2025-09-10T13:01:11","slug":"spinomed-active-dam","status":"publish","type":"product","link":"https:\/\/embreis.com\/se\/produkt\/spinomed-active-dam\/","title":{"rendered":"Spinomed\u00ae active, Dam"},"content":{"rendered":"<p>Spinomed anv\u00e4nds fr\u00e4mst\u00a0vid behandling av kotfrakturer orsakade av bensk\u00f6rhet, men \u00e4ven i \u00f6vriga fall f\u00f6r att minska kyfos samt st\u00e4rka rygg och bukmuskulatur. Ortosen best\u00e5r av en m\u00e5ttsydd kroppsbody med ryggskena. Ryggskenan skall anpassas individuellt efter ryggens form. Bodyn \u00e4r enkel att ta p\u00e5 och finns i olika utf\u00f6randen f\u00f6r b\u00e5de dam och herr. F\u00f6rst\u00e4rkningar i bodyn kring rygg, buk och axelparti g\u00f6r att den motsvarar funktionen hos en Spinomed IV. Behandlingsprincipen \u00e4r evidensbaserad.P\u00e5 v\u00e5r sida\u00a0<a title=\"osteoporos.nu\" href=\"http:\/\/www.osteoporos.nu\/\" target=\"_blank\" rel=\"noopener\">www.osteoporos.nu<\/a>\u00a0kan du l\u00e4s mer om osteoporos och hur\u00a0Spinomed fungerar.<\/p>\n","protected":false},"excerpt":{"rendered":"<ul>\n<li>Motverkar kyfos<\/li>\n<li>F\u00f6rb\u00e4ttrar balans<\/li>\n<li>St\u00e4rker rygg o magmuskler<\/li>\n<li>Aktiverande kroppsbody<\/li>\n<\/ul>\n","protected":false},"featured_media":10373,"template":"","meta":[],"product_brand":[],"product_cat":[1216,217,224],"product_tag":[],"class_list":{"0":"post-8512","1":"product","2":"type-product","3":"status-publish","4":"has-post-thumbnail","6":"product_cat-osteoporos","7":"product_cat-ortos","8":"product_cat-rygg","9":"pa_upphandlingar-region-vasternorrland-ortos","10":"pa_varumarke-medi","12":"first","13":"instock","14":"shipping-taxable","15":"product-type-simple"},"acf":[],"yoast_head":"<!-- This site is optimized with the Yoast SEO Premium plugin v27.3 (Yoast SEO v27.3) - https:\/\/yoast.com\/product\/yoast-seo-premium-wordpress\/ -->\n<title>Spinomed\u00ae active, Dam - Embreis.com<\/title>\n<meta name=\"robots\" content=\"index, follow, max-snippet:-1, max-image-preview:large, max-video-preview:-1\" \/>\n<link rel=\"canonical\" href=\"https:\/\/embreis.com\/se\/produkt\/spinomed-active-dam\/\" \/>\n<meta property=\"og:locale\" content=\"sv_SE\" \/>\n<meta property=\"og:type\" content=\"article\" \/>\n<meta property=\"og:title\" content=\"Spinomed\u00ae active, Dam\" \/>\n<meta property=\"og:description\" content=\"Motverkar kyfos  F\u00f6rb\u00e4ttrar balans  St\u00e4rker rygg o magmuskler  Aktiverande kroppsbody\" \/>\n<meta property=\"og:url\" content=\"https:\/\/embreis.com\/se\/produkt\/spinomed-active-dam\/\" \/>\n<meta property=\"og:site_name\" content=\"Embreis SE\" \/>\n<meta property=\"article:publisher\" content=\"https:\/\/www.facebook.com\/embreis\/\" \/>\n<meta property=\"article:modified_time\" content=\"2025-09-10T13:01:11+00:00\" \/>\n<meta property=\"og:image\" content=\"https:\/\/embreis.com\/se\/wp-content\/uploads\/sites\/6\/2020\/11\/spinomed.active.svart_.jpg\" \/>\n\t<meta property=\"og:image:width\" content=\"567\" \/>\n\t<meta property=\"og:image:height\" content=\"567\" \/>\n\t<meta property=\"og:image:type\" content=\"image\/jpeg\" \/>\n<meta name=\"twitter:card\" content=\"summary_large_image\" \/>\n<meta name=\"twitter:label1\" content=\"Ber\u00e4knad l\u00e4stid\" \/>\n\t<meta name=\"twitter:data1\" content=\"1 minut\" \/>\n<script type=\"application\/ld+json\" class=\"yoast-schema-graph\">{\"@context\":\"https:\\\/\\\/schema.org\",\"@graph\":[{\"@type\":\"WebPage\",\"@id\":\"https:\\\/\\\/embreis.com\\\/se\\\/produkt\\\/spinomed-active-dam\\\/\",\"url\":\"https:\\\/\\\/embreis.com\\\/se\\\/produkt\\\/spinomed-active-dam\\\/\",\"name\":\"Spinomed\u00ae active, Dam - Embreis.com\",\"isPartOf\":{\"@id\":\"https:\\\/\\\/embreis.com\\\/se\\\/#website\"},\"primaryImageOfPage\":{\"@id\":\"https:\\\/\\\/embreis.com\\\/se\\\/produkt\\\/spinomed-active-dam\\\/#primaryimage\"},\"image\":{\"@id\":\"https:\\\/\\\/embreis.com\\\/se\\\/produkt\\\/spinomed-active-dam\\\/#primaryimage\"},\"thumbnailUrl\":\"https:\\\/\\\/embreis.com\\\/se\\\/wp-content\\\/uploads\\\/sites\\\/6\\\/2020\\\/11\\\/spinomed.active.svart_.jpg\",\"datePublished\":\"2020-11-30T15:44:58+00:00\",\"dateModified\":\"2025-09-10T13:01:11+00:00\",\"breadcrumb\":{\"@id\":\"https:\\\/\\\/embreis.com\\\/se\\\/produkt\\\/spinomed-active-dam\\\/#breadcrumb\"},\"inLanguage\":\"sv-SE\",\"potentialAction\":[{\"@type\":\"ReadAction\",\"target\":[\"https:\\\/\\\/embreis.com\\\/se\\\/produkt\\\/spinomed-active-dam\\\/\"]}]},{\"@type\":\"ImageObject\",\"inLanguage\":\"sv-SE\",\"@id\":\"https:\\\/\\\/embreis.com\\\/se\\\/produkt\\\/spinomed-active-dam\\\/#primaryimage\",\"url\":\"https:\\\/\\\/embreis.com\\\/se\\\/wp-content\\\/uploads\\\/sites\\\/6\\\/2020\\\/11\\\/spinomed.active.svart_.jpg\",\"contentUrl\":\"https:\\\/\\\/embreis.com\\\/se\\\/wp-content\\\/uploads\\\/sites\\\/6\\\/2020\\\/11\\\/spinomed.active.svart_.jpg\",\"width\":567,\"height\":567},{\"@type\":\"BreadcrumbList\",\"@id\":\"https:\\\/\\\/embreis.com\\\/se\\\/produkt\\\/spinomed-active-dam\\\/#breadcrumb\",\"itemListElement\":[{\"@type\":\"ListItem\",\"position\":1,\"name\":\"Hem\",\"item\":\"https:\\\/\\\/embreis.com\\\/se\\\/\"},{\"@type\":\"ListItem\",\"position\":2,\"name\":\"Sortiment\",\"item\":\"https:\\\/\\\/embreis.com\\\/se\\\/sortiment\\\/\"},{\"@type\":\"ListItem\",\"position\":3,\"name\":\"Ortos\",\"item\":\"https:\\\/\\\/embreis.com\\\/se\\\/produktkategori\\\/ortos\\\/\"},{\"@type\":\"ListItem\",\"position\":4,\"name\":\"Rygg\",\"item\":\"https:\\\/\\\/embreis.com\\\/se\\\/produktkategori\\\/ortos\\\/rygg\\\/\"},{\"@type\":\"ListItem\",\"position\":5,\"name\":\"Osteoporos\",\"item\":\"https:\\\/\\\/embreis.com\\\/se\\\/produktkategori\\\/ortos\\\/rygg\\\/osteoporos\\\/\"},{\"@type\":\"ListItem\",\"position\":6,\"name\":\"Spinomed\u00ae active, Dam\"}]},{\"@type\":\"WebSite\",\"@id\":\"https:\\\/\\\/embreis.com\\\/se\\\/#website\",\"url\":\"https:\\\/\\\/embreis.com\\\/se\\\/\",\"name\":\"Embreis SE\",\"description\":\"Ortoser, proteser och material\",\"publisher\":{\"@id\":\"https:\\\/\\\/embreis.com\\\/se\\\/#organization\"},\"potentialAction\":[{\"@type\":\"SearchAction\",\"target\":{\"@type\":\"EntryPoint\",\"urlTemplate\":\"https:\\\/\\\/embreis.com\\\/se\\\/?s={search_term_string}\"},\"query-input\":{\"@type\":\"PropertyValueSpecification\",\"valueRequired\":true,\"valueName\":\"search_term_string\"}}],\"inLanguage\":\"sv-SE\"},{\"@type\":\"Organization\",\"@id\":\"https:\\\/\\\/embreis.com\\\/se\\\/#organization\",\"name\":\"Embreis AB\",\"url\":\"https:\\\/\\\/embreis.com\\\/se\\\/\",\"logo\":{\"@type\":\"ImageObject\",\"inLanguage\":\"sv-SE\",\"@id\":\"https:\\\/\\\/embreis.com\\\/se\\\/#\\\/schema\\\/logo\\\/image\\\/\",\"url\":\"https:\\\/\\\/embreis.com\\\/se\\\/wp-content\\\/uploads\\\/sites\\\/6\\\/2019\\\/08\\\/Embreis_Logo2_PMS.png\",\"contentUrl\":\"https:\\\/\\\/embreis.com\\\/se\\\/wp-content\\\/uploads\\\/sites\\\/6\\\/2019\\\/08\\\/Embreis_Logo2_PMS.png\",\"width\":1723,\"height\":926,\"caption\":\"Embreis AB\"},\"image\":{\"@id\":\"https:\\\/\\\/embreis.com\\\/se\\\/#\\\/schema\\\/logo\\\/image\\\/\"},\"sameAs\":[\"https:\\\/\\\/www.facebook.com\\\/embreis\\\/\",\"https:\\\/\\\/www.linkedin.com\\\/company\\\/embreis-ab\\\/\",\"https:\\\/\\\/www.youtube.com\\\/user\\\/embreisAB\"]}]}<\/script>\n<!-- \/ Yoast SEO Premium plugin. -->","yoast_head_json":{"title":"Spinomed\u00ae active, Dam - Embreis.com","robots":{"index":"index","follow":"follow","max-snippet":"max-snippet:-1","max-image-preview":"max-image-preview:large","max-video-preview":"max-video-preview:-1"},"canonical":"https:\/\/embreis.com\/se\/produkt\/spinomed-active-dam\/","og_locale":"sv_SE","og_type":"article","og_title":"Spinomed\u00ae active, Dam","og_description":"Motverkar kyfos  F\u00f6rb\u00e4ttrar balans  St\u00e4rker rygg o magmuskler  Aktiverande kroppsbody","og_url":"https:\/\/embreis.com\/se\/produkt\/spinomed-active-dam\/","og_site_name":"Embreis SE","article_publisher":"https:\/\/www.facebook.com\/embreis\/","article_modified_time":"2025-09-10T13:01:11+00:00","og_image":[{"width":567,"height":567,"url":"https:\/\/embreis.com\/se\/wp-content\/uploads\/sites\/6\/2020\/11\/spinomed.active.svart_.jpg","type":"image\/jpeg"}],"twitter_card":"summary_large_image","twitter_misc":{"Ber\u00e4knad l\u00e4stid":"1 minut"},"schema":{"@context":"https:\/\/schema.org","@graph":[{"@type":"WebPage","@id":"https:\/\/embreis.com\/se\/produkt\/spinomed-active-dam\/","url":"https:\/\/embreis.com\/se\/produkt\/spinomed-active-dam\/","name":"Spinomed\u00ae active, Dam - Embreis.com","isPartOf":{"@id":"https:\/\/embreis.com\/se\/#website"},"primaryImageOfPage":{"@id":"https:\/\/embreis.com\/se\/produkt\/spinomed-active-dam\/#primaryimage"},"image":{"@id":"https:\/\/embreis.com\/se\/produkt\/spinomed-active-dam\/#primaryimage"},"thumbnailUrl":"https:\/\/embreis.com\/se\/wp-content\/uploads\/sites\/6\/2020\/11\/spinomed.active.svart_.jpg","datePublished":"2020-11-30T15:44:58+00:00","dateModified":"2025-09-10T13:01:11+00:00","breadcrumb":{"@id":"https:\/\/embreis.com\/se\/produkt\/spinomed-active-dam\/#breadcrumb"},"inLanguage":"sv-SE","potentialAction":[{"@type":"ReadAction","target":["https:\/\/embreis.com\/se\/produkt\/spinomed-active-dam\/"]}]},{"@type":"ImageObject","inLanguage":"sv-SE","@id":"https:\/\/embreis.com\/se\/produkt\/spinomed-active-dam\/#primaryimage","url":"https:\/\/embreis.com\/se\/wp-content\/uploads\/sites\/6\/2020\/11\/spinomed.active.svart_.jpg","contentUrl":"https:\/\/embreis.com\/se\/wp-content\/uploads\/sites\/6\/2020\/11\/spinomed.active.svart_.jpg","width":567,"height":567},{"@type":"BreadcrumbList","@id":"https:\/\/embreis.com\/se\/produkt\/spinomed-active-dam\/#breadcrumb","itemListElement":[{"@type":"ListItem","position":1,"name":"Hem","item":"https:\/\/embreis.com\/se\/"},{"@type":"ListItem","position":2,"name":"Sortiment","item":"https:\/\/embreis.com\/se\/sortiment\/"},{"@type":"ListItem","position":3,"name":"Ortos","item":"https:\/\/embreis.com\/se\/produktkategori\/ortos\/"},{"@type":"ListItem","position":4,"name":"Rygg","item":"https:\/\/embreis.com\/se\/produktkategori\/ortos\/rygg\/"},{"@type":"ListItem","position":5,"name":"Osteoporos","item":"https:\/\/embreis.com\/se\/produktkategori\/ortos\/rygg\/osteoporos\/"},{"@type":"ListItem","position":6,"name":"Spinomed\u00ae active, Dam"}]},{"@type":"WebSite","@id":"https:\/\/embreis.com\/se\/#website","url":"https:\/\/embreis.com\/se\/","name":"Embreis SE","description":"Ortoser, proteser och material","publisher":{"@id":"https:\/\/embreis.com\/se\/#organization"},"potentialAction":[{"@type":"SearchAction","target":{"@type":"EntryPoint","urlTemplate":"https:\/\/embreis.com\/se\/?s={search_term_string}"},"query-input":{"@type":"PropertyValueSpecification","valueRequired":true,"valueName":"search_term_string"}}],"inLanguage":"sv-SE"},{"@type":"Organization","@id":"https:\/\/embreis.com\/se\/#organization","name":"Embreis AB","url":"https:\/\/embreis.com\/se\/","logo":{"@type":"ImageObject","inLanguage":"sv-SE","@id":"https:\/\/embreis.com\/se\/#\/schema\/logo\/image\/","url":"https:\/\/embreis.com\/se\/wp-content\/uploads\/sites\/6\/2019\/08\/Embreis_Logo2_PMS.png","contentUrl":"https:\/\/embreis.com\/se\/wp-content\/uploads\/sites\/6\/2019\/08\/Embreis_Logo2_PMS.png","width":1723,"height":926,"caption":"Embreis AB"},"image":{"@id":"https:\/\/embreis.com\/se\/#\/schema\/logo\/image\/"},"sameAs":["https:\/\/www.facebook.com\/embreis\/","https:\/\/www.linkedin.com\/company\/embreis-ab\/","https:\/\/www.youtube.com\/user\/embreisAB"]}]}},"_links":{"self":[{"href":"https:\/\/embreis.com\/se\/wp-json\/wp\/v2\/product\/8512","targetHints":{"allow":["GET"]}}],"collection":[{"href":"https:\/\/embreis.com\/se\/wp-json\/wp\/v2\/product"}],"about":[{"href":"https:\/\/embreis.com\/se\/wp-json\/wp\/v2\/types\/product"}],"wp:featuredmedia":[{"embeddable":true,"href":"https:\/\/embreis.com\/se\/wp-json\/wp\/v2\/media\/10373"}],"wp:attachment":[{"href":"https:\/\/embreis.com\/se\/wp-json\/wp\/v2\/media?parent=8512"}],"wp:term":[{"taxonomy":"product_brand","embeddable":true,"href":"https:\/\/embreis.com\/se\/wp-json\/wp\/v2\/product_brand?post=8512"},{"taxonomy":"product_cat","embeddable":true,"href":"https:\/\/embreis.com\/se\/wp-json\/wp\/v2\/product_cat?post=8512"},{"taxonomy":"product_tag","embeddable":true,"href":"https:\/\/embreis.com\/se\/wp-json\/wp\/v2\/product_tag?post=8512"}],"curies":[{"name":"wp","href":"https:\/\/api.w.org\/{rel}","templated":true}]}}