{"id":438,"date":"2019-08-26T08:58:34","date_gmt":"2019-08-26T06:58:34","guid":{"rendered":"http:\/\/embreiscom.wpengine.com\/?product=import-placeholder-for-20047"},"modified":"2021-02-10T19:01:42","modified_gmt":"2021-02-10T17:01:42","slug":"gravidgordel-maternity-belt","status":"publish","type":"product","link":"https:\/\/embreis.com\/se\/produkt\/gravidgordel-maternity-belt\/","title":{"rendered":"Gravidg\u00f6rdel &#8211; Maternity belt"},"content":{"rendered":"<p>Graviditetsg\u00f6rdel som avlastar l\u00e4ndrygg och mage under graviditet. Res\u00e5ren har god kompression och ger ett bra och behagligt st\u00f6d. Extrabanden \u00e4r f\u00f6rsedda med handtag och g\u00f6r att stabiliteten enkelt kan justeras. Magpartiet \u00e4r mjukt och behagligt.<\/p>\n","protected":false},"excerpt":{"rendered":"<ul>\n<li>Smidig graviditetsg\u00f6rdel<\/li>\n<li>St\u00f6djer och avlastar l\u00e4ndrygg och mage<\/li>\n<li>Stabiliserande extraband<\/li>\n<li>Handtag f\u00f6r enklare justering<\/li>\n<\/ul>\n","protected":false},"featured_media":460,"template":"","meta":[],"product_brand":[],"product_cat":[1218,217,224],"product_tag":[],"class_list":{"0":"post-438","1":"product","2":"type-product","3":"status-publish","4":"has-post-thumbnail","6":"product_cat-si-led","7":"product_cat-ortos","8":"product_cat-rygg","9":"pa_varumarke-medi","11":"first","12":"outofstock","13":"shipping-taxable","14":"product-type-variable"},"acf":[],"yoast_head":"<!-- This site is optimized with the Yoast SEO Premium plugin v27.3 (Yoast SEO v27.3) - https:\/\/yoast.com\/product\/yoast-seo-premium-wordpress\/ -->\n<title>Gravidg\u00f6rdel - Maternity belt - Embreis.com<\/title>\n<meta name=\"robots\" content=\"index, follow, max-snippet:-1, max-image-preview:large, max-video-preview:-1\" \/>\n<link rel=\"canonical\" href=\"https:\/\/embreis.com\/se\/produkt\/gravidgordel-maternity-belt\/\" \/>\n<meta property=\"og:locale\" content=\"sv_SE\" \/>\n<meta property=\"og:type\" content=\"article\" \/>\n<meta property=\"og:title\" content=\"Gravidg\u00f6rdel - Maternity belt\" \/>\n<meta property=\"og:description\" content=\"Smidig graviditetsg\u00f6rdel  St\u00f6djer och avlastar l\u00e4ndrygg och mage  Stabiliserande extraband  Handtag f\u00f6r enklare justering\" \/>\n<meta property=\"og:url\" content=\"https:\/\/embreis.com\/se\/produkt\/gravidgordel-maternity-belt\/\" \/>\n<meta property=\"og:site_name\" content=\"Embreis SE\" \/>\n<meta property=\"article:publisher\" content=\"https:\/\/www.facebook.com\/embreis\/\" \/>\n<meta property=\"article:modified_time\" content=\"2021-02-10T17:01:42+00:00\" \/>\n<meta property=\"og:image\" content=\"https:\/\/embreis.com\/se\/wp-content\/uploads\/sites\/6\/2019\/08\/maternity.belt_.1.jpg\" \/>\n\t<meta property=\"og:image:width\" content=\"850\" \/>\n\t<meta property=\"og:image:height\" content=\"850\" \/>\n\t<meta property=\"og:image:type\" content=\"image\/jpeg\" \/>\n<meta name=\"twitter:card\" content=\"summary_large_image\" \/>\n<script type=\"application\/ld+json\" class=\"yoast-schema-graph\">{\"@context\":\"https:\\\/\\\/schema.org\",\"@graph\":[{\"@type\":\"WebPage\",\"@id\":\"https:\\\/\\\/embreis.com\\\/se\\\/produkt\\\/gravidgordel-maternity-belt\\\/\",\"url\":\"https:\\\/\\\/embreis.com\\\/se\\\/produkt\\\/gravidgordel-maternity-belt\\\/\",\"name\":\"Gravidg\u00f6rdel - Maternity belt - Embreis.com\",\"isPartOf\":{\"@id\":\"https:\\\/\\\/embreis.com\\\/se\\\/#website\"},\"primaryImageOfPage\":{\"@id\":\"https:\\\/\\\/embreis.com\\\/se\\\/produkt\\\/gravidgordel-maternity-belt\\\/#primaryimage\"},\"image\":{\"@id\":\"https:\\\/\\\/embreis.com\\\/se\\\/produkt\\\/gravidgordel-maternity-belt\\\/#primaryimage\"},\"thumbnailUrl\":\"https:\\\/\\\/embreis.com\\\/se\\\/wp-content\\\/uploads\\\/sites\\\/6\\\/2019\\\/08\\\/maternity.belt_.1.jpg\",\"datePublished\":\"2019-08-26T06:58:34+00:00\",\"dateModified\":\"2021-02-10T17:01:42+00:00\",\"breadcrumb\":{\"@id\":\"https:\\\/\\\/embreis.com\\\/se\\\/produkt\\\/gravidgordel-maternity-belt\\\/#breadcrumb\"},\"inLanguage\":\"sv-SE\",\"potentialAction\":[{\"@type\":\"ReadAction\",\"target\":[\"https:\\\/\\\/embreis.com\\\/se\\\/produkt\\\/gravidgordel-maternity-belt\\\/\"]}]},{\"@type\":\"ImageObject\",\"inLanguage\":\"sv-SE\",\"@id\":\"https:\\\/\\\/embreis.com\\\/se\\\/produkt\\\/gravidgordel-maternity-belt\\\/#primaryimage\",\"url\":\"https:\\\/\\\/embreis.com\\\/se\\\/wp-content\\\/uploads\\\/sites\\\/6\\\/2019\\\/08\\\/maternity.belt_.1.jpg\",\"contentUrl\":\"https:\\\/\\\/embreis.com\\\/se\\\/wp-content\\\/uploads\\\/sites\\\/6\\\/2019\\\/08\\\/maternity.belt_.1.jpg\",\"width\":850,\"height\":850},{\"@type\":\"BreadcrumbList\",\"@id\":\"https:\\\/\\\/embreis.com\\\/se\\\/produkt\\\/gravidgordel-maternity-belt\\\/#breadcrumb\",\"itemListElement\":[{\"@type\":\"ListItem\",\"position\":1,\"name\":\"Hem\",\"item\":\"https:\\\/\\\/embreis.com\\\/se\\\/\"},{\"@type\":\"ListItem\",\"position\":2,\"name\":\"Sortiment\",\"item\":\"https:\\\/\\\/embreis.com\\\/se\\\/sortiment\\\/\"},{\"@type\":\"ListItem\",\"position\":3,\"name\":\"Ortos\",\"item\":\"https:\\\/\\\/embreis.com\\\/se\\\/produktkategori\\\/ortos\\\/\"},{\"@type\":\"ListItem\",\"position\":4,\"name\":\"Rygg\",\"item\":\"https:\\\/\\\/embreis.com\\\/se\\\/produktkategori\\\/ortos\\\/rygg\\\/\"},{\"@type\":\"ListItem\",\"position\":5,\"name\":\"SI-led\",\"item\":\"https:\\\/\\\/embreis.com\\\/se\\\/produktkategori\\\/ortos\\\/rygg\\\/si-led\\\/\"},{\"@type\":\"ListItem\",\"position\":6,\"name\":\"Gravidg\u00f6rdel &#8211; Maternity belt\"}]},{\"@type\":\"WebSite\",\"@id\":\"https:\\\/\\\/embreis.com\\\/se\\\/#website\",\"url\":\"https:\\\/\\\/embreis.com\\\/se\\\/\",\"name\":\"Embreis SE\",\"description\":\"Ortoser, proteser och material\",\"publisher\":{\"@id\":\"https:\\\/\\\/embreis.com\\\/se\\\/#organization\"},\"potentialAction\":[{\"@type\":\"SearchAction\",\"target\":{\"@type\":\"EntryPoint\",\"urlTemplate\":\"https:\\\/\\\/embreis.com\\\/se\\\/?s={search_term_string}\"},\"query-input\":{\"@type\":\"PropertyValueSpecification\",\"valueRequired\":true,\"valueName\":\"search_term_string\"}}],\"inLanguage\":\"sv-SE\"},{\"@type\":\"Organization\",\"@id\":\"https:\\\/\\\/embreis.com\\\/se\\\/#organization\",\"name\":\"Embreis AB\",\"url\":\"https:\\\/\\\/embreis.com\\\/se\\\/\",\"logo\":{\"@type\":\"ImageObject\",\"inLanguage\":\"sv-SE\",\"@id\":\"https:\\\/\\\/embreis.com\\\/se\\\/#\\\/schema\\\/logo\\\/image\\\/\",\"url\":\"https:\\\/\\\/embreis.com\\\/se\\\/wp-content\\\/uploads\\\/sites\\\/6\\\/2019\\\/08\\\/Embreis_Logo2_PMS.png\",\"contentUrl\":\"https:\\\/\\\/embreis.com\\\/se\\\/wp-content\\\/uploads\\\/sites\\\/6\\\/2019\\\/08\\\/Embreis_Logo2_PMS.png\",\"width\":1723,\"height\":926,\"caption\":\"Embreis AB\"},\"image\":{\"@id\":\"https:\\\/\\\/embreis.com\\\/se\\\/#\\\/schema\\\/logo\\\/image\\\/\"},\"sameAs\":[\"https:\\\/\\\/www.facebook.com\\\/embreis\\\/\",\"https:\\\/\\\/www.linkedin.com\\\/company\\\/embreis-ab\\\/\",\"https:\\\/\\\/www.youtube.com\\\/user\\\/embreisAB\"]}]}<\/script>\n<!-- \/ Yoast SEO Premium plugin. -->","yoast_head_json":{"title":"Gravidg\u00f6rdel - Maternity belt - Embreis.com","robots":{"index":"index","follow":"follow","max-snippet":"max-snippet:-1","max-image-preview":"max-image-preview:large","max-video-preview":"max-video-preview:-1"},"canonical":"https:\/\/embreis.com\/se\/produkt\/gravidgordel-maternity-belt\/","og_locale":"sv_SE","og_type":"article","og_title":"Gravidg\u00f6rdel - Maternity belt","og_description":"Smidig graviditetsg\u00f6rdel  St\u00f6djer och avlastar l\u00e4ndrygg och mage  Stabiliserande extraband  Handtag f\u00f6r enklare justering","og_url":"https:\/\/embreis.com\/se\/produkt\/gravidgordel-maternity-belt\/","og_site_name":"Embreis SE","article_publisher":"https:\/\/www.facebook.com\/embreis\/","article_modified_time":"2021-02-10T17:01:42+00:00","og_image":[{"width":850,"height":850,"url":"https:\/\/embreis.com\/se\/wp-content\/uploads\/sites\/6\/2019\/08\/maternity.belt_.1.jpg","type":"image\/jpeg"}],"twitter_card":"summary_large_image","schema":{"@context":"https:\/\/schema.org","@graph":[{"@type":"WebPage","@id":"https:\/\/embreis.com\/se\/produkt\/gravidgordel-maternity-belt\/","url":"https:\/\/embreis.com\/se\/produkt\/gravidgordel-maternity-belt\/","name":"Gravidg\u00f6rdel - Maternity belt - Embreis.com","isPartOf":{"@id":"https:\/\/embreis.com\/se\/#website"},"primaryImageOfPage":{"@id":"https:\/\/embreis.com\/se\/produkt\/gravidgordel-maternity-belt\/#primaryimage"},"image":{"@id":"https:\/\/embreis.com\/se\/produkt\/gravidgordel-maternity-belt\/#primaryimage"},"thumbnailUrl":"https:\/\/embreis.com\/se\/wp-content\/uploads\/sites\/6\/2019\/08\/maternity.belt_.1.jpg","datePublished":"2019-08-26T06:58:34+00:00","dateModified":"2021-02-10T17:01:42+00:00","breadcrumb":{"@id":"https:\/\/embreis.com\/se\/produkt\/gravidgordel-maternity-belt\/#breadcrumb"},"inLanguage":"sv-SE","potentialAction":[{"@type":"ReadAction","target":["https:\/\/embreis.com\/se\/produkt\/gravidgordel-maternity-belt\/"]}]},{"@type":"ImageObject","inLanguage":"sv-SE","@id":"https:\/\/embreis.com\/se\/produkt\/gravidgordel-maternity-belt\/#primaryimage","url":"https:\/\/embreis.com\/se\/wp-content\/uploads\/sites\/6\/2019\/08\/maternity.belt_.1.jpg","contentUrl":"https:\/\/embreis.com\/se\/wp-content\/uploads\/sites\/6\/2019\/08\/maternity.belt_.1.jpg","width":850,"height":850},{"@type":"BreadcrumbList","@id":"https:\/\/embreis.com\/se\/produkt\/gravidgordel-maternity-belt\/#breadcrumb","itemListElement":[{"@type":"ListItem","position":1,"name":"Hem","item":"https:\/\/embreis.com\/se\/"},{"@type":"ListItem","position":2,"name":"Sortiment","item":"https:\/\/embreis.com\/se\/sortiment\/"},{"@type":"ListItem","position":3,"name":"Ortos","item":"https:\/\/embreis.com\/se\/produktkategori\/ortos\/"},{"@type":"ListItem","position":4,"name":"Rygg","item":"https:\/\/embreis.com\/se\/produktkategori\/ortos\/rygg\/"},{"@type":"ListItem","position":5,"name":"SI-led","item":"https:\/\/embreis.com\/se\/produktkategori\/ortos\/rygg\/si-led\/"},{"@type":"ListItem","position":6,"name":"Gravidg\u00f6rdel &#8211; Maternity belt"}]},{"@type":"WebSite","@id":"https:\/\/embreis.com\/se\/#website","url":"https:\/\/embreis.com\/se\/","name":"Embreis SE","description":"Ortoser, proteser och material","publisher":{"@id":"https:\/\/embreis.com\/se\/#organization"},"potentialAction":[{"@type":"SearchAction","target":{"@type":"EntryPoint","urlTemplate":"https:\/\/embreis.com\/se\/?s={search_term_string}"},"query-input":{"@type":"PropertyValueSpecification","valueRequired":true,"valueName":"search_term_string"}}],"inLanguage":"sv-SE"},{"@type":"Organization","@id":"https:\/\/embreis.com\/se\/#organization","name":"Embreis AB","url":"https:\/\/embreis.com\/se\/","logo":{"@type":"ImageObject","inLanguage":"sv-SE","@id":"https:\/\/embreis.com\/se\/#\/schema\/logo\/image\/","url":"https:\/\/embreis.com\/se\/wp-content\/uploads\/sites\/6\/2019\/08\/Embreis_Logo2_PMS.png","contentUrl":"https:\/\/embreis.com\/se\/wp-content\/uploads\/sites\/6\/2019\/08\/Embreis_Logo2_PMS.png","width":1723,"height":926,"caption":"Embreis AB"},"image":{"@id":"https:\/\/embreis.com\/se\/#\/schema\/logo\/image\/"},"sameAs":["https:\/\/www.facebook.com\/embreis\/","https:\/\/www.linkedin.com\/company\/embreis-ab\/","https:\/\/www.youtube.com\/user\/embreisAB"]}]}},"_links":{"self":[{"href":"https:\/\/embreis.com\/se\/wp-json\/wp\/v2\/product\/438","targetHints":{"allow":["GET"]}}],"collection":[{"href":"https:\/\/embreis.com\/se\/wp-json\/wp\/v2\/product"}],"about":[{"href":"https:\/\/embreis.com\/se\/wp-json\/wp\/v2\/types\/product"}],"wp:featuredmedia":[{"embeddable":true,"href":"https:\/\/embreis.com\/se\/wp-json\/wp\/v2\/media\/460"}],"wp:attachment":[{"href":"https:\/\/embreis.com\/se\/wp-json\/wp\/v2\/media?parent=438"}],"wp:term":[{"taxonomy":"product_brand","embeddable":true,"href":"https:\/\/embreis.com\/se\/wp-json\/wp\/v2\/product_brand?post=438"},{"taxonomy":"product_cat","embeddable":true,"href":"https:\/\/embreis.com\/se\/wp-json\/wp\/v2\/product_cat?post=438"},{"taxonomy":"product_tag","embeddable":true,"href":"https:\/\/embreis.com\/se\/wp-json\/wp\/v2\/product_tag?post=438"}],"curies":[{"name":"wp","href":"https:\/\/api.w.org\/{rel}","templated":true}]}}