{"id":427,"date":"2019-08-26T08:58:31","date_gmt":"2019-08-26T06:58:31","guid":{"rendered":"http:\/\/embreiscom.wpengine.com\/?product=import-placeholder-for-20036"},"modified":"2021-02-10T18:56:05","modified_gmt":"2021-02-10T16:56:05","slug":"wrist-lacer-lang","status":"publish","type":"product","link":"https:\/\/embreis.com\/se\/produkt\/wrist-lacer-lang\/","title":{"rendered":"Wrist Lacer L\u00e5ng"},"content":{"rendered":"<p>Wrist Lacer L\u00e5ng \u00e4r en l\u00e4ngre modell av Wrist Lacer och g\u00e5r h\u00f6gre upp p\u00e5 underarmen. Ortosen ger extra st\u00f6d och anv\u00e4nds f\u00f6r att stabilisera handleden efter skada, opera-tion eller kroniska besv\u00e4r. Genom det stumma materialet och sn\u00f6rl\u00e5sningen ges mycket effektiv stabilisering. \u00c4ven patienter med nedsatt handfunktion kan f\u00e5 bra stabilitet. Materialet \u00e4r perforerat och v\u00e4l polstrat f\u00f6r god komfort. Insidan av handen st\u00f6ds av stabil aluminiumskena som kan anpassas individuellt f\u00f6r komfort och \u00f6nskad vinkel av handleden. L\u00e4tt att ta p\u00e5, bekv\u00e4m och mycket stabil.<\/p>\n","protected":false},"excerpt":{"rendered":"<ul>\n<li>Effektiv stabilisering<\/li>\n<li>Enkel att sp\u00e4nna<\/li>\n<li>Oelastiskt material<\/li>\n<li>Perforerad<\/li>\n<\/ul>\n","protected":false},"featured_media":459,"template":"","meta":[],"product_brand":[],"product_cat":[1211,217,221],"product_tag":[],"class_list":{"0":"post-427","1":"product","2":"type-product","3":"status-publish","4":"has-post-thumbnail","6":"product_cat-handledsortos","7":"product_cat-ortos","8":"product_cat-hand","9":"pa_varumarke-breg","11":"first","12":"outofstock","13":"shipping-taxable","14":"product-type-variable"},"acf":[],"yoast_head":"<!-- This site is optimized with the Yoast SEO Premium plugin v27.3 (Yoast SEO v27.3) - https:\/\/yoast.com\/product\/yoast-seo-premium-wordpress\/ -->\n<title>Wrist Lacer L\u00e5ng - Embreis.com<\/title>\n<meta name=\"description\" content=\"Handledsbandage som ger extra st\u00f6d och anv\u00e4nds f\u00f6r att stabilisera handleden efter skada, opera-tion eller kroniska besv\u00e4r.\" \/>\n<meta name=\"robots\" content=\"index, follow, max-snippet:-1, max-image-preview:large, max-video-preview:-1\" \/>\n<link rel=\"canonical\" href=\"https:\/\/embreis.com\/se\/produkt\/wrist-lacer-lang\/\" \/>\n<meta property=\"og:locale\" content=\"sv_SE\" \/>\n<meta property=\"og:type\" content=\"article\" \/>\n<meta property=\"og:title\" content=\"Wrist Lacer L\u00e5ng\" \/>\n<meta property=\"og:description\" content=\"Handledsbandage som ger extra st\u00f6d och anv\u00e4nds f\u00f6r att stabilisera handleden efter skada, opera-tion eller kroniska besv\u00e4r.\" \/>\n<meta property=\"og:url\" content=\"https:\/\/embreis.com\/se\/produkt\/wrist-lacer-lang\/\" \/>\n<meta property=\"og:site_name\" content=\"Embreis SE\" \/>\n<meta property=\"article:publisher\" content=\"https:\/\/www.facebook.com\/embreis\/\" \/>\n<meta property=\"article:modified_time\" content=\"2021-02-10T16:56:05+00:00\" \/>\n<meta property=\"og:image\" content=\"https:\/\/embreis.com\/se\/wp-content\/uploads\/sites\/6\/2019\/08\/wrist.lacer_.lang_.jpg\" \/>\n\t<meta property=\"og:image:width\" content=\"850\" \/>\n\t<meta property=\"og:image:height\" content=\"850\" \/>\n\t<meta property=\"og:image:type\" content=\"image\/jpeg\" \/>\n<meta name=\"twitter:card\" content=\"summary_large_image\" \/>\n<meta name=\"twitter:label1\" content=\"Ber\u00e4knad l\u00e4stid\" \/>\n\t<meta name=\"twitter:data1\" content=\"1 minut\" \/>\n<script type=\"application\/ld+json\" class=\"yoast-schema-graph\">{\"@context\":\"https:\\\/\\\/schema.org\",\"@graph\":[{\"@type\":\"WebPage\",\"@id\":\"https:\\\/\\\/embreis.com\\\/se\\\/produkt\\\/wrist-lacer-lang\\\/\",\"url\":\"https:\\\/\\\/embreis.com\\\/se\\\/produkt\\\/wrist-lacer-lang\\\/\",\"name\":\"Wrist Lacer L\u00e5ng - Embreis.com\",\"isPartOf\":{\"@id\":\"https:\\\/\\\/embreis.com\\\/se\\\/#website\"},\"primaryImageOfPage\":{\"@id\":\"https:\\\/\\\/embreis.com\\\/se\\\/produkt\\\/wrist-lacer-lang\\\/#primaryimage\"},\"image\":{\"@id\":\"https:\\\/\\\/embreis.com\\\/se\\\/produkt\\\/wrist-lacer-lang\\\/#primaryimage\"},\"thumbnailUrl\":\"https:\\\/\\\/embreis.com\\\/se\\\/wp-content\\\/uploads\\\/sites\\\/6\\\/2019\\\/08\\\/wrist.lacer_.lang_.jpg\",\"datePublished\":\"2019-08-26T06:58:31+00:00\",\"dateModified\":\"2021-02-10T16:56:05+00:00\",\"description\":\"Handledsbandage som ger extra st\u00f6d och anv\u00e4nds f\u00f6r att stabilisera handleden efter skada, opera-tion eller kroniska besv\u00e4r.\",\"breadcrumb\":{\"@id\":\"https:\\\/\\\/embreis.com\\\/se\\\/produkt\\\/wrist-lacer-lang\\\/#breadcrumb\"},\"inLanguage\":\"sv-SE\",\"potentialAction\":[{\"@type\":\"ReadAction\",\"target\":[\"https:\\\/\\\/embreis.com\\\/se\\\/produkt\\\/wrist-lacer-lang\\\/\"]}]},{\"@type\":\"ImageObject\",\"inLanguage\":\"sv-SE\",\"@id\":\"https:\\\/\\\/embreis.com\\\/se\\\/produkt\\\/wrist-lacer-lang\\\/#primaryimage\",\"url\":\"https:\\\/\\\/embreis.com\\\/se\\\/wp-content\\\/uploads\\\/sites\\\/6\\\/2019\\\/08\\\/wrist.lacer_.lang_.jpg\",\"contentUrl\":\"https:\\\/\\\/embreis.com\\\/se\\\/wp-content\\\/uploads\\\/sites\\\/6\\\/2019\\\/08\\\/wrist.lacer_.lang_.jpg\",\"width\":850,\"height\":850},{\"@type\":\"BreadcrumbList\",\"@id\":\"https:\\\/\\\/embreis.com\\\/se\\\/produkt\\\/wrist-lacer-lang\\\/#breadcrumb\",\"itemListElement\":[{\"@type\":\"ListItem\",\"position\":1,\"name\":\"Hem\",\"item\":\"https:\\\/\\\/embreis.com\\\/se\\\/\"},{\"@type\":\"ListItem\",\"position\":2,\"name\":\"Sortiment\",\"item\":\"https:\\\/\\\/embreis.com\\\/se\\\/sortiment\\\/\"},{\"@type\":\"ListItem\",\"position\":3,\"name\":\"Ortos\",\"item\":\"https:\\\/\\\/embreis.com\\\/se\\\/produktkategori\\\/ortos\\\/\"},{\"@type\":\"ListItem\",\"position\":4,\"name\":\"Hand\",\"item\":\"https:\\\/\\\/embreis.com\\\/se\\\/produktkategori\\\/ortos\\\/hand\\\/\"},{\"@type\":\"ListItem\",\"position\":5,\"name\":\"Handledsortos\",\"item\":\"https:\\\/\\\/embreis.com\\\/se\\\/produktkategori\\\/ortos\\\/hand\\\/handledsortos\\\/\"},{\"@type\":\"ListItem\",\"position\":6,\"name\":\"Wrist Lacer L\u00e5ng\"}]},{\"@type\":\"WebSite\",\"@id\":\"https:\\\/\\\/embreis.com\\\/se\\\/#website\",\"url\":\"https:\\\/\\\/embreis.com\\\/se\\\/\",\"name\":\"Embreis SE\",\"description\":\"Ortoser, proteser och material\",\"publisher\":{\"@id\":\"https:\\\/\\\/embreis.com\\\/se\\\/#organization\"},\"potentialAction\":[{\"@type\":\"SearchAction\",\"target\":{\"@type\":\"EntryPoint\",\"urlTemplate\":\"https:\\\/\\\/embreis.com\\\/se\\\/?s={search_term_string}\"},\"query-input\":{\"@type\":\"PropertyValueSpecification\",\"valueRequired\":true,\"valueName\":\"search_term_string\"}}],\"inLanguage\":\"sv-SE\"},{\"@type\":\"Organization\",\"@id\":\"https:\\\/\\\/embreis.com\\\/se\\\/#organization\",\"name\":\"Embreis AB\",\"url\":\"https:\\\/\\\/embreis.com\\\/se\\\/\",\"logo\":{\"@type\":\"ImageObject\",\"inLanguage\":\"sv-SE\",\"@id\":\"https:\\\/\\\/embreis.com\\\/se\\\/#\\\/schema\\\/logo\\\/image\\\/\",\"url\":\"https:\\\/\\\/embreis.com\\\/se\\\/wp-content\\\/uploads\\\/sites\\\/6\\\/2019\\\/08\\\/Embreis_Logo2_PMS.png\",\"contentUrl\":\"https:\\\/\\\/embreis.com\\\/se\\\/wp-content\\\/uploads\\\/sites\\\/6\\\/2019\\\/08\\\/Embreis_Logo2_PMS.png\",\"width\":1723,\"height\":926,\"caption\":\"Embreis AB\"},\"image\":{\"@id\":\"https:\\\/\\\/embreis.com\\\/se\\\/#\\\/schema\\\/logo\\\/image\\\/\"},\"sameAs\":[\"https:\\\/\\\/www.facebook.com\\\/embreis\\\/\",\"https:\\\/\\\/www.linkedin.com\\\/company\\\/embreis-ab\\\/\",\"https:\\\/\\\/www.youtube.com\\\/user\\\/embreisAB\"]}]}<\/script>\n<!-- \/ Yoast SEO Premium plugin. -->","yoast_head_json":{"title":"Wrist Lacer L\u00e5ng - Embreis.com","description":"Handledsbandage som ger extra st\u00f6d och anv\u00e4nds f\u00f6r att stabilisera handleden efter skada, opera-tion eller kroniska besv\u00e4r.","robots":{"index":"index","follow":"follow","max-snippet":"max-snippet:-1","max-image-preview":"max-image-preview:large","max-video-preview":"max-video-preview:-1"},"canonical":"https:\/\/embreis.com\/se\/produkt\/wrist-lacer-lang\/","og_locale":"sv_SE","og_type":"article","og_title":"Wrist Lacer L\u00e5ng","og_description":"Handledsbandage som ger extra st\u00f6d och anv\u00e4nds f\u00f6r att stabilisera handleden efter skada, opera-tion eller kroniska besv\u00e4r.","og_url":"https:\/\/embreis.com\/se\/produkt\/wrist-lacer-lang\/","og_site_name":"Embreis SE","article_publisher":"https:\/\/www.facebook.com\/embreis\/","article_modified_time":"2021-02-10T16:56:05+00:00","og_image":[{"width":850,"height":850,"url":"https:\/\/embreis.com\/se\/wp-content\/uploads\/sites\/6\/2019\/08\/wrist.lacer_.lang_.jpg","type":"image\/jpeg"}],"twitter_card":"summary_large_image","twitter_misc":{"Ber\u00e4knad l\u00e4stid":"1 minut"},"schema":{"@context":"https:\/\/schema.org","@graph":[{"@type":"WebPage","@id":"https:\/\/embreis.com\/se\/produkt\/wrist-lacer-lang\/","url":"https:\/\/embreis.com\/se\/produkt\/wrist-lacer-lang\/","name":"Wrist Lacer L\u00e5ng - Embreis.com","isPartOf":{"@id":"https:\/\/embreis.com\/se\/#website"},"primaryImageOfPage":{"@id":"https:\/\/embreis.com\/se\/produkt\/wrist-lacer-lang\/#primaryimage"},"image":{"@id":"https:\/\/embreis.com\/se\/produkt\/wrist-lacer-lang\/#primaryimage"},"thumbnailUrl":"https:\/\/embreis.com\/se\/wp-content\/uploads\/sites\/6\/2019\/08\/wrist.lacer_.lang_.jpg","datePublished":"2019-08-26T06:58:31+00:00","dateModified":"2021-02-10T16:56:05+00:00","description":"Handledsbandage som ger extra st\u00f6d och anv\u00e4nds f\u00f6r att stabilisera handleden efter skada, opera-tion eller kroniska besv\u00e4r.","breadcrumb":{"@id":"https:\/\/embreis.com\/se\/produkt\/wrist-lacer-lang\/#breadcrumb"},"inLanguage":"sv-SE","potentialAction":[{"@type":"ReadAction","target":["https:\/\/embreis.com\/se\/produkt\/wrist-lacer-lang\/"]}]},{"@type":"ImageObject","inLanguage":"sv-SE","@id":"https:\/\/embreis.com\/se\/produkt\/wrist-lacer-lang\/#primaryimage","url":"https:\/\/embreis.com\/se\/wp-content\/uploads\/sites\/6\/2019\/08\/wrist.lacer_.lang_.jpg","contentUrl":"https:\/\/embreis.com\/se\/wp-content\/uploads\/sites\/6\/2019\/08\/wrist.lacer_.lang_.jpg","width":850,"height":850},{"@type":"BreadcrumbList","@id":"https:\/\/embreis.com\/se\/produkt\/wrist-lacer-lang\/#breadcrumb","itemListElement":[{"@type":"ListItem","position":1,"name":"Hem","item":"https:\/\/embreis.com\/se\/"},{"@type":"ListItem","position":2,"name":"Sortiment","item":"https:\/\/embreis.com\/se\/sortiment\/"},{"@type":"ListItem","position":3,"name":"Ortos","item":"https:\/\/embreis.com\/se\/produktkategori\/ortos\/"},{"@type":"ListItem","position":4,"name":"Hand","item":"https:\/\/embreis.com\/se\/produktkategori\/ortos\/hand\/"},{"@type":"ListItem","position":5,"name":"Handledsortos","item":"https:\/\/embreis.com\/se\/produktkategori\/ortos\/hand\/handledsortos\/"},{"@type":"ListItem","position":6,"name":"Wrist Lacer L\u00e5ng"}]},{"@type":"WebSite","@id":"https:\/\/embreis.com\/se\/#website","url":"https:\/\/embreis.com\/se\/","name":"Embreis SE","description":"Ortoser, proteser och material","publisher":{"@id":"https:\/\/embreis.com\/se\/#organization"},"potentialAction":[{"@type":"SearchAction","target":{"@type":"EntryPoint","urlTemplate":"https:\/\/embreis.com\/se\/?s={search_term_string}"},"query-input":{"@type":"PropertyValueSpecification","valueRequired":true,"valueName":"search_term_string"}}],"inLanguage":"sv-SE"},{"@type":"Organization","@id":"https:\/\/embreis.com\/se\/#organization","name":"Embreis AB","url":"https:\/\/embreis.com\/se\/","logo":{"@type":"ImageObject","inLanguage":"sv-SE","@id":"https:\/\/embreis.com\/se\/#\/schema\/logo\/image\/","url":"https:\/\/embreis.com\/se\/wp-content\/uploads\/sites\/6\/2019\/08\/Embreis_Logo2_PMS.png","contentUrl":"https:\/\/embreis.com\/se\/wp-content\/uploads\/sites\/6\/2019\/08\/Embreis_Logo2_PMS.png","width":1723,"height":926,"caption":"Embreis AB"},"image":{"@id":"https:\/\/embreis.com\/se\/#\/schema\/logo\/image\/"},"sameAs":["https:\/\/www.facebook.com\/embreis\/","https:\/\/www.linkedin.com\/company\/embreis-ab\/","https:\/\/www.youtube.com\/user\/embreisAB"]}]}},"_links":{"self":[{"href":"https:\/\/embreis.com\/se\/wp-json\/wp\/v2\/product\/427","targetHints":{"allow":["GET"]}}],"collection":[{"href":"https:\/\/embreis.com\/se\/wp-json\/wp\/v2\/product"}],"about":[{"href":"https:\/\/embreis.com\/se\/wp-json\/wp\/v2\/types\/product"}],"wp:featuredmedia":[{"embeddable":true,"href":"https:\/\/embreis.com\/se\/wp-json\/wp\/v2\/media\/459"}],"wp:attachment":[{"href":"https:\/\/embreis.com\/se\/wp-json\/wp\/v2\/media?parent=427"}],"wp:term":[{"taxonomy":"product_brand","embeddable":true,"href":"https:\/\/embreis.com\/se\/wp-json\/wp\/v2\/product_brand?post=427"},{"taxonomy":"product_cat","embeddable":true,"href":"https:\/\/embreis.com\/se\/wp-json\/wp\/v2\/product_cat?post=427"},{"taxonomy":"product_tag","embeddable":true,"href":"https:\/\/embreis.com\/se\/wp-json\/wp\/v2\/product_tag?post=427"}],"curies":[{"name":"wp","href":"https:\/\/api.w.org\/{rel}","templated":true}]}}