{"id":2295,"date":"2020-02-20T16:43:33","date_gmt":"2020-02-20T14:43:33","guid":{"rendered":"http:\/\/embreiscom.wpengine.com\/product\/eskin-natural-glove-male\/"},"modified":"2025-09-03T12:40:10","modified_gmt":"2025-09-03T10:40:10","slug":"eskin-cosmetic-natural-glove-male","status":"publish","type":"product","link":"https:\/\/embreis.com\/se\/produkt\/eskin-cosmetic-natural-glove-male\/","title":{"rendered":"eSkin Cosmetic &#8211; Natural Glove Male"},"content":{"rendered":"<p>eSkin Natural Glove s\u00e4tter en ny standard f\u00f6r proteshandskar. Med sin flerskiktskonstruktion och fibrer ger den en verklighetstroget utseende \u00e5t den kosmetiska handsken. eSkin Natural Glove \u00e4r tillverkad av h\u00f6gkvalitativ polyvinylklorid (PVC) och ger handsken ett naturligt utseende, h\u00e5llbarhet och flexibilitet f\u00f6r att s\u00e4kerst\u00e4lla en produkt av h\u00f6g kvalitet. Finns i 18 naturtrogna f\u00e4rger.<\/p>\n","protected":false},"excerpt":{"rendered":"<ul>\n<li>18 colors<\/li>\n<li>Multilayer construction with fibers for a lifelike appearance<\/li>\n<li>Durable<\/li>\n<\/ul>\n","protected":false},"featured_media":10137,"template":"","meta":[],"product_brand":[],"product_cat":[1263,272,1143],"product_tag":[],"class_list":{"0":"post-2295","1":"product","2":"type-product","3":"status-publish","4":"has-post-thumbnail","6":"product_cat-hand-arm-kosmetik","7":"product_cat-protes","8":"product_cat-ovre-extremitet","9":"pa_upphandlingar-landstinget-blekinge","10":"pa_varumarke-embreis","12":"first","13":"outofstock","14":"shipping-taxable","15":"product-type-variable"},"acf":[],"yoast_head":"<!-- This site is optimized with the Yoast SEO Premium plugin v25.3.1 (Yoast SEO v25.3.1) - https:\/\/yoast.com\/wordpress\/plugins\/seo\/ -->\n<title>eSkin Cosmetic - Natural Glove Male - Embreis.com<\/title>\n<meta name=\"robots\" content=\"index, follow, max-snippet:-1, max-image-preview:large, max-video-preview:-1\" \/>\n<link rel=\"canonical\" href=\"https:\/\/embreis.com\/se\/produkt\/eskin-cosmetic-natural-glove-male\/\" \/>\n<meta property=\"og:locale\" content=\"sv_SE\" \/>\n<meta property=\"og:type\" content=\"article\" \/>\n<meta property=\"og:title\" content=\"eSkin Cosmetic - Natural Glove Male\" \/>\n<meta property=\"og:description\" content=\"18 colors  Multilayer construction with fibers for a lifelike appearance  Durable\" \/>\n<meta property=\"og:url\" content=\"https:\/\/embreis.com\/se\/produkt\/eskin-cosmetic-natural-glove-male\/\" \/>\n<meta property=\"og:site_name\" content=\"Embreis SE\" \/>\n<meta property=\"article:publisher\" content=\"https:\/\/www.facebook.com\/embreis\/\" \/>\n<meta property=\"article:modified_time\" content=\"2025-09-03T10:40:10+00:00\" \/>\n<meta property=\"og:image\" content=\"https:\/\/embreis.com\/se\/wp-content\/uploads\/sites\/6\/2020\/02\/E44NX.jpg\" \/>\n\t<meta property=\"og:image:width\" content=\"850\" \/>\n\t<meta property=\"og:image:height\" content=\"850\" \/>\n\t<meta property=\"og:image:type\" content=\"image\/jpeg\" \/>\n<meta name=\"twitter:card\" content=\"summary_large_image\" \/>\n<meta name=\"twitter:label1\" content=\"Ber\u00e4knad l\u00e4stid\" \/>\n\t<meta name=\"twitter:data1\" content=\"1 minut\" \/>\n<script type=\"application\/ld+json\" class=\"yoast-schema-graph\">{\"@context\":\"https:\/\/schema.org\",\"@graph\":[{\"@type\":\"WebPage\",\"@id\":\"https:\/\/embreis.com\/se\/produkt\/eskin-cosmetic-natural-glove-male\/\",\"url\":\"https:\/\/embreis.com\/se\/produkt\/eskin-cosmetic-natural-glove-male\/\",\"name\":\"eSkin Cosmetic - Natural Glove Male - Embreis.com\",\"isPartOf\":{\"@id\":\"https:\/\/embreis.com\/se\/#website\"},\"primaryImageOfPage\":{\"@id\":\"https:\/\/embreis.com\/se\/produkt\/eskin-cosmetic-natural-glove-male\/#primaryimage\"},\"image\":{\"@id\":\"https:\/\/embreis.com\/se\/produkt\/eskin-cosmetic-natural-glove-male\/#primaryimage\"},\"thumbnailUrl\":\"https:\/\/embreis.com\/se\/wp-content\/uploads\/sites\/6\/2020\/02\/E44NX.jpg\",\"datePublished\":\"2020-02-20T14:43:33+00:00\",\"dateModified\":\"2025-09-03T10:40:10+00:00\",\"breadcrumb\":{\"@id\":\"https:\/\/embreis.com\/se\/produkt\/eskin-cosmetic-natural-glove-male\/#breadcrumb\"},\"inLanguage\":\"sv-SE\",\"potentialAction\":[{\"@type\":\"ReadAction\",\"target\":[\"https:\/\/embreis.com\/se\/produkt\/eskin-cosmetic-natural-glove-male\/\"]}]},{\"@type\":\"ImageObject\",\"inLanguage\":\"sv-SE\",\"@id\":\"https:\/\/embreis.com\/se\/produkt\/eskin-cosmetic-natural-glove-male\/#primaryimage\",\"url\":\"https:\/\/embreis.com\/se\/wp-content\/uploads\/sites\/6\/2020\/02\/E44NX.jpg\",\"contentUrl\":\"https:\/\/embreis.com\/se\/wp-content\/uploads\/sites\/6\/2020\/02\/E44NX.jpg\",\"width\":850,\"height\":850},{\"@type\":\"BreadcrumbList\",\"@id\":\"https:\/\/embreis.com\/se\/produkt\/eskin-cosmetic-natural-glove-male\/#breadcrumb\",\"itemListElement\":[{\"@type\":\"ListItem\",\"position\":1,\"name\":\"Hem\",\"item\":\"https:\/\/embreis.com\/se\/\"},{\"@type\":\"ListItem\",\"position\":2,\"name\":\"Sortiment\",\"item\":\"https:\/\/embreis.com\/se\/sortiment\/\"},{\"@type\":\"ListItem\",\"position\":3,\"name\":\"Protes\",\"item\":\"https:\/\/embreis.com\/se\/produktkategori\/protes\/\"},{\"@type\":\"ListItem\",\"position\":4,\"name\":\"\u00d6vre extremitet\",\"item\":\"https:\/\/embreis.com\/se\/produktkategori\/protes\/ovre-extremitet\/\"},{\"@type\":\"ListItem\",\"position\":5,\"name\":\"Hand\/ Arm Kosmetik\",\"item\":\"https:\/\/embreis.com\/se\/produktkategori\/protes\/ovre-extremitet\/hand-arm-kosmetik\/\"},{\"@type\":\"ListItem\",\"position\":6,\"name\":\"eSkin Cosmetic &#8211; Natural Glove Male\"}]},{\"@type\":\"WebSite\",\"@id\":\"https:\/\/embreis.com\/se\/#website\",\"url\":\"https:\/\/embreis.com\/se\/\",\"name\":\"Embreis SE\",\"description\":\"Ortoser, proteser och material\",\"publisher\":{\"@id\":\"https:\/\/embreis.com\/se\/#organization\"},\"potentialAction\":[{\"@type\":\"SearchAction\",\"target\":{\"@type\":\"EntryPoint\",\"urlTemplate\":\"https:\/\/embreis.com\/se\/?s={search_term_string}\"},\"query-input\":{\"@type\":\"PropertyValueSpecification\",\"valueRequired\":true,\"valueName\":\"search_term_string\"}}],\"inLanguage\":\"sv-SE\"},{\"@type\":\"Organization\",\"@id\":\"https:\/\/embreis.com\/se\/#organization\",\"name\":\"Embreis AB\",\"url\":\"https:\/\/embreis.com\/se\/\",\"logo\":{\"@type\":\"ImageObject\",\"inLanguage\":\"sv-SE\",\"@id\":\"https:\/\/embreis.com\/se\/#\/schema\/logo\/image\/\",\"url\":\"https:\/\/embreis.com\/se\/wp-content\/uploads\/sites\/6\/2019\/08\/Embreis_Logo2_PMS.png\",\"contentUrl\":\"https:\/\/embreis.com\/se\/wp-content\/uploads\/sites\/6\/2019\/08\/Embreis_Logo2_PMS.png\",\"width\":1723,\"height\":926,\"caption\":\"Embreis AB\"},\"image\":{\"@id\":\"https:\/\/embreis.com\/se\/#\/schema\/logo\/image\/\"},\"sameAs\":[\"https:\/\/www.facebook.com\/embreis\/\",\"https:\/\/www.linkedin.com\/company\/embreis-ab\/\",\"https:\/\/www.youtube.com\/user\/embreisAB\"]}]}<\/script>\n<!-- \/ Yoast SEO Premium plugin. -->","yoast_head_json":{"title":"eSkin Cosmetic - Natural Glove Male - Embreis.com","robots":{"index":"index","follow":"follow","max-snippet":"max-snippet:-1","max-image-preview":"max-image-preview:large","max-video-preview":"max-video-preview:-1"},"canonical":"https:\/\/embreis.com\/se\/produkt\/eskin-cosmetic-natural-glove-male\/","og_locale":"sv_SE","og_type":"article","og_title":"eSkin Cosmetic - Natural Glove Male","og_description":"18 colors  Multilayer construction with fibers for a lifelike appearance  Durable","og_url":"https:\/\/embreis.com\/se\/produkt\/eskin-cosmetic-natural-glove-male\/","og_site_name":"Embreis SE","article_publisher":"https:\/\/www.facebook.com\/embreis\/","article_modified_time":"2025-09-03T10:40:10+00:00","og_image":[{"width":850,"height":850,"url":"https:\/\/embreis.com\/se\/wp-content\/uploads\/sites\/6\/2020\/02\/E44NX.jpg","type":"image\/jpeg"}],"twitter_card":"summary_large_image","twitter_misc":{"Ber\u00e4knad l\u00e4stid":"1 minut"},"schema":{"@context":"https:\/\/schema.org","@graph":[{"@type":"WebPage","@id":"https:\/\/embreis.com\/se\/produkt\/eskin-cosmetic-natural-glove-male\/","url":"https:\/\/embreis.com\/se\/produkt\/eskin-cosmetic-natural-glove-male\/","name":"eSkin Cosmetic - Natural Glove Male - Embreis.com","isPartOf":{"@id":"https:\/\/embreis.com\/se\/#website"},"primaryImageOfPage":{"@id":"https:\/\/embreis.com\/se\/produkt\/eskin-cosmetic-natural-glove-male\/#primaryimage"},"image":{"@id":"https:\/\/embreis.com\/se\/produkt\/eskin-cosmetic-natural-glove-male\/#primaryimage"},"thumbnailUrl":"https:\/\/embreis.com\/se\/wp-content\/uploads\/sites\/6\/2020\/02\/E44NX.jpg","datePublished":"2020-02-20T14:43:33+00:00","dateModified":"2025-09-03T10:40:10+00:00","breadcrumb":{"@id":"https:\/\/embreis.com\/se\/produkt\/eskin-cosmetic-natural-glove-male\/#breadcrumb"},"inLanguage":"sv-SE","potentialAction":[{"@type":"ReadAction","target":["https:\/\/embreis.com\/se\/produkt\/eskin-cosmetic-natural-glove-male\/"]}]},{"@type":"ImageObject","inLanguage":"sv-SE","@id":"https:\/\/embreis.com\/se\/produkt\/eskin-cosmetic-natural-glove-male\/#primaryimage","url":"https:\/\/embreis.com\/se\/wp-content\/uploads\/sites\/6\/2020\/02\/E44NX.jpg","contentUrl":"https:\/\/embreis.com\/se\/wp-content\/uploads\/sites\/6\/2020\/02\/E44NX.jpg","width":850,"height":850},{"@type":"BreadcrumbList","@id":"https:\/\/embreis.com\/se\/produkt\/eskin-cosmetic-natural-glove-male\/#breadcrumb","itemListElement":[{"@type":"ListItem","position":1,"name":"Hem","item":"https:\/\/embreis.com\/se\/"},{"@type":"ListItem","position":2,"name":"Sortiment","item":"https:\/\/embreis.com\/se\/sortiment\/"},{"@type":"ListItem","position":3,"name":"Protes","item":"https:\/\/embreis.com\/se\/produktkategori\/protes\/"},{"@type":"ListItem","position":4,"name":"\u00d6vre extremitet","item":"https:\/\/embreis.com\/se\/produktkategori\/protes\/ovre-extremitet\/"},{"@type":"ListItem","position":5,"name":"Hand\/ Arm Kosmetik","item":"https:\/\/embreis.com\/se\/produktkategori\/protes\/ovre-extremitet\/hand-arm-kosmetik\/"},{"@type":"ListItem","position":6,"name":"eSkin Cosmetic &#8211; Natural Glove Male"}]},{"@type":"WebSite","@id":"https:\/\/embreis.com\/se\/#website","url":"https:\/\/embreis.com\/se\/","name":"Embreis SE","description":"Ortoser, proteser och material","publisher":{"@id":"https:\/\/embreis.com\/se\/#organization"},"potentialAction":[{"@type":"SearchAction","target":{"@type":"EntryPoint","urlTemplate":"https:\/\/embreis.com\/se\/?s={search_term_string}"},"query-input":{"@type":"PropertyValueSpecification","valueRequired":true,"valueName":"search_term_string"}}],"inLanguage":"sv-SE"},{"@type":"Organization","@id":"https:\/\/embreis.com\/se\/#organization","name":"Embreis AB","url":"https:\/\/embreis.com\/se\/","logo":{"@type":"ImageObject","inLanguage":"sv-SE","@id":"https:\/\/embreis.com\/se\/#\/schema\/logo\/image\/","url":"https:\/\/embreis.com\/se\/wp-content\/uploads\/sites\/6\/2019\/08\/Embreis_Logo2_PMS.png","contentUrl":"https:\/\/embreis.com\/se\/wp-content\/uploads\/sites\/6\/2019\/08\/Embreis_Logo2_PMS.png","width":1723,"height":926,"caption":"Embreis AB"},"image":{"@id":"https:\/\/embreis.com\/se\/#\/schema\/logo\/image\/"},"sameAs":["https:\/\/www.facebook.com\/embreis\/","https:\/\/www.linkedin.com\/company\/embreis-ab\/","https:\/\/www.youtube.com\/user\/embreisAB"]}]}},"_links":{"self":[{"href":"https:\/\/embreis.com\/se\/wp-json\/wp\/v2\/product\/2295","targetHints":{"allow":["GET"]}}],"collection":[{"href":"https:\/\/embreis.com\/se\/wp-json\/wp\/v2\/product"}],"about":[{"href":"https:\/\/embreis.com\/se\/wp-json\/wp\/v2\/types\/product"}],"wp:featuredmedia":[{"embeddable":true,"href":"https:\/\/embreis.com\/se\/wp-json\/wp\/v2\/media\/10137"}],"wp:attachment":[{"href":"https:\/\/embreis.com\/se\/wp-json\/wp\/v2\/media?parent=2295"}],"wp:term":[{"taxonomy":"product_brand","embeddable":true,"href":"https:\/\/embreis.com\/se\/wp-json\/wp\/v2\/product_brand?post=2295"},{"taxonomy":"product_cat","embeddable":true,"href":"https:\/\/embreis.com\/se\/wp-json\/wp\/v2\/product_cat?post=2295"},{"taxonomy":"product_tag","embeddable":true,"href":"https:\/\/embreis.com\/se\/wp-json\/wp\/v2\/product_tag?post=2295"}],"curies":[{"name":"wp","href":"https:\/\/api.w.org\/{rel}","templated":true}]}}