{"id":2042,"date":"2020-02-14T15:55:31","date_gmt":"2020-02-14T13:55:31","guid":{"rendered":"http:\/\/embreiscom.wpengine.com\/product\/jet\/"},"modified":"2023-03-27T13:08:34","modified_gmt":"2023-03-27T11:08:34","slug":"jet-knaortos-barn","status":"publish","type":"product","link":"https:\/\/embreis.com\/se\/produkt\/jet-knaortos-barn\/","title":{"rendered":"JET &#8211; Kn\u00e4ortos barn"},"content":{"rendered":"<p>JET kn\u00e4ortos \u00e4r speciellt utvecklad f\u00f6r barn. Den anv\u00e4nds f\u00f6r stabilisering av kn\u00e4leden efter skador p\u00e5 ledband, fr\u00e4mre eller bakre korsband samt vid menisk eller broskskador. Ram, band och led \u00e4r f\u00f6rminskade f\u00f6r att motsvara anatomin p\u00e5 ett mindre ben. Den prefabricerade aluminiumramen kan justeras i viss m\u00e5n och med tillh\u00f6rande pelotter kan ortosen individanpassas och till\u00e5ta st\u00f6rre eller mindre volym. F\u00f6r mer specifik benform d\u00e4r standard ramen inte passar kan ortosen m\u00e5ttbest\u00e4llas.<\/p>\n","protected":false},"excerpt":{"rendered":"<div id=\"ctl00_cph1_lTxt\">\n<ul>\n<li>Rigid kn\u00e4ortos f\u00f6r barn<\/li>\n<li>St\u00e4llbar i extension\/flexion<\/li>\n<li>Aluminiumram<\/li>\n<\/ul>\n<\/div>\n<div id=\"ctl00_cph1_prodInfo\">\n<p>&nbsp;<\/p>\n<\/div>\n","protected":false},"featured_media":7976,"template":"","meta":[],"product_brand":[],"product_cat":[1226,217,222],"product_tag":[],"class_list":{"0":"post-2042","1":"product","2":"type-product","3":"status-publish","4":"has-post-thumbnail","6":"product_cat-rigida-ligament","7":"product_cat-ortos","8":"product_cat-kna","9":"pa_upphandlingar-vgr","10":"pa_varumarke-breg","12":"first","13":"outofstock","14":"shipping-taxable","15":"product-type-variable"},"acf":[],"yoast_head":"<!-- This site is optimized with the Yoast SEO Premium plugin v25.3.1 (Yoast SEO v25.3.1) - https:\/\/yoast.com\/wordpress\/plugins\/seo\/ -->\n<title>JET - Kn\u00e4ortos barn - Embreis.com<\/title>\n<meta name=\"robots\" content=\"index, follow, max-snippet:-1, max-image-preview:large, max-video-preview:-1\" \/>\n<link rel=\"canonical\" href=\"https:\/\/embreis.com\/se\/produkt\/jet-knaortos-barn\/\" \/>\n<meta property=\"og:locale\" content=\"sv_SE\" \/>\n<meta property=\"og:type\" content=\"article\" \/>\n<meta property=\"og:title\" content=\"JET - Kn\u00e4ortos barn\" \/>\n<meta property=\"og:description\" content=\"Rigid kn\u00e4ortos f\u00f6r barn  St\u00e4llbar i extension\/flexion  Aluminiumram     &nbsp;\" \/>\n<meta property=\"og:url\" content=\"https:\/\/embreis.com\/se\/produkt\/jet-knaortos-barn\/\" \/>\n<meta property=\"og:site_name\" content=\"Embreis SE\" \/>\n<meta property=\"article:publisher\" content=\"https:\/\/www.facebook.com\/embreis\/\" \/>\n<meta property=\"article:modified_time\" content=\"2023-03-27T11:08:34+00:00\" \/>\n<meta property=\"og:image\" content=\"https:\/\/embreis.com\/se\/wp-content\/uploads\/sites\/6\/2020\/02\/BLEDSOE.jet_.jpg\" \/>\n\t<meta property=\"og:image:width\" content=\"567\" \/>\n\t<meta property=\"og:image:height\" content=\"567\" \/>\n\t<meta property=\"og:image:type\" content=\"image\/jpeg\" \/>\n<meta name=\"twitter:card\" content=\"summary_large_image\" \/>\n<meta name=\"twitter:label1\" content=\"Ber\u00e4knad l\u00e4stid\" \/>\n\t<meta name=\"twitter:data1\" content=\"1 minut\" \/>\n<script type=\"application\/ld+json\" class=\"yoast-schema-graph\">{\"@context\":\"https:\/\/schema.org\",\"@graph\":[{\"@type\":\"WebPage\",\"@id\":\"https:\/\/embreis.com\/se\/produkt\/jet-knaortos-barn\/\",\"url\":\"https:\/\/embreis.com\/se\/produkt\/jet-knaortos-barn\/\",\"name\":\"JET - Kn\u00e4ortos barn - Embreis.com\",\"isPartOf\":{\"@id\":\"https:\/\/embreis.com\/se\/#website\"},\"primaryImageOfPage\":{\"@id\":\"https:\/\/embreis.com\/se\/produkt\/jet-knaortos-barn\/#primaryimage\"},\"image\":{\"@id\":\"https:\/\/embreis.com\/se\/produkt\/jet-knaortos-barn\/#primaryimage\"},\"thumbnailUrl\":\"https:\/\/embreis.com\/se\/wp-content\/uploads\/sites\/6\/2020\/02\/BLEDSOE.jet_.jpg\",\"datePublished\":\"2020-02-14T13:55:31+00:00\",\"dateModified\":\"2023-03-27T11:08:34+00:00\",\"breadcrumb\":{\"@id\":\"https:\/\/embreis.com\/se\/produkt\/jet-knaortos-barn\/#breadcrumb\"},\"inLanguage\":\"sv-SE\",\"potentialAction\":[{\"@type\":\"ReadAction\",\"target\":[\"https:\/\/embreis.com\/se\/produkt\/jet-knaortos-barn\/\"]}]},{\"@type\":\"ImageObject\",\"inLanguage\":\"sv-SE\",\"@id\":\"https:\/\/embreis.com\/se\/produkt\/jet-knaortos-barn\/#primaryimage\",\"url\":\"https:\/\/embreis.com\/se\/wp-content\/uploads\/sites\/6\/2020\/02\/BLEDSOE.jet_.jpg\",\"contentUrl\":\"https:\/\/embreis.com\/se\/wp-content\/uploads\/sites\/6\/2020\/02\/BLEDSOE.jet_.jpg\",\"width\":567,\"height\":567},{\"@type\":\"BreadcrumbList\",\"@id\":\"https:\/\/embreis.com\/se\/produkt\/jet-knaortos-barn\/#breadcrumb\",\"itemListElement\":[{\"@type\":\"ListItem\",\"position\":1,\"name\":\"Hem\",\"item\":\"https:\/\/embreis.com\/se\/\"},{\"@type\":\"ListItem\",\"position\":2,\"name\":\"Sortiment\",\"item\":\"https:\/\/embreis.com\/se\/sortiment\/\"},{\"@type\":\"ListItem\",\"position\":3,\"name\":\"Ortos\",\"item\":\"https:\/\/embreis.com\/se\/produktkategori\/ortos\/\"},{\"@type\":\"ListItem\",\"position\":4,\"name\":\"Kn\u00e4\",\"item\":\"https:\/\/embreis.com\/se\/produktkategori\/ortos\/kna\/\"},{\"@type\":\"ListItem\",\"position\":5,\"name\":\"Rigida Ligament\",\"item\":\"https:\/\/embreis.com\/se\/produktkategori\/ortos\/kna\/rigida-ligament\/\"},{\"@type\":\"ListItem\",\"position\":6,\"name\":\"JET &#8211; Kn\u00e4ortos barn\"}]},{\"@type\":\"WebSite\",\"@id\":\"https:\/\/embreis.com\/se\/#website\",\"url\":\"https:\/\/embreis.com\/se\/\",\"name\":\"Embreis SE\",\"description\":\"Ortoser, proteser och material\",\"publisher\":{\"@id\":\"https:\/\/embreis.com\/se\/#organization\"},\"potentialAction\":[{\"@type\":\"SearchAction\",\"target\":{\"@type\":\"EntryPoint\",\"urlTemplate\":\"https:\/\/embreis.com\/se\/?s={search_term_string}\"},\"query-input\":{\"@type\":\"PropertyValueSpecification\",\"valueRequired\":true,\"valueName\":\"search_term_string\"}}],\"inLanguage\":\"sv-SE\"},{\"@type\":\"Organization\",\"@id\":\"https:\/\/embreis.com\/se\/#organization\",\"name\":\"Embreis AB\",\"url\":\"https:\/\/embreis.com\/se\/\",\"logo\":{\"@type\":\"ImageObject\",\"inLanguage\":\"sv-SE\",\"@id\":\"https:\/\/embreis.com\/se\/#\/schema\/logo\/image\/\",\"url\":\"https:\/\/embreis.com\/se\/wp-content\/uploads\/sites\/6\/2019\/08\/Embreis_Logo2_PMS.png\",\"contentUrl\":\"https:\/\/embreis.com\/se\/wp-content\/uploads\/sites\/6\/2019\/08\/Embreis_Logo2_PMS.png\",\"width\":1723,\"height\":926,\"caption\":\"Embreis AB\"},\"image\":{\"@id\":\"https:\/\/embreis.com\/se\/#\/schema\/logo\/image\/\"},\"sameAs\":[\"https:\/\/www.facebook.com\/embreis\/\",\"https:\/\/www.linkedin.com\/company\/embreis-ab\/\",\"https:\/\/www.youtube.com\/user\/embreisAB\"]}]}<\/script>\n<!-- \/ Yoast SEO Premium plugin. -->","yoast_head_json":{"title":"JET - Kn\u00e4ortos barn - Embreis.com","robots":{"index":"index","follow":"follow","max-snippet":"max-snippet:-1","max-image-preview":"max-image-preview:large","max-video-preview":"max-video-preview:-1"},"canonical":"https:\/\/embreis.com\/se\/produkt\/jet-knaortos-barn\/","og_locale":"sv_SE","og_type":"article","og_title":"JET - Kn\u00e4ortos barn","og_description":"Rigid kn\u00e4ortos f\u00f6r barn  St\u00e4llbar i extension\/flexion  Aluminiumram     &nbsp;","og_url":"https:\/\/embreis.com\/se\/produkt\/jet-knaortos-barn\/","og_site_name":"Embreis SE","article_publisher":"https:\/\/www.facebook.com\/embreis\/","article_modified_time":"2023-03-27T11:08:34+00:00","og_image":[{"width":567,"height":567,"url":"https:\/\/embreis.com\/se\/wp-content\/uploads\/sites\/6\/2020\/02\/BLEDSOE.jet_.jpg","type":"image\/jpeg"}],"twitter_card":"summary_large_image","twitter_misc":{"Ber\u00e4knad l\u00e4stid":"1 minut"},"schema":{"@context":"https:\/\/schema.org","@graph":[{"@type":"WebPage","@id":"https:\/\/embreis.com\/se\/produkt\/jet-knaortos-barn\/","url":"https:\/\/embreis.com\/se\/produkt\/jet-knaortos-barn\/","name":"JET - Kn\u00e4ortos barn - Embreis.com","isPartOf":{"@id":"https:\/\/embreis.com\/se\/#website"},"primaryImageOfPage":{"@id":"https:\/\/embreis.com\/se\/produkt\/jet-knaortos-barn\/#primaryimage"},"image":{"@id":"https:\/\/embreis.com\/se\/produkt\/jet-knaortos-barn\/#primaryimage"},"thumbnailUrl":"https:\/\/embreis.com\/se\/wp-content\/uploads\/sites\/6\/2020\/02\/BLEDSOE.jet_.jpg","datePublished":"2020-02-14T13:55:31+00:00","dateModified":"2023-03-27T11:08:34+00:00","breadcrumb":{"@id":"https:\/\/embreis.com\/se\/produkt\/jet-knaortos-barn\/#breadcrumb"},"inLanguage":"sv-SE","potentialAction":[{"@type":"ReadAction","target":["https:\/\/embreis.com\/se\/produkt\/jet-knaortos-barn\/"]}]},{"@type":"ImageObject","inLanguage":"sv-SE","@id":"https:\/\/embreis.com\/se\/produkt\/jet-knaortos-barn\/#primaryimage","url":"https:\/\/embreis.com\/se\/wp-content\/uploads\/sites\/6\/2020\/02\/BLEDSOE.jet_.jpg","contentUrl":"https:\/\/embreis.com\/se\/wp-content\/uploads\/sites\/6\/2020\/02\/BLEDSOE.jet_.jpg","width":567,"height":567},{"@type":"BreadcrumbList","@id":"https:\/\/embreis.com\/se\/produkt\/jet-knaortos-barn\/#breadcrumb","itemListElement":[{"@type":"ListItem","position":1,"name":"Hem","item":"https:\/\/embreis.com\/se\/"},{"@type":"ListItem","position":2,"name":"Sortiment","item":"https:\/\/embreis.com\/se\/sortiment\/"},{"@type":"ListItem","position":3,"name":"Ortos","item":"https:\/\/embreis.com\/se\/produktkategori\/ortos\/"},{"@type":"ListItem","position":4,"name":"Kn\u00e4","item":"https:\/\/embreis.com\/se\/produktkategori\/ortos\/kna\/"},{"@type":"ListItem","position":5,"name":"Rigida Ligament","item":"https:\/\/embreis.com\/se\/produktkategori\/ortos\/kna\/rigida-ligament\/"},{"@type":"ListItem","position":6,"name":"JET &#8211; Kn\u00e4ortos barn"}]},{"@type":"WebSite","@id":"https:\/\/embreis.com\/se\/#website","url":"https:\/\/embreis.com\/se\/","name":"Embreis SE","description":"Ortoser, proteser och material","publisher":{"@id":"https:\/\/embreis.com\/se\/#organization"},"potentialAction":[{"@type":"SearchAction","target":{"@type":"EntryPoint","urlTemplate":"https:\/\/embreis.com\/se\/?s={search_term_string}"},"query-input":{"@type":"PropertyValueSpecification","valueRequired":true,"valueName":"search_term_string"}}],"inLanguage":"sv-SE"},{"@type":"Organization","@id":"https:\/\/embreis.com\/se\/#organization","name":"Embreis AB","url":"https:\/\/embreis.com\/se\/","logo":{"@type":"ImageObject","inLanguage":"sv-SE","@id":"https:\/\/embreis.com\/se\/#\/schema\/logo\/image\/","url":"https:\/\/embreis.com\/se\/wp-content\/uploads\/sites\/6\/2019\/08\/Embreis_Logo2_PMS.png","contentUrl":"https:\/\/embreis.com\/se\/wp-content\/uploads\/sites\/6\/2019\/08\/Embreis_Logo2_PMS.png","width":1723,"height":926,"caption":"Embreis AB"},"image":{"@id":"https:\/\/embreis.com\/se\/#\/schema\/logo\/image\/"},"sameAs":["https:\/\/www.facebook.com\/embreis\/","https:\/\/www.linkedin.com\/company\/embreis-ab\/","https:\/\/www.youtube.com\/user\/embreisAB"]}]}},"_links":{"self":[{"href":"https:\/\/embreis.com\/se\/wp-json\/wp\/v2\/product\/2042","targetHints":{"allow":["GET"]}}],"collection":[{"href":"https:\/\/embreis.com\/se\/wp-json\/wp\/v2\/product"}],"about":[{"href":"https:\/\/embreis.com\/se\/wp-json\/wp\/v2\/types\/product"}],"wp:featuredmedia":[{"embeddable":true,"href":"https:\/\/embreis.com\/se\/wp-json\/wp\/v2\/media\/7976"}],"wp:attachment":[{"href":"https:\/\/embreis.com\/se\/wp-json\/wp\/v2\/media?parent=2042"}],"wp:term":[{"taxonomy":"product_brand","embeddable":true,"href":"https:\/\/embreis.com\/se\/wp-json\/wp\/v2\/product_brand?post=2042"},{"taxonomy":"product_cat","embeddable":true,"href":"https:\/\/embreis.com\/se\/wp-json\/wp\/v2\/product_cat?post=2042"},{"taxonomy":"product_tag","embeddable":true,"href":"https:\/\/embreis.com\/se\/wp-json\/wp\/v2\/product_tag?post=2042"}],"curies":[{"name":"wp","href":"https:\/\/api.w.org\/{rel}","templated":true}]}}