{"id":1932,"date":"2020-02-14T15:55:06","date_gmt":"2020-02-14T13:55:06","guid":{"rendered":"http:\/\/embreiscom.wpengine.com\/product\/t-scope-premier-armbagsortos\/"},"modified":"2023-03-27T14:21:28","modified_gmt":"2023-03-27T12:21:28","slug":"t-scope-premier-armbagsortos","status":"publish","type":"product","link":"https:\/\/embreis.com\/se\/produkt\/t-scope-premier-armbagsortos\/","title":{"rendered":"T Scope Premier Armb\u00e5gsortos"},"content":{"rendered":"<p>T Scope Elbow anv\u00e4nds f\u00f6r postoperativ eller posttraumatisk stabilisering av arm och armb\u00e5ge f\u00f6r att ge kontrollerat r\u00f6relseomf\u00e5ng eller immobilisera. Leden \u00e4r st\u00e4llbar i extension och flexion genom enkla handgrepp och med snabbl\u00e5sfunktionen kan leden l\u00e5sas helt i givet l\u00e4ge. L\u00e4ngden p\u00e5 \u00f6ver och underarm justeras med teleskopl\u00f6sning f\u00f6r att f\u00e5 individuell passform och komfort. Axelremmen kan anv\u00e4ndas vid behov f\u00f6r avlastning och kompletterande handst\u00f6d kan monteras p\u00e5 f\u00f6r att l\u00e5sa rotation av underarmen. Den \u00e4r smidig att applicera och justera samt l\u00e4tt, luftig och bekv\u00e4m att b\u00e4ra.<\/p>\n","protected":false},"excerpt":{"rendered":"<div id=\"ctl00_cph1_lTxt\">\n<ul>\n<li>Smidig ROM ortos<\/li>\n<li>Snabbl\u00e5sfunktion<\/li>\n<li>Teleskopinst\u00e4llning<\/li>\n<li>Luftig och bekv\u00e4m<\/li>\n<\/ul>\n<\/div>\n<div id=\"ctl00_cph1_prodInfo\"><\/div>\n","protected":false},"featured_media":7688,"template":"","meta":[],"product_brand":[],"product_cat":[1206,217,218],"product_tag":[],"class_list":{"0":"post-1932","1":"product","2":"type-product","3":"status-publish","4":"has-post-thumbnail","6":"product_cat-post-op-trauma-arm-ortos","7":"product_cat-ortos","8":"product_cat-arm","9":"pa_upphandlingar-region-skane","10":"pa_upphandlingar-vgr","11":"pa_varumarke-breg","13":"first","14":"outofstock","15":"shipping-taxable","16":"product-type-variable"},"acf":[],"yoast_head":"<!-- This site is optimized with the Yoast SEO Premium plugin v27.3 (Yoast SEO v27.3) - https:\/\/yoast.com\/product\/yoast-seo-premium-wordpress\/ -->\n<title>T Scope Premier Armb\u00e5gsortos - Embreis.com<\/title>\n<meta name=\"robots\" content=\"index, follow, max-snippet:-1, max-image-preview:large, max-video-preview:-1\" \/>\n<link rel=\"canonical\" href=\"https:\/\/embreis.com\/se\/produkt\/t-scope-premier-armbagsortos\/\" \/>\n<meta property=\"og:locale\" content=\"sv_SE\" \/>\n<meta property=\"og:type\" content=\"article\" \/>\n<meta property=\"og:title\" content=\"T Scope Premier Armb\u00e5gsortos\" \/>\n<meta property=\"og:description\" content=\"Smidig ROM ortos  Snabbl\u00e5sfunktion  Teleskopinst\u00e4llning  Luftig och bekv\u00e4m\" \/>\n<meta property=\"og:url\" content=\"https:\/\/embreis.com\/se\/produkt\/t-scope-premier-armbagsortos\/\" \/>\n<meta property=\"og:site_name\" content=\"Embreis SE\" \/>\n<meta property=\"article:publisher\" content=\"https:\/\/www.facebook.com\/embreis\/\" \/>\n<meta property=\"article:modified_time\" content=\"2023-03-27T12:21:28+00:00\" \/>\n<meta property=\"og:image\" content=\"https:\/\/embreis.com\/se\/wp-content\/uploads\/sites\/6\/2020\/02\/T.Scope_.Premier.Elbow_.jpg\" \/>\n\t<meta property=\"og:image:width\" content=\"567\" \/>\n\t<meta property=\"og:image:height\" content=\"567\" \/>\n\t<meta property=\"og:image:type\" content=\"image\/jpeg\" \/>\n<meta name=\"twitter:card\" content=\"summary_large_image\" \/>\n<meta name=\"twitter:label1\" content=\"Ber\u00e4knad l\u00e4stid\" \/>\n\t<meta name=\"twitter:data1\" content=\"1 minut\" \/>\n<script type=\"application\/ld+json\" class=\"yoast-schema-graph\">{\"@context\":\"https:\\\/\\\/schema.org\",\"@graph\":[{\"@type\":\"WebPage\",\"@id\":\"https:\\\/\\\/embreis.com\\\/se\\\/produkt\\\/t-scope-premier-armbagsortos\\\/\",\"url\":\"https:\\\/\\\/embreis.com\\\/se\\\/produkt\\\/t-scope-premier-armbagsortos\\\/\",\"name\":\"T Scope Premier Armb\u00e5gsortos - Embreis.com\",\"isPartOf\":{\"@id\":\"https:\\\/\\\/embreis.com\\\/se\\\/#website\"},\"primaryImageOfPage\":{\"@id\":\"https:\\\/\\\/embreis.com\\\/se\\\/produkt\\\/t-scope-premier-armbagsortos\\\/#primaryimage\"},\"image\":{\"@id\":\"https:\\\/\\\/embreis.com\\\/se\\\/produkt\\\/t-scope-premier-armbagsortos\\\/#primaryimage\"},\"thumbnailUrl\":\"https:\\\/\\\/embreis.com\\\/se\\\/wp-content\\\/uploads\\\/sites\\\/6\\\/2020\\\/02\\\/T.Scope_.Premier.Elbow_.jpg\",\"datePublished\":\"2020-02-14T13:55:06+00:00\",\"dateModified\":\"2023-03-27T12:21:28+00:00\",\"breadcrumb\":{\"@id\":\"https:\\\/\\\/embreis.com\\\/se\\\/produkt\\\/t-scope-premier-armbagsortos\\\/#breadcrumb\"},\"inLanguage\":\"sv-SE\",\"potentialAction\":[{\"@type\":\"ReadAction\",\"target\":[\"https:\\\/\\\/embreis.com\\\/se\\\/produkt\\\/t-scope-premier-armbagsortos\\\/\"]}]},{\"@type\":\"ImageObject\",\"inLanguage\":\"sv-SE\",\"@id\":\"https:\\\/\\\/embreis.com\\\/se\\\/produkt\\\/t-scope-premier-armbagsortos\\\/#primaryimage\",\"url\":\"https:\\\/\\\/embreis.com\\\/se\\\/wp-content\\\/uploads\\\/sites\\\/6\\\/2020\\\/02\\\/T.Scope_.Premier.Elbow_.jpg\",\"contentUrl\":\"https:\\\/\\\/embreis.com\\\/se\\\/wp-content\\\/uploads\\\/sites\\\/6\\\/2020\\\/02\\\/T.Scope_.Premier.Elbow_.jpg\",\"width\":567,\"height\":567},{\"@type\":\"BreadcrumbList\",\"@id\":\"https:\\\/\\\/embreis.com\\\/se\\\/produkt\\\/t-scope-premier-armbagsortos\\\/#breadcrumb\",\"itemListElement\":[{\"@type\":\"ListItem\",\"position\":1,\"name\":\"Hem\",\"item\":\"https:\\\/\\\/embreis.com\\\/se\\\/\"},{\"@type\":\"ListItem\",\"position\":2,\"name\":\"Sortiment\",\"item\":\"https:\\\/\\\/embreis.com\\\/se\\\/sortiment\\\/\"},{\"@type\":\"ListItem\",\"position\":3,\"name\":\"Ortos\",\"item\":\"https:\\\/\\\/embreis.com\\\/se\\\/produktkategori\\\/ortos\\\/\"},{\"@type\":\"ListItem\",\"position\":4,\"name\":\"Arm\",\"item\":\"https:\\\/\\\/embreis.com\\\/se\\\/produktkategori\\\/ortos\\\/arm\\\/\"},{\"@type\":\"ListItem\",\"position\":5,\"name\":\"Post-op - Trauma\",\"item\":\"https:\\\/\\\/embreis.com\\\/se\\\/produktkategori\\\/ortos\\\/arm\\\/post-op-trauma-arm-ortos\\\/\"},{\"@type\":\"ListItem\",\"position\":6,\"name\":\"T Scope Premier Armb\u00e5gsortos\"}]},{\"@type\":\"WebSite\",\"@id\":\"https:\\\/\\\/embreis.com\\\/se\\\/#website\",\"url\":\"https:\\\/\\\/embreis.com\\\/se\\\/\",\"name\":\"Embreis SE\",\"description\":\"Ortoser, proteser och material\",\"publisher\":{\"@id\":\"https:\\\/\\\/embreis.com\\\/se\\\/#organization\"},\"potentialAction\":[{\"@type\":\"SearchAction\",\"target\":{\"@type\":\"EntryPoint\",\"urlTemplate\":\"https:\\\/\\\/embreis.com\\\/se\\\/?s={search_term_string}\"},\"query-input\":{\"@type\":\"PropertyValueSpecification\",\"valueRequired\":true,\"valueName\":\"search_term_string\"}}],\"inLanguage\":\"sv-SE\"},{\"@type\":\"Organization\",\"@id\":\"https:\\\/\\\/embreis.com\\\/se\\\/#organization\",\"name\":\"Embreis AB\",\"url\":\"https:\\\/\\\/embreis.com\\\/se\\\/\",\"logo\":{\"@type\":\"ImageObject\",\"inLanguage\":\"sv-SE\",\"@id\":\"https:\\\/\\\/embreis.com\\\/se\\\/#\\\/schema\\\/logo\\\/image\\\/\",\"url\":\"https:\\\/\\\/embreis.com\\\/se\\\/wp-content\\\/uploads\\\/sites\\\/6\\\/2019\\\/08\\\/Embreis_Logo2_PMS.png\",\"contentUrl\":\"https:\\\/\\\/embreis.com\\\/se\\\/wp-content\\\/uploads\\\/sites\\\/6\\\/2019\\\/08\\\/Embreis_Logo2_PMS.png\",\"width\":1723,\"height\":926,\"caption\":\"Embreis AB\"},\"image\":{\"@id\":\"https:\\\/\\\/embreis.com\\\/se\\\/#\\\/schema\\\/logo\\\/image\\\/\"},\"sameAs\":[\"https:\\\/\\\/www.facebook.com\\\/embreis\\\/\",\"https:\\\/\\\/www.linkedin.com\\\/company\\\/embreis-ab\\\/\",\"https:\\\/\\\/www.youtube.com\\\/user\\\/embreisAB\"]}]}<\/script>\n<!-- \/ Yoast SEO Premium plugin. -->","yoast_head_json":{"title":"T Scope Premier Armb\u00e5gsortos - Embreis.com","robots":{"index":"index","follow":"follow","max-snippet":"max-snippet:-1","max-image-preview":"max-image-preview:large","max-video-preview":"max-video-preview:-1"},"canonical":"https:\/\/embreis.com\/se\/produkt\/t-scope-premier-armbagsortos\/","og_locale":"sv_SE","og_type":"article","og_title":"T Scope Premier Armb\u00e5gsortos","og_description":"Smidig ROM ortos  Snabbl\u00e5sfunktion  Teleskopinst\u00e4llning  Luftig och bekv\u00e4m","og_url":"https:\/\/embreis.com\/se\/produkt\/t-scope-premier-armbagsortos\/","og_site_name":"Embreis SE","article_publisher":"https:\/\/www.facebook.com\/embreis\/","article_modified_time":"2023-03-27T12:21:28+00:00","og_image":[{"width":567,"height":567,"url":"https:\/\/embreis.com\/se\/wp-content\/uploads\/sites\/6\/2020\/02\/T.Scope_.Premier.Elbow_.jpg","type":"image\/jpeg"}],"twitter_card":"summary_large_image","twitter_misc":{"Ber\u00e4knad l\u00e4stid":"1 minut"},"schema":{"@context":"https:\/\/schema.org","@graph":[{"@type":"WebPage","@id":"https:\/\/embreis.com\/se\/produkt\/t-scope-premier-armbagsortos\/","url":"https:\/\/embreis.com\/se\/produkt\/t-scope-premier-armbagsortos\/","name":"T Scope Premier Armb\u00e5gsortos - Embreis.com","isPartOf":{"@id":"https:\/\/embreis.com\/se\/#website"},"primaryImageOfPage":{"@id":"https:\/\/embreis.com\/se\/produkt\/t-scope-premier-armbagsortos\/#primaryimage"},"image":{"@id":"https:\/\/embreis.com\/se\/produkt\/t-scope-premier-armbagsortos\/#primaryimage"},"thumbnailUrl":"https:\/\/embreis.com\/se\/wp-content\/uploads\/sites\/6\/2020\/02\/T.Scope_.Premier.Elbow_.jpg","datePublished":"2020-02-14T13:55:06+00:00","dateModified":"2023-03-27T12:21:28+00:00","breadcrumb":{"@id":"https:\/\/embreis.com\/se\/produkt\/t-scope-premier-armbagsortos\/#breadcrumb"},"inLanguage":"sv-SE","potentialAction":[{"@type":"ReadAction","target":["https:\/\/embreis.com\/se\/produkt\/t-scope-premier-armbagsortos\/"]}]},{"@type":"ImageObject","inLanguage":"sv-SE","@id":"https:\/\/embreis.com\/se\/produkt\/t-scope-premier-armbagsortos\/#primaryimage","url":"https:\/\/embreis.com\/se\/wp-content\/uploads\/sites\/6\/2020\/02\/T.Scope_.Premier.Elbow_.jpg","contentUrl":"https:\/\/embreis.com\/se\/wp-content\/uploads\/sites\/6\/2020\/02\/T.Scope_.Premier.Elbow_.jpg","width":567,"height":567},{"@type":"BreadcrumbList","@id":"https:\/\/embreis.com\/se\/produkt\/t-scope-premier-armbagsortos\/#breadcrumb","itemListElement":[{"@type":"ListItem","position":1,"name":"Hem","item":"https:\/\/embreis.com\/se\/"},{"@type":"ListItem","position":2,"name":"Sortiment","item":"https:\/\/embreis.com\/se\/sortiment\/"},{"@type":"ListItem","position":3,"name":"Ortos","item":"https:\/\/embreis.com\/se\/produktkategori\/ortos\/"},{"@type":"ListItem","position":4,"name":"Arm","item":"https:\/\/embreis.com\/se\/produktkategori\/ortos\/arm\/"},{"@type":"ListItem","position":5,"name":"Post-op - Trauma","item":"https:\/\/embreis.com\/se\/produktkategori\/ortos\/arm\/post-op-trauma-arm-ortos\/"},{"@type":"ListItem","position":6,"name":"T Scope Premier Armb\u00e5gsortos"}]},{"@type":"WebSite","@id":"https:\/\/embreis.com\/se\/#website","url":"https:\/\/embreis.com\/se\/","name":"Embreis SE","description":"Ortoser, proteser och material","publisher":{"@id":"https:\/\/embreis.com\/se\/#organization"},"potentialAction":[{"@type":"SearchAction","target":{"@type":"EntryPoint","urlTemplate":"https:\/\/embreis.com\/se\/?s={search_term_string}"},"query-input":{"@type":"PropertyValueSpecification","valueRequired":true,"valueName":"search_term_string"}}],"inLanguage":"sv-SE"},{"@type":"Organization","@id":"https:\/\/embreis.com\/se\/#organization","name":"Embreis AB","url":"https:\/\/embreis.com\/se\/","logo":{"@type":"ImageObject","inLanguage":"sv-SE","@id":"https:\/\/embreis.com\/se\/#\/schema\/logo\/image\/","url":"https:\/\/embreis.com\/se\/wp-content\/uploads\/sites\/6\/2019\/08\/Embreis_Logo2_PMS.png","contentUrl":"https:\/\/embreis.com\/se\/wp-content\/uploads\/sites\/6\/2019\/08\/Embreis_Logo2_PMS.png","width":1723,"height":926,"caption":"Embreis AB"},"image":{"@id":"https:\/\/embreis.com\/se\/#\/schema\/logo\/image\/"},"sameAs":["https:\/\/www.facebook.com\/embreis\/","https:\/\/www.linkedin.com\/company\/embreis-ab\/","https:\/\/www.youtube.com\/user\/embreisAB"]}]}},"_links":{"self":[{"href":"https:\/\/embreis.com\/se\/wp-json\/wp\/v2\/product\/1932","targetHints":{"allow":["GET"]}}],"collection":[{"href":"https:\/\/embreis.com\/se\/wp-json\/wp\/v2\/product"}],"about":[{"href":"https:\/\/embreis.com\/se\/wp-json\/wp\/v2\/types\/product"}],"wp:featuredmedia":[{"embeddable":true,"href":"https:\/\/embreis.com\/se\/wp-json\/wp\/v2\/media\/7688"}],"wp:attachment":[{"href":"https:\/\/embreis.com\/se\/wp-json\/wp\/v2\/media?parent=1932"}],"wp:term":[{"taxonomy":"product_brand","embeddable":true,"href":"https:\/\/embreis.com\/se\/wp-json\/wp\/v2\/product_brand?post=1932"},{"taxonomy":"product_cat","embeddable":true,"href":"https:\/\/embreis.com\/se\/wp-json\/wp\/v2\/product_cat?post=1932"},{"taxonomy":"product_tag","embeddable":true,"href":"https:\/\/embreis.com\/se\/wp-json\/wp\/v2\/product_tag?post=1932"}],"curies":[{"name":"wp","href":"https:\/\/api.w.org\/{rel}","templated":true}]}}