{"id":14621,"date":"2026-05-09T11:58:34","date_gmt":"2026-05-09T09:58:34","guid":{"rendered":"https:\/\/embreis.com\/se\/?post_type=product&#038;p=14621"},"modified":"2026-05-09T12:00:54","modified_gmt":"2026-05-09T10:00:54","slug":"ort-60a-single-axis-knee-joint","status":"publish","type":"product","link":"https:\/\/embreis.com\/se\/produkt\/ort-60a-single-axis-knee-joint\/","title":{"rendered":"ORT-60A Single Axis Knee Joint"},"content":{"rendered":"<p>ORT-60A \u00e4r en l\u00e4tt och stabil enaxlad proteskn\u00e4led med <strong>manuell l\u00e5sfunktion<\/strong>, utvecklad f\u00f6r anv\u00e4ndare med behov av \u00f6kad s\u00e4kerhet och kontroll vid g\u00e5ng och st\u00e5ende aktiviteter. Den manuella l\u00e5smekanismen g\u00f6r det m\u00f6jligt att l\u00e5sa kn\u00e4leden i str\u00e4ckt l\u00e4ge f\u00f6r att skapa extra stabilitet och trygghet under anv\u00e4ndning.<\/p>\n<p>Kn\u00e4leden \u00e4r tillverkad i aluminium f\u00f6r att kombinera l\u00e5g vikt med god h\u00e5llbarhet och l\u00e4mpar sig v\u00e4l f\u00f6r anv\u00e4ndare med l\u00e4gre till m\u00e5ttlig aktivitetsniv\u00e5. Den enkla och robusta konstruktionen ger en f\u00f6ruts\u00e4gbar funktion och kan vara s\u00e4rskilt l\u00e4mplig under rehabilitering eller f\u00f6r anv\u00e4ndare med behov av maximal kn\u00e4stabilitet.<\/p>\n","protected":false},"excerpt":{"rendered":"<p>ORT-60A \u00e4r en l\u00e4tt och stabil enaxlad proteskn\u00e4led med manuell l\u00e5sfunktion, utvecklad f\u00f6r anv\u00e4ndare med behov av \u00f6kad s\u00e4kerhet och [&hellip;]<\/p>\n","protected":false},"featured_media":14622,"template":"","meta":[],"product_brand":[],"product_cat":[1254,272,1144],"product_tag":[],"class_list":{"0":"post-14621","1":"product","2":"type-product","3":"status-publish","4":"has-post-thumbnail","6":"product_cat-everyday-kna-ben","7":"product_cat-protes","8":"product_cat-kna-ben","10":"first","11":"instock","12":"shipping-taxable","13":"product-type-simple"},"acf":[],"yoast_head":"<!-- This site is optimized with the Yoast SEO Premium plugin v27.3 (Yoast SEO v27.3) - https:\/\/yoast.com\/product\/yoast-seo-premium-wordpress\/ -->\n<title>ORT-60A Single Axis Knee Joint - Embreis.com<\/title>\n<meta name=\"robots\" content=\"index, follow, max-snippet:-1, max-image-preview:large, max-video-preview:-1\" \/>\n<link rel=\"canonical\" href=\"https:\/\/embreis.com\/se\/produkt\/ort-60a-single-axis-knee-joint\/\" \/>\n<meta property=\"og:locale\" content=\"sv_SE\" \/>\n<meta property=\"og:type\" content=\"article\" \/>\n<meta property=\"og:title\" content=\"ORT-60A Single Axis Knee Joint\" \/>\n<meta property=\"og:description\" content=\"ORT-60A \u00e4r en l\u00e4tt och stabil enaxlad proteskn\u00e4led med manuell l\u00e5sfunktion, utvecklad f\u00f6r anv\u00e4ndare med behov av \u00f6kad s\u00e4kerhet och [&hellip;]\" \/>\n<meta property=\"og:url\" content=\"https:\/\/embreis.com\/se\/produkt\/ort-60a-single-axis-knee-joint\/\" \/>\n<meta property=\"og:site_name\" content=\"Embreis SE\" \/>\n<meta property=\"article:publisher\" content=\"https:\/\/www.facebook.com\/embreis\/\" \/>\n<meta property=\"article:modified_time\" content=\"2026-05-09T10:00:54+00:00\" \/>\n<meta property=\"og:image\" content=\"https:\/\/embreis.com\/se\/wp-content\/uploads\/sites\/6\/2026\/05\/ORT-60A.png\" \/>\n\t<meta property=\"og:image:width\" content=\"1200\" \/>\n\t<meta property=\"og:image:height\" content=\"1200\" \/>\n\t<meta property=\"og:image:type\" content=\"image\/png\" \/>\n<meta name=\"twitter:card\" content=\"summary_large_image\" \/>\n<meta name=\"twitter:label1\" content=\"Ber\u00e4knad l\u00e4stid\" \/>\n\t<meta name=\"twitter:data1\" content=\"1 minut\" \/>\n<script type=\"application\/ld+json\" class=\"yoast-schema-graph\">{\"@context\":\"https:\\\/\\\/schema.org\",\"@graph\":[{\"@type\":\"WebPage\",\"@id\":\"https:\\\/\\\/embreis.com\\\/se\\\/produkt\\\/ort-60a-single-axis-knee-joint\\\/\",\"url\":\"https:\\\/\\\/embreis.com\\\/se\\\/produkt\\\/ort-60a-single-axis-knee-joint\\\/\",\"name\":\"ORT-60A Single Axis Knee Joint - Embreis.com\",\"isPartOf\":{\"@id\":\"https:\\\/\\\/embreis.com\\\/se\\\/#website\"},\"primaryImageOfPage\":{\"@id\":\"https:\\\/\\\/embreis.com\\\/se\\\/produkt\\\/ort-60a-single-axis-knee-joint\\\/#primaryimage\"},\"image\":{\"@id\":\"https:\\\/\\\/embreis.com\\\/se\\\/produkt\\\/ort-60a-single-axis-knee-joint\\\/#primaryimage\"},\"thumbnailUrl\":\"https:\\\/\\\/embreis.com\\\/se\\\/wp-content\\\/uploads\\\/sites\\\/6\\\/2026\\\/05\\\/ORT-60A.png\",\"datePublished\":\"2026-05-09T09:58:34+00:00\",\"dateModified\":\"2026-05-09T10:00:54+00:00\",\"breadcrumb\":{\"@id\":\"https:\\\/\\\/embreis.com\\\/se\\\/produkt\\\/ort-60a-single-axis-knee-joint\\\/#breadcrumb\"},\"inLanguage\":\"sv-SE\",\"potentialAction\":[{\"@type\":\"ReadAction\",\"target\":[\"https:\\\/\\\/embreis.com\\\/se\\\/produkt\\\/ort-60a-single-axis-knee-joint\\\/\"]}]},{\"@type\":\"ImageObject\",\"inLanguage\":\"sv-SE\",\"@id\":\"https:\\\/\\\/embreis.com\\\/se\\\/produkt\\\/ort-60a-single-axis-knee-joint\\\/#primaryimage\",\"url\":\"https:\\\/\\\/embreis.com\\\/se\\\/wp-content\\\/uploads\\\/sites\\\/6\\\/2026\\\/05\\\/ORT-60A.png\",\"contentUrl\":\"https:\\\/\\\/embreis.com\\\/se\\\/wp-content\\\/uploads\\\/sites\\\/6\\\/2026\\\/05\\\/ORT-60A.png\",\"width\":1200,\"height\":1200},{\"@type\":\"BreadcrumbList\",\"@id\":\"https:\\\/\\\/embreis.com\\\/se\\\/produkt\\\/ort-60a-single-axis-knee-joint\\\/#breadcrumb\",\"itemListElement\":[{\"@type\":\"ListItem\",\"position\":1,\"name\":\"Hem\",\"item\":\"https:\\\/\\\/embreis.com\\\/se\\\/\"},{\"@type\":\"ListItem\",\"position\":2,\"name\":\"Sortiment\",\"item\":\"https:\\\/\\\/embreis.com\\\/se\\\/sortiment\\\/\"},{\"@type\":\"ListItem\",\"position\":3,\"name\":\"Protes\",\"item\":\"https:\\\/\\\/embreis.com\\\/se\\\/produktkategori\\\/protes\\\/\"},{\"@type\":\"ListItem\",\"position\":4,\"name\":\"Kn\u00e4 &amp; Ben\",\"item\":\"https:\\\/\\\/embreis.com\\\/se\\\/produktkategori\\\/protes\\\/kna-ben\\\/\"},{\"@type\":\"ListItem\",\"position\":5,\"name\":\"Kn\u00e4ledsprotes - Everyday\",\"item\":\"https:\\\/\\\/embreis.com\\\/se\\\/produktkategori\\\/protes\\\/kna-ben\\\/everyday-kna-ben\\\/\"},{\"@type\":\"ListItem\",\"position\":6,\"name\":\"ORT-60A Single Axis Knee Joint\"}]},{\"@type\":\"WebSite\",\"@id\":\"https:\\\/\\\/embreis.com\\\/se\\\/#website\",\"url\":\"https:\\\/\\\/embreis.com\\\/se\\\/\",\"name\":\"Embreis SE\",\"description\":\"Ortoser, proteser och material\",\"publisher\":{\"@id\":\"https:\\\/\\\/embreis.com\\\/se\\\/#organization\"},\"potentialAction\":[{\"@type\":\"SearchAction\",\"target\":{\"@type\":\"EntryPoint\",\"urlTemplate\":\"https:\\\/\\\/embreis.com\\\/se\\\/?s={search_term_string}\"},\"query-input\":{\"@type\":\"PropertyValueSpecification\",\"valueRequired\":true,\"valueName\":\"search_term_string\"}}],\"inLanguage\":\"sv-SE\"},{\"@type\":\"Organization\",\"@id\":\"https:\\\/\\\/embreis.com\\\/se\\\/#organization\",\"name\":\"Embreis AB\",\"url\":\"https:\\\/\\\/embreis.com\\\/se\\\/\",\"logo\":{\"@type\":\"ImageObject\",\"inLanguage\":\"sv-SE\",\"@id\":\"https:\\\/\\\/embreis.com\\\/se\\\/#\\\/schema\\\/logo\\\/image\\\/\",\"url\":\"https:\\\/\\\/embreis.com\\\/se\\\/wp-content\\\/uploads\\\/sites\\\/6\\\/2019\\\/08\\\/Embreis_Logo2_PMS.png\",\"contentUrl\":\"https:\\\/\\\/embreis.com\\\/se\\\/wp-content\\\/uploads\\\/sites\\\/6\\\/2019\\\/08\\\/Embreis_Logo2_PMS.png\",\"width\":1723,\"height\":926,\"caption\":\"Embreis AB\"},\"image\":{\"@id\":\"https:\\\/\\\/embreis.com\\\/se\\\/#\\\/schema\\\/logo\\\/image\\\/\"},\"sameAs\":[\"https:\\\/\\\/www.facebook.com\\\/embreis\\\/\",\"https:\\\/\\\/www.linkedin.com\\\/company\\\/embreis-ab\\\/\",\"https:\\\/\\\/www.youtube.com\\\/user\\\/embreisAB\"]}]}<\/script>\n<!-- \/ Yoast SEO Premium plugin. -->","yoast_head_json":{"title":"ORT-60A Single Axis Knee Joint - Embreis.com","robots":{"index":"index","follow":"follow","max-snippet":"max-snippet:-1","max-image-preview":"max-image-preview:large","max-video-preview":"max-video-preview:-1"},"canonical":"https:\/\/embreis.com\/se\/produkt\/ort-60a-single-axis-knee-joint\/","og_locale":"sv_SE","og_type":"article","og_title":"ORT-60A Single Axis Knee Joint","og_description":"ORT-60A \u00e4r en l\u00e4tt och stabil enaxlad proteskn\u00e4led med manuell l\u00e5sfunktion, utvecklad f\u00f6r anv\u00e4ndare med behov av \u00f6kad s\u00e4kerhet och [&hellip;]","og_url":"https:\/\/embreis.com\/se\/produkt\/ort-60a-single-axis-knee-joint\/","og_site_name":"Embreis SE","article_publisher":"https:\/\/www.facebook.com\/embreis\/","article_modified_time":"2026-05-09T10:00:54+00:00","og_image":[{"width":1200,"height":1200,"url":"https:\/\/embreis.com\/se\/wp-content\/uploads\/sites\/6\/2026\/05\/ORT-60A.png","type":"image\/png"}],"twitter_card":"summary_large_image","twitter_misc":{"Ber\u00e4knad l\u00e4stid":"1 minut"},"schema":{"@context":"https:\/\/schema.org","@graph":[{"@type":"WebPage","@id":"https:\/\/embreis.com\/se\/produkt\/ort-60a-single-axis-knee-joint\/","url":"https:\/\/embreis.com\/se\/produkt\/ort-60a-single-axis-knee-joint\/","name":"ORT-60A Single Axis Knee Joint - Embreis.com","isPartOf":{"@id":"https:\/\/embreis.com\/se\/#website"},"primaryImageOfPage":{"@id":"https:\/\/embreis.com\/se\/produkt\/ort-60a-single-axis-knee-joint\/#primaryimage"},"image":{"@id":"https:\/\/embreis.com\/se\/produkt\/ort-60a-single-axis-knee-joint\/#primaryimage"},"thumbnailUrl":"https:\/\/embreis.com\/se\/wp-content\/uploads\/sites\/6\/2026\/05\/ORT-60A.png","datePublished":"2026-05-09T09:58:34+00:00","dateModified":"2026-05-09T10:00:54+00:00","breadcrumb":{"@id":"https:\/\/embreis.com\/se\/produkt\/ort-60a-single-axis-knee-joint\/#breadcrumb"},"inLanguage":"sv-SE","potentialAction":[{"@type":"ReadAction","target":["https:\/\/embreis.com\/se\/produkt\/ort-60a-single-axis-knee-joint\/"]}]},{"@type":"ImageObject","inLanguage":"sv-SE","@id":"https:\/\/embreis.com\/se\/produkt\/ort-60a-single-axis-knee-joint\/#primaryimage","url":"https:\/\/embreis.com\/se\/wp-content\/uploads\/sites\/6\/2026\/05\/ORT-60A.png","contentUrl":"https:\/\/embreis.com\/se\/wp-content\/uploads\/sites\/6\/2026\/05\/ORT-60A.png","width":1200,"height":1200},{"@type":"BreadcrumbList","@id":"https:\/\/embreis.com\/se\/produkt\/ort-60a-single-axis-knee-joint\/#breadcrumb","itemListElement":[{"@type":"ListItem","position":1,"name":"Hem","item":"https:\/\/embreis.com\/se\/"},{"@type":"ListItem","position":2,"name":"Sortiment","item":"https:\/\/embreis.com\/se\/sortiment\/"},{"@type":"ListItem","position":3,"name":"Protes","item":"https:\/\/embreis.com\/se\/produktkategori\/protes\/"},{"@type":"ListItem","position":4,"name":"Kn\u00e4 &amp; Ben","item":"https:\/\/embreis.com\/se\/produktkategori\/protes\/kna-ben\/"},{"@type":"ListItem","position":5,"name":"Kn\u00e4ledsprotes - Everyday","item":"https:\/\/embreis.com\/se\/produktkategori\/protes\/kna-ben\/everyday-kna-ben\/"},{"@type":"ListItem","position":6,"name":"ORT-60A Single Axis Knee Joint"}]},{"@type":"WebSite","@id":"https:\/\/embreis.com\/se\/#website","url":"https:\/\/embreis.com\/se\/","name":"Embreis SE","description":"Ortoser, proteser och material","publisher":{"@id":"https:\/\/embreis.com\/se\/#organization"},"potentialAction":[{"@type":"SearchAction","target":{"@type":"EntryPoint","urlTemplate":"https:\/\/embreis.com\/se\/?s={search_term_string}"},"query-input":{"@type":"PropertyValueSpecification","valueRequired":true,"valueName":"search_term_string"}}],"inLanguage":"sv-SE"},{"@type":"Organization","@id":"https:\/\/embreis.com\/se\/#organization","name":"Embreis AB","url":"https:\/\/embreis.com\/se\/","logo":{"@type":"ImageObject","inLanguage":"sv-SE","@id":"https:\/\/embreis.com\/se\/#\/schema\/logo\/image\/","url":"https:\/\/embreis.com\/se\/wp-content\/uploads\/sites\/6\/2019\/08\/Embreis_Logo2_PMS.png","contentUrl":"https:\/\/embreis.com\/se\/wp-content\/uploads\/sites\/6\/2019\/08\/Embreis_Logo2_PMS.png","width":1723,"height":926,"caption":"Embreis AB"},"image":{"@id":"https:\/\/embreis.com\/se\/#\/schema\/logo\/image\/"},"sameAs":["https:\/\/www.facebook.com\/embreis\/","https:\/\/www.linkedin.com\/company\/embreis-ab\/","https:\/\/www.youtube.com\/user\/embreisAB"]}]}},"_links":{"self":[{"href":"https:\/\/embreis.com\/se\/wp-json\/wp\/v2\/product\/14621","targetHints":{"allow":["GET"]}}],"collection":[{"href":"https:\/\/embreis.com\/se\/wp-json\/wp\/v2\/product"}],"about":[{"href":"https:\/\/embreis.com\/se\/wp-json\/wp\/v2\/types\/product"}],"wp:featuredmedia":[{"embeddable":true,"href":"https:\/\/embreis.com\/se\/wp-json\/wp\/v2\/media\/14622"}],"wp:attachment":[{"href":"https:\/\/embreis.com\/se\/wp-json\/wp\/v2\/media?parent=14621"}],"wp:term":[{"taxonomy":"product_brand","embeddable":true,"href":"https:\/\/embreis.com\/se\/wp-json\/wp\/v2\/product_brand?post=14621"},{"taxonomy":"product_cat","embeddable":true,"href":"https:\/\/embreis.com\/se\/wp-json\/wp\/v2\/product_cat?post=14621"},{"taxonomy":"product_tag","embeddable":true,"href":"https:\/\/embreis.com\/se\/wp-json\/wp\/v2\/product_tag?post=14621"}],"curies":[{"name":"wp","href":"https:\/\/api.w.org\/{rel}","templated":true}]}}