{"id":14562,"date":"2026-03-19T16:00:53","date_gmt":"2026-03-19T14:00:53","guid":{"rendered":"https:\/\/embreis.com\/se\/?post_type=product&#038;p=14562"},"modified":"2026-03-20T12:54:41","modified_gmt":"2026-03-20T10:54:41","slug":"protheflex-lamineringstyg","status":"publish","type":"product","link":"https:\/\/embreis.com\/se\/produkt\/protheflex-lamineringstyg\/","title":{"rendered":"Protheflex lamineringstyg"},"content":{"rendered":"<p data-start=\"109\" data-end=\"177\"><strong data-start=\"109\" data-end=\"177\">Lamineringstyg med grafiska motiv \u2013 f\u00f6r en mer personlig proteshylsa<\/strong><\/p>\n<p data-start=\"179\" data-end=\"464\">L\u00e5t dig patient f\u00e5 en unik och estetiskt tilltalande proteshylsa med ett slitstarkt, elastiskt lamineringstyg fr\u00e5n Protheflex. Tyget anv\u00e4nds som ett inre och yttre skikt vid laminering och kombinerar funktion med design \u2013 perfekt f\u00f6r att skapa en mer personlig och visuellt tilltalande protes.<\/p>\n<p data-start=\"466\" data-end=\"647\">Sortimentet omfattar fler \u00e4n <strong>450<\/strong> olika grafiska motiv, vilket ger stora m\u00f6jligheter att anpassa utseendet efter individuella \u00f6nskem\u00e5l. H\u00e4r visar vi endast ett par exempel p\u00e5 tillg\u00e4ngliga designer.<\/p>\n<p data-start=\"466\" data-end=\"647\">F\u00f6r komplett sortiment, se tillverkarens hemsida, <a href=\"https:\/\/shop.protheflex.com\/category\/laminating-fabric\/\">klicka h\u00e4r &gt;&gt;<\/a><\/p>\n","protected":false},"excerpt":{"rendered":"<p>Lamineringstyg med grafiska motiv \u2013 f\u00f6r en mer personlig proteshylsa L\u00e5t dig patient f\u00e5 en unik och estetiskt tilltalande proteshylsa [&hellip;]<\/p>\n","protected":false},"featured_media":14567,"template":"","meta":[],"product_brand":[],"product_cat":[1405,1279,1390],"product_tag":[],"class_list":{"0":"post-14562","1":"product","2":"type-product","3":"status-publish","4":"has-post-thumbnail","6":"product_cat-lamineringstyger","7":"product_cat-material","8":"product_cat-nyheter","9":"pa_varumarke-protheflex","11":"first","12":"instock","13":"featured","14":"shipping-taxable","15":"product-type-simple"},"acf":[],"yoast_head":"<!-- This site is optimized with the Yoast SEO Premium plugin v25.3.1 (Yoast SEO v25.3.1) - https:\/\/yoast.com\/wordpress\/plugins\/seo\/ -->\n<title>Protheflex lamineringstyg - Embreis.com<\/title>\n<meta name=\"robots\" content=\"index, follow, max-snippet:-1, max-image-preview:large, max-video-preview:-1\" \/>\n<link rel=\"canonical\" href=\"https:\/\/embreis.com\/se\/produkt\/protheflex-lamineringstyg\/\" \/>\n<meta property=\"og:locale\" content=\"sv_SE\" \/>\n<meta property=\"og:type\" content=\"article\" \/>\n<meta property=\"og:title\" content=\"Protheflex lamineringstyg\" \/>\n<meta property=\"og:description\" content=\"Lamineringstyg med grafiska motiv \u2013 f\u00f6r en mer personlig proteshylsa L\u00e5t dig patient f\u00e5 en unik och estetiskt tilltalande proteshylsa [&hellip;]\" \/>\n<meta property=\"og:url\" content=\"https:\/\/embreis.com\/se\/produkt\/protheflex-lamineringstyg\/\" \/>\n<meta property=\"og:site_name\" content=\"Embreis SE\" \/>\n<meta property=\"article:publisher\" content=\"https:\/\/www.facebook.com\/embreis\/\" \/>\n<meta property=\"article:modified_time\" content=\"2026-03-20T10:54:41+00:00\" \/>\n<meta property=\"og:image\" content=\"https:\/\/embreis.com\/se\/wp-content\/uploads\/sites\/6\/2026\/03\/Laminat_5.png\" \/>\n\t<meta property=\"og:image:width\" content=\"800\" \/>\n\t<meta property=\"og:image:height\" content=\"800\" \/>\n\t<meta property=\"og:image:type\" content=\"image\/png\" \/>\n<meta name=\"twitter:card\" content=\"summary_large_image\" \/>\n<meta name=\"twitter:label1\" content=\"Ber\u00e4knad l\u00e4stid\" \/>\n\t<meta name=\"twitter:data1\" content=\"1 minut\" \/>\n<script type=\"application\/ld+json\" class=\"yoast-schema-graph\">{\"@context\":\"https:\/\/schema.org\",\"@graph\":[{\"@type\":\"WebPage\",\"@id\":\"https:\/\/embreis.com\/se\/produkt\/protheflex-lamineringstyg\/\",\"url\":\"https:\/\/embreis.com\/se\/produkt\/protheflex-lamineringstyg\/\",\"name\":\"Protheflex lamineringstyg - Embreis.com\",\"isPartOf\":{\"@id\":\"https:\/\/embreis.com\/se\/#website\"},\"primaryImageOfPage\":{\"@id\":\"https:\/\/embreis.com\/se\/produkt\/protheflex-lamineringstyg\/#primaryimage\"},\"image\":{\"@id\":\"https:\/\/embreis.com\/se\/produkt\/protheflex-lamineringstyg\/#primaryimage\"},\"thumbnailUrl\":\"https:\/\/embreis.com\/se\/wp-content\/uploads\/sites\/6\/2026\/03\/Laminat_5.png\",\"datePublished\":\"2026-03-19T14:00:53+00:00\",\"dateModified\":\"2026-03-20T10:54:41+00:00\",\"breadcrumb\":{\"@id\":\"https:\/\/embreis.com\/se\/produkt\/protheflex-lamineringstyg\/#breadcrumb\"},\"inLanguage\":\"sv-SE\",\"potentialAction\":[{\"@type\":\"ReadAction\",\"target\":[\"https:\/\/embreis.com\/se\/produkt\/protheflex-lamineringstyg\/\"]}]},{\"@type\":\"ImageObject\",\"inLanguage\":\"sv-SE\",\"@id\":\"https:\/\/embreis.com\/se\/produkt\/protheflex-lamineringstyg\/#primaryimage\",\"url\":\"https:\/\/embreis.com\/se\/wp-content\/uploads\/sites\/6\/2026\/03\/Laminat_5.png\",\"contentUrl\":\"https:\/\/embreis.com\/se\/wp-content\/uploads\/sites\/6\/2026\/03\/Laminat_5.png\",\"width\":800,\"height\":800},{\"@type\":\"BreadcrumbList\",\"@id\":\"https:\/\/embreis.com\/se\/produkt\/protheflex-lamineringstyg\/#breadcrumb\",\"itemListElement\":[{\"@type\":\"ListItem\",\"position\":1,\"name\":\"Hem\",\"item\":\"https:\/\/embreis.com\/se\/\"},{\"@type\":\"ListItem\",\"position\":2,\"name\":\"Sortiment\",\"item\":\"https:\/\/embreis.com\/se\/sortiment\/\"},{\"@type\":\"ListItem\",\"position\":3,\"name\":\"Nyheter\",\"item\":\"https:\/\/embreis.com\/se\/produktkategori\/nyheter\/\"},{\"@type\":\"ListItem\",\"position\":4,\"name\":\"Protheflex lamineringstyg\"}]},{\"@type\":\"WebSite\",\"@id\":\"https:\/\/embreis.com\/se\/#website\",\"url\":\"https:\/\/embreis.com\/se\/\",\"name\":\"Embreis SE\",\"description\":\"Ortoser, proteser och material\",\"publisher\":{\"@id\":\"https:\/\/embreis.com\/se\/#organization\"},\"potentialAction\":[{\"@type\":\"SearchAction\",\"target\":{\"@type\":\"EntryPoint\",\"urlTemplate\":\"https:\/\/embreis.com\/se\/?s={search_term_string}\"},\"query-input\":{\"@type\":\"PropertyValueSpecification\",\"valueRequired\":true,\"valueName\":\"search_term_string\"}}],\"inLanguage\":\"sv-SE\"},{\"@type\":\"Organization\",\"@id\":\"https:\/\/embreis.com\/se\/#organization\",\"name\":\"Embreis AB\",\"url\":\"https:\/\/embreis.com\/se\/\",\"logo\":{\"@type\":\"ImageObject\",\"inLanguage\":\"sv-SE\",\"@id\":\"https:\/\/embreis.com\/se\/#\/schema\/logo\/image\/\",\"url\":\"https:\/\/embreis.com\/se\/wp-content\/uploads\/sites\/6\/2019\/08\/Embreis_Logo2_PMS.png\",\"contentUrl\":\"https:\/\/embreis.com\/se\/wp-content\/uploads\/sites\/6\/2019\/08\/Embreis_Logo2_PMS.png\",\"width\":1723,\"height\":926,\"caption\":\"Embreis AB\"},\"image\":{\"@id\":\"https:\/\/embreis.com\/se\/#\/schema\/logo\/image\/\"},\"sameAs\":[\"https:\/\/www.facebook.com\/embreis\/\",\"https:\/\/www.linkedin.com\/company\/embreis-ab\/\",\"https:\/\/www.youtube.com\/user\/embreisAB\"]}]}<\/script>\n<!-- \/ Yoast SEO Premium plugin. -->","yoast_head_json":{"title":"Protheflex lamineringstyg - Embreis.com","robots":{"index":"index","follow":"follow","max-snippet":"max-snippet:-1","max-image-preview":"max-image-preview:large","max-video-preview":"max-video-preview:-1"},"canonical":"https:\/\/embreis.com\/se\/produkt\/protheflex-lamineringstyg\/","og_locale":"sv_SE","og_type":"article","og_title":"Protheflex lamineringstyg","og_description":"Lamineringstyg med grafiska motiv \u2013 f\u00f6r en mer personlig proteshylsa L\u00e5t dig patient f\u00e5 en unik och estetiskt tilltalande proteshylsa [&hellip;]","og_url":"https:\/\/embreis.com\/se\/produkt\/protheflex-lamineringstyg\/","og_site_name":"Embreis SE","article_publisher":"https:\/\/www.facebook.com\/embreis\/","article_modified_time":"2026-03-20T10:54:41+00:00","og_image":[{"width":800,"height":800,"url":"https:\/\/embreis.com\/se\/wp-content\/uploads\/sites\/6\/2026\/03\/Laminat_5.png","type":"image\/png"}],"twitter_card":"summary_large_image","twitter_misc":{"Ber\u00e4knad l\u00e4stid":"1 minut"},"schema":{"@context":"https:\/\/schema.org","@graph":[{"@type":"WebPage","@id":"https:\/\/embreis.com\/se\/produkt\/protheflex-lamineringstyg\/","url":"https:\/\/embreis.com\/se\/produkt\/protheflex-lamineringstyg\/","name":"Protheflex lamineringstyg - Embreis.com","isPartOf":{"@id":"https:\/\/embreis.com\/se\/#website"},"primaryImageOfPage":{"@id":"https:\/\/embreis.com\/se\/produkt\/protheflex-lamineringstyg\/#primaryimage"},"image":{"@id":"https:\/\/embreis.com\/se\/produkt\/protheflex-lamineringstyg\/#primaryimage"},"thumbnailUrl":"https:\/\/embreis.com\/se\/wp-content\/uploads\/sites\/6\/2026\/03\/Laminat_5.png","datePublished":"2026-03-19T14:00:53+00:00","dateModified":"2026-03-20T10:54:41+00:00","breadcrumb":{"@id":"https:\/\/embreis.com\/se\/produkt\/protheflex-lamineringstyg\/#breadcrumb"},"inLanguage":"sv-SE","potentialAction":[{"@type":"ReadAction","target":["https:\/\/embreis.com\/se\/produkt\/protheflex-lamineringstyg\/"]}]},{"@type":"ImageObject","inLanguage":"sv-SE","@id":"https:\/\/embreis.com\/se\/produkt\/protheflex-lamineringstyg\/#primaryimage","url":"https:\/\/embreis.com\/se\/wp-content\/uploads\/sites\/6\/2026\/03\/Laminat_5.png","contentUrl":"https:\/\/embreis.com\/se\/wp-content\/uploads\/sites\/6\/2026\/03\/Laminat_5.png","width":800,"height":800},{"@type":"BreadcrumbList","@id":"https:\/\/embreis.com\/se\/produkt\/protheflex-lamineringstyg\/#breadcrumb","itemListElement":[{"@type":"ListItem","position":1,"name":"Hem","item":"https:\/\/embreis.com\/se\/"},{"@type":"ListItem","position":2,"name":"Sortiment","item":"https:\/\/embreis.com\/se\/sortiment\/"},{"@type":"ListItem","position":3,"name":"Nyheter","item":"https:\/\/embreis.com\/se\/produktkategori\/nyheter\/"},{"@type":"ListItem","position":4,"name":"Protheflex lamineringstyg"}]},{"@type":"WebSite","@id":"https:\/\/embreis.com\/se\/#website","url":"https:\/\/embreis.com\/se\/","name":"Embreis SE","description":"Ortoser, proteser och material","publisher":{"@id":"https:\/\/embreis.com\/se\/#organization"},"potentialAction":[{"@type":"SearchAction","target":{"@type":"EntryPoint","urlTemplate":"https:\/\/embreis.com\/se\/?s={search_term_string}"},"query-input":{"@type":"PropertyValueSpecification","valueRequired":true,"valueName":"search_term_string"}}],"inLanguage":"sv-SE"},{"@type":"Organization","@id":"https:\/\/embreis.com\/se\/#organization","name":"Embreis AB","url":"https:\/\/embreis.com\/se\/","logo":{"@type":"ImageObject","inLanguage":"sv-SE","@id":"https:\/\/embreis.com\/se\/#\/schema\/logo\/image\/","url":"https:\/\/embreis.com\/se\/wp-content\/uploads\/sites\/6\/2019\/08\/Embreis_Logo2_PMS.png","contentUrl":"https:\/\/embreis.com\/se\/wp-content\/uploads\/sites\/6\/2019\/08\/Embreis_Logo2_PMS.png","width":1723,"height":926,"caption":"Embreis AB"},"image":{"@id":"https:\/\/embreis.com\/se\/#\/schema\/logo\/image\/"},"sameAs":["https:\/\/www.facebook.com\/embreis\/","https:\/\/www.linkedin.com\/company\/embreis-ab\/","https:\/\/www.youtube.com\/user\/embreisAB"]}]}},"_links":{"self":[{"href":"https:\/\/embreis.com\/se\/wp-json\/wp\/v2\/product\/14562","targetHints":{"allow":["GET"]}}],"collection":[{"href":"https:\/\/embreis.com\/se\/wp-json\/wp\/v2\/product"}],"about":[{"href":"https:\/\/embreis.com\/se\/wp-json\/wp\/v2\/types\/product"}],"wp:featuredmedia":[{"embeddable":true,"href":"https:\/\/embreis.com\/se\/wp-json\/wp\/v2\/media\/14567"}],"wp:attachment":[{"href":"https:\/\/embreis.com\/se\/wp-json\/wp\/v2\/media?parent=14562"}],"wp:term":[{"taxonomy":"product_brand","embeddable":true,"href":"https:\/\/embreis.com\/se\/wp-json\/wp\/v2\/product_brand?post=14562"},{"taxonomy":"product_cat","embeddable":true,"href":"https:\/\/embreis.com\/se\/wp-json\/wp\/v2\/product_cat?post=14562"},{"taxonomy":"product_tag","embeddable":true,"href":"https:\/\/embreis.com\/se\/wp-json\/wp\/v2\/product_tag?post=14562"}],"curies":[{"name":"wp","href":"https:\/\/api.w.org\/{rel}","templated":true}]}}