{"id":14358,"date":"2026-01-12T12:43:07","date_gmt":"2026-01-12T10:43:07","guid":{"rendered":"https:\/\/embreis.com\/se\/?post_type=product&#038;p=14358"},"modified":"2026-04-15T15:48:26","modified_gmt":"2026-04-15T13:48:26","slug":"protheflex-protesstrumpa","status":"publish","type":"product","link":"https:\/\/embreis.com\/se\/produkt\/protheflex-protesstrumpa\/","title":{"rendered":"Protheflex protesstrumpa"},"content":{"rendered":"<p data-start=\"142\" data-end=\"507\">Elastisk protesstrumpa med 3D-tryck av naturlig hud vilket ger ett naturligt, diskret och realistiskt utseende. Materialet har mycket l\u00e5g friktion vilket g\u00f6r att byxor och kjolar glider l\u00e4tt \u00f6ver strumpan utan att fastna. Materialet \u00e4r b\u00e5de slitstarkt och l\u00e4tt, med minimal p\u00e5verkan p\u00e5 protesens totalvikt, vilket bidrar till h\u00f6g anv\u00e4ndarkomfort.<\/p>\n<p data-start=\"509\" data-end=\"840\">Protesstrumpan kan anv\u00e4ndas vid flera amputationsniv\u00e5er och anpassas efter individuella behov genom att klippas, formas eller limmas mot protesen. Den kan \u00e4ven b\u00e4ras direkt mot huden \u00f6ver proteshylsan. Materialet \u00e4r dermatologiskt s\u00e4kert och t\u00e5l maskintv\u00e4tt (40 grader) samt viss exponering f\u00f6r vanliga kemikalier inom v\u00e5rdmilj\u00f6.<\/p>\n<p data-start=\"509\" data-end=\"840\">Trycket p\u00e5 strumpan \u00e5terger hud med h\u00f6g realism och finns i tv\u00e5 utf\u00f6randen: en kvinnlig version utan tryckt h\u00e5r och en manlig version med tryckt h\u00e5r.<\/p>\n","protected":false},"excerpt":{"rendered":"<p>Elastisk protesstrumpa med 3D-tryck av naturlig hud vilket ger ett naturligt, diskret och realistiskt utseende. Materialet har mycket l\u00e5g friktion [&hellip;]<\/p>\n","protected":false},"featured_media":14359,"template":"","meta":[],"product_brand":[],"product_cat":[1257,1390,272],"product_tag":[],"class_list":{"0":"post-14358","1":"product","2":"type-product","3":"status-publish","4":"has-post-thumbnail","6":"product_cat-ben-fotkosmetik","7":"product_cat-nyheter","8":"product_cat-protes","9":"pa_varumarke-protheflex","11":"first","12":"instock","13":"featured","14":"shipping-taxable","15":"product-type-simple"},"acf":[],"yoast_head":"<!-- This site is optimized with the Yoast SEO Premium plugin v27.3 (Yoast SEO v27.3) - https:\/\/yoast.com\/product\/yoast-seo-premium-wordpress\/ -->\n<title>Protheflex protesstrumpa - Embreis.com<\/title>\n<meta name=\"robots\" content=\"index, follow, max-snippet:-1, max-image-preview:large, max-video-preview:-1\" \/>\n<link rel=\"canonical\" href=\"https:\/\/embreis.com\/se\/produkt\/protheflex-protesstrumpa\/\" \/>\n<meta property=\"og:locale\" content=\"sv_SE\" \/>\n<meta property=\"og:type\" content=\"article\" \/>\n<meta property=\"og:title\" content=\"Protheflex protesstrumpa\" \/>\n<meta property=\"og:description\" content=\"Elastisk protesstrumpa med 3D-tryck av naturlig hud vilket ger ett naturligt, diskret och realistiskt utseende. Materialet har mycket l\u00e5g friktion [&hellip;]\" \/>\n<meta property=\"og:url\" content=\"https:\/\/embreis.com\/se\/produkt\/protheflex-protesstrumpa\/\" \/>\n<meta property=\"og:site_name\" content=\"Embreis SE\" \/>\n<meta property=\"article:publisher\" content=\"https:\/\/www.facebook.com\/embreis\/\" \/>\n<meta property=\"article:modified_time\" content=\"2026-04-15T13:48:26+00:00\" \/>\n<meta property=\"og:image\" content=\"https:\/\/embreis.com\/se\/wp-content\/uploads\/sites\/6\/2026\/01\/protheflex_1.png\" \/>\n\t<meta property=\"og:image:width\" content=\"800\" \/>\n\t<meta property=\"og:image:height\" content=\"800\" \/>\n\t<meta property=\"og:image:type\" content=\"image\/png\" \/>\n<meta name=\"twitter:card\" content=\"summary_large_image\" \/>\n<meta name=\"twitter:label1\" content=\"Ber\u00e4knad l\u00e4stid\" \/>\n\t<meta name=\"twitter:data1\" content=\"1 minut\" \/>\n<script type=\"application\/ld+json\" class=\"yoast-schema-graph\">{\"@context\":\"https:\\\/\\\/schema.org\",\"@graph\":[{\"@type\":\"WebPage\",\"@id\":\"https:\\\/\\\/embreis.com\\\/se\\\/produkt\\\/protheflex-protesstrumpa\\\/\",\"url\":\"https:\\\/\\\/embreis.com\\\/se\\\/produkt\\\/protheflex-protesstrumpa\\\/\",\"name\":\"Protheflex protesstrumpa - Embreis.com\",\"isPartOf\":{\"@id\":\"https:\\\/\\\/embreis.com\\\/se\\\/#website\"},\"primaryImageOfPage\":{\"@id\":\"https:\\\/\\\/embreis.com\\\/se\\\/produkt\\\/protheflex-protesstrumpa\\\/#primaryimage\"},\"image\":{\"@id\":\"https:\\\/\\\/embreis.com\\\/se\\\/produkt\\\/protheflex-protesstrumpa\\\/#primaryimage\"},\"thumbnailUrl\":\"https:\\\/\\\/embreis.com\\\/se\\\/wp-content\\\/uploads\\\/sites\\\/6\\\/2026\\\/01\\\/protheflex_1.png\",\"datePublished\":\"2026-01-12T10:43:07+00:00\",\"dateModified\":\"2026-04-15T13:48:26+00:00\",\"breadcrumb\":{\"@id\":\"https:\\\/\\\/embreis.com\\\/se\\\/produkt\\\/protheflex-protesstrumpa\\\/#breadcrumb\"},\"inLanguage\":\"sv-SE\",\"potentialAction\":[{\"@type\":\"ReadAction\",\"target\":[\"https:\\\/\\\/embreis.com\\\/se\\\/produkt\\\/protheflex-protesstrumpa\\\/\"]}]},{\"@type\":\"ImageObject\",\"inLanguage\":\"sv-SE\",\"@id\":\"https:\\\/\\\/embreis.com\\\/se\\\/produkt\\\/protheflex-protesstrumpa\\\/#primaryimage\",\"url\":\"https:\\\/\\\/embreis.com\\\/se\\\/wp-content\\\/uploads\\\/sites\\\/6\\\/2026\\\/01\\\/protheflex_1.png\",\"contentUrl\":\"https:\\\/\\\/embreis.com\\\/se\\\/wp-content\\\/uploads\\\/sites\\\/6\\\/2026\\\/01\\\/protheflex_1.png\",\"width\":800,\"height\":800},{\"@type\":\"BreadcrumbList\",\"@id\":\"https:\\\/\\\/embreis.com\\\/se\\\/produkt\\\/protheflex-protesstrumpa\\\/#breadcrumb\",\"itemListElement\":[{\"@type\":\"ListItem\",\"position\":1,\"name\":\"Hem\",\"item\":\"https:\\\/\\\/embreis.com\\\/se\\\/\"},{\"@type\":\"ListItem\",\"position\":2,\"name\":\"Sortiment\",\"item\":\"https:\\\/\\\/embreis.com\\\/se\\\/sortiment\\\/\"},{\"@type\":\"ListItem\",\"position\":3,\"name\":\"Nyheter\",\"item\":\"https:\\\/\\\/embreis.com\\\/se\\\/produktkategori\\\/nyheter\\\/\"},{\"@type\":\"ListItem\",\"position\":4,\"name\":\"Protheflex protesstrumpa\"}]},{\"@type\":\"WebSite\",\"@id\":\"https:\\\/\\\/embreis.com\\\/se\\\/#website\",\"url\":\"https:\\\/\\\/embreis.com\\\/se\\\/\",\"name\":\"Embreis SE\",\"description\":\"Ortoser, proteser och material\",\"publisher\":{\"@id\":\"https:\\\/\\\/embreis.com\\\/se\\\/#organization\"},\"potentialAction\":[{\"@type\":\"SearchAction\",\"target\":{\"@type\":\"EntryPoint\",\"urlTemplate\":\"https:\\\/\\\/embreis.com\\\/se\\\/?s={search_term_string}\"},\"query-input\":{\"@type\":\"PropertyValueSpecification\",\"valueRequired\":true,\"valueName\":\"search_term_string\"}}],\"inLanguage\":\"sv-SE\"},{\"@type\":\"Organization\",\"@id\":\"https:\\\/\\\/embreis.com\\\/se\\\/#organization\",\"name\":\"Embreis AB\",\"url\":\"https:\\\/\\\/embreis.com\\\/se\\\/\",\"logo\":{\"@type\":\"ImageObject\",\"inLanguage\":\"sv-SE\",\"@id\":\"https:\\\/\\\/embreis.com\\\/se\\\/#\\\/schema\\\/logo\\\/image\\\/\",\"url\":\"https:\\\/\\\/embreis.com\\\/se\\\/wp-content\\\/uploads\\\/sites\\\/6\\\/2019\\\/08\\\/Embreis_Logo2_PMS.png\",\"contentUrl\":\"https:\\\/\\\/embreis.com\\\/se\\\/wp-content\\\/uploads\\\/sites\\\/6\\\/2019\\\/08\\\/Embreis_Logo2_PMS.png\",\"width\":1723,\"height\":926,\"caption\":\"Embreis AB\"},\"image\":{\"@id\":\"https:\\\/\\\/embreis.com\\\/se\\\/#\\\/schema\\\/logo\\\/image\\\/\"},\"sameAs\":[\"https:\\\/\\\/www.facebook.com\\\/embreis\\\/\",\"https:\\\/\\\/www.linkedin.com\\\/company\\\/embreis-ab\\\/\",\"https:\\\/\\\/www.youtube.com\\\/user\\\/embreisAB\"]}]}<\/script>\n<!-- \/ Yoast SEO Premium plugin. -->","yoast_head_json":{"title":"Protheflex protesstrumpa - Embreis.com","robots":{"index":"index","follow":"follow","max-snippet":"max-snippet:-1","max-image-preview":"max-image-preview:large","max-video-preview":"max-video-preview:-1"},"canonical":"https:\/\/embreis.com\/se\/produkt\/protheflex-protesstrumpa\/","og_locale":"sv_SE","og_type":"article","og_title":"Protheflex protesstrumpa","og_description":"Elastisk protesstrumpa med 3D-tryck av naturlig hud vilket ger ett naturligt, diskret och realistiskt utseende. Materialet har mycket l\u00e5g friktion [&hellip;]","og_url":"https:\/\/embreis.com\/se\/produkt\/protheflex-protesstrumpa\/","og_site_name":"Embreis SE","article_publisher":"https:\/\/www.facebook.com\/embreis\/","article_modified_time":"2026-04-15T13:48:26+00:00","og_image":[{"width":800,"height":800,"url":"https:\/\/embreis.com\/se\/wp-content\/uploads\/sites\/6\/2026\/01\/protheflex_1.png","type":"image\/png"}],"twitter_card":"summary_large_image","twitter_misc":{"Ber\u00e4knad l\u00e4stid":"1 minut"},"schema":{"@context":"https:\/\/schema.org","@graph":[{"@type":"WebPage","@id":"https:\/\/embreis.com\/se\/produkt\/protheflex-protesstrumpa\/","url":"https:\/\/embreis.com\/se\/produkt\/protheflex-protesstrumpa\/","name":"Protheflex protesstrumpa - Embreis.com","isPartOf":{"@id":"https:\/\/embreis.com\/se\/#website"},"primaryImageOfPage":{"@id":"https:\/\/embreis.com\/se\/produkt\/protheflex-protesstrumpa\/#primaryimage"},"image":{"@id":"https:\/\/embreis.com\/se\/produkt\/protheflex-protesstrumpa\/#primaryimage"},"thumbnailUrl":"https:\/\/embreis.com\/se\/wp-content\/uploads\/sites\/6\/2026\/01\/protheflex_1.png","datePublished":"2026-01-12T10:43:07+00:00","dateModified":"2026-04-15T13:48:26+00:00","breadcrumb":{"@id":"https:\/\/embreis.com\/se\/produkt\/protheflex-protesstrumpa\/#breadcrumb"},"inLanguage":"sv-SE","potentialAction":[{"@type":"ReadAction","target":["https:\/\/embreis.com\/se\/produkt\/protheflex-protesstrumpa\/"]}]},{"@type":"ImageObject","inLanguage":"sv-SE","@id":"https:\/\/embreis.com\/se\/produkt\/protheflex-protesstrumpa\/#primaryimage","url":"https:\/\/embreis.com\/se\/wp-content\/uploads\/sites\/6\/2026\/01\/protheflex_1.png","contentUrl":"https:\/\/embreis.com\/se\/wp-content\/uploads\/sites\/6\/2026\/01\/protheflex_1.png","width":800,"height":800},{"@type":"BreadcrumbList","@id":"https:\/\/embreis.com\/se\/produkt\/protheflex-protesstrumpa\/#breadcrumb","itemListElement":[{"@type":"ListItem","position":1,"name":"Hem","item":"https:\/\/embreis.com\/se\/"},{"@type":"ListItem","position":2,"name":"Sortiment","item":"https:\/\/embreis.com\/se\/sortiment\/"},{"@type":"ListItem","position":3,"name":"Nyheter","item":"https:\/\/embreis.com\/se\/produktkategori\/nyheter\/"},{"@type":"ListItem","position":4,"name":"Protheflex protesstrumpa"}]},{"@type":"WebSite","@id":"https:\/\/embreis.com\/se\/#website","url":"https:\/\/embreis.com\/se\/","name":"Embreis SE","description":"Ortoser, proteser och material","publisher":{"@id":"https:\/\/embreis.com\/se\/#organization"},"potentialAction":[{"@type":"SearchAction","target":{"@type":"EntryPoint","urlTemplate":"https:\/\/embreis.com\/se\/?s={search_term_string}"},"query-input":{"@type":"PropertyValueSpecification","valueRequired":true,"valueName":"search_term_string"}}],"inLanguage":"sv-SE"},{"@type":"Organization","@id":"https:\/\/embreis.com\/se\/#organization","name":"Embreis AB","url":"https:\/\/embreis.com\/se\/","logo":{"@type":"ImageObject","inLanguage":"sv-SE","@id":"https:\/\/embreis.com\/se\/#\/schema\/logo\/image\/","url":"https:\/\/embreis.com\/se\/wp-content\/uploads\/sites\/6\/2019\/08\/Embreis_Logo2_PMS.png","contentUrl":"https:\/\/embreis.com\/se\/wp-content\/uploads\/sites\/6\/2019\/08\/Embreis_Logo2_PMS.png","width":1723,"height":926,"caption":"Embreis AB"},"image":{"@id":"https:\/\/embreis.com\/se\/#\/schema\/logo\/image\/"},"sameAs":["https:\/\/www.facebook.com\/embreis\/","https:\/\/www.linkedin.com\/company\/embreis-ab\/","https:\/\/www.youtube.com\/user\/embreisAB"]}]}},"_links":{"self":[{"href":"https:\/\/embreis.com\/se\/wp-json\/wp\/v2\/product\/14358","targetHints":{"allow":["GET"]}}],"collection":[{"href":"https:\/\/embreis.com\/se\/wp-json\/wp\/v2\/product"}],"about":[{"href":"https:\/\/embreis.com\/se\/wp-json\/wp\/v2\/types\/product"}],"wp:featuredmedia":[{"embeddable":true,"href":"https:\/\/embreis.com\/se\/wp-json\/wp\/v2\/media\/14359"}],"wp:attachment":[{"href":"https:\/\/embreis.com\/se\/wp-json\/wp\/v2\/media?parent=14358"}],"wp:term":[{"taxonomy":"product_brand","embeddable":true,"href":"https:\/\/embreis.com\/se\/wp-json\/wp\/v2\/product_brand?post=14358"},{"taxonomy":"product_cat","embeddable":true,"href":"https:\/\/embreis.com\/se\/wp-json\/wp\/v2\/product_cat?post=14358"},{"taxonomy":"product_tag","embeddable":true,"href":"https:\/\/embreis.com\/se\/wp-json\/wp\/v2\/product_tag?post=14358"}],"curies":[{"name":"wp","href":"https:\/\/api.w.org\/{rel}","templated":true}]}}