{"id":14329,"date":"2025-12-02T16:25:38","date_gmt":"2025-12-02T14:25:38","guid":{"rendered":"https:\/\/embreis.com\/se\/?post_type=product&#038;p=14329"},"modified":"2025-12-02T16:51:36","modified_gmt":"2025-12-02T14:51:36","slug":"aria-universal-mini-valve","status":"publish","type":"product","link":"https:\/\/embreis.com\/se\/produkt\/aria-universal-mini-valve\/","title":{"rendered":"Aria Universal Mini Valve"},"content":{"rendered":"<p>Aria\u2122 Mini-ventil har en auto-expulsionsfunktion med tryckknapp f\u00f6r \u00f6ppning. Den kan anv\u00e4ndas f\u00f6r en m\u00e4ngd olika sughylsapplikationer. Dess lilla diameter och l\u00e5ga profil g\u00f6r den idealisk f\u00f6r nedre och \u00f6vre extremitetsproteser, f\u00f6r s\u00e5v\u00e4l vuxna som barn. Insatsen kan tas bort fr\u00e5n huset f\u00f6r att underl\u00e4tta bed\u00f6mning av extremitetens position i hylsan samt vid p\u00e5tagning genom \u201dpull-in\u201d vid behov.<\/p>\n<p>Aria\u2122 Mini-ventilen \u00e4r konstruerad f\u00f6r installation i alla typer av hylsmaterial.<\/p>\n","protected":false},"excerpt":{"rendered":"<p>Aria\u2122 Mini-ventil har en auto-expulsionsfunktion med tryckknapp f\u00f6r \u00f6ppning. Den kan anv\u00e4ndas f\u00f6r en m\u00e4ngd olika sughylsapplikationer. Dess lilla diameter [&hellip;]<\/p>\n","protected":false},"featured_media":14330,"template":"","meta":[],"product_brand":[],"product_cat":[1237,272,308],"product_tag":[],"class_list":{"0":"post-14329","1":"product","2":"type-product","3":"status-publish","4":"has-post-thumbnail","6":"product_cat-ventiler","7":"product_cat-protes","8":"product_cat-lassystem","9":"pa_varumarke-cypress-adaptive","11":"first","12":"instock","13":"shipping-taxable","14":"product-type-simple"},"acf":[],"yoast_head":"<!-- This site is optimized with the Yoast SEO Premium plugin v25.3.1 (Yoast SEO v25.3.1) - https:\/\/yoast.com\/wordpress\/plugins\/seo\/ -->\n<title>Aria Universal Mini Valve - Embreis.com<\/title>\n<meta name=\"robots\" content=\"index, follow, max-snippet:-1, max-image-preview:large, max-video-preview:-1\" \/>\n<link rel=\"canonical\" href=\"https:\/\/embreis.com\/se\/produkt\/aria-universal-mini-valve\/\" \/>\n<meta property=\"og:locale\" content=\"sv_SE\" \/>\n<meta property=\"og:type\" content=\"article\" \/>\n<meta property=\"og:title\" content=\"Aria Universal Mini Valve\" \/>\n<meta property=\"og:description\" content=\"Aria\u2122 Mini-ventil har en auto-expulsionsfunktion med tryckknapp f\u00f6r \u00f6ppning. Den kan anv\u00e4ndas f\u00f6r en m\u00e4ngd olika sughylsapplikationer. Dess lilla diameter [&hellip;]\" \/>\n<meta property=\"og:url\" content=\"https:\/\/embreis.com\/se\/produkt\/aria-universal-mini-valve\/\" \/>\n<meta property=\"og:site_name\" content=\"Embreis SE\" \/>\n<meta property=\"article:publisher\" content=\"https:\/\/www.facebook.com\/embreis\/\" \/>\n<meta property=\"article:modified_time\" content=\"2025-12-02T14:51:36+00:00\" \/>\n<meta property=\"og:image\" content=\"https:\/\/embreis.com\/se\/wp-content\/uploads\/sites\/6\/2025\/12\/Cypress_aria_uni_mini_valve_1.jpg\" \/>\n\t<meta property=\"og:image:width\" content=\"700\" \/>\n\t<meta property=\"og:image:height\" content=\"599\" \/>\n\t<meta property=\"og:image:type\" content=\"image\/jpeg\" \/>\n<meta name=\"twitter:card\" content=\"summary_large_image\" \/>\n<meta name=\"twitter:label1\" content=\"Ber\u00e4knad l\u00e4stid\" \/>\n\t<meta name=\"twitter:data1\" content=\"1 minut\" \/>\n<script type=\"application\/ld+json\" class=\"yoast-schema-graph\">{\"@context\":\"https:\/\/schema.org\",\"@graph\":[{\"@type\":\"WebPage\",\"@id\":\"https:\/\/embreis.com\/se\/produkt\/aria-universal-mini-valve\/\",\"url\":\"https:\/\/embreis.com\/se\/produkt\/aria-universal-mini-valve\/\",\"name\":\"Aria Universal Mini Valve - Embreis.com\",\"isPartOf\":{\"@id\":\"https:\/\/embreis.com\/se\/#website\"},\"primaryImageOfPage\":{\"@id\":\"https:\/\/embreis.com\/se\/produkt\/aria-universal-mini-valve\/#primaryimage\"},\"image\":{\"@id\":\"https:\/\/embreis.com\/se\/produkt\/aria-universal-mini-valve\/#primaryimage\"},\"thumbnailUrl\":\"https:\/\/embreis.com\/se\/wp-content\/uploads\/sites\/6\/2025\/12\/Cypress_aria_uni_mini_valve_1.jpg\",\"datePublished\":\"2025-12-02T14:25:38+00:00\",\"dateModified\":\"2025-12-02T14:51:36+00:00\",\"breadcrumb\":{\"@id\":\"https:\/\/embreis.com\/se\/produkt\/aria-universal-mini-valve\/#breadcrumb\"},\"inLanguage\":\"sv-SE\",\"potentialAction\":[{\"@type\":\"ReadAction\",\"target\":[\"https:\/\/embreis.com\/se\/produkt\/aria-universal-mini-valve\/\"]}]},{\"@type\":\"ImageObject\",\"inLanguage\":\"sv-SE\",\"@id\":\"https:\/\/embreis.com\/se\/produkt\/aria-universal-mini-valve\/#primaryimage\",\"url\":\"https:\/\/embreis.com\/se\/wp-content\/uploads\/sites\/6\/2025\/12\/Cypress_aria_uni_mini_valve_1.jpg\",\"contentUrl\":\"https:\/\/embreis.com\/se\/wp-content\/uploads\/sites\/6\/2025\/12\/Cypress_aria_uni_mini_valve_1.jpg\",\"width\":700,\"height\":599},{\"@type\":\"BreadcrumbList\",\"@id\":\"https:\/\/embreis.com\/se\/produkt\/aria-universal-mini-valve\/#breadcrumb\",\"itemListElement\":[{\"@type\":\"ListItem\",\"position\":1,\"name\":\"Hem\",\"item\":\"https:\/\/embreis.com\/se\/\"},{\"@type\":\"ListItem\",\"position\":2,\"name\":\"Sortiment\",\"item\":\"https:\/\/embreis.com\/se\/sortiment\/\"},{\"@type\":\"ListItem\",\"position\":3,\"name\":\"Protes\",\"item\":\"https:\/\/embreis.com\/se\/produktkategori\/protes\/\"},{\"@type\":\"ListItem\",\"position\":4,\"name\":\"L\u00e5ssystem\",\"item\":\"https:\/\/embreis.com\/se\/produktkategori\/protes\/lassystem\/\"},{\"@type\":\"ListItem\",\"position\":5,\"name\":\"Ventiler\",\"item\":\"https:\/\/embreis.com\/se\/produktkategori\/protes\/lassystem\/ventiler\/\"},{\"@type\":\"ListItem\",\"position\":6,\"name\":\"Aria Universal Mini Valve\"}]},{\"@type\":\"WebSite\",\"@id\":\"https:\/\/embreis.com\/se\/#website\",\"url\":\"https:\/\/embreis.com\/se\/\",\"name\":\"Embreis SE\",\"description\":\"Ortoser, proteser och material\",\"publisher\":{\"@id\":\"https:\/\/embreis.com\/se\/#organization\"},\"potentialAction\":[{\"@type\":\"SearchAction\",\"target\":{\"@type\":\"EntryPoint\",\"urlTemplate\":\"https:\/\/embreis.com\/se\/?s={search_term_string}\"},\"query-input\":{\"@type\":\"PropertyValueSpecification\",\"valueRequired\":true,\"valueName\":\"search_term_string\"}}],\"inLanguage\":\"sv-SE\"},{\"@type\":\"Organization\",\"@id\":\"https:\/\/embreis.com\/se\/#organization\",\"name\":\"Embreis AB\",\"url\":\"https:\/\/embreis.com\/se\/\",\"logo\":{\"@type\":\"ImageObject\",\"inLanguage\":\"sv-SE\",\"@id\":\"https:\/\/embreis.com\/se\/#\/schema\/logo\/image\/\",\"url\":\"https:\/\/embreis.com\/se\/wp-content\/uploads\/sites\/6\/2019\/08\/Embreis_Logo2_PMS.png\",\"contentUrl\":\"https:\/\/embreis.com\/se\/wp-content\/uploads\/sites\/6\/2019\/08\/Embreis_Logo2_PMS.png\",\"width\":1723,\"height\":926,\"caption\":\"Embreis AB\"},\"image\":{\"@id\":\"https:\/\/embreis.com\/se\/#\/schema\/logo\/image\/\"},\"sameAs\":[\"https:\/\/www.facebook.com\/embreis\/\",\"https:\/\/www.linkedin.com\/company\/embreis-ab\/\",\"https:\/\/www.youtube.com\/user\/embreisAB\"]}]}<\/script>\n<!-- \/ Yoast SEO Premium plugin. -->","yoast_head_json":{"title":"Aria Universal Mini Valve - Embreis.com","robots":{"index":"index","follow":"follow","max-snippet":"max-snippet:-1","max-image-preview":"max-image-preview:large","max-video-preview":"max-video-preview:-1"},"canonical":"https:\/\/embreis.com\/se\/produkt\/aria-universal-mini-valve\/","og_locale":"sv_SE","og_type":"article","og_title":"Aria Universal Mini Valve","og_description":"Aria\u2122 Mini-ventil har en auto-expulsionsfunktion med tryckknapp f\u00f6r \u00f6ppning. Den kan anv\u00e4ndas f\u00f6r en m\u00e4ngd olika sughylsapplikationer. Dess lilla diameter [&hellip;]","og_url":"https:\/\/embreis.com\/se\/produkt\/aria-universal-mini-valve\/","og_site_name":"Embreis SE","article_publisher":"https:\/\/www.facebook.com\/embreis\/","article_modified_time":"2025-12-02T14:51:36+00:00","og_image":[{"width":700,"height":599,"url":"https:\/\/embreis.com\/se\/wp-content\/uploads\/sites\/6\/2025\/12\/Cypress_aria_uni_mini_valve_1.jpg","type":"image\/jpeg"}],"twitter_card":"summary_large_image","twitter_misc":{"Ber\u00e4knad l\u00e4stid":"1 minut"},"schema":{"@context":"https:\/\/schema.org","@graph":[{"@type":"WebPage","@id":"https:\/\/embreis.com\/se\/produkt\/aria-universal-mini-valve\/","url":"https:\/\/embreis.com\/se\/produkt\/aria-universal-mini-valve\/","name":"Aria Universal Mini Valve - Embreis.com","isPartOf":{"@id":"https:\/\/embreis.com\/se\/#website"},"primaryImageOfPage":{"@id":"https:\/\/embreis.com\/se\/produkt\/aria-universal-mini-valve\/#primaryimage"},"image":{"@id":"https:\/\/embreis.com\/se\/produkt\/aria-universal-mini-valve\/#primaryimage"},"thumbnailUrl":"https:\/\/embreis.com\/se\/wp-content\/uploads\/sites\/6\/2025\/12\/Cypress_aria_uni_mini_valve_1.jpg","datePublished":"2025-12-02T14:25:38+00:00","dateModified":"2025-12-02T14:51:36+00:00","breadcrumb":{"@id":"https:\/\/embreis.com\/se\/produkt\/aria-universal-mini-valve\/#breadcrumb"},"inLanguage":"sv-SE","potentialAction":[{"@type":"ReadAction","target":["https:\/\/embreis.com\/se\/produkt\/aria-universal-mini-valve\/"]}]},{"@type":"ImageObject","inLanguage":"sv-SE","@id":"https:\/\/embreis.com\/se\/produkt\/aria-universal-mini-valve\/#primaryimage","url":"https:\/\/embreis.com\/se\/wp-content\/uploads\/sites\/6\/2025\/12\/Cypress_aria_uni_mini_valve_1.jpg","contentUrl":"https:\/\/embreis.com\/se\/wp-content\/uploads\/sites\/6\/2025\/12\/Cypress_aria_uni_mini_valve_1.jpg","width":700,"height":599},{"@type":"BreadcrumbList","@id":"https:\/\/embreis.com\/se\/produkt\/aria-universal-mini-valve\/#breadcrumb","itemListElement":[{"@type":"ListItem","position":1,"name":"Hem","item":"https:\/\/embreis.com\/se\/"},{"@type":"ListItem","position":2,"name":"Sortiment","item":"https:\/\/embreis.com\/se\/sortiment\/"},{"@type":"ListItem","position":3,"name":"Protes","item":"https:\/\/embreis.com\/se\/produktkategori\/protes\/"},{"@type":"ListItem","position":4,"name":"L\u00e5ssystem","item":"https:\/\/embreis.com\/se\/produktkategori\/protes\/lassystem\/"},{"@type":"ListItem","position":5,"name":"Ventiler","item":"https:\/\/embreis.com\/se\/produktkategori\/protes\/lassystem\/ventiler\/"},{"@type":"ListItem","position":6,"name":"Aria Universal Mini Valve"}]},{"@type":"WebSite","@id":"https:\/\/embreis.com\/se\/#website","url":"https:\/\/embreis.com\/se\/","name":"Embreis SE","description":"Ortoser, proteser och material","publisher":{"@id":"https:\/\/embreis.com\/se\/#organization"},"potentialAction":[{"@type":"SearchAction","target":{"@type":"EntryPoint","urlTemplate":"https:\/\/embreis.com\/se\/?s={search_term_string}"},"query-input":{"@type":"PropertyValueSpecification","valueRequired":true,"valueName":"search_term_string"}}],"inLanguage":"sv-SE"},{"@type":"Organization","@id":"https:\/\/embreis.com\/se\/#organization","name":"Embreis AB","url":"https:\/\/embreis.com\/se\/","logo":{"@type":"ImageObject","inLanguage":"sv-SE","@id":"https:\/\/embreis.com\/se\/#\/schema\/logo\/image\/","url":"https:\/\/embreis.com\/se\/wp-content\/uploads\/sites\/6\/2019\/08\/Embreis_Logo2_PMS.png","contentUrl":"https:\/\/embreis.com\/se\/wp-content\/uploads\/sites\/6\/2019\/08\/Embreis_Logo2_PMS.png","width":1723,"height":926,"caption":"Embreis AB"},"image":{"@id":"https:\/\/embreis.com\/se\/#\/schema\/logo\/image\/"},"sameAs":["https:\/\/www.facebook.com\/embreis\/","https:\/\/www.linkedin.com\/company\/embreis-ab\/","https:\/\/www.youtube.com\/user\/embreisAB"]}]}},"_links":{"self":[{"href":"https:\/\/embreis.com\/se\/wp-json\/wp\/v2\/product\/14329","targetHints":{"allow":["GET"]}}],"collection":[{"href":"https:\/\/embreis.com\/se\/wp-json\/wp\/v2\/product"}],"about":[{"href":"https:\/\/embreis.com\/se\/wp-json\/wp\/v2\/types\/product"}],"wp:featuredmedia":[{"embeddable":true,"href":"https:\/\/embreis.com\/se\/wp-json\/wp\/v2\/media\/14330"}],"wp:attachment":[{"href":"https:\/\/embreis.com\/se\/wp-json\/wp\/v2\/media?parent=14329"}],"wp:term":[{"taxonomy":"product_brand","embeddable":true,"href":"https:\/\/embreis.com\/se\/wp-json\/wp\/v2\/product_brand?post=14329"},{"taxonomy":"product_cat","embeddable":true,"href":"https:\/\/embreis.com\/se\/wp-json\/wp\/v2\/product_cat?post=14329"},{"taxonomy":"product_tag","embeddable":true,"href":"https:\/\/embreis.com\/se\/wp-json\/wp\/v2\/product_tag?post=14329"}],"curies":[{"name":"wp","href":"https:\/\/api.w.org\/{rel}","templated":true}]}}