{"id":13895,"date":"2025-01-28T16:30:38","date_gmt":"2025-01-28T14:30:38","guid":{"rendered":"https:\/\/embreis.com\/se\/?post_type=product&#038;p=13895"},"modified":"2025-06-05T10:08:03","modified_gmt":"2025-06-05T08:08:03","slug":"sstep","status":"publish","type":"product","link":"https:\/\/embreis.com\/se\/produkt\/sstep\/","title":{"rendered":"Sstep"},"content":{"rendered":"<p>Sstep fr\u00e5n Elevate Movement \u00e4r en medicinteknisk ortos utformad f\u00f6r att ge ett justerbart dorsalflexionsst\u00f6d f\u00f6r patienter med droppfot. Produkten fungerar som en extern ortopedisk anordning som aktivt kompenserar f\u00f6r nedsatt funktion i fotleden och hj\u00e4lper till att \u00e5terst\u00e4lla ett s\u00e4krare och mer naturligt g\u00e5ngm\u00f6nster.<\/p>\n<p>Sstep har ett integrerat sn\u00f6rsystem som str\u00e4cker sig fr\u00e5n framfoten till vaden och regleras med ett BOA\u00ae-l\u00e5s f\u00f6r enkel och exakt justering av dorsallyftet. Produkten kan anv\u00e4ndas med eller utan skor, vilket ger patienten flexibilitet i olika milj\u00f6er, inklusive hemmet, arbetet eller utomhus. Den tunna och diskreta designen liknar en strumpa, vilket bidrar till h\u00f6g b\u00e4rarkomfort och acceptans.<\/p>\n<p>Trots sin mjuka och flexibla konstruktion fungerar Sstep som ett funktionellt ortopediskt hj\u00e4lpmedel. Den anv\u00e4nds ofta i klinisk milj\u00f6 och f\u00f6rskrivs vid droppfot till f\u00f6ljd av exempelvis stroke, MS eller nervskador. Silikonremsor p\u00e5 undersidan och runt vaden hj\u00e4lper till att f\u00f6rb\u00e4ttra greppet mot hud och golv.<\/p>\n<p><span data-teams=\"true\"><strong>Sk\u00f6tselr\u00e5d: <\/strong>Tv\u00e4tta i kallt vatten och lufttorka. Undvik blekmedel och sk\u00f6ljmedel. Rekommenderad maxtemp. 40 \u00b0C. Anv\u00e4nd g\u00e4rna en tv\u00e4ttp\u00e5se vid maskintv\u00e4tt.<\/span><\/p>\n<p><strong>Sstep omfattas av\u00a060 dagars garanti\u00a0fr.o.m utprovningsdatum p\u00e5 patient. Garantin g\u00e4ller f\u00f6r tillverknings- och\/eller materialfel.<\/strong><\/p>\n<p><strong>Material:<\/strong> Textil med integreradt sn\u00f6rsystem och silikonremsor<\/p>\n<p><strong>Indikationer:<\/strong> Peroneuspares\/droppfot, Stroke och nedsatt dorsalflexion, Multipel skleros (MS), Neuromuskel\u00e4ra sjukdomar<\/p>\n","protected":false},"excerpt":{"rendered":"<p>Sstep fr\u00e5n Elevate Movement \u00e4r en medicinteknisk ortos utformad f\u00f6r att ge ett justerbart dorsalflexionsst\u00f6d f\u00f6r patienter med droppfot. Produkten [&hellip;]<\/p>\n","protected":false},"featured_media":13908,"template":"","meta":[],"product_brand":[],"product_cat":[1231,1390,217,225],"product_tag":[],"class_list":{"0":"post-13895","1":"product","2":"type-product","3":"status-publish","4":"has-post-thumbnail","6":"product_cat-neuro-rehab-vrist-ortos","7":"product_cat-nyheter","8":"product_cat-ortos","9":"product_cat-ankel","10":"pa_varumarke-elevate-movement","12":"first","13":"instock","14":"featured","15":"shipping-taxable","16":"product-type-variable"},"acf":[],"yoast_head":"<!-- This site is optimized with the Yoast SEO Premium plugin v25.3.1 (Yoast SEO v25.3.1) - https:\/\/yoast.com\/wordpress\/plugins\/seo\/ -->\n<title>Sstep - Droppfotsortos i Kolfiber - Embreis.com<\/title>\n<meta name=\"robots\" content=\"index, follow, max-snippet:-1, max-image-preview:large, max-video-preview:-1\" \/>\n<link rel=\"canonical\" href=\"https:\/\/embreis.com\/se\/produkt\/sstep\/\" \/>\n<meta property=\"og:locale\" content=\"sv_SE\" \/>\n<meta property=\"og:type\" content=\"article\" \/>\n<meta property=\"og:title\" content=\"Sstep\" \/>\n<meta property=\"og:description\" content=\"Sstep fr\u00e5n Elevate Movement \u00e4r en medicinteknisk ortos utformad f\u00f6r att ge ett justerbart dorsalflexionsst\u00f6d f\u00f6r patienter med droppfot. Produkten [&hellip;]\" \/>\n<meta property=\"og:url\" content=\"https:\/\/embreis.com\/se\/produkt\/sstep\/\" \/>\n<meta property=\"og:site_name\" content=\"Embreis SE\" \/>\n<meta property=\"article:publisher\" content=\"https:\/\/www.facebook.com\/embreis\/\" \/>\n<meta property=\"article:modified_time\" content=\"2025-06-05T08:08:03+00:00\" \/>\n<meta property=\"og:image\" content=\"https:\/\/embreis.com\/se\/wp-content\/uploads\/sites\/6\/2025\/01\/Sstep_1.png\" \/>\n\t<meta property=\"og:image:width\" content=\"850\" \/>\n\t<meta property=\"og:image:height\" content=\"850\" \/>\n\t<meta property=\"og:image:type\" content=\"image\/png\" \/>\n<meta name=\"twitter:card\" content=\"summary_large_image\" \/>\n<meta name=\"twitter:label1\" content=\"Ber\u00e4knad l\u00e4stid\" \/>\n\t<meta name=\"twitter:data1\" content=\"2 minuter\" \/>\n<script type=\"application\/ld+json\" class=\"yoast-schema-graph\">{\"@context\":\"https:\/\/schema.org\",\"@graph\":[{\"@type\":\"WebPage\",\"@id\":\"https:\/\/embreis.com\/se\/produkt\/sstep\/\",\"url\":\"https:\/\/embreis.com\/se\/produkt\/sstep\/\",\"name\":\"Sstep - Droppfotsortos i Kolfiber - Embreis.com\",\"isPartOf\":{\"@id\":\"https:\/\/embreis.com\/se\/#website\"},\"primaryImageOfPage\":{\"@id\":\"https:\/\/embreis.com\/se\/produkt\/sstep\/#primaryimage\"},\"image\":{\"@id\":\"https:\/\/embreis.com\/se\/produkt\/sstep\/#primaryimage\"},\"thumbnailUrl\":\"https:\/\/embreis.com\/se\/wp-content\/uploads\/sites\/6\/2025\/01\/Sstep_1.png\",\"datePublished\":\"2025-01-28T14:30:38+00:00\",\"dateModified\":\"2025-06-05T08:08:03+00:00\",\"breadcrumb\":{\"@id\":\"https:\/\/embreis.com\/se\/produkt\/sstep\/#breadcrumb\"},\"inLanguage\":\"sv-SE\",\"potentialAction\":[{\"@type\":\"ReadAction\",\"target\":[\"https:\/\/embreis.com\/se\/produkt\/sstep\/\"]}]},{\"@type\":\"ImageObject\",\"inLanguage\":\"sv-SE\",\"@id\":\"https:\/\/embreis.com\/se\/produkt\/sstep\/#primaryimage\",\"url\":\"https:\/\/embreis.com\/se\/wp-content\/uploads\/sites\/6\/2025\/01\/Sstep_1.png\",\"contentUrl\":\"https:\/\/embreis.com\/se\/wp-content\/uploads\/sites\/6\/2025\/01\/Sstep_1.png\",\"width\":850,\"height\":850},{\"@type\":\"BreadcrumbList\",\"@id\":\"https:\/\/embreis.com\/se\/produkt\/sstep\/#breadcrumb\",\"itemListElement\":[{\"@type\":\"ListItem\",\"position\":1,\"name\":\"Hem\",\"item\":\"https:\/\/embreis.com\/se\/\"},{\"@type\":\"ListItem\",\"position\":2,\"name\":\"Sortiment\",\"item\":\"https:\/\/embreis.com\/se\/sortiment\/\"},{\"@type\":\"ListItem\",\"position\":3,\"name\":\"Ortos\",\"item\":\"https:\/\/embreis.com\/se\/produktkategori\/ortos\/\"},{\"@type\":\"ListItem\",\"position\":4,\"name\":\"Ankel\",\"item\":\"https:\/\/embreis.com\/se\/produktkategori\/ortos\/ankel\/\"},{\"@type\":\"ListItem\",\"position\":5,\"name\":\"Neuro - Rehab\",\"item\":\"https:\/\/embreis.com\/se\/produktkategori\/ortos\/ankel\/neuro-rehab-vrist-ortos\/\"},{\"@type\":\"ListItem\",\"position\":6,\"name\":\"Sstep\"}]},{\"@type\":\"WebSite\",\"@id\":\"https:\/\/embreis.com\/se\/#website\",\"url\":\"https:\/\/embreis.com\/se\/\",\"name\":\"Embreis SE\",\"description\":\"Ortoser, proteser och material\",\"publisher\":{\"@id\":\"https:\/\/embreis.com\/se\/#organization\"},\"potentialAction\":[{\"@type\":\"SearchAction\",\"target\":{\"@type\":\"EntryPoint\",\"urlTemplate\":\"https:\/\/embreis.com\/se\/?s={search_term_string}\"},\"query-input\":{\"@type\":\"PropertyValueSpecification\",\"valueRequired\":true,\"valueName\":\"search_term_string\"}}],\"inLanguage\":\"sv-SE\"},{\"@type\":\"Organization\",\"@id\":\"https:\/\/embreis.com\/se\/#organization\",\"name\":\"Embreis AB\",\"url\":\"https:\/\/embreis.com\/se\/\",\"logo\":{\"@type\":\"ImageObject\",\"inLanguage\":\"sv-SE\",\"@id\":\"https:\/\/embreis.com\/se\/#\/schema\/logo\/image\/\",\"url\":\"https:\/\/embreis.com\/se\/wp-content\/uploads\/sites\/6\/2019\/08\/Embreis_Logo2_PMS.png\",\"contentUrl\":\"https:\/\/embreis.com\/se\/wp-content\/uploads\/sites\/6\/2019\/08\/Embreis_Logo2_PMS.png\",\"width\":1723,\"height\":926,\"caption\":\"Embreis AB\"},\"image\":{\"@id\":\"https:\/\/embreis.com\/se\/#\/schema\/logo\/image\/\"},\"sameAs\":[\"https:\/\/www.facebook.com\/embreis\/\",\"https:\/\/www.linkedin.com\/company\/embreis-ab\/\",\"https:\/\/www.youtube.com\/user\/embreisAB\"]}]}<\/script>\n<!-- \/ Yoast SEO Premium plugin. -->","yoast_head_json":{"title":"Sstep - Droppfotsortos i Kolfiber - Embreis.com","robots":{"index":"index","follow":"follow","max-snippet":"max-snippet:-1","max-image-preview":"max-image-preview:large","max-video-preview":"max-video-preview:-1"},"canonical":"https:\/\/embreis.com\/se\/produkt\/sstep\/","og_locale":"sv_SE","og_type":"article","og_title":"Sstep","og_description":"Sstep fr\u00e5n Elevate Movement \u00e4r en medicinteknisk ortos utformad f\u00f6r att ge ett justerbart dorsalflexionsst\u00f6d f\u00f6r patienter med droppfot. Produkten [&hellip;]","og_url":"https:\/\/embreis.com\/se\/produkt\/sstep\/","og_site_name":"Embreis SE","article_publisher":"https:\/\/www.facebook.com\/embreis\/","article_modified_time":"2025-06-05T08:08:03+00:00","og_image":[{"width":850,"height":850,"url":"https:\/\/embreis.com\/se\/wp-content\/uploads\/sites\/6\/2025\/01\/Sstep_1.png","type":"image\/png"}],"twitter_card":"summary_large_image","twitter_misc":{"Ber\u00e4knad l\u00e4stid":"2 minuter"},"schema":{"@context":"https:\/\/schema.org","@graph":[{"@type":"WebPage","@id":"https:\/\/embreis.com\/se\/produkt\/sstep\/","url":"https:\/\/embreis.com\/se\/produkt\/sstep\/","name":"Sstep - Droppfotsortos i Kolfiber - Embreis.com","isPartOf":{"@id":"https:\/\/embreis.com\/se\/#website"},"primaryImageOfPage":{"@id":"https:\/\/embreis.com\/se\/produkt\/sstep\/#primaryimage"},"image":{"@id":"https:\/\/embreis.com\/se\/produkt\/sstep\/#primaryimage"},"thumbnailUrl":"https:\/\/embreis.com\/se\/wp-content\/uploads\/sites\/6\/2025\/01\/Sstep_1.png","datePublished":"2025-01-28T14:30:38+00:00","dateModified":"2025-06-05T08:08:03+00:00","breadcrumb":{"@id":"https:\/\/embreis.com\/se\/produkt\/sstep\/#breadcrumb"},"inLanguage":"sv-SE","potentialAction":[{"@type":"ReadAction","target":["https:\/\/embreis.com\/se\/produkt\/sstep\/"]}]},{"@type":"ImageObject","inLanguage":"sv-SE","@id":"https:\/\/embreis.com\/se\/produkt\/sstep\/#primaryimage","url":"https:\/\/embreis.com\/se\/wp-content\/uploads\/sites\/6\/2025\/01\/Sstep_1.png","contentUrl":"https:\/\/embreis.com\/se\/wp-content\/uploads\/sites\/6\/2025\/01\/Sstep_1.png","width":850,"height":850},{"@type":"BreadcrumbList","@id":"https:\/\/embreis.com\/se\/produkt\/sstep\/#breadcrumb","itemListElement":[{"@type":"ListItem","position":1,"name":"Hem","item":"https:\/\/embreis.com\/se\/"},{"@type":"ListItem","position":2,"name":"Sortiment","item":"https:\/\/embreis.com\/se\/sortiment\/"},{"@type":"ListItem","position":3,"name":"Ortos","item":"https:\/\/embreis.com\/se\/produktkategori\/ortos\/"},{"@type":"ListItem","position":4,"name":"Ankel","item":"https:\/\/embreis.com\/se\/produktkategori\/ortos\/ankel\/"},{"@type":"ListItem","position":5,"name":"Neuro - Rehab","item":"https:\/\/embreis.com\/se\/produktkategori\/ortos\/ankel\/neuro-rehab-vrist-ortos\/"},{"@type":"ListItem","position":6,"name":"Sstep"}]},{"@type":"WebSite","@id":"https:\/\/embreis.com\/se\/#website","url":"https:\/\/embreis.com\/se\/","name":"Embreis SE","description":"Ortoser, proteser och material","publisher":{"@id":"https:\/\/embreis.com\/se\/#organization"},"potentialAction":[{"@type":"SearchAction","target":{"@type":"EntryPoint","urlTemplate":"https:\/\/embreis.com\/se\/?s={search_term_string}"},"query-input":{"@type":"PropertyValueSpecification","valueRequired":true,"valueName":"search_term_string"}}],"inLanguage":"sv-SE"},{"@type":"Organization","@id":"https:\/\/embreis.com\/se\/#organization","name":"Embreis AB","url":"https:\/\/embreis.com\/se\/","logo":{"@type":"ImageObject","inLanguage":"sv-SE","@id":"https:\/\/embreis.com\/se\/#\/schema\/logo\/image\/","url":"https:\/\/embreis.com\/se\/wp-content\/uploads\/sites\/6\/2019\/08\/Embreis_Logo2_PMS.png","contentUrl":"https:\/\/embreis.com\/se\/wp-content\/uploads\/sites\/6\/2019\/08\/Embreis_Logo2_PMS.png","width":1723,"height":926,"caption":"Embreis AB"},"image":{"@id":"https:\/\/embreis.com\/se\/#\/schema\/logo\/image\/"},"sameAs":["https:\/\/www.facebook.com\/embreis\/","https:\/\/www.linkedin.com\/company\/embreis-ab\/","https:\/\/www.youtube.com\/user\/embreisAB"]}]}},"_links":{"self":[{"href":"https:\/\/embreis.com\/se\/wp-json\/wp\/v2\/product\/13895","targetHints":{"allow":["GET"]}}],"collection":[{"href":"https:\/\/embreis.com\/se\/wp-json\/wp\/v2\/product"}],"about":[{"href":"https:\/\/embreis.com\/se\/wp-json\/wp\/v2\/types\/product"}],"wp:featuredmedia":[{"embeddable":true,"href":"https:\/\/embreis.com\/se\/wp-json\/wp\/v2\/media\/13908"}],"wp:attachment":[{"href":"https:\/\/embreis.com\/se\/wp-json\/wp\/v2\/media?parent=13895"}],"wp:term":[{"taxonomy":"product_brand","embeddable":true,"href":"https:\/\/embreis.com\/se\/wp-json\/wp\/v2\/product_brand?post=13895"},{"taxonomy":"product_cat","embeddable":true,"href":"https:\/\/embreis.com\/se\/wp-json\/wp\/v2\/product_cat?post=13895"},{"taxonomy":"product_tag","embeddable":true,"href":"https:\/\/embreis.com\/se\/wp-json\/wp\/v2\/product_tag?post=13895"}],"curies":[{"name":"wp","href":"https:\/\/api.w.org\/{rel}","templated":true}]}}