{"id":13580,"date":"2024-11-19T12:41:35","date_gmt":"2024-11-19T10:41:35","guid":{"rendered":"https:\/\/embreis.com\/se\/?post_type=product&#038;p=13580"},"modified":"2024-11-19T17:16:32","modified_gmt":"2024-11-19T15:16:32","slug":"crossrunner-wa","status":"publish","type":"product","link":"https:\/\/embreis.com\/se\/produkt\/crossrunner-wa\/","title":{"rendered":"CrossRunner\u2122 WA"},"content":{"rendered":"<p><strong>CrossRunner\u2122<\/strong> WA \u00e4r en wrap around modell designad f\u00f6r att ge stabilitet, r\u00f6relsefrihet och underl\u00e4tta applicering. Vilket g\u00f6r den till ett idealiskt hj\u00e4lpmedel f\u00f6r patienter med olika typer av kn\u00e4problem. Det \u00e4r en m\u00e5ngsidig mjuk ledad kn\u00e4ortos som kombinerar st\u00f6d och komfort f\u00f6r patienter med kn\u00e4skador eller instabilitet. Ortosen \u00e4r tillverkad i luftigt och kompressions givande material och erbjuder en l\u00e4tt och bekv\u00e4m passform som \u00e4r idealisk f\u00f6r b\u00e5de kort- och l\u00e5ngtidsanv\u00e4ndning.<\/p>\n<p>Ortosen har en <strong>justerbar ROM-led<\/strong> som enkelt anpassas f\u00f6r kontroll av b\u00e5de extension och flexion vilket ger r\u00e4tt st\u00f6d f\u00f6r patientens individuella behov under rehabilitering.<\/p>\n<p>Crossrunner finns \u00e4ven som vanlig p\u00e5dragsmodell och b\u00e5da finns i tv\u00e5 l\u00e4ngder, standard (rekommenderas f\u00f6r personer som \u00e4r 165 cm eller l\u00e4ngre) och short, men \u00e4r universell i passformen vilket g\u00f6r att ortosen passar b\u00e5de h\u00f6ger och v\u00e4nster kn\u00e4. Detta minskar behovet av flera storlekar och f\u00f6renklar anv\u00e4ndningen.<\/p>\n<p><a href=\"https:\/\/embreis.com\/se\/produkt\/crossrunner\/\">H\u00e4r hittar du CrossRunner Pull-on<\/a><\/p>\n<p><strong>CrossRunner WA ers\u00e4tter Breg\u00b4s tidigare kn\u00e4ortoser Roadrunner WA och Shortrunner WA<\/strong><\/p>\n","protected":false},"excerpt":{"rendered":"<p>CrossRunner\u2122 WA \u00e4r en wrap around modell designad f\u00f6r att ge stabilitet, r\u00f6relsefrihet och underl\u00e4tta applicering. Vilket g\u00f6r den till [&hellip;]<\/p>\n","protected":false},"featured_media":13614,"template":"","meta":[],"product_brand":[],"product_cat":[1225,1390,217,222],"product_tag":[],"class_list":{"0":"post-13580","1":"product","2":"type-product","3":"status-publish","4":"has-post-thumbnail","6":"product_cat-knaortos-mjuka-ligament","7":"product_cat-nyheter","8":"product_cat-ortos","9":"product_cat-kna","10":"pa_upphandlingar-landstinget-blekinge","11":"pa_varumarke-breg","13":"first","14":"outofstock","15":"featured","16":"shipping-taxable","17":"product-type-variable"},"acf":[],"yoast_head":"<!-- This site is optimized with the Yoast SEO Premium plugin v25.3.1 (Yoast SEO v25.3.1) - https:\/\/yoast.com\/wordpress\/plugins\/seo\/ -->\n<title>CrossRunner\u2122 WA - Embreis.com<\/title>\n<meta name=\"robots\" content=\"index, follow, max-snippet:-1, max-image-preview:large, max-video-preview:-1\" \/>\n<link rel=\"canonical\" href=\"https:\/\/embreis.com\/se\/produkt\/crossrunner-wa\/\" \/>\n<meta property=\"og:locale\" content=\"sv_SE\" \/>\n<meta property=\"og:type\" content=\"article\" \/>\n<meta property=\"og:title\" content=\"CrossRunner\u2122 WA\" \/>\n<meta property=\"og:description\" content=\"CrossRunner\u2122 WA \u00e4r en wrap around modell designad f\u00f6r att ge stabilitet, r\u00f6relsefrihet och underl\u00e4tta applicering. Vilket g\u00f6r den till [&hellip;]\" \/>\n<meta property=\"og:url\" content=\"https:\/\/embreis.com\/se\/produkt\/crossrunner-wa\/\" \/>\n<meta property=\"og:site_name\" content=\"Embreis SE\" \/>\n<meta property=\"article:publisher\" content=\"https:\/\/www.facebook.com\/embreis\/\" \/>\n<meta property=\"article:modified_time\" content=\"2024-11-19T15:16:32+00:00\" \/>\n<meta property=\"og:image\" content=\"https:\/\/embreis.com\/se\/wp-content\/uploads\/sites\/6\/2024\/11\/Crossrunner-WA_1.jpg\" \/>\n\t<meta property=\"og:image:width\" content=\"850\" \/>\n\t<meta property=\"og:image:height\" content=\"850\" \/>\n\t<meta property=\"og:image:type\" content=\"image\/jpeg\" \/>\n<meta name=\"twitter:card\" content=\"summary_large_image\" \/>\n<meta name=\"twitter:label1\" content=\"Ber\u00e4knad l\u00e4stid\" \/>\n\t<meta name=\"twitter:data1\" content=\"2 minuter\" \/>\n<script type=\"application\/ld+json\" class=\"yoast-schema-graph\">{\"@context\":\"https:\/\/schema.org\",\"@graph\":[{\"@type\":\"WebPage\",\"@id\":\"https:\/\/embreis.com\/se\/produkt\/crossrunner-wa\/\",\"url\":\"https:\/\/embreis.com\/se\/produkt\/crossrunner-wa\/\",\"name\":\"CrossRunner\u2122 WA - Embreis.com\",\"isPartOf\":{\"@id\":\"https:\/\/embreis.com\/se\/#website\"},\"primaryImageOfPage\":{\"@id\":\"https:\/\/embreis.com\/se\/produkt\/crossrunner-wa\/#primaryimage\"},\"image\":{\"@id\":\"https:\/\/embreis.com\/se\/produkt\/crossrunner-wa\/#primaryimage\"},\"thumbnailUrl\":\"https:\/\/embreis.com\/se\/wp-content\/uploads\/sites\/6\/2024\/11\/Crossrunner-WA_1.jpg\",\"datePublished\":\"2024-11-19T10:41:35+00:00\",\"dateModified\":\"2024-11-19T15:16:32+00:00\",\"breadcrumb\":{\"@id\":\"https:\/\/embreis.com\/se\/produkt\/crossrunner-wa\/#breadcrumb\"},\"inLanguage\":\"sv-SE\",\"potentialAction\":[{\"@type\":\"ReadAction\",\"target\":[\"https:\/\/embreis.com\/se\/produkt\/crossrunner-wa\/\"]}]},{\"@type\":\"ImageObject\",\"inLanguage\":\"sv-SE\",\"@id\":\"https:\/\/embreis.com\/se\/produkt\/crossrunner-wa\/#primaryimage\",\"url\":\"https:\/\/embreis.com\/se\/wp-content\/uploads\/sites\/6\/2024\/11\/Crossrunner-WA_1.jpg\",\"contentUrl\":\"https:\/\/embreis.com\/se\/wp-content\/uploads\/sites\/6\/2024\/11\/Crossrunner-WA_1.jpg\",\"width\":850,\"height\":850},{\"@type\":\"BreadcrumbList\",\"@id\":\"https:\/\/embreis.com\/se\/produkt\/crossrunner-wa\/#breadcrumb\",\"itemListElement\":[{\"@type\":\"ListItem\",\"position\":1,\"name\":\"Hem\",\"item\":\"https:\/\/embreis.com\/se\/\"},{\"@type\":\"ListItem\",\"position\":2,\"name\":\"Sortiment\",\"item\":\"https:\/\/embreis.com\/se\/sortiment\/\"},{\"@type\":\"ListItem\",\"position\":3,\"name\":\"Ortos\",\"item\":\"https:\/\/embreis.com\/se\/produktkategori\/ortos\/\"},{\"@type\":\"ListItem\",\"position\":4,\"name\":\"Kn\u00e4\",\"item\":\"https:\/\/embreis.com\/se\/produktkategori\/ortos\/kna\/\"},{\"@type\":\"ListItem\",\"position\":5,\"name\":\"Mjuka Ligament\",\"item\":\"https:\/\/embreis.com\/se\/produktkategori\/ortos\/kna\/knaortos-mjuka-ligament\/\"},{\"@type\":\"ListItem\",\"position\":6,\"name\":\"CrossRunner\u2122 WA\"}]},{\"@type\":\"WebSite\",\"@id\":\"https:\/\/embreis.com\/se\/#website\",\"url\":\"https:\/\/embreis.com\/se\/\",\"name\":\"Embreis SE\",\"description\":\"Ortoser, proteser och material\",\"publisher\":{\"@id\":\"https:\/\/embreis.com\/se\/#organization\"},\"potentialAction\":[{\"@type\":\"SearchAction\",\"target\":{\"@type\":\"EntryPoint\",\"urlTemplate\":\"https:\/\/embreis.com\/se\/?s={search_term_string}\"},\"query-input\":{\"@type\":\"PropertyValueSpecification\",\"valueRequired\":true,\"valueName\":\"search_term_string\"}}],\"inLanguage\":\"sv-SE\"},{\"@type\":\"Organization\",\"@id\":\"https:\/\/embreis.com\/se\/#organization\",\"name\":\"Embreis AB\",\"url\":\"https:\/\/embreis.com\/se\/\",\"logo\":{\"@type\":\"ImageObject\",\"inLanguage\":\"sv-SE\",\"@id\":\"https:\/\/embreis.com\/se\/#\/schema\/logo\/image\/\",\"url\":\"https:\/\/embreis.com\/se\/wp-content\/uploads\/sites\/6\/2019\/08\/Embreis_Logo2_PMS.png\",\"contentUrl\":\"https:\/\/embreis.com\/se\/wp-content\/uploads\/sites\/6\/2019\/08\/Embreis_Logo2_PMS.png\",\"width\":1723,\"height\":926,\"caption\":\"Embreis AB\"},\"image\":{\"@id\":\"https:\/\/embreis.com\/se\/#\/schema\/logo\/image\/\"},\"sameAs\":[\"https:\/\/www.facebook.com\/embreis\/\",\"https:\/\/www.linkedin.com\/company\/embreis-ab\/\",\"https:\/\/www.youtube.com\/user\/embreisAB\"]}]}<\/script>\n<!-- \/ Yoast SEO Premium plugin. -->","yoast_head_json":{"title":"CrossRunner\u2122 WA - Embreis.com","robots":{"index":"index","follow":"follow","max-snippet":"max-snippet:-1","max-image-preview":"max-image-preview:large","max-video-preview":"max-video-preview:-1"},"canonical":"https:\/\/embreis.com\/se\/produkt\/crossrunner-wa\/","og_locale":"sv_SE","og_type":"article","og_title":"CrossRunner\u2122 WA","og_description":"CrossRunner\u2122 WA \u00e4r en wrap around modell designad f\u00f6r att ge stabilitet, r\u00f6relsefrihet och underl\u00e4tta applicering. Vilket g\u00f6r den till [&hellip;]","og_url":"https:\/\/embreis.com\/se\/produkt\/crossrunner-wa\/","og_site_name":"Embreis SE","article_publisher":"https:\/\/www.facebook.com\/embreis\/","article_modified_time":"2024-11-19T15:16:32+00:00","og_image":[{"width":850,"height":850,"url":"https:\/\/embreis.com\/se\/wp-content\/uploads\/sites\/6\/2024\/11\/Crossrunner-WA_1.jpg","type":"image\/jpeg"}],"twitter_card":"summary_large_image","twitter_misc":{"Ber\u00e4knad l\u00e4stid":"2 minuter"},"schema":{"@context":"https:\/\/schema.org","@graph":[{"@type":"WebPage","@id":"https:\/\/embreis.com\/se\/produkt\/crossrunner-wa\/","url":"https:\/\/embreis.com\/se\/produkt\/crossrunner-wa\/","name":"CrossRunner\u2122 WA - Embreis.com","isPartOf":{"@id":"https:\/\/embreis.com\/se\/#website"},"primaryImageOfPage":{"@id":"https:\/\/embreis.com\/se\/produkt\/crossrunner-wa\/#primaryimage"},"image":{"@id":"https:\/\/embreis.com\/se\/produkt\/crossrunner-wa\/#primaryimage"},"thumbnailUrl":"https:\/\/embreis.com\/se\/wp-content\/uploads\/sites\/6\/2024\/11\/Crossrunner-WA_1.jpg","datePublished":"2024-11-19T10:41:35+00:00","dateModified":"2024-11-19T15:16:32+00:00","breadcrumb":{"@id":"https:\/\/embreis.com\/se\/produkt\/crossrunner-wa\/#breadcrumb"},"inLanguage":"sv-SE","potentialAction":[{"@type":"ReadAction","target":["https:\/\/embreis.com\/se\/produkt\/crossrunner-wa\/"]}]},{"@type":"ImageObject","inLanguage":"sv-SE","@id":"https:\/\/embreis.com\/se\/produkt\/crossrunner-wa\/#primaryimage","url":"https:\/\/embreis.com\/se\/wp-content\/uploads\/sites\/6\/2024\/11\/Crossrunner-WA_1.jpg","contentUrl":"https:\/\/embreis.com\/se\/wp-content\/uploads\/sites\/6\/2024\/11\/Crossrunner-WA_1.jpg","width":850,"height":850},{"@type":"BreadcrumbList","@id":"https:\/\/embreis.com\/se\/produkt\/crossrunner-wa\/#breadcrumb","itemListElement":[{"@type":"ListItem","position":1,"name":"Hem","item":"https:\/\/embreis.com\/se\/"},{"@type":"ListItem","position":2,"name":"Sortiment","item":"https:\/\/embreis.com\/se\/sortiment\/"},{"@type":"ListItem","position":3,"name":"Ortos","item":"https:\/\/embreis.com\/se\/produktkategori\/ortos\/"},{"@type":"ListItem","position":4,"name":"Kn\u00e4","item":"https:\/\/embreis.com\/se\/produktkategori\/ortos\/kna\/"},{"@type":"ListItem","position":5,"name":"Mjuka Ligament","item":"https:\/\/embreis.com\/se\/produktkategori\/ortos\/kna\/knaortos-mjuka-ligament\/"},{"@type":"ListItem","position":6,"name":"CrossRunner\u2122 WA"}]},{"@type":"WebSite","@id":"https:\/\/embreis.com\/se\/#website","url":"https:\/\/embreis.com\/se\/","name":"Embreis SE","description":"Ortoser, proteser och material","publisher":{"@id":"https:\/\/embreis.com\/se\/#organization"},"potentialAction":[{"@type":"SearchAction","target":{"@type":"EntryPoint","urlTemplate":"https:\/\/embreis.com\/se\/?s={search_term_string}"},"query-input":{"@type":"PropertyValueSpecification","valueRequired":true,"valueName":"search_term_string"}}],"inLanguage":"sv-SE"},{"@type":"Organization","@id":"https:\/\/embreis.com\/se\/#organization","name":"Embreis AB","url":"https:\/\/embreis.com\/se\/","logo":{"@type":"ImageObject","inLanguage":"sv-SE","@id":"https:\/\/embreis.com\/se\/#\/schema\/logo\/image\/","url":"https:\/\/embreis.com\/se\/wp-content\/uploads\/sites\/6\/2019\/08\/Embreis_Logo2_PMS.png","contentUrl":"https:\/\/embreis.com\/se\/wp-content\/uploads\/sites\/6\/2019\/08\/Embreis_Logo2_PMS.png","width":1723,"height":926,"caption":"Embreis AB"},"image":{"@id":"https:\/\/embreis.com\/se\/#\/schema\/logo\/image\/"},"sameAs":["https:\/\/www.facebook.com\/embreis\/","https:\/\/www.linkedin.com\/company\/embreis-ab\/","https:\/\/www.youtube.com\/user\/embreisAB"]}]}},"_links":{"self":[{"href":"https:\/\/embreis.com\/se\/wp-json\/wp\/v2\/product\/13580","targetHints":{"allow":["GET"]}}],"collection":[{"href":"https:\/\/embreis.com\/se\/wp-json\/wp\/v2\/product"}],"about":[{"href":"https:\/\/embreis.com\/se\/wp-json\/wp\/v2\/types\/product"}],"wp:featuredmedia":[{"embeddable":true,"href":"https:\/\/embreis.com\/se\/wp-json\/wp\/v2\/media\/13614"}],"wp:attachment":[{"href":"https:\/\/embreis.com\/se\/wp-json\/wp\/v2\/media?parent=13580"}],"wp:term":[{"taxonomy":"product_brand","embeddable":true,"href":"https:\/\/embreis.com\/se\/wp-json\/wp\/v2\/product_brand?post=13580"},{"taxonomy":"product_cat","embeddable":true,"href":"https:\/\/embreis.com\/se\/wp-json\/wp\/v2\/product_cat?post=13580"},{"taxonomy":"product_tag","embeddable":true,"href":"https:\/\/embreis.com\/se\/wp-json\/wp\/v2\/product_tag?post=13580"}],"curies":[{"name":"wp","href":"https:\/\/api.w.org\/{rel}","templated":true}]}}