{"id":13544,"date":"2024-11-19T11:31:58","date_gmt":"2024-11-19T09:31:58","guid":{"rendered":"https:\/\/embreis.com\/se\/?post_type=product&#038;p=13544"},"modified":"2026-04-13T11:31:48","modified_gmt":"2026-04-13T09:31:48","slug":"nanoslide-post-op-cushion-liner","status":"publish","type":"product","link":"https:\/\/embreis.com\/se\/produkt\/nanoslide-post-op-cushion-liner\/","title":{"rendered":"NanoSlide Post-OP Cushion Liner"},"content":{"rendered":"<p><strong>NanoSlide Post-Op Cushion Liner<\/strong><\/p>\n<p>Postoperativ kompressionsliner utan matris och distal koppling<\/p>\n<ul>\n<li>Kontrollerad kompression av stumpen efter amputation.<\/li>\n<li>Tidig anpassning till anv\u00e4ndning av liner.<\/li>\n<li>Effektiv formning av stumpen vid postoperativ behandling<\/li>\n<\/ul>\n<p><strong>Medical Grade Silikon<\/strong><br \/>\nLinern \u00e4r tillverkad av silikon av medicinsk kvalitet, vilket s\u00e4kerst\u00e4ller en h\u00f6g grad av biokompatibilitet och komfort.<\/p>\n<p><strong>God kompression <\/strong><br \/>\nLinern ger god kompression och hj\u00e4lper till att reducera postoperativ svullnad.<br \/>\nFinns i storlekarna 16 \u2013 55.<\/p>\n<p><strong>Nano-Slide coating<\/strong><br \/>\nNano-Slide coating g\u00f6r att linern \u00e4r enkel att ta p\u00e5 utan behov av ytterligare hj\u00e4lpmedel.<\/p>\n<p>En Post-op liner eliminerar behovet av traditionell bandagering, vilket inte bara f\u00f6renklar hanteringen utan ocks\u00e5 minskar risken f\u00f6r kompressionsrelaterade komplikationer. Korrekt anv\u00e4nd bidrar den till b\u00e4ttre blodcirkulation och effektiv reducering av svullnad.<\/p>\n<p>&nbsp;<\/p>\n","protected":false},"excerpt":{"rendered":"<p>NanoSlide Post-Op Cushion Liner Postoperativ kompressionsliner utan matris och distal koppling Kontrollerad kompression av stumpen efter amputation. Tidig anpassning till [&hellip;]<\/p>\n","protected":false},"featured_media":13579,"template":"","meta":[],"product_brand":[],"product_cat":[1260,272,304],"product_tag":[],"class_list":{"0":"post-13544","1":"product","2":"type-product","3":"status-publish","4":"has-post-thumbnail","6":"product_cat-liners-silikon","7":"product_cat-protes","8":"product_cat-liners-sleevar","9":"pa_varumarke-wagner","11":"first","12":"outofstock","13":"shipping-taxable","14":"product-type-variable"},"acf":[],"yoast_head":"<!-- This site is optimized with the Yoast SEO Premium plugin v27.3 (Yoast SEO v27.3) - https:\/\/yoast.com\/product\/yoast-seo-premium-wordpress\/ -->\n<title>NanoSlide Post-OP Cushion Liner - Embreis.com<\/title>\n<meta name=\"robots\" content=\"index, follow, max-snippet:-1, max-image-preview:large, max-video-preview:-1\" \/>\n<link rel=\"canonical\" href=\"https:\/\/embreis.com\/se\/produkt\/nanoslide-post-op-cushion-liner\/\" \/>\n<meta property=\"og:locale\" content=\"sv_SE\" \/>\n<meta property=\"og:type\" content=\"article\" \/>\n<meta property=\"og:title\" content=\"NanoSlide Post-OP Cushion Liner\" \/>\n<meta property=\"og:description\" content=\"NanoSlide Post-Op Cushion Liner Postoperativ kompressionsliner utan matris och distal koppling Kontrollerad kompression av stumpen efter amputation. Tidig anpassning till [&hellip;]\" \/>\n<meta property=\"og:url\" content=\"https:\/\/embreis.com\/se\/produkt\/nanoslide-post-op-cushion-liner\/\" \/>\n<meta property=\"og:site_name\" content=\"Embreis SE\" \/>\n<meta property=\"article:publisher\" content=\"https:\/\/www.facebook.com\/embreis\/\" \/>\n<meta property=\"article:modified_time\" content=\"2026-04-13T09:31:48+00:00\" \/>\n<meta property=\"og:image\" content=\"https:\/\/embreis.com\/se\/wp-content\/uploads\/sites\/6\/2024\/11\/Nano-Slide-Post-OP.png\" \/>\n\t<meta property=\"og:image:width\" content=\"850\" \/>\n\t<meta property=\"og:image:height\" content=\"850\" \/>\n\t<meta property=\"og:image:type\" content=\"image\/png\" \/>\n<meta name=\"twitter:card\" content=\"summary_large_image\" \/>\n<meta name=\"twitter:label1\" content=\"Ber\u00e4knad l\u00e4stid\" \/>\n\t<meta name=\"twitter:data1\" content=\"1 minut\" \/>\n<script type=\"application\/ld+json\" class=\"yoast-schema-graph\">{\"@context\":\"https:\\\/\\\/schema.org\",\"@graph\":[{\"@type\":\"WebPage\",\"@id\":\"https:\\\/\\\/embreis.com\\\/se\\\/produkt\\\/nanoslide-post-op-cushion-liner\\\/\",\"url\":\"https:\\\/\\\/embreis.com\\\/se\\\/produkt\\\/nanoslide-post-op-cushion-liner\\\/\",\"name\":\"NanoSlide Post-OP Cushion Liner - Embreis.com\",\"isPartOf\":{\"@id\":\"https:\\\/\\\/embreis.com\\\/se\\\/#website\"},\"primaryImageOfPage\":{\"@id\":\"https:\\\/\\\/embreis.com\\\/se\\\/produkt\\\/nanoslide-post-op-cushion-liner\\\/#primaryimage\"},\"image\":{\"@id\":\"https:\\\/\\\/embreis.com\\\/se\\\/produkt\\\/nanoslide-post-op-cushion-liner\\\/#primaryimage\"},\"thumbnailUrl\":\"https:\\\/\\\/embreis.com\\\/se\\\/wp-content\\\/uploads\\\/sites\\\/6\\\/2024\\\/11\\\/Nano-Slide-Post-OP.png\",\"datePublished\":\"2024-11-19T09:31:58+00:00\",\"dateModified\":\"2026-04-13T09:31:48+00:00\",\"breadcrumb\":{\"@id\":\"https:\\\/\\\/embreis.com\\\/se\\\/produkt\\\/nanoslide-post-op-cushion-liner\\\/#breadcrumb\"},\"inLanguage\":\"sv-SE\",\"potentialAction\":[{\"@type\":\"ReadAction\",\"target\":[\"https:\\\/\\\/embreis.com\\\/se\\\/produkt\\\/nanoslide-post-op-cushion-liner\\\/\"]}]},{\"@type\":\"ImageObject\",\"inLanguage\":\"sv-SE\",\"@id\":\"https:\\\/\\\/embreis.com\\\/se\\\/produkt\\\/nanoslide-post-op-cushion-liner\\\/#primaryimage\",\"url\":\"https:\\\/\\\/embreis.com\\\/se\\\/wp-content\\\/uploads\\\/sites\\\/6\\\/2024\\\/11\\\/Nano-Slide-Post-OP.png\",\"contentUrl\":\"https:\\\/\\\/embreis.com\\\/se\\\/wp-content\\\/uploads\\\/sites\\\/6\\\/2024\\\/11\\\/Nano-Slide-Post-OP.png\",\"width\":850,\"height\":850},{\"@type\":\"BreadcrumbList\",\"@id\":\"https:\\\/\\\/embreis.com\\\/se\\\/produkt\\\/nanoslide-post-op-cushion-liner\\\/#breadcrumb\",\"itemListElement\":[{\"@type\":\"ListItem\",\"position\":1,\"name\":\"Hem\",\"item\":\"https:\\\/\\\/embreis.com\\\/se\\\/\"},{\"@type\":\"ListItem\",\"position\":2,\"name\":\"Sortiment\",\"item\":\"https:\\\/\\\/embreis.com\\\/se\\\/sortiment\\\/\"},{\"@type\":\"ListItem\",\"position\":3,\"name\":\"Protes\",\"item\":\"https:\\\/\\\/embreis.com\\\/se\\\/produktkategori\\\/protes\\\/\"},{\"@type\":\"ListItem\",\"position\":4,\"name\":\"Liners &amp; Sleevar\",\"item\":\"https:\\\/\\\/embreis.com\\\/se\\\/produktkategori\\\/protes\\\/liners-sleevar\\\/\"},{\"@type\":\"ListItem\",\"position\":5,\"name\":\"Liners (Silikon)\",\"item\":\"https:\\\/\\\/embreis.com\\\/se\\\/produktkategori\\\/protes\\\/liners-sleevar\\\/liners-silikon\\\/\"},{\"@type\":\"ListItem\",\"position\":6,\"name\":\"NanoSlide Post-OP Cushion Liner\"}]},{\"@type\":\"WebSite\",\"@id\":\"https:\\\/\\\/embreis.com\\\/se\\\/#website\",\"url\":\"https:\\\/\\\/embreis.com\\\/se\\\/\",\"name\":\"Embreis SE\",\"description\":\"Ortoser, proteser och material\",\"publisher\":{\"@id\":\"https:\\\/\\\/embreis.com\\\/se\\\/#organization\"},\"potentialAction\":[{\"@type\":\"SearchAction\",\"target\":{\"@type\":\"EntryPoint\",\"urlTemplate\":\"https:\\\/\\\/embreis.com\\\/se\\\/?s={search_term_string}\"},\"query-input\":{\"@type\":\"PropertyValueSpecification\",\"valueRequired\":true,\"valueName\":\"search_term_string\"}}],\"inLanguage\":\"sv-SE\"},{\"@type\":\"Organization\",\"@id\":\"https:\\\/\\\/embreis.com\\\/se\\\/#organization\",\"name\":\"Embreis AB\",\"url\":\"https:\\\/\\\/embreis.com\\\/se\\\/\",\"logo\":{\"@type\":\"ImageObject\",\"inLanguage\":\"sv-SE\",\"@id\":\"https:\\\/\\\/embreis.com\\\/se\\\/#\\\/schema\\\/logo\\\/image\\\/\",\"url\":\"https:\\\/\\\/embreis.com\\\/se\\\/wp-content\\\/uploads\\\/sites\\\/6\\\/2019\\\/08\\\/Embreis_Logo2_PMS.png\",\"contentUrl\":\"https:\\\/\\\/embreis.com\\\/se\\\/wp-content\\\/uploads\\\/sites\\\/6\\\/2019\\\/08\\\/Embreis_Logo2_PMS.png\",\"width\":1723,\"height\":926,\"caption\":\"Embreis AB\"},\"image\":{\"@id\":\"https:\\\/\\\/embreis.com\\\/se\\\/#\\\/schema\\\/logo\\\/image\\\/\"},\"sameAs\":[\"https:\\\/\\\/www.facebook.com\\\/embreis\\\/\",\"https:\\\/\\\/www.linkedin.com\\\/company\\\/embreis-ab\\\/\",\"https:\\\/\\\/www.youtube.com\\\/user\\\/embreisAB\"]}]}<\/script>\n<!-- \/ Yoast SEO Premium plugin. -->","yoast_head_json":{"title":"NanoSlide Post-OP Cushion Liner - Embreis.com","robots":{"index":"index","follow":"follow","max-snippet":"max-snippet:-1","max-image-preview":"max-image-preview:large","max-video-preview":"max-video-preview:-1"},"canonical":"https:\/\/embreis.com\/se\/produkt\/nanoslide-post-op-cushion-liner\/","og_locale":"sv_SE","og_type":"article","og_title":"NanoSlide Post-OP Cushion Liner","og_description":"NanoSlide Post-Op Cushion Liner Postoperativ kompressionsliner utan matris och distal koppling Kontrollerad kompression av stumpen efter amputation. Tidig anpassning till [&hellip;]","og_url":"https:\/\/embreis.com\/se\/produkt\/nanoslide-post-op-cushion-liner\/","og_site_name":"Embreis SE","article_publisher":"https:\/\/www.facebook.com\/embreis\/","article_modified_time":"2026-04-13T09:31:48+00:00","og_image":[{"width":850,"height":850,"url":"https:\/\/embreis.com\/se\/wp-content\/uploads\/sites\/6\/2024\/11\/Nano-Slide-Post-OP.png","type":"image\/png"}],"twitter_card":"summary_large_image","twitter_misc":{"Ber\u00e4knad l\u00e4stid":"1 minut"},"schema":{"@context":"https:\/\/schema.org","@graph":[{"@type":"WebPage","@id":"https:\/\/embreis.com\/se\/produkt\/nanoslide-post-op-cushion-liner\/","url":"https:\/\/embreis.com\/se\/produkt\/nanoslide-post-op-cushion-liner\/","name":"NanoSlide Post-OP Cushion Liner - Embreis.com","isPartOf":{"@id":"https:\/\/embreis.com\/se\/#website"},"primaryImageOfPage":{"@id":"https:\/\/embreis.com\/se\/produkt\/nanoslide-post-op-cushion-liner\/#primaryimage"},"image":{"@id":"https:\/\/embreis.com\/se\/produkt\/nanoslide-post-op-cushion-liner\/#primaryimage"},"thumbnailUrl":"https:\/\/embreis.com\/se\/wp-content\/uploads\/sites\/6\/2024\/11\/Nano-Slide-Post-OP.png","datePublished":"2024-11-19T09:31:58+00:00","dateModified":"2026-04-13T09:31:48+00:00","breadcrumb":{"@id":"https:\/\/embreis.com\/se\/produkt\/nanoslide-post-op-cushion-liner\/#breadcrumb"},"inLanguage":"sv-SE","potentialAction":[{"@type":"ReadAction","target":["https:\/\/embreis.com\/se\/produkt\/nanoslide-post-op-cushion-liner\/"]}]},{"@type":"ImageObject","inLanguage":"sv-SE","@id":"https:\/\/embreis.com\/se\/produkt\/nanoslide-post-op-cushion-liner\/#primaryimage","url":"https:\/\/embreis.com\/se\/wp-content\/uploads\/sites\/6\/2024\/11\/Nano-Slide-Post-OP.png","contentUrl":"https:\/\/embreis.com\/se\/wp-content\/uploads\/sites\/6\/2024\/11\/Nano-Slide-Post-OP.png","width":850,"height":850},{"@type":"BreadcrumbList","@id":"https:\/\/embreis.com\/se\/produkt\/nanoslide-post-op-cushion-liner\/#breadcrumb","itemListElement":[{"@type":"ListItem","position":1,"name":"Hem","item":"https:\/\/embreis.com\/se\/"},{"@type":"ListItem","position":2,"name":"Sortiment","item":"https:\/\/embreis.com\/se\/sortiment\/"},{"@type":"ListItem","position":3,"name":"Protes","item":"https:\/\/embreis.com\/se\/produktkategori\/protes\/"},{"@type":"ListItem","position":4,"name":"Liners &amp; Sleevar","item":"https:\/\/embreis.com\/se\/produktkategori\/protes\/liners-sleevar\/"},{"@type":"ListItem","position":5,"name":"Liners (Silikon)","item":"https:\/\/embreis.com\/se\/produktkategori\/protes\/liners-sleevar\/liners-silikon\/"},{"@type":"ListItem","position":6,"name":"NanoSlide Post-OP Cushion Liner"}]},{"@type":"WebSite","@id":"https:\/\/embreis.com\/se\/#website","url":"https:\/\/embreis.com\/se\/","name":"Embreis SE","description":"Ortoser, proteser och material","publisher":{"@id":"https:\/\/embreis.com\/se\/#organization"},"potentialAction":[{"@type":"SearchAction","target":{"@type":"EntryPoint","urlTemplate":"https:\/\/embreis.com\/se\/?s={search_term_string}"},"query-input":{"@type":"PropertyValueSpecification","valueRequired":true,"valueName":"search_term_string"}}],"inLanguage":"sv-SE"},{"@type":"Organization","@id":"https:\/\/embreis.com\/se\/#organization","name":"Embreis AB","url":"https:\/\/embreis.com\/se\/","logo":{"@type":"ImageObject","inLanguage":"sv-SE","@id":"https:\/\/embreis.com\/se\/#\/schema\/logo\/image\/","url":"https:\/\/embreis.com\/se\/wp-content\/uploads\/sites\/6\/2019\/08\/Embreis_Logo2_PMS.png","contentUrl":"https:\/\/embreis.com\/se\/wp-content\/uploads\/sites\/6\/2019\/08\/Embreis_Logo2_PMS.png","width":1723,"height":926,"caption":"Embreis AB"},"image":{"@id":"https:\/\/embreis.com\/se\/#\/schema\/logo\/image\/"},"sameAs":["https:\/\/www.facebook.com\/embreis\/","https:\/\/www.linkedin.com\/company\/embreis-ab\/","https:\/\/www.youtube.com\/user\/embreisAB"]}]}},"_links":{"self":[{"href":"https:\/\/embreis.com\/se\/wp-json\/wp\/v2\/product\/13544","targetHints":{"allow":["GET"]}}],"collection":[{"href":"https:\/\/embreis.com\/se\/wp-json\/wp\/v2\/product"}],"about":[{"href":"https:\/\/embreis.com\/se\/wp-json\/wp\/v2\/types\/product"}],"wp:featuredmedia":[{"embeddable":true,"href":"https:\/\/embreis.com\/se\/wp-json\/wp\/v2\/media\/13579"}],"wp:attachment":[{"href":"https:\/\/embreis.com\/se\/wp-json\/wp\/v2\/media?parent=13544"}],"wp:term":[{"taxonomy":"product_brand","embeddable":true,"href":"https:\/\/embreis.com\/se\/wp-json\/wp\/v2\/product_brand?post=13544"},{"taxonomy":"product_cat","embeddable":true,"href":"https:\/\/embreis.com\/se\/wp-json\/wp\/v2\/product_cat?post=13544"},{"taxonomy":"product_tag","embeddable":true,"href":"https:\/\/embreis.com\/se\/wp-json\/wp\/v2\/product_tag?post=13544"}],"curies":[{"name":"wp","href":"https:\/\/api.w.org\/{rel}","templated":true}]}}