{"id":13376,"date":"2024-10-30T12:59:17","date_gmt":"2024-10-30T10:59:17","guid":{"rendered":"https:\/\/embreis.com\/se\/?post_type=product&#038;p=13376"},"modified":"2025-03-19T12:50:23","modified_gmt":"2025-03-19T10:50:23","slug":"freeflow","status":"publish","type":"product","link":"https:\/\/embreis.com\/se\/produkt\/freeflow\/","title":{"rendered":"FreeFlow"},"content":{"rendered":"<p><strong>Free-Flow<\/strong> \u00e4r en droppfotsskena med Lateral-Posterior bygel, tillverkad i formpressad kolfiber. Speciellt utformad f\u00f6r att hj\u00e4lpa patienter med droppfot och nedsatt dorsalflexion. Dess lateralt placerade bygel ger optimal dynamik och komfort i skon.<\/p>\n<p>FreeFlow levereras i universalstorlek i h\u00f6ger och v\u00e4nster och kan anpassas f\u00f6r en individuell passform. Vadbygeln \u00e4r justerbar i h\u00f6jd mellan 28,5 \u2013 38 cm. Att ortosen \u00e4r universell i storlek ger stora f\u00f6rdelar f\u00f6r utprovaren med l\u00e4gre lagerh\u00e5llning och m\u00f6jlighet till individuella anpassningar.<\/p>\n<p>FreeFlow levereras med det l\u00e4ttanv\u00e4nda Boa\u00ae Fit Systemet vilket ger brukaren m\u00f6jlighet att enkelt justera sin ortos, \u00e4ven f\u00f6r brukare med nedsatt funktion i hand och fingrar.<\/p>\n<p>FreeFlow passar ett brett spektrum av brukare med droppfot.<\/p>\n<p>F\u00f6r extra stabilitet finns tillbeh\u00f6ret HelixBand som \u00e4r designat f\u00f6r att ge ett dynamiskt st\u00f6d vid varus- och valgusst\u00e4llningar. Med sina dubbla band kan HelixBand anpassas f\u00f6r att ge stabilitet och proprioception genom hela steget.<\/p>\n<p>Det \u00e4r l\u00e4tt att applicera med en hand och ger stabilitet f\u00f6r brukare som beh\u00f6ver korrigering av pronation eller supination utan behov av andra specialtillverkade l\u00f6sningar.<\/p>\n","protected":false},"excerpt":{"rendered":"<p>Free-Flow \u00e4r en droppfotsskena med Lateral-Posterior bygel, tillverkad i formpressad kolfiber. Speciellt utformad f\u00f6r att hj\u00e4lpa patienter med droppfot och [&hellip;]<\/p>\n","protected":false},"featured_media":13393,"template":"","meta":[],"product_brand":[],"product_cat":[1231,1390,217,225],"product_tag":[],"class_list":{"0":"post-13376","1":"product","2":"type-product","3":"status-publish","4":"has-post-thumbnail","6":"product_cat-neuro-rehab-vrist-ortos","7":"product_cat-nyheter","8":"product_cat-ortos","9":"product_cat-ankel","10":"pa_varumarke-elevate-movement","12":"first","13":"instock","14":"featured","15":"shipping-taxable","16":"product-type-variable"},"acf":[],"yoast_head":"<!-- This site is optimized with the Yoast SEO Premium plugin v25.3.1 (Yoast SEO v25.3.1) - https:\/\/yoast.com\/wordpress\/plugins\/seo\/ -->\n<title>FreeFlow - Droppfotsortos i Kolfiber - Embreis.com<\/title>\n<meta name=\"robots\" content=\"index, follow, max-snippet:-1, max-image-preview:large, max-video-preview:-1\" \/>\n<link rel=\"canonical\" href=\"https:\/\/embreis.com\/se\/produkt\/freeflow\/\" \/>\n<meta property=\"og:locale\" content=\"sv_SE\" \/>\n<meta property=\"og:type\" content=\"article\" \/>\n<meta property=\"og:title\" content=\"FreeFlow\" \/>\n<meta property=\"og:description\" content=\"Free-Flow \u00e4r en droppfotsskena med Lateral-Posterior bygel, tillverkad i formpressad kolfiber. Speciellt utformad f\u00f6r att hj\u00e4lpa patienter med droppfot och [&hellip;]\" \/>\n<meta property=\"og:url\" content=\"https:\/\/embreis.com\/se\/produkt\/freeflow\/\" \/>\n<meta property=\"og:site_name\" content=\"Embreis SE\" \/>\n<meta property=\"article:publisher\" content=\"https:\/\/www.facebook.com\/embreis\/\" \/>\n<meta property=\"article:modified_time\" content=\"2025-03-19T10:50:23+00:00\" \/>\n<meta property=\"og:image\" content=\"https:\/\/embreis.com\/se\/wp-content\/uploads\/sites\/6\/2024\/10\/Elevate_FreeFlow_1.jpg\" \/>\n\t<meta property=\"og:image:width\" content=\"850\" \/>\n\t<meta property=\"og:image:height\" content=\"850\" \/>\n\t<meta property=\"og:image:type\" content=\"image\/jpeg\" \/>\n<meta name=\"twitter:card\" content=\"summary_large_image\" \/>\n<meta name=\"twitter:label1\" content=\"Ber\u00e4knad l\u00e4stid\" \/>\n\t<meta name=\"twitter:data1\" content=\"2 minuter\" \/>\n<script type=\"application\/ld+json\" class=\"yoast-schema-graph\">{\"@context\":\"https:\/\/schema.org\",\"@graph\":[{\"@type\":\"WebPage\",\"@id\":\"https:\/\/embreis.com\/se\/produkt\/freeflow\/\",\"url\":\"https:\/\/embreis.com\/se\/produkt\/freeflow\/\",\"name\":\"FreeFlow - Droppfotsortos i Kolfiber - Embreis.com\",\"isPartOf\":{\"@id\":\"https:\/\/embreis.com\/se\/#website\"},\"primaryImageOfPage\":{\"@id\":\"https:\/\/embreis.com\/se\/produkt\/freeflow\/#primaryimage\"},\"image\":{\"@id\":\"https:\/\/embreis.com\/se\/produkt\/freeflow\/#primaryimage\"},\"thumbnailUrl\":\"https:\/\/embreis.com\/se\/wp-content\/uploads\/sites\/6\/2024\/10\/Elevate_FreeFlow_1.jpg\",\"datePublished\":\"2024-10-30T10:59:17+00:00\",\"dateModified\":\"2025-03-19T10:50:23+00:00\",\"breadcrumb\":{\"@id\":\"https:\/\/embreis.com\/se\/produkt\/freeflow\/#breadcrumb\"},\"inLanguage\":\"sv-SE\",\"potentialAction\":[{\"@type\":\"ReadAction\",\"target\":[\"https:\/\/embreis.com\/se\/produkt\/freeflow\/\"]}]},{\"@type\":\"ImageObject\",\"inLanguage\":\"sv-SE\",\"@id\":\"https:\/\/embreis.com\/se\/produkt\/freeflow\/#primaryimage\",\"url\":\"https:\/\/embreis.com\/se\/wp-content\/uploads\/sites\/6\/2024\/10\/Elevate_FreeFlow_1.jpg\",\"contentUrl\":\"https:\/\/embreis.com\/se\/wp-content\/uploads\/sites\/6\/2024\/10\/Elevate_FreeFlow_1.jpg\",\"width\":850,\"height\":850},{\"@type\":\"BreadcrumbList\",\"@id\":\"https:\/\/embreis.com\/se\/produkt\/freeflow\/#breadcrumb\",\"itemListElement\":[{\"@type\":\"ListItem\",\"position\":1,\"name\":\"Hem\",\"item\":\"https:\/\/embreis.com\/se\/\"},{\"@type\":\"ListItem\",\"position\":2,\"name\":\"Sortiment\",\"item\":\"https:\/\/embreis.com\/se\/sortiment\/\"},{\"@type\":\"ListItem\",\"position\":3,\"name\":\"Ortos\",\"item\":\"https:\/\/embreis.com\/se\/produktkategori\/ortos\/\"},{\"@type\":\"ListItem\",\"position\":4,\"name\":\"Ankel\",\"item\":\"https:\/\/embreis.com\/se\/produktkategori\/ortos\/ankel\/\"},{\"@type\":\"ListItem\",\"position\":5,\"name\":\"Neuro - Rehab\",\"item\":\"https:\/\/embreis.com\/se\/produktkategori\/ortos\/ankel\/neuro-rehab-vrist-ortos\/\"},{\"@type\":\"ListItem\",\"position\":6,\"name\":\"FreeFlow\"}]},{\"@type\":\"WebSite\",\"@id\":\"https:\/\/embreis.com\/se\/#website\",\"url\":\"https:\/\/embreis.com\/se\/\",\"name\":\"Embreis SE\",\"description\":\"Ortoser, proteser och material\",\"publisher\":{\"@id\":\"https:\/\/embreis.com\/se\/#organization\"},\"potentialAction\":[{\"@type\":\"SearchAction\",\"target\":{\"@type\":\"EntryPoint\",\"urlTemplate\":\"https:\/\/embreis.com\/se\/?s={search_term_string}\"},\"query-input\":{\"@type\":\"PropertyValueSpecification\",\"valueRequired\":true,\"valueName\":\"search_term_string\"}}],\"inLanguage\":\"sv-SE\"},{\"@type\":\"Organization\",\"@id\":\"https:\/\/embreis.com\/se\/#organization\",\"name\":\"Embreis AB\",\"url\":\"https:\/\/embreis.com\/se\/\",\"logo\":{\"@type\":\"ImageObject\",\"inLanguage\":\"sv-SE\",\"@id\":\"https:\/\/embreis.com\/se\/#\/schema\/logo\/image\/\",\"url\":\"https:\/\/embreis.com\/se\/wp-content\/uploads\/sites\/6\/2019\/08\/Embreis_Logo2_PMS.png\",\"contentUrl\":\"https:\/\/embreis.com\/se\/wp-content\/uploads\/sites\/6\/2019\/08\/Embreis_Logo2_PMS.png\",\"width\":1723,\"height\":926,\"caption\":\"Embreis AB\"},\"image\":{\"@id\":\"https:\/\/embreis.com\/se\/#\/schema\/logo\/image\/\"},\"sameAs\":[\"https:\/\/www.facebook.com\/embreis\/\",\"https:\/\/www.linkedin.com\/company\/embreis-ab\/\",\"https:\/\/www.youtube.com\/user\/embreisAB\"]}]}<\/script>\n<!-- \/ Yoast SEO Premium plugin. -->","yoast_head_json":{"title":"FreeFlow - Droppfotsortos i Kolfiber - Embreis.com","robots":{"index":"index","follow":"follow","max-snippet":"max-snippet:-1","max-image-preview":"max-image-preview:large","max-video-preview":"max-video-preview:-1"},"canonical":"https:\/\/embreis.com\/se\/produkt\/freeflow\/","og_locale":"sv_SE","og_type":"article","og_title":"FreeFlow","og_description":"Free-Flow \u00e4r en droppfotsskena med Lateral-Posterior bygel, tillverkad i formpressad kolfiber. Speciellt utformad f\u00f6r att hj\u00e4lpa patienter med droppfot och [&hellip;]","og_url":"https:\/\/embreis.com\/se\/produkt\/freeflow\/","og_site_name":"Embreis SE","article_publisher":"https:\/\/www.facebook.com\/embreis\/","article_modified_time":"2025-03-19T10:50:23+00:00","og_image":[{"width":850,"height":850,"url":"https:\/\/embreis.com\/se\/wp-content\/uploads\/sites\/6\/2024\/10\/Elevate_FreeFlow_1.jpg","type":"image\/jpeg"}],"twitter_card":"summary_large_image","twitter_misc":{"Ber\u00e4knad l\u00e4stid":"2 minuter"},"schema":{"@context":"https:\/\/schema.org","@graph":[{"@type":"WebPage","@id":"https:\/\/embreis.com\/se\/produkt\/freeflow\/","url":"https:\/\/embreis.com\/se\/produkt\/freeflow\/","name":"FreeFlow - Droppfotsortos i Kolfiber - Embreis.com","isPartOf":{"@id":"https:\/\/embreis.com\/se\/#website"},"primaryImageOfPage":{"@id":"https:\/\/embreis.com\/se\/produkt\/freeflow\/#primaryimage"},"image":{"@id":"https:\/\/embreis.com\/se\/produkt\/freeflow\/#primaryimage"},"thumbnailUrl":"https:\/\/embreis.com\/se\/wp-content\/uploads\/sites\/6\/2024\/10\/Elevate_FreeFlow_1.jpg","datePublished":"2024-10-30T10:59:17+00:00","dateModified":"2025-03-19T10:50:23+00:00","breadcrumb":{"@id":"https:\/\/embreis.com\/se\/produkt\/freeflow\/#breadcrumb"},"inLanguage":"sv-SE","potentialAction":[{"@type":"ReadAction","target":["https:\/\/embreis.com\/se\/produkt\/freeflow\/"]}]},{"@type":"ImageObject","inLanguage":"sv-SE","@id":"https:\/\/embreis.com\/se\/produkt\/freeflow\/#primaryimage","url":"https:\/\/embreis.com\/se\/wp-content\/uploads\/sites\/6\/2024\/10\/Elevate_FreeFlow_1.jpg","contentUrl":"https:\/\/embreis.com\/se\/wp-content\/uploads\/sites\/6\/2024\/10\/Elevate_FreeFlow_1.jpg","width":850,"height":850},{"@type":"BreadcrumbList","@id":"https:\/\/embreis.com\/se\/produkt\/freeflow\/#breadcrumb","itemListElement":[{"@type":"ListItem","position":1,"name":"Hem","item":"https:\/\/embreis.com\/se\/"},{"@type":"ListItem","position":2,"name":"Sortiment","item":"https:\/\/embreis.com\/se\/sortiment\/"},{"@type":"ListItem","position":3,"name":"Ortos","item":"https:\/\/embreis.com\/se\/produktkategori\/ortos\/"},{"@type":"ListItem","position":4,"name":"Ankel","item":"https:\/\/embreis.com\/se\/produktkategori\/ortos\/ankel\/"},{"@type":"ListItem","position":5,"name":"Neuro - Rehab","item":"https:\/\/embreis.com\/se\/produktkategori\/ortos\/ankel\/neuro-rehab-vrist-ortos\/"},{"@type":"ListItem","position":6,"name":"FreeFlow"}]},{"@type":"WebSite","@id":"https:\/\/embreis.com\/se\/#website","url":"https:\/\/embreis.com\/se\/","name":"Embreis SE","description":"Ortoser, proteser och material","publisher":{"@id":"https:\/\/embreis.com\/se\/#organization"},"potentialAction":[{"@type":"SearchAction","target":{"@type":"EntryPoint","urlTemplate":"https:\/\/embreis.com\/se\/?s={search_term_string}"},"query-input":{"@type":"PropertyValueSpecification","valueRequired":true,"valueName":"search_term_string"}}],"inLanguage":"sv-SE"},{"@type":"Organization","@id":"https:\/\/embreis.com\/se\/#organization","name":"Embreis AB","url":"https:\/\/embreis.com\/se\/","logo":{"@type":"ImageObject","inLanguage":"sv-SE","@id":"https:\/\/embreis.com\/se\/#\/schema\/logo\/image\/","url":"https:\/\/embreis.com\/se\/wp-content\/uploads\/sites\/6\/2019\/08\/Embreis_Logo2_PMS.png","contentUrl":"https:\/\/embreis.com\/se\/wp-content\/uploads\/sites\/6\/2019\/08\/Embreis_Logo2_PMS.png","width":1723,"height":926,"caption":"Embreis AB"},"image":{"@id":"https:\/\/embreis.com\/se\/#\/schema\/logo\/image\/"},"sameAs":["https:\/\/www.facebook.com\/embreis\/","https:\/\/www.linkedin.com\/company\/embreis-ab\/","https:\/\/www.youtube.com\/user\/embreisAB"]}]}},"_links":{"self":[{"href":"https:\/\/embreis.com\/se\/wp-json\/wp\/v2\/product\/13376","targetHints":{"allow":["GET"]}}],"collection":[{"href":"https:\/\/embreis.com\/se\/wp-json\/wp\/v2\/product"}],"about":[{"href":"https:\/\/embreis.com\/se\/wp-json\/wp\/v2\/types\/product"}],"wp:featuredmedia":[{"embeddable":true,"href":"https:\/\/embreis.com\/se\/wp-json\/wp\/v2\/media\/13393"}],"wp:attachment":[{"href":"https:\/\/embreis.com\/se\/wp-json\/wp\/v2\/media?parent=13376"}],"wp:term":[{"taxonomy":"product_brand","embeddable":true,"href":"https:\/\/embreis.com\/se\/wp-json\/wp\/v2\/product_brand?post=13376"},{"taxonomy":"product_cat","embeddable":true,"href":"https:\/\/embreis.com\/se\/wp-json\/wp\/v2\/product_cat?post=13376"},{"taxonomy":"product_tag","embeddable":true,"href":"https:\/\/embreis.com\/se\/wp-json\/wp\/v2\/product_tag?post=13376"}],"curies":[{"name":"wp","href":"https:\/\/api.w.org\/{rel}","templated":true}]}}