{"id":13364,"date":"2024-10-28T20:53:41","date_gmt":"2024-10-28T18:53:41","guid":{"rendered":"https:\/\/embreis.com\/se\/?post_type=product&#038;p=13364"},"modified":"2024-11-22T13:24:05","modified_gmt":"2024-11-22T11:24:05","slug":"ascend-halskrage-barn-foamset","status":"publish","type":"product","link":"https:\/\/embreis.com\/se\/produkt\/ascend-halskrage-barn-foamset\/","title":{"rendered":"Ascend Halskrage Barn Foamset"},"content":{"rendered":"<p>Det h\u00e4r \u00e4r ett komplett utbytesset av mjukdelar till Ascend Halskrage, Barn. Det bomulls kl\u00e4dda skumfodret kan enkelt bytas och tv\u00e4ttas vid behov f\u00f6r att bibeh\u00e5lla god hygien. Vid l\u00e4ngre tids anv\u00e4ndning rekommenderar vi att man alltid har ett extra Foamset f\u00f6r regelbunden tv\u00e4tt.<\/p>\n","protected":false},"excerpt":{"rendered":"<ul>\n<li>Tillbeh\u00f6r till Ascend Halskrage, Barn<\/li>\n<li>Komplett utbytesset av mjukdelar<\/li>\n<li>Tv\u00e4ttbar<\/li>\n<\/ul>\n","protected":false},"featured_media":6895,"template":"","meta":[],"product_brand":[],"product_cat":[217,223,1138],"product_tag":[],"class_list":{"0":"post-13364","1":"product","2":"type-product","3":"status-publish","4":"has-post-thumbnail","6":"product_cat-ortos","7":"product_cat-halskrage-cto","8":"product_cat-tillbehor","9":"pa_varumarke-breg","11":"first","12":"outofstock","13":"shipping-taxable","14":"product-type-variable"},"acf":[],"yoast_head":"<!-- This site is optimized with the Yoast SEO Premium plugin v27.3 (Yoast SEO v27.3) - https:\/\/yoast.com\/product\/yoast-seo-premium-wordpress\/ -->\n<title>Ascend Halskrage Barn Foamset - Embreis.com<\/title>\n<meta name=\"robots\" content=\"index, follow, max-snippet:-1, max-image-preview:large, max-video-preview:-1\" \/>\n<link rel=\"canonical\" href=\"https:\/\/embreis.com\/se\/produkt\/ascend-halskrage-barn-foamset\/\" \/>\n<meta property=\"og:locale\" content=\"sv_SE\" \/>\n<meta property=\"og:type\" content=\"article\" \/>\n<meta property=\"og:title\" content=\"Ascend Halskrage Barn Foamset\" \/>\n<meta property=\"og:description\" content=\"Tillbeh\u00f6r till Ascend Halskrage, Barn  Komplett utbytesset av mjukdelar  Tv\u00e4ttbar\" \/>\n<meta property=\"og:url\" content=\"https:\/\/embreis.com\/se\/produkt\/ascend-halskrage-barn-foamset\/\" \/>\n<meta property=\"og:site_name\" content=\"Embreis SE\" \/>\n<meta property=\"article:publisher\" content=\"https:\/\/www.facebook.com\/embreis\/\" \/>\n<meta property=\"article:modified_time\" content=\"2024-11-22T11:24:05+00:00\" \/>\n<meta property=\"og:image\" content=\"https:\/\/embreis.com\/se\/wp-content\/uploads\/sites\/6\/2020\/02\/Aspen_pediatric_collar_foamset.jpg\" \/>\n\t<meta property=\"og:image:width\" content=\"635\" \/>\n\t<meta property=\"og:image:height\" content=\"635\" \/>\n\t<meta property=\"og:image:type\" content=\"image\/jpeg\" \/>\n<meta name=\"twitter:card\" content=\"summary_large_image\" \/>\n<meta name=\"twitter:label1\" content=\"Ber\u00e4knad l\u00e4stid\" \/>\n\t<meta name=\"twitter:data1\" content=\"1 minut\" \/>\n<script type=\"application\/ld+json\" class=\"yoast-schema-graph\">{\"@context\":\"https:\\\/\\\/schema.org\",\"@graph\":[{\"@type\":\"WebPage\",\"@id\":\"https:\\\/\\\/embreis.com\\\/se\\\/produkt\\\/ascend-halskrage-barn-foamset\\\/\",\"url\":\"https:\\\/\\\/embreis.com\\\/se\\\/produkt\\\/ascend-halskrage-barn-foamset\\\/\",\"name\":\"Ascend Halskrage Barn Foamset - Embreis.com\",\"isPartOf\":{\"@id\":\"https:\\\/\\\/embreis.com\\\/se\\\/#website\"},\"primaryImageOfPage\":{\"@id\":\"https:\\\/\\\/embreis.com\\\/se\\\/produkt\\\/ascend-halskrage-barn-foamset\\\/#primaryimage\"},\"image\":{\"@id\":\"https:\\\/\\\/embreis.com\\\/se\\\/produkt\\\/ascend-halskrage-barn-foamset\\\/#primaryimage\"},\"thumbnailUrl\":\"https:\\\/\\\/embreis.com\\\/se\\\/wp-content\\\/uploads\\\/sites\\\/6\\\/2020\\\/02\\\/Aspen_pediatric_collar_foamset.jpg\",\"datePublished\":\"2024-10-28T18:53:41+00:00\",\"dateModified\":\"2024-11-22T11:24:05+00:00\",\"breadcrumb\":{\"@id\":\"https:\\\/\\\/embreis.com\\\/se\\\/produkt\\\/ascend-halskrage-barn-foamset\\\/#breadcrumb\"},\"inLanguage\":\"sv-SE\",\"potentialAction\":[{\"@type\":\"ReadAction\",\"target\":[\"https:\\\/\\\/embreis.com\\\/se\\\/produkt\\\/ascend-halskrage-barn-foamset\\\/\"]}]},{\"@type\":\"ImageObject\",\"inLanguage\":\"sv-SE\",\"@id\":\"https:\\\/\\\/embreis.com\\\/se\\\/produkt\\\/ascend-halskrage-barn-foamset\\\/#primaryimage\",\"url\":\"https:\\\/\\\/embreis.com\\\/se\\\/wp-content\\\/uploads\\\/sites\\\/6\\\/2020\\\/02\\\/Aspen_pediatric_collar_foamset.jpg\",\"contentUrl\":\"https:\\\/\\\/embreis.com\\\/se\\\/wp-content\\\/uploads\\\/sites\\\/6\\\/2020\\\/02\\\/Aspen_pediatric_collar_foamset.jpg\",\"width\":635,\"height\":635},{\"@type\":\"BreadcrumbList\",\"@id\":\"https:\\\/\\\/embreis.com\\\/se\\\/produkt\\\/ascend-halskrage-barn-foamset\\\/#breadcrumb\",\"itemListElement\":[{\"@type\":\"ListItem\",\"position\":1,\"name\":\"Hem\",\"item\":\"https:\\\/\\\/embreis.com\\\/se\\\/\"},{\"@type\":\"ListItem\",\"position\":2,\"name\":\"Sortiment\",\"item\":\"https:\\\/\\\/embreis.com\\\/se\\\/sortiment\\\/\"},{\"@type\":\"ListItem\",\"position\":3,\"name\":\"Ortos\",\"item\":\"https:\\\/\\\/embreis.com\\\/se\\\/produktkategori\\\/ortos\\\/\"},{\"@type\":\"ListItem\",\"position\":4,\"name\":\"Ascend Halskrage Barn Foamset\"}]},{\"@type\":\"WebSite\",\"@id\":\"https:\\\/\\\/embreis.com\\\/se\\\/#website\",\"url\":\"https:\\\/\\\/embreis.com\\\/se\\\/\",\"name\":\"Embreis SE\",\"description\":\"Ortoser, proteser och material\",\"publisher\":{\"@id\":\"https:\\\/\\\/embreis.com\\\/se\\\/#organization\"},\"potentialAction\":[{\"@type\":\"SearchAction\",\"target\":{\"@type\":\"EntryPoint\",\"urlTemplate\":\"https:\\\/\\\/embreis.com\\\/se\\\/?s={search_term_string}\"},\"query-input\":{\"@type\":\"PropertyValueSpecification\",\"valueRequired\":true,\"valueName\":\"search_term_string\"}}],\"inLanguage\":\"sv-SE\"},{\"@type\":\"Organization\",\"@id\":\"https:\\\/\\\/embreis.com\\\/se\\\/#organization\",\"name\":\"Embreis AB\",\"url\":\"https:\\\/\\\/embreis.com\\\/se\\\/\",\"logo\":{\"@type\":\"ImageObject\",\"inLanguage\":\"sv-SE\",\"@id\":\"https:\\\/\\\/embreis.com\\\/se\\\/#\\\/schema\\\/logo\\\/image\\\/\",\"url\":\"https:\\\/\\\/embreis.com\\\/se\\\/wp-content\\\/uploads\\\/sites\\\/6\\\/2019\\\/08\\\/Embreis_Logo2_PMS.png\",\"contentUrl\":\"https:\\\/\\\/embreis.com\\\/se\\\/wp-content\\\/uploads\\\/sites\\\/6\\\/2019\\\/08\\\/Embreis_Logo2_PMS.png\",\"width\":1723,\"height\":926,\"caption\":\"Embreis AB\"},\"image\":{\"@id\":\"https:\\\/\\\/embreis.com\\\/se\\\/#\\\/schema\\\/logo\\\/image\\\/\"},\"sameAs\":[\"https:\\\/\\\/www.facebook.com\\\/embreis\\\/\",\"https:\\\/\\\/www.linkedin.com\\\/company\\\/embreis-ab\\\/\",\"https:\\\/\\\/www.youtube.com\\\/user\\\/embreisAB\"]}]}<\/script>\n<!-- \/ Yoast SEO Premium plugin. -->","yoast_head_json":{"title":"Ascend Halskrage Barn Foamset - Embreis.com","robots":{"index":"index","follow":"follow","max-snippet":"max-snippet:-1","max-image-preview":"max-image-preview:large","max-video-preview":"max-video-preview:-1"},"canonical":"https:\/\/embreis.com\/se\/produkt\/ascend-halskrage-barn-foamset\/","og_locale":"sv_SE","og_type":"article","og_title":"Ascend Halskrage Barn Foamset","og_description":"Tillbeh\u00f6r till Ascend Halskrage, Barn  Komplett utbytesset av mjukdelar  Tv\u00e4ttbar","og_url":"https:\/\/embreis.com\/se\/produkt\/ascend-halskrage-barn-foamset\/","og_site_name":"Embreis SE","article_publisher":"https:\/\/www.facebook.com\/embreis\/","article_modified_time":"2024-11-22T11:24:05+00:00","og_image":[{"width":635,"height":635,"url":"https:\/\/embreis.com\/se\/wp-content\/uploads\/sites\/6\/2020\/02\/Aspen_pediatric_collar_foamset.jpg","type":"image\/jpeg"}],"twitter_card":"summary_large_image","twitter_misc":{"Ber\u00e4knad l\u00e4stid":"1 minut"},"schema":{"@context":"https:\/\/schema.org","@graph":[{"@type":"WebPage","@id":"https:\/\/embreis.com\/se\/produkt\/ascend-halskrage-barn-foamset\/","url":"https:\/\/embreis.com\/se\/produkt\/ascend-halskrage-barn-foamset\/","name":"Ascend Halskrage Barn Foamset - Embreis.com","isPartOf":{"@id":"https:\/\/embreis.com\/se\/#website"},"primaryImageOfPage":{"@id":"https:\/\/embreis.com\/se\/produkt\/ascend-halskrage-barn-foamset\/#primaryimage"},"image":{"@id":"https:\/\/embreis.com\/se\/produkt\/ascend-halskrage-barn-foamset\/#primaryimage"},"thumbnailUrl":"https:\/\/embreis.com\/se\/wp-content\/uploads\/sites\/6\/2020\/02\/Aspen_pediatric_collar_foamset.jpg","datePublished":"2024-10-28T18:53:41+00:00","dateModified":"2024-11-22T11:24:05+00:00","breadcrumb":{"@id":"https:\/\/embreis.com\/se\/produkt\/ascend-halskrage-barn-foamset\/#breadcrumb"},"inLanguage":"sv-SE","potentialAction":[{"@type":"ReadAction","target":["https:\/\/embreis.com\/se\/produkt\/ascend-halskrage-barn-foamset\/"]}]},{"@type":"ImageObject","inLanguage":"sv-SE","@id":"https:\/\/embreis.com\/se\/produkt\/ascend-halskrage-barn-foamset\/#primaryimage","url":"https:\/\/embreis.com\/se\/wp-content\/uploads\/sites\/6\/2020\/02\/Aspen_pediatric_collar_foamset.jpg","contentUrl":"https:\/\/embreis.com\/se\/wp-content\/uploads\/sites\/6\/2020\/02\/Aspen_pediatric_collar_foamset.jpg","width":635,"height":635},{"@type":"BreadcrumbList","@id":"https:\/\/embreis.com\/se\/produkt\/ascend-halskrage-barn-foamset\/#breadcrumb","itemListElement":[{"@type":"ListItem","position":1,"name":"Hem","item":"https:\/\/embreis.com\/se\/"},{"@type":"ListItem","position":2,"name":"Sortiment","item":"https:\/\/embreis.com\/se\/sortiment\/"},{"@type":"ListItem","position":3,"name":"Ortos","item":"https:\/\/embreis.com\/se\/produktkategori\/ortos\/"},{"@type":"ListItem","position":4,"name":"Ascend Halskrage Barn Foamset"}]},{"@type":"WebSite","@id":"https:\/\/embreis.com\/se\/#website","url":"https:\/\/embreis.com\/se\/","name":"Embreis SE","description":"Ortoser, proteser och material","publisher":{"@id":"https:\/\/embreis.com\/se\/#organization"},"potentialAction":[{"@type":"SearchAction","target":{"@type":"EntryPoint","urlTemplate":"https:\/\/embreis.com\/se\/?s={search_term_string}"},"query-input":{"@type":"PropertyValueSpecification","valueRequired":true,"valueName":"search_term_string"}}],"inLanguage":"sv-SE"},{"@type":"Organization","@id":"https:\/\/embreis.com\/se\/#organization","name":"Embreis AB","url":"https:\/\/embreis.com\/se\/","logo":{"@type":"ImageObject","inLanguage":"sv-SE","@id":"https:\/\/embreis.com\/se\/#\/schema\/logo\/image\/","url":"https:\/\/embreis.com\/se\/wp-content\/uploads\/sites\/6\/2019\/08\/Embreis_Logo2_PMS.png","contentUrl":"https:\/\/embreis.com\/se\/wp-content\/uploads\/sites\/6\/2019\/08\/Embreis_Logo2_PMS.png","width":1723,"height":926,"caption":"Embreis AB"},"image":{"@id":"https:\/\/embreis.com\/se\/#\/schema\/logo\/image\/"},"sameAs":["https:\/\/www.facebook.com\/embreis\/","https:\/\/www.linkedin.com\/company\/embreis-ab\/","https:\/\/www.youtube.com\/user\/embreisAB"]}]}},"_links":{"self":[{"href":"https:\/\/embreis.com\/se\/wp-json\/wp\/v2\/product\/13364","targetHints":{"allow":["GET"]}}],"collection":[{"href":"https:\/\/embreis.com\/se\/wp-json\/wp\/v2\/product"}],"about":[{"href":"https:\/\/embreis.com\/se\/wp-json\/wp\/v2\/types\/product"}],"wp:featuredmedia":[{"embeddable":true,"href":"https:\/\/embreis.com\/se\/wp-json\/wp\/v2\/media\/6895"}],"wp:attachment":[{"href":"https:\/\/embreis.com\/se\/wp-json\/wp\/v2\/media?parent=13364"}],"wp:term":[{"taxonomy":"product_brand","embeddable":true,"href":"https:\/\/embreis.com\/se\/wp-json\/wp\/v2\/product_brand?post=13364"},{"taxonomy":"product_cat","embeddable":true,"href":"https:\/\/embreis.com\/se\/wp-json\/wp\/v2\/product_cat?post=13364"},{"taxonomy":"product_tag","embeddable":true,"href":"https:\/\/embreis.com\/se\/wp-json\/wp\/v2\/product_tag?post=13364"}],"curies":[{"name":"wp","href":"https:\/\/api.w.org\/{rel}","templated":true}]}}