{"id":13276,"date":"2024-10-16T16:19:44","date_gmt":"2024-10-16T14:19:44","guid":{"rendered":"https:\/\/embreis.com\/se\/?post_type=product&#038;p=13276"},"modified":"2024-10-21T17:39:47","modified_gmt":"2024-10-21T15:39:47","slug":"ascend-lo-627","status":"publish","type":"product","link":"https:\/\/embreis.com\/se\/produkt\/ascend-lo-627\/","title":{"rendered":"Ascend\u00ae LO 627"},"content":{"rendered":"<p>Ascend\u00ae LO 627 \u00e4r tillverkad i stumt material som i kombination med dragsystemet ger en stabiliserande utv\u00e4xling, avlastning och sm\u00e4rtlindring f\u00f6r ryggen. Men framf\u00f6r allt \u00e4r Ascend\u00ae LO 627 mycket bekv\u00e4m och effektivt vid l\u00e4ndryggssm\u00e4rtor.<\/p>\n<div id=\"ctl00_cph1_prodInfo\"><\/div>\n","protected":false},"excerpt":{"rendered":"<ul>\n<li>Oelastisk l\u00e4ndryggskorsett<\/li>\n<li>Avlastning och sm\u00e4rtlindring<\/li>\n<li>Formbar l\u00e4ndryggsplatta<\/li>\n<\/ul>\n","protected":false},"featured_media":13303,"template":"","meta":[],"product_brand":[],"product_cat":[1390,1219,217,224],"product_tag":[],"class_list":{"0":"post-13276","1":"product","2":"type-product","3":"status-publish","4":"has-post-thumbnail","6":"product_cat-nyheter","7":"product_cat-stod-kompression-rygg-ortos","8":"product_cat-ortos","9":"product_cat-rygg","10":"pa_varumarke-breg","11":"pa_varumarke-breg-lso-tlso","13":"first","14":"outofstock","15":"featured","16":"shipping-taxable","17":"product-type-variable"},"acf":[],"yoast_head":"<!-- This site is optimized with the Yoast SEO Premium plugin v27.3 (Yoast SEO v27.3) - https:\/\/yoast.com\/product\/yoast-seo-premium-wordpress\/ -->\n<title>Avlastande rygg\u00f6rdel - Ascend\u00ae LO 627 - Embreis SE<\/title>\n<meta name=\"description\" content=\"Denna rygg\u00f6rdel \u00e4r CE m\u00e4rkt och upphandlad i flera landsting, produkt i h\u00f6gsta kvaliet och med funktion som skiljer sig fr\u00e5n m\u00e5nga andra rygg\u00f6rdlar.\" \/>\n<meta name=\"robots\" content=\"index, follow, max-snippet:-1, max-image-preview:large, max-video-preview:-1\" \/>\n<link rel=\"canonical\" href=\"https:\/\/embreis.com\/se\/produkt\/ascend-lo-627\/\" \/>\n<meta property=\"og:locale\" content=\"sv_SE\" \/>\n<meta property=\"og:type\" content=\"article\" \/>\n<meta property=\"og:title\" content=\"Ascend\u00ae LO 627\" \/>\n<meta property=\"og:description\" content=\"Denna rygg\u00f6rdel \u00e4r CE m\u00e4rkt och upphandlad i flera landsting, produkt i h\u00f6gsta kvaliet och med funktion som skiljer sig fr\u00e5n m\u00e5nga andra rygg\u00f6rdlar.\" \/>\n<meta property=\"og:url\" content=\"https:\/\/embreis.com\/se\/produkt\/ascend-lo-627\/\" \/>\n<meta property=\"og:site_name\" content=\"Embreis SE\" \/>\n<meta property=\"article:publisher\" content=\"https:\/\/www.facebook.com\/embreis\/\" \/>\n<meta property=\"article:modified_time\" content=\"2024-10-21T15:39:47+00:00\" \/>\n<meta property=\"og:image\" content=\"https:\/\/embreis.com\/se\/wp-content\/uploads\/sites\/6\/2024\/10\/Ascend-LO627_1_2.jpg\" \/>\n\t<meta property=\"og:image:width\" content=\"850\" \/>\n\t<meta property=\"og:image:height\" content=\"850\" \/>\n\t<meta property=\"og:image:type\" content=\"image\/jpeg\" \/>\n<meta name=\"twitter:card\" content=\"summary_large_image\" \/>\n<meta name=\"twitter:label1\" content=\"Ber\u00e4knad l\u00e4stid\" \/>\n\t<meta name=\"twitter:data1\" content=\"1 minut\" \/>\n<script type=\"application\/ld+json\" class=\"yoast-schema-graph\">{\"@context\":\"https:\\\/\\\/schema.org\",\"@graph\":[{\"@type\":\"WebPage\",\"@id\":\"https:\\\/\\\/embreis.com\\\/se\\\/produkt\\\/ascend-lo-627\\\/\",\"url\":\"https:\\\/\\\/embreis.com\\\/se\\\/produkt\\\/ascend-lo-627\\\/\",\"name\":\"Avlastande rygg\u00f6rdel - Ascend\u00ae LO 627 - Embreis SE\",\"isPartOf\":{\"@id\":\"https:\\\/\\\/embreis.com\\\/se\\\/#website\"},\"primaryImageOfPage\":{\"@id\":\"https:\\\/\\\/embreis.com\\\/se\\\/produkt\\\/ascend-lo-627\\\/#primaryimage\"},\"image\":{\"@id\":\"https:\\\/\\\/embreis.com\\\/se\\\/produkt\\\/ascend-lo-627\\\/#primaryimage\"},\"thumbnailUrl\":\"https:\\\/\\\/embreis.com\\\/se\\\/wp-content\\\/uploads\\\/sites\\\/6\\\/2024\\\/10\\\/Ascend-LO627_1_2.jpg\",\"datePublished\":\"2024-10-16T14:19:44+00:00\",\"dateModified\":\"2024-10-21T15:39:47+00:00\",\"description\":\"Denna rygg\u00f6rdel \u00e4r CE m\u00e4rkt och upphandlad i flera landsting, produkt i h\u00f6gsta kvaliet och med funktion som skiljer sig fr\u00e5n m\u00e5nga andra rygg\u00f6rdlar.\",\"breadcrumb\":{\"@id\":\"https:\\\/\\\/embreis.com\\\/se\\\/produkt\\\/ascend-lo-627\\\/#breadcrumb\"},\"inLanguage\":\"sv-SE\",\"potentialAction\":[{\"@type\":\"ReadAction\",\"target\":[\"https:\\\/\\\/embreis.com\\\/se\\\/produkt\\\/ascend-lo-627\\\/\"]}]},{\"@type\":\"ImageObject\",\"inLanguage\":\"sv-SE\",\"@id\":\"https:\\\/\\\/embreis.com\\\/se\\\/produkt\\\/ascend-lo-627\\\/#primaryimage\",\"url\":\"https:\\\/\\\/embreis.com\\\/se\\\/wp-content\\\/uploads\\\/sites\\\/6\\\/2024\\\/10\\\/Ascend-LO627_1_2.jpg\",\"contentUrl\":\"https:\\\/\\\/embreis.com\\\/se\\\/wp-content\\\/uploads\\\/sites\\\/6\\\/2024\\\/10\\\/Ascend-LO627_1_2.jpg\",\"width\":850,\"height\":850},{\"@type\":\"BreadcrumbList\",\"@id\":\"https:\\\/\\\/embreis.com\\\/se\\\/produkt\\\/ascend-lo-627\\\/#breadcrumb\",\"itemListElement\":[{\"@type\":\"ListItem\",\"position\":1,\"name\":\"Hem\",\"item\":\"https:\\\/\\\/embreis.com\\\/se\\\/\"},{\"@type\":\"ListItem\",\"position\":2,\"name\":\"Sortiment\",\"item\":\"https:\\\/\\\/embreis.com\\\/se\\\/sortiment\\\/\"},{\"@type\":\"ListItem\",\"position\":3,\"name\":\"Ortos\",\"item\":\"https:\\\/\\\/embreis.com\\\/se\\\/produktkategori\\\/ortos\\\/\"},{\"@type\":\"ListItem\",\"position\":4,\"name\":\"Rygg\",\"item\":\"https:\\\/\\\/embreis.com\\\/se\\\/produktkategori\\\/ortos\\\/rygg\\\/\"},{\"@type\":\"ListItem\",\"position\":5,\"name\":\"St\u00f6d\\\/Kompression\",\"item\":\"https:\\\/\\\/embreis.com\\\/se\\\/produktkategori\\\/ortos\\\/rygg\\\/stod-kompression-rygg-ortos\\\/\"},{\"@type\":\"ListItem\",\"position\":6,\"name\":\"Ascend\u00ae LO 627\"}]},{\"@type\":\"WebSite\",\"@id\":\"https:\\\/\\\/embreis.com\\\/se\\\/#website\",\"url\":\"https:\\\/\\\/embreis.com\\\/se\\\/\",\"name\":\"Embreis SE\",\"description\":\"Ortoser, proteser och material\",\"publisher\":{\"@id\":\"https:\\\/\\\/embreis.com\\\/se\\\/#organization\"},\"potentialAction\":[{\"@type\":\"SearchAction\",\"target\":{\"@type\":\"EntryPoint\",\"urlTemplate\":\"https:\\\/\\\/embreis.com\\\/se\\\/?s={search_term_string}\"},\"query-input\":{\"@type\":\"PropertyValueSpecification\",\"valueRequired\":true,\"valueName\":\"search_term_string\"}}],\"inLanguage\":\"sv-SE\"},{\"@type\":\"Organization\",\"@id\":\"https:\\\/\\\/embreis.com\\\/se\\\/#organization\",\"name\":\"Embreis AB\",\"url\":\"https:\\\/\\\/embreis.com\\\/se\\\/\",\"logo\":{\"@type\":\"ImageObject\",\"inLanguage\":\"sv-SE\",\"@id\":\"https:\\\/\\\/embreis.com\\\/se\\\/#\\\/schema\\\/logo\\\/image\\\/\",\"url\":\"https:\\\/\\\/embreis.com\\\/se\\\/wp-content\\\/uploads\\\/sites\\\/6\\\/2019\\\/08\\\/Embreis_Logo2_PMS.png\",\"contentUrl\":\"https:\\\/\\\/embreis.com\\\/se\\\/wp-content\\\/uploads\\\/sites\\\/6\\\/2019\\\/08\\\/Embreis_Logo2_PMS.png\",\"width\":1723,\"height\":926,\"caption\":\"Embreis AB\"},\"image\":{\"@id\":\"https:\\\/\\\/embreis.com\\\/se\\\/#\\\/schema\\\/logo\\\/image\\\/\"},\"sameAs\":[\"https:\\\/\\\/www.facebook.com\\\/embreis\\\/\",\"https:\\\/\\\/www.linkedin.com\\\/company\\\/embreis-ab\\\/\",\"https:\\\/\\\/www.youtube.com\\\/user\\\/embreisAB\"]}]}<\/script>\n<!-- \/ Yoast SEO Premium plugin. -->","yoast_head_json":{"title":"Avlastande rygg\u00f6rdel - Ascend\u00ae LO 627 - Embreis SE","description":"Denna rygg\u00f6rdel \u00e4r CE m\u00e4rkt och upphandlad i flera landsting, produkt i h\u00f6gsta kvaliet och med funktion som skiljer sig fr\u00e5n m\u00e5nga andra rygg\u00f6rdlar.","robots":{"index":"index","follow":"follow","max-snippet":"max-snippet:-1","max-image-preview":"max-image-preview:large","max-video-preview":"max-video-preview:-1"},"canonical":"https:\/\/embreis.com\/se\/produkt\/ascend-lo-627\/","og_locale":"sv_SE","og_type":"article","og_title":"Ascend\u00ae LO 627","og_description":"Denna rygg\u00f6rdel \u00e4r CE m\u00e4rkt och upphandlad i flera landsting, produkt i h\u00f6gsta kvaliet och med funktion som skiljer sig fr\u00e5n m\u00e5nga andra rygg\u00f6rdlar.","og_url":"https:\/\/embreis.com\/se\/produkt\/ascend-lo-627\/","og_site_name":"Embreis SE","article_publisher":"https:\/\/www.facebook.com\/embreis\/","article_modified_time":"2024-10-21T15:39:47+00:00","og_image":[{"width":850,"height":850,"url":"https:\/\/embreis.com\/se\/wp-content\/uploads\/sites\/6\/2024\/10\/Ascend-LO627_1_2.jpg","type":"image\/jpeg"}],"twitter_card":"summary_large_image","twitter_misc":{"Ber\u00e4knad l\u00e4stid":"1 minut"},"schema":{"@context":"https:\/\/schema.org","@graph":[{"@type":"WebPage","@id":"https:\/\/embreis.com\/se\/produkt\/ascend-lo-627\/","url":"https:\/\/embreis.com\/se\/produkt\/ascend-lo-627\/","name":"Avlastande rygg\u00f6rdel - Ascend\u00ae LO 627 - Embreis SE","isPartOf":{"@id":"https:\/\/embreis.com\/se\/#website"},"primaryImageOfPage":{"@id":"https:\/\/embreis.com\/se\/produkt\/ascend-lo-627\/#primaryimage"},"image":{"@id":"https:\/\/embreis.com\/se\/produkt\/ascend-lo-627\/#primaryimage"},"thumbnailUrl":"https:\/\/embreis.com\/se\/wp-content\/uploads\/sites\/6\/2024\/10\/Ascend-LO627_1_2.jpg","datePublished":"2024-10-16T14:19:44+00:00","dateModified":"2024-10-21T15:39:47+00:00","description":"Denna rygg\u00f6rdel \u00e4r CE m\u00e4rkt och upphandlad i flera landsting, produkt i h\u00f6gsta kvaliet och med funktion som skiljer sig fr\u00e5n m\u00e5nga andra rygg\u00f6rdlar.","breadcrumb":{"@id":"https:\/\/embreis.com\/se\/produkt\/ascend-lo-627\/#breadcrumb"},"inLanguage":"sv-SE","potentialAction":[{"@type":"ReadAction","target":["https:\/\/embreis.com\/se\/produkt\/ascend-lo-627\/"]}]},{"@type":"ImageObject","inLanguage":"sv-SE","@id":"https:\/\/embreis.com\/se\/produkt\/ascend-lo-627\/#primaryimage","url":"https:\/\/embreis.com\/se\/wp-content\/uploads\/sites\/6\/2024\/10\/Ascend-LO627_1_2.jpg","contentUrl":"https:\/\/embreis.com\/se\/wp-content\/uploads\/sites\/6\/2024\/10\/Ascend-LO627_1_2.jpg","width":850,"height":850},{"@type":"BreadcrumbList","@id":"https:\/\/embreis.com\/se\/produkt\/ascend-lo-627\/#breadcrumb","itemListElement":[{"@type":"ListItem","position":1,"name":"Hem","item":"https:\/\/embreis.com\/se\/"},{"@type":"ListItem","position":2,"name":"Sortiment","item":"https:\/\/embreis.com\/se\/sortiment\/"},{"@type":"ListItem","position":3,"name":"Ortos","item":"https:\/\/embreis.com\/se\/produktkategori\/ortos\/"},{"@type":"ListItem","position":4,"name":"Rygg","item":"https:\/\/embreis.com\/se\/produktkategori\/ortos\/rygg\/"},{"@type":"ListItem","position":5,"name":"St\u00f6d\/Kompression","item":"https:\/\/embreis.com\/se\/produktkategori\/ortos\/rygg\/stod-kompression-rygg-ortos\/"},{"@type":"ListItem","position":6,"name":"Ascend\u00ae LO 627"}]},{"@type":"WebSite","@id":"https:\/\/embreis.com\/se\/#website","url":"https:\/\/embreis.com\/se\/","name":"Embreis SE","description":"Ortoser, proteser och material","publisher":{"@id":"https:\/\/embreis.com\/se\/#organization"},"potentialAction":[{"@type":"SearchAction","target":{"@type":"EntryPoint","urlTemplate":"https:\/\/embreis.com\/se\/?s={search_term_string}"},"query-input":{"@type":"PropertyValueSpecification","valueRequired":true,"valueName":"search_term_string"}}],"inLanguage":"sv-SE"},{"@type":"Organization","@id":"https:\/\/embreis.com\/se\/#organization","name":"Embreis AB","url":"https:\/\/embreis.com\/se\/","logo":{"@type":"ImageObject","inLanguage":"sv-SE","@id":"https:\/\/embreis.com\/se\/#\/schema\/logo\/image\/","url":"https:\/\/embreis.com\/se\/wp-content\/uploads\/sites\/6\/2019\/08\/Embreis_Logo2_PMS.png","contentUrl":"https:\/\/embreis.com\/se\/wp-content\/uploads\/sites\/6\/2019\/08\/Embreis_Logo2_PMS.png","width":1723,"height":926,"caption":"Embreis AB"},"image":{"@id":"https:\/\/embreis.com\/se\/#\/schema\/logo\/image\/"},"sameAs":["https:\/\/www.facebook.com\/embreis\/","https:\/\/www.linkedin.com\/company\/embreis-ab\/","https:\/\/www.youtube.com\/user\/embreisAB"]}]}},"_links":{"self":[{"href":"https:\/\/embreis.com\/se\/wp-json\/wp\/v2\/product\/13276","targetHints":{"allow":["GET"]}}],"collection":[{"href":"https:\/\/embreis.com\/se\/wp-json\/wp\/v2\/product"}],"about":[{"href":"https:\/\/embreis.com\/se\/wp-json\/wp\/v2\/types\/product"}],"wp:featuredmedia":[{"embeddable":true,"href":"https:\/\/embreis.com\/se\/wp-json\/wp\/v2\/media\/13303"}],"wp:attachment":[{"href":"https:\/\/embreis.com\/se\/wp-json\/wp\/v2\/media?parent=13276"}],"wp:term":[{"taxonomy":"product_brand","embeddable":true,"href":"https:\/\/embreis.com\/se\/wp-json\/wp\/v2\/product_brand?post=13276"},{"taxonomy":"product_cat","embeddable":true,"href":"https:\/\/embreis.com\/se\/wp-json\/wp\/v2\/product_cat?post=13276"},{"taxonomy":"product_tag","embeddable":true,"href":"https:\/\/embreis.com\/se\/wp-json\/wp\/v2\/product_tag?post=13276"}],"curies":[{"name":"wp","href":"https:\/\/api.w.org\/{rel}","templated":true}]}}