{"id":13146,"date":"2024-10-01T16:52:09","date_gmt":"2024-10-01T14:52:09","guid":{"rendered":"https:\/\/embreis.com\/se\/?post_type=product&#038;p=13146"},"modified":"2024-11-22T10:48:06","modified_gmt":"2024-11-22T08:48:06","slug":"pinnacle-cto4","status":"publish","type":"product","link":"https:\/\/embreis.com\/se\/produkt\/pinnacle-cto4\/","title":{"rendered":"Pinnacle\u00ae CTO 4"},"content":{"rendered":"<p>Pinnacle CTO 4 \u00e4r en Cervikal Thorakal Ortos som baseras p\u00e5 Pinnacle CTO och Collar MP med stabiliserande bakstycke och ryggskena. Den \u00e4r universal f\u00f6r b\u00e5de nacke och br\u00f6st. Kragen \u00e4r st\u00e4llbar i 12 positioner, br\u00f6stdelen \u00e4r st\u00e4llbar i h\u00f6jd samt omf\u00e5ng och bakstycket \u00e4r st\u00e4llbart f\u00f6r optimal passform och avlastning. Pinnacle CTO 4 anv\u00e4nds f\u00f6r att stabilisera h\u00f6ga thorakala skador samt komplexa cervikala skador. Fodret \u00e4r utbytbart och b\u00f6r tv\u00e4ttas f\u00f6r att bibeh\u00e5lla god hygien och tryckavlastning.<\/p>\n","protected":false},"excerpt":{"rendered":"<ul>\n<li>12 positioner<\/li>\n<li>St\u00e4llbar br\u00f6stdel<\/li>\n<li>MultiPost bakstycke<\/li>\n<li>MR kompatibel<\/li>\n<\/ul>\n","protected":false},"featured_media":13452,"template":"","meta":[],"product_brand":[],"product_cat":[1390,217,223,1195],"product_tag":[942,948,940],"class_list":{"0":"post-13146","1":"product","2":"type-product","3":"status-publish","4":"has-post-thumbnail","6":"product_cat-nyheter","7":"product_cat-ortos","8":"product_cat-halskrage-cto","9":"product_cat-cto-ortos","10":"product_tag-akuta-nackskador","11":"product_tag-cervikal-thorakala-skador","12":"product_tag-degenerativa-nackskador","13":"pa_varumarke-breg","14":"pa_varumarke-pinnacle","16":"first","17":"instock","18":"featured","19":"shipping-taxable","20":"product-type-simple"},"acf":[],"yoast_head":"<!-- This site is optimized with the Yoast SEO Premium plugin v27.3 (Yoast SEO v27.3) - https:\/\/yoast.com\/product\/yoast-seo-premium-wordpress\/ -->\n<title>Pinnacle\u00ae CTO 4 - Embreis.com<\/title>\n<meta name=\"robots\" content=\"index, follow, max-snippet:-1, max-image-preview:large, max-video-preview:-1\" \/>\n<link rel=\"canonical\" href=\"https:\/\/embreis.com\/se\/produkt\/pinnacle-cto4\/\" \/>\n<meta property=\"og:locale\" content=\"sv_SE\" \/>\n<meta property=\"og:type\" content=\"article\" \/>\n<meta property=\"og:title\" content=\"Pinnacle\u00ae CTO 4\" \/>\n<meta property=\"og:description\" content=\"12 positioner  St\u00e4llbar br\u00f6stdel  MultiPost bakstycke  MR kompatibel\" \/>\n<meta property=\"og:url\" content=\"https:\/\/embreis.com\/se\/produkt\/pinnacle-cto4\/\" \/>\n<meta property=\"og:site_name\" content=\"Embreis SE\" \/>\n<meta property=\"article:publisher\" content=\"https:\/\/www.facebook.com\/embreis\/\" \/>\n<meta property=\"article:modified_time\" content=\"2024-11-22T08:48:06+00:00\" \/>\n<meta property=\"og:image\" content=\"https:\/\/embreis.com\/se\/wp-content\/uploads\/sites\/6\/2024\/10\/Pinnacle-CTO4-back.jpg\" \/>\n\t<meta property=\"og:image:width\" content=\"1000\" \/>\n\t<meta property=\"og:image:height\" content=\"1000\" \/>\n\t<meta property=\"og:image:type\" content=\"image\/jpeg\" \/>\n<meta name=\"twitter:card\" content=\"summary_large_image\" \/>\n<meta name=\"twitter:label1\" content=\"Ber\u00e4knad l\u00e4stid\" \/>\n\t<meta name=\"twitter:data1\" content=\"1 minut\" \/>\n<script type=\"application\/ld+json\" class=\"yoast-schema-graph\">{\"@context\":\"https:\\\/\\\/schema.org\",\"@graph\":[{\"@type\":\"WebPage\",\"@id\":\"https:\\\/\\\/embreis.com\\\/se\\\/produkt\\\/pinnacle-cto4\\\/\",\"url\":\"https:\\\/\\\/embreis.com\\\/se\\\/produkt\\\/pinnacle-cto4\\\/\",\"name\":\"Pinnacle\u00ae CTO 4 - Embreis.com\",\"isPartOf\":{\"@id\":\"https:\\\/\\\/embreis.com\\\/se\\\/#website\"},\"primaryImageOfPage\":{\"@id\":\"https:\\\/\\\/embreis.com\\\/se\\\/produkt\\\/pinnacle-cto4\\\/#primaryimage\"},\"image\":{\"@id\":\"https:\\\/\\\/embreis.com\\\/se\\\/produkt\\\/pinnacle-cto4\\\/#primaryimage\"},\"thumbnailUrl\":\"https:\\\/\\\/embreis.com\\\/se\\\/wp-content\\\/uploads\\\/sites\\\/6\\\/2024\\\/10\\\/Pinnacle-CTO4-back.jpg\",\"datePublished\":\"2024-10-01T14:52:09+00:00\",\"dateModified\":\"2024-11-22T08:48:06+00:00\",\"breadcrumb\":{\"@id\":\"https:\\\/\\\/embreis.com\\\/se\\\/produkt\\\/pinnacle-cto4\\\/#breadcrumb\"},\"inLanguage\":\"sv-SE\",\"potentialAction\":[{\"@type\":\"ReadAction\",\"target\":[\"https:\\\/\\\/embreis.com\\\/se\\\/produkt\\\/pinnacle-cto4\\\/\"]}]},{\"@type\":\"ImageObject\",\"inLanguage\":\"sv-SE\",\"@id\":\"https:\\\/\\\/embreis.com\\\/se\\\/produkt\\\/pinnacle-cto4\\\/#primaryimage\",\"url\":\"https:\\\/\\\/embreis.com\\\/se\\\/wp-content\\\/uploads\\\/sites\\\/6\\\/2024\\\/10\\\/Pinnacle-CTO4-back.jpg\",\"contentUrl\":\"https:\\\/\\\/embreis.com\\\/se\\\/wp-content\\\/uploads\\\/sites\\\/6\\\/2024\\\/10\\\/Pinnacle-CTO4-back.jpg\",\"width\":1000,\"height\":1000,\"caption\":\"Pinnacle CTO4 - Breg | Embreis.com\"},{\"@type\":\"BreadcrumbList\",\"@id\":\"https:\\\/\\\/embreis.com\\\/se\\\/produkt\\\/pinnacle-cto4\\\/#breadcrumb\",\"itemListElement\":[{\"@type\":\"ListItem\",\"position\":1,\"name\":\"Hem\",\"item\":\"https:\\\/\\\/embreis.com\\\/se\\\/\"},{\"@type\":\"ListItem\",\"position\":2,\"name\":\"Sortiment\",\"item\":\"https:\\\/\\\/embreis.com\\\/se\\\/sortiment\\\/\"},{\"@type\":\"ListItem\",\"position\":3,\"name\":\"Ortos\",\"item\":\"https:\\\/\\\/embreis.com\\\/se\\\/produktkategori\\\/ortos\\\/\"},{\"@type\":\"ListItem\",\"position\":4,\"name\":\"Nacke\",\"item\":\"https:\\\/\\\/embreis.com\\\/se\\\/produktkategori\\\/ortos\\\/halskrage-cto\\\/\"},{\"@type\":\"ListItem\",\"position\":5,\"name\":\"CTO ortos\",\"item\":\"https:\\\/\\\/embreis.com\\\/se\\\/produktkategori\\\/ortos\\\/halskrage-cto\\\/cto-ortos\\\/\"},{\"@type\":\"ListItem\",\"position\":6,\"name\":\"Pinnacle\u00ae CTO 4\"}]},{\"@type\":\"WebSite\",\"@id\":\"https:\\\/\\\/embreis.com\\\/se\\\/#website\",\"url\":\"https:\\\/\\\/embreis.com\\\/se\\\/\",\"name\":\"Embreis SE\",\"description\":\"Ortoser, proteser och material\",\"publisher\":{\"@id\":\"https:\\\/\\\/embreis.com\\\/se\\\/#organization\"},\"potentialAction\":[{\"@type\":\"SearchAction\",\"target\":{\"@type\":\"EntryPoint\",\"urlTemplate\":\"https:\\\/\\\/embreis.com\\\/se\\\/?s={search_term_string}\"},\"query-input\":{\"@type\":\"PropertyValueSpecification\",\"valueRequired\":true,\"valueName\":\"search_term_string\"}}],\"inLanguage\":\"sv-SE\"},{\"@type\":\"Organization\",\"@id\":\"https:\\\/\\\/embreis.com\\\/se\\\/#organization\",\"name\":\"Embreis AB\",\"url\":\"https:\\\/\\\/embreis.com\\\/se\\\/\",\"logo\":{\"@type\":\"ImageObject\",\"inLanguage\":\"sv-SE\",\"@id\":\"https:\\\/\\\/embreis.com\\\/se\\\/#\\\/schema\\\/logo\\\/image\\\/\",\"url\":\"https:\\\/\\\/embreis.com\\\/se\\\/wp-content\\\/uploads\\\/sites\\\/6\\\/2019\\\/08\\\/Embreis_Logo2_PMS.png\",\"contentUrl\":\"https:\\\/\\\/embreis.com\\\/se\\\/wp-content\\\/uploads\\\/sites\\\/6\\\/2019\\\/08\\\/Embreis_Logo2_PMS.png\",\"width\":1723,\"height\":926,\"caption\":\"Embreis AB\"},\"image\":{\"@id\":\"https:\\\/\\\/embreis.com\\\/se\\\/#\\\/schema\\\/logo\\\/image\\\/\"},\"sameAs\":[\"https:\\\/\\\/www.facebook.com\\\/embreis\\\/\",\"https:\\\/\\\/www.linkedin.com\\\/company\\\/embreis-ab\\\/\",\"https:\\\/\\\/www.youtube.com\\\/user\\\/embreisAB\"]}]}<\/script>\n<!-- \/ Yoast SEO Premium plugin. -->","yoast_head_json":{"title":"Pinnacle\u00ae CTO 4 - Embreis.com","robots":{"index":"index","follow":"follow","max-snippet":"max-snippet:-1","max-image-preview":"max-image-preview:large","max-video-preview":"max-video-preview:-1"},"canonical":"https:\/\/embreis.com\/se\/produkt\/pinnacle-cto4\/","og_locale":"sv_SE","og_type":"article","og_title":"Pinnacle\u00ae CTO 4","og_description":"12 positioner  St\u00e4llbar br\u00f6stdel  MultiPost bakstycke  MR kompatibel","og_url":"https:\/\/embreis.com\/se\/produkt\/pinnacle-cto4\/","og_site_name":"Embreis SE","article_publisher":"https:\/\/www.facebook.com\/embreis\/","article_modified_time":"2024-11-22T08:48:06+00:00","og_image":[{"width":1000,"height":1000,"url":"https:\/\/embreis.com\/se\/wp-content\/uploads\/sites\/6\/2024\/10\/Pinnacle-CTO4-back.jpg","type":"image\/jpeg"}],"twitter_card":"summary_large_image","twitter_misc":{"Ber\u00e4knad l\u00e4stid":"1 minut"},"schema":{"@context":"https:\/\/schema.org","@graph":[{"@type":"WebPage","@id":"https:\/\/embreis.com\/se\/produkt\/pinnacle-cto4\/","url":"https:\/\/embreis.com\/se\/produkt\/pinnacle-cto4\/","name":"Pinnacle\u00ae CTO 4 - Embreis.com","isPartOf":{"@id":"https:\/\/embreis.com\/se\/#website"},"primaryImageOfPage":{"@id":"https:\/\/embreis.com\/se\/produkt\/pinnacle-cto4\/#primaryimage"},"image":{"@id":"https:\/\/embreis.com\/se\/produkt\/pinnacle-cto4\/#primaryimage"},"thumbnailUrl":"https:\/\/embreis.com\/se\/wp-content\/uploads\/sites\/6\/2024\/10\/Pinnacle-CTO4-back.jpg","datePublished":"2024-10-01T14:52:09+00:00","dateModified":"2024-11-22T08:48:06+00:00","breadcrumb":{"@id":"https:\/\/embreis.com\/se\/produkt\/pinnacle-cto4\/#breadcrumb"},"inLanguage":"sv-SE","potentialAction":[{"@type":"ReadAction","target":["https:\/\/embreis.com\/se\/produkt\/pinnacle-cto4\/"]}]},{"@type":"ImageObject","inLanguage":"sv-SE","@id":"https:\/\/embreis.com\/se\/produkt\/pinnacle-cto4\/#primaryimage","url":"https:\/\/embreis.com\/se\/wp-content\/uploads\/sites\/6\/2024\/10\/Pinnacle-CTO4-back.jpg","contentUrl":"https:\/\/embreis.com\/se\/wp-content\/uploads\/sites\/6\/2024\/10\/Pinnacle-CTO4-back.jpg","width":1000,"height":1000,"caption":"Pinnacle CTO4 - Breg | Embreis.com"},{"@type":"BreadcrumbList","@id":"https:\/\/embreis.com\/se\/produkt\/pinnacle-cto4\/#breadcrumb","itemListElement":[{"@type":"ListItem","position":1,"name":"Hem","item":"https:\/\/embreis.com\/se\/"},{"@type":"ListItem","position":2,"name":"Sortiment","item":"https:\/\/embreis.com\/se\/sortiment\/"},{"@type":"ListItem","position":3,"name":"Ortos","item":"https:\/\/embreis.com\/se\/produktkategori\/ortos\/"},{"@type":"ListItem","position":4,"name":"Nacke","item":"https:\/\/embreis.com\/se\/produktkategori\/ortos\/halskrage-cto\/"},{"@type":"ListItem","position":5,"name":"CTO ortos","item":"https:\/\/embreis.com\/se\/produktkategori\/ortos\/halskrage-cto\/cto-ortos\/"},{"@type":"ListItem","position":6,"name":"Pinnacle\u00ae CTO 4"}]},{"@type":"WebSite","@id":"https:\/\/embreis.com\/se\/#website","url":"https:\/\/embreis.com\/se\/","name":"Embreis SE","description":"Ortoser, proteser och material","publisher":{"@id":"https:\/\/embreis.com\/se\/#organization"},"potentialAction":[{"@type":"SearchAction","target":{"@type":"EntryPoint","urlTemplate":"https:\/\/embreis.com\/se\/?s={search_term_string}"},"query-input":{"@type":"PropertyValueSpecification","valueRequired":true,"valueName":"search_term_string"}}],"inLanguage":"sv-SE"},{"@type":"Organization","@id":"https:\/\/embreis.com\/se\/#organization","name":"Embreis AB","url":"https:\/\/embreis.com\/se\/","logo":{"@type":"ImageObject","inLanguage":"sv-SE","@id":"https:\/\/embreis.com\/se\/#\/schema\/logo\/image\/","url":"https:\/\/embreis.com\/se\/wp-content\/uploads\/sites\/6\/2019\/08\/Embreis_Logo2_PMS.png","contentUrl":"https:\/\/embreis.com\/se\/wp-content\/uploads\/sites\/6\/2019\/08\/Embreis_Logo2_PMS.png","width":1723,"height":926,"caption":"Embreis AB"},"image":{"@id":"https:\/\/embreis.com\/se\/#\/schema\/logo\/image\/"},"sameAs":["https:\/\/www.facebook.com\/embreis\/","https:\/\/www.linkedin.com\/company\/embreis-ab\/","https:\/\/www.youtube.com\/user\/embreisAB"]}]}},"_links":{"self":[{"href":"https:\/\/embreis.com\/se\/wp-json\/wp\/v2\/product\/13146","targetHints":{"allow":["GET"]}}],"collection":[{"href":"https:\/\/embreis.com\/se\/wp-json\/wp\/v2\/product"}],"about":[{"href":"https:\/\/embreis.com\/se\/wp-json\/wp\/v2\/types\/product"}],"wp:featuredmedia":[{"embeddable":true,"href":"https:\/\/embreis.com\/se\/wp-json\/wp\/v2\/media\/13452"}],"wp:attachment":[{"href":"https:\/\/embreis.com\/se\/wp-json\/wp\/v2\/media?parent=13146"}],"wp:term":[{"taxonomy":"product_brand","embeddable":true,"href":"https:\/\/embreis.com\/se\/wp-json\/wp\/v2\/product_brand?post=13146"},{"taxonomy":"product_cat","embeddable":true,"href":"https:\/\/embreis.com\/se\/wp-json\/wp\/v2\/product_cat?post=13146"},{"taxonomy":"product_tag","embeddable":true,"href":"https:\/\/embreis.com\/se\/wp-json\/wp\/v2\/product_tag?post=13146"}],"curies":[{"name":"wp","href":"https:\/\/api.w.org\/{rel}","templated":true}]}}