{"id":13091,"date":"2024-10-01T14:54:05","date_gmt":"2024-10-01T12:54:05","guid":{"rendered":"https:\/\/embreis.com\/se\/?post_type=product&#038;p=13091"},"modified":"2024-11-21T16:20:36","modified_gmt":"2024-11-21T14:20:36","slug":"pinnacle-tx-halskrage","status":"publish","type":"product","link":"https:\/\/embreis.com\/se\/produkt\/pinnacle-tx-halskrage\/","title":{"rendered":"Pinnacle\u00ae TX Halskrage"},"content":{"rendered":"<p>Pinnacle TX halskrage \u00e4r en utveckling av Pinnacle Cervical Collar halskrage. Skillnaden \u00e4r f\u00f6rl\u00e4ngningen ner mot br\u00f6skorg och rygg f\u00f6r att ge l\u00e4ngre h\u00e4varm, \u00f6kad anl\u00e4ggningsyta och b\u00e4ttre stabilitet. Framstycket \u00e4r st\u00e4llbart i 12 olika positioner. Utformningen vid k\u00e4kar, br\u00f6stben och occipital benet avlastar tryck och motverkar trycks\u00e5r. Kragen \u00e4r utvecklad f\u00f6r l\u00e5ngtidsanv\u00e4ndning och ger brukaren mycket god komfort. Den stora tracheotomi \u00f6ppningen f\u00f6renklar anv\u00e4ndande av trakealkanyl och ger samtidigt god ventilation. Det bomullskl\u00e4dda skumfodret tar effektivt upp fukt och h\u00e5ller huden torr. Fodret kan enkelt bytas och tv\u00e4ttas f\u00f6r att bibeh\u00e5lla god hygien.<\/p>\n","protected":false},"excerpt":{"rendered":"<div id=\"ctl00_cph1_lTxt\">\n<ul>\n<li>St\u00e4llbar i 12 positioner<\/li>\n<li>F\u00f6rl\u00e4ngd br\u00f6st och ryggdel<\/li>\n<li>Utbytbara foder<\/li>\n<li>MR kompatibel<\/li>\n<\/ul>\n<\/div>\n<div id=\"ctl00_cph1_prodInfo\"><\/div>\n","protected":false},"featured_media":13623,"template":"","meta":[],"product_brand":[],"product_cat":[1390,217,223,1194],"product_tag":[942,939,940],"class_list":{"0":"post-13091","1":"product","2":"type-product","3":"status-publish","4":"has-post-thumbnail","6":"product_cat-nyheter","7":"product_cat-ortos","8":"product_cat-halskrage-cto","9":"product_cat-halskrage-cervical-ortos","10":"product_tag-akuta-nackskador","11":"product_tag-cervikala-skador","12":"product_tag-degenerativa-nackskador","13":"pa_varumarke-breg","14":"pa_varumarke-pinnacle","16":"first","17":"instock","18":"featured","19":"shipping-taxable","20":"product-type-simple"},"acf":[],"yoast_head":"<!-- This site is optimized with the Yoast SEO Premium plugin v25.3.1 (Yoast SEO v25.3.1) - https:\/\/yoast.com\/wordpress\/plugins\/seo\/ -->\n<title>Pinnacle\u00ae TX Halskrage - Embreis.com<\/title>\n<meta name=\"description\" content=\"Pinnacle TX halskrage har f\u00f6rl\u00e4ngt bakstycke f\u00f6r b\u00e4ttre stabilitet, justerbart framstycke i 12 positioner och ger \u00f6kad komfort vid l\u00e5ngtidsanv\u00e4ndning.\" \/>\n<meta name=\"robots\" content=\"index, follow, max-snippet:-1, max-image-preview:large, max-video-preview:-1\" \/>\n<link rel=\"canonical\" href=\"https:\/\/embreis.com\/se\/produkt\/pinnacle-tx-halskrage\/\" \/>\n<meta property=\"og:locale\" content=\"sv_SE\" \/>\n<meta property=\"og:type\" content=\"article\" \/>\n<meta property=\"og:title\" content=\"Pinnacle\u00ae TX Halskrage\" \/>\n<meta property=\"og:description\" content=\"Pinnacle TX halskrage har f\u00f6rl\u00e4ngt bakstycke f\u00f6r b\u00e4ttre stabilitet, justerbart framstycke i 12 positioner och ger \u00f6kad komfort vid l\u00e5ngtidsanv\u00e4ndning.\" \/>\n<meta property=\"og:url\" content=\"https:\/\/embreis.com\/se\/produkt\/pinnacle-tx-halskrage\/\" \/>\n<meta property=\"og:site_name\" content=\"Embreis SE\" \/>\n<meta property=\"article:publisher\" content=\"https:\/\/www.facebook.com\/embreis\/\" \/>\n<meta property=\"article:modified_time\" content=\"2024-11-21T14:20:36+00:00\" \/>\n<meta property=\"og:image\" content=\"https:\/\/embreis.com\/se\/wp-content\/uploads\/sites\/6\/2024\/10\/Pinnacle-Collar-TX_1.png\" \/>\n\t<meta property=\"og:image:width\" content=\"850\" \/>\n\t<meta property=\"og:image:height\" content=\"850\" \/>\n\t<meta property=\"og:image:type\" content=\"image\/png\" \/>\n<meta name=\"twitter:card\" content=\"summary_large_image\" \/>\n<meta name=\"twitter:label1\" content=\"Ber\u00e4knad l\u00e4stid\" \/>\n\t<meta name=\"twitter:data1\" content=\"1 minut\" \/>\n<script type=\"application\/ld+json\" class=\"yoast-schema-graph\">{\"@context\":\"https:\/\/schema.org\",\"@graph\":[{\"@type\":\"WebPage\",\"@id\":\"https:\/\/embreis.com\/se\/produkt\/pinnacle-tx-halskrage\/\",\"url\":\"https:\/\/embreis.com\/se\/produkt\/pinnacle-tx-halskrage\/\",\"name\":\"Pinnacle\u00ae TX Halskrage - Embreis.com\",\"isPartOf\":{\"@id\":\"https:\/\/embreis.com\/se\/#website\"},\"primaryImageOfPage\":{\"@id\":\"https:\/\/embreis.com\/se\/produkt\/pinnacle-tx-halskrage\/#primaryimage\"},\"image\":{\"@id\":\"https:\/\/embreis.com\/se\/produkt\/pinnacle-tx-halskrage\/#primaryimage\"},\"thumbnailUrl\":\"https:\/\/embreis.com\/se\/wp-content\/uploads\/sites\/6\/2024\/10\/Pinnacle-Collar-TX_1.png\",\"datePublished\":\"2024-10-01T12:54:05+00:00\",\"dateModified\":\"2024-11-21T14:20:36+00:00\",\"description\":\"Pinnacle TX halskrage har f\u00f6rl\u00e4ngt bakstycke f\u00f6r b\u00e4ttre stabilitet, justerbart framstycke i 12 positioner och ger \u00f6kad komfort vid l\u00e5ngtidsanv\u00e4ndning.\",\"breadcrumb\":{\"@id\":\"https:\/\/embreis.com\/se\/produkt\/pinnacle-tx-halskrage\/#breadcrumb\"},\"inLanguage\":\"sv-SE\",\"potentialAction\":[{\"@type\":\"ReadAction\",\"target\":[\"https:\/\/embreis.com\/se\/produkt\/pinnacle-tx-halskrage\/\"]}]},{\"@type\":\"ImageObject\",\"inLanguage\":\"sv-SE\",\"@id\":\"https:\/\/embreis.com\/se\/produkt\/pinnacle-tx-halskrage\/#primaryimage\",\"url\":\"https:\/\/embreis.com\/se\/wp-content\/uploads\/sites\/6\/2024\/10\/Pinnacle-Collar-TX_1.png\",\"contentUrl\":\"https:\/\/embreis.com\/se\/wp-content\/uploads\/sites\/6\/2024\/10\/Pinnacle-Collar-TX_1.png\",\"width\":850,\"height\":850,\"caption\":\"Halskrage - Pinnacle TX Breg | Embreis.com\"},{\"@type\":\"BreadcrumbList\",\"@id\":\"https:\/\/embreis.com\/se\/produkt\/pinnacle-tx-halskrage\/#breadcrumb\",\"itemListElement\":[{\"@type\":\"ListItem\",\"position\":1,\"name\":\"Hem\",\"item\":\"https:\/\/embreis.com\/se\/\"},{\"@type\":\"ListItem\",\"position\":2,\"name\":\"Sortiment\",\"item\":\"https:\/\/embreis.com\/se\/sortiment\/\"},{\"@type\":\"ListItem\",\"position\":3,\"name\":\"Ortos\",\"item\":\"https:\/\/embreis.com\/se\/produktkategori\/ortos\/\"},{\"@type\":\"ListItem\",\"position\":4,\"name\":\"Nacke\",\"item\":\"https:\/\/embreis.com\/se\/produktkategori\/ortos\/halskrage-cto\/\"},{\"@type\":\"ListItem\",\"position\":5,\"name\":\"Halskrage - Cervical ortos\",\"item\":\"https:\/\/embreis.com\/se\/produktkategori\/ortos\/halskrage-cto\/halskrage-cervical-ortos\/\"},{\"@type\":\"ListItem\",\"position\":6,\"name\":\"Pinnacle\u00ae TX Halskrage\"}]},{\"@type\":\"WebSite\",\"@id\":\"https:\/\/embreis.com\/se\/#website\",\"url\":\"https:\/\/embreis.com\/se\/\",\"name\":\"Embreis SE\",\"description\":\"Ortoser, proteser och material\",\"publisher\":{\"@id\":\"https:\/\/embreis.com\/se\/#organization\"},\"potentialAction\":[{\"@type\":\"SearchAction\",\"target\":{\"@type\":\"EntryPoint\",\"urlTemplate\":\"https:\/\/embreis.com\/se\/?s={search_term_string}\"},\"query-input\":{\"@type\":\"PropertyValueSpecification\",\"valueRequired\":true,\"valueName\":\"search_term_string\"}}],\"inLanguage\":\"sv-SE\"},{\"@type\":\"Organization\",\"@id\":\"https:\/\/embreis.com\/se\/#organization\",\"name\":\"Embreis AB\",\"url\":\"https:\/\/embreis.com\/se\/\",\"logo\":{\"@type\":\"ImageObject\",\"inLanguage\":\"sv-SE\",\"@id\":\"https:\/\/embreis.com\/se\/#\/schema\/logo\/image\/\",\"url\":\"https:\/\/embreis.com\/se\/wp-content\/uploads\/sites\/6\/2019\/08\/Embreis_Logo2_PMS.png\",\"contentUrl\":\"https:\/\/embreis.com\/se\/wp-content\/uploads\/sites\/6\/2019\/08\/Embreis_Logo2_PMS.png\",\"width\":1723,\"height\":926,\"caption\":\"Embreis AB\"},\"image\":{\"@id\":\"https:\/\/embreis.com\/se\/#\/schema\/logo\/image\/\"},\"sameAs\":[\"https:\/\/www.facebook.com\/embreis\/\",\"https:\/\/www.linkedin.com\/company\/embreis-ab\/\",\"https:\/\/www.youtube.com\/user\/embreisAB\"]}]}<\/script>\n<!-- \/ Yoast SEO Premium plugin. -->","yoast_head_json":{"title":"Pinnacle\u00ae TX Halskrage - Embreis.com","description":"Pinnacle TX halskrage har f\u00f6rl\u00e4ngt bakstycke f\u00f6r b\u00e4ttre stabilitet, justerbart framstycke i 12 positioner och ger \u00f6kad komfort vid l\u00e5ngtidsanv\u00e4ndning.","robots":{"index":"index","follow":"follow","max-snippet":"max-snippet:-1","max-image-preview":"max-image-preview:large","max-video-preview":"max-video-preview:-1"},"canonical":"https:\/\/embreis.com\/se\/produkt\/pinnacle-tx-halskrage\/","og_locale":"sv_SE","og_type":"article","og_title":"Pinnacle\u00ae TX Halskrage","og_description":"Pinnacle TX halskrage har f\u00f6rl\u00e4ngt bakstycke f\u00f6r b\u00e4ttre stabilitet, justerbart framstycke i 12 positioner och ger \u00f6kad komfort vid l\u00e5ngtidsanv\u00e4ndning.","og_url":"https:\/\/embreis.com\/se\/produkt\/pinnacle-tx-halskrage\/","og_site_name":"Embreis SE","article_publisher":"https:\/\/www.facebook.com\/embreis\/","article_modified_time":"2024-11-21T14:20:36+00:00","og_image":[{"width":850,"height":850,"url":"https:\/\/embreis.com\/se\/wp-content\/uploads\/sites\/6\/2024\/10\/Pinnacle-Collar-TX_1.png","type":"image\/png"}],"twitter_card":"summary_large_image","twitter_misc":{"Ber\u00e4knad l\u00e4stid":"1 minut"},"schema":{"@context":"https:\/\/schema.org","@graph":[{"@type":"WebPage","@id":"https:\/\/embreis.com\/se\/produkt\/pinnacle-tx-halskrage\/","url":"https:\/\/embreis.com\/se\/produkt\/pinnacle-tx-halskrage\/","name":"Pinnacle\u00ae TX Halskrage - Embreis.com","isPartOf":{"@id":"https:\/\/embreis.com\/se\/#website"},"primaryImageOfPage":{"@id":"https:\/\/embreis.com\/se\/produkt\/pinnacle-tx-halskrage\/#primaryimage"},"image":{"@id":"https:\/\/embreis.com\/se\/produkt\/pinnacle-tx-halskrage\/#primaryimage"},"thumbnailUrl":"https:\/\/embreis.com\/se\/wp-content\/uploads\/sites\/6\/2024\/10\/Pinnacle-Collar-TX_1.png","datePublished":"2024-10-01T12:54:05+00:00","dateModified":"2024-11-21T14:20:36+00:00","description":"Pinnacle TX halskrage har f\u00f6rl\u00e4ngt bakstycke f\u00f6r b\u00e4ttre stabilitet, justerbart framstycke i 12 positioner och ger \u00f6kad komfort vid l\u00e5ngtidsanv\u00e4ndning.","breadcrumb":{"@id":"https:\/\/embreis.com\/se\/produkt\/pinnacle-tx-halskrage\/#breadcrumb"},"inLanguage":"sv-SE","potentialAction":[{"@type":"ReadAction","target":["https:\/\/embreis.com\/se\/produkt\/pinnacle-tx-halskrage\/"]}]},{"@type":"ImageObject","inLanguage":"sv-SE","@id":"https:\/\/embreis.com\/se\/produkt\/pinnacle-tx-halskrage\/#primaryimage","url":"https:\/\/embreis.com\/se\/wp-content\/uploads\/sites\/6\/2024\/10\/Pinnacle-Collar-TX_1.png","contentUrl":"https:\/\/embreis.com\/se\/wp-content\/uploads\/sites\/6\/2024\/10\/Pinnacle-Collar-TX_1.png","width":850,"height":850,"caption":"Halskrage - Pinnacle TX Breg | Embreis.com"},{"@type":"BreadcrumbList","@id":"https:\/\/embreis.com\/se\/produkt\/pinnacle-tx-halskrage\/#breadcrumb","itemListElement":[{"@type":"ListItem","position":1,"name":"Hem","item":"https:\/\/embreis.com\/se\/"},{"@type":"ListItem","position":2,"name":"Sortiment","item":"https:\/\/embreis.com\/se\/sortiment\/"},{"@type":"ListItem","position":3,"name":"Ortos","item":"https:\/\/embreis.com\/se\/produktkategori\/ortos\/"},{"@type":"ListItem","position":4,"name":"Nacke","item":"https:\/\/embreis.com\/se\/produktkategori\/ortos\/halskrage-cto\/"},{"@type":"ListItem","position":5,"name":"Halskrage - Cervical ortos","item":"https:\/\/embreis.com\/se\/produktkategori\/ortos\/halskrage-cto\/halskrage-cervical-ortos\/"},{"@type":"ListItem","position":6,"name":"Pinnacle\u00ae TX Halskrage"}]},{"@type":"WebSite","@id":"https:\/\/embreis.com\/se\/#website","url":"https:\/\/embreis.com\/se\/","name":"Embreis SE","description":"Ortoser, proteser och material","publisher":{"@id":"https:\/\/embreis.com\/se\/#organization"},"potentialAction":[{"@type":"SearchAction","target":{"@type":"EntryPoint","urlTemplate":"https:\/\/embreis.com\/se\/?s={search_term_string}"},"query-input":{"@type":"PropertyValueSpecification","valueRequired":true,"valueName":"search_term_string"}}],"inLanguage":"sv-SE"},{"@type":"Organization","@id":"https:\/\/embreis.com\/se\/#organization","name":"Embreis AB","url":"https:\/\/embreis.com\/se\/","logo":{"@type":"ImageObject","inLanguage":"sv-SE","@id":"https:\/\/embreis.com\/se\/#\/schema\/logo\/image\/","url":"https:\/\/embreis.com\/se\/wp-content\/uploads\/sites\/6\/2019\/08\/Embreis_Logo2_PMS.png","contentUrl":"https:\/\/embreis.com\/se\/wp-content\/uploads\/sites\/6\/2019\/08\/Embreis_Logo2_PMS.png","width":1723,"height":926,"caption":"Embreis AB"},"image":{"@id":"https:\/\/embreis.com\/se\/#\/schema\/logo\/image\/"},"sameAs":["https:\/\/www.facebook.com\/embreis\/","https:\/\/www.linkedin.com\/company\/embreis-ab\/","https:\/\/www.youtube.com\/user\/embreisAB"]}]}},"_links":{"self":[{"href":"https:\/\/embreis.com\/se\/wp-json\/wp\/v2\/product\/13091","targetHints":{"allow":["GET"]}}],"collection":[{"href":"https:\/\/embreis.com\/se\/wp-json\/wp\/v2\/product"}],"about":[{"href":"https:\/\/embreis.com\/se\/wp-json\/wp\/v2\/types\/product"}],"wp:featuredmedia":[{"embeddable":true,"href":"https:\/\/embreis.com\/se\/wp-json\/wp\/v2\/media\/13623"}],"wp:attachment":[{"href":"https:\/\/embreis.com\/se\/wp-json\/wp\/v2\/media?parent=13091"}],"wp:term":[{"taxonomy":"product_brand","embeddable":true,"href":"https:\/\/embreis.com\/se\/wp-json\/wp\/v2\/product_brand?post=13091"},{"taxonomy":"product_cat","embeddable":true,"href":"https:\/\/embreis.com\/se\/wp-json\/wp\/v2\/product_cat?post=13091"},{"taxonomy":"product_tag","embeddable":true,"href":"https:\/\/embreis.com\/se\/wp-json\/wp\/v2\/product_tag?post=13091"}],"curies":[{"name":"wp","href":"https:\/\/api.w.org\/{rel}","templated":true}]}}