{"id":13082,"date":"2024-10-01T14:21:18","date_gmt":"2024-10-01T12:21:18","guid":{"rendered":"https:\/\/embreis.com\/se\/?post_type=product&#038;p=13082"},"modified":"2025-03-25T22:19:48","modified_gmt":"2025-03-25T20:19:48","slug":"pinnacle-halskrage","status":"publish","type":"product","link":"https:\/\/embreis.com\/se\/produkt\/pinnacle-halskrage\/","title":{"rendered":"Pinnacle\u00ae Halskrage"},"content":{"rendered":"<p>Pinnacle Halskrage \u00e4r st\u00e4llbar i h\u00f6jdled med m\u00f6jlighet till 12 positioner. Kragen \u00e4r utvecklad f\u00f6r l\u00e5ngtidsanv\u00e4ndning och ger brukaren mycket god komfort med extra stabilitet. Utformningen vid k\u00e4kar, br\u00f6stben och occipital benet avlastar o\u00f6nskat tryck och motverkar trycks\u00e5r. Den stora tracheotomi \u00f6ppningen f\u00f6renklar anv\u00e4ndande av trakealkanyl och ger samtidigt god ventilation. Det bomullskl\u00e4dda skumfodret tar effektivt upp fukt och h\u00e5ller huden torr. Fodret kan enkelt bytas och tv\u00e4ttas f\u00f6r att bibeh\u00e5lla god hygien. Det medf\u00f6ljer ett extra mjukdels set.<\/p>\n","protected":false},"excerpt":{"rendered":"<p>Pinnacle Halskrage \u00e4r st\u00e4llbar i h\u00f6jdled med m\u00f6jlighet till 12 positioner. Kragen \u00e4r utvecklad f\u00f6r l\u00e5ngtidsanv\u00e4ndning och ger brukaren mycket [&hellip;]<\/p>\n","protected":false},"featured_media":13621,"template":"","meta":[],"product_brand":[],"product_cat":[1390,217,223,1194],"product_tag":[942,939,940],"class_list":{"0":"post-13082","1":"product","2":"type-product","3":"status-publish","4":"has-post-thumbnail","6":"product_cat-nyheter","7":"product_cat-ortos","8":"product_cat-halskrage-cto","9":"product_cat-halskrage-cervical-ortos","10":"product_tag-akuta-nackskador","11":"product_tag-cervikala-skador","12":"product_tag-degenerativa-nackskador","13":"pa_varumarke-breg","14":"pa_varumarke-pinnacle","16":"first","17":"instock","18":"featured","19":"shipping-taxable","20":"purchasable","21":"product-type-simple"},"acf":[],"yoast_head":"<!-- This site is optimized with the Yoast SEO Premium plugin v27.3 (Yoast SEO v27.3) - https:\/\/yoast.com\/product\/yoast-seo-premium-wordpress\/ -->\n<title>Pinnacle\u00ae Halskrage - Embreis.com<\/title>\n<meta name=\"description\" content=\"Pinnacle Halskrage fr\u00e5n Breg \u00e4r en justerbar nackkrage med 12 l\u00e4gen, som ger komfort, tryckavlastning och enkel hygien f\u00f6r l\u00e5ngtidsanv\u00e4ndning.\" \/>\n<meta name=\"robots\" content=\"index, follow, max-snippet:-1, max-image-preview:large, max-video-preview:-1\" \/>\n<link rel=\"canonical\" href=\"https:\/\/embreis.com\/se\/produkt\/pinnacle-halskrage\/\" \/>\n<meta property=\"og:locale\" content=\"sv_SE\" \/>\n<meta property=\"og:type\" content=\"article\" \/>\n<meta property=\"og:title\" content=\"Pinnacle\u00ae Halskrage\" \/>\n<meta property=\"og:description\" content=\"Pinnacle Halskrage fr\u00e5n Breg \u00e4r en justerbar nackkrage med 12 l\u00e4gen, som ger komfort, tryckavlastning och enkel hygien f\u00f6r l\u00e5ngtidsanv\u00e4ndning.\" \/>\n<meta property=\"og:url\" content=\"https:\/\/embreis.com\/se\/produkt\/pinnacle-halskrage\/\" \/>\n<meta property=\"og:site_name\" content=\"Embreis SE\" \/>\n<meta property=\"article:publisher\" content=\"https:\/\/www.facebook.com\/embreis\/\" \/>\n<meta property=\"article:modified_time\" content=\"2025-03-25T20:19:48+00:00\" \/>\n<meta property=\"og:image\" content=\"https:\/\/embreis.com\/se\/wp-content\/uploads\/sites\/6\/2024\/10\/Pinnacle-Cervical-Collar-172_1.png\" \/>\n\t<meta property=\"og:image:width\" content=\"850\" \/>\n\t<meta property=\"og:image:height\" content=\"850\" \/>\n\t<meta property=\"og:image:type\" content=\"image\/png\" \/>\n<meta name=\"twitter:card\" content=\"summary_large_image\" \/>\n<meta name=\"twitter:label1\" content=\"Ber\u00e4knad l\u00e4stid\" \/>\n\t<meta name=\"twitter:data1\" content=\"1 minut\" \/>\n<script type=\"application\/ld+json\" class=\"yoast-schema-graph\">{\"@context\":\"https:\\\/\\\/schema.org\",\"@graph\":[{\"@type\":\"WebPage\",\"@id\":\"https:\\\/\\\/embreis.com\\\/se\\\/produkt\\\/pinnacle-halskrage\\\/\",\"url\":\"https:\\\/\\\/embreis.com\\\/se\\\/produkt\\\/pinnacle-halskrage\\\/\",\"name\":\"Pinnacle\u00ae Halskrage - Embreis.com\",\"isPartOf\":{\"@id\":\"https:\\\/\\\/embreis.com\\\/se\\\/#website\"},\"primaryImageOfPage\":{\"@id\":\"https:\\\/\\\/embreis.com\\\/se\\\/produkt\\\/pinnacle-halskrage\\\/#primaryimage\"},\"image\":{\"@id\":\"https:\\\/\\\/embreis.com\\\/se\\\/produkt\\\/pinnacle-halskrage\\\/#primaryimage\"},\"thumbnailUrl\":\"https:\\\/\\\/embreis.com\\\/se\\\/wp-content\\\/uploads\\\/sites\\\/6\\\/2024\\\/10\\\/Pinnacle-Cervical-Collar-172_1.png\",\"datePublished\":\"2024-10-01T12:21:18+00:00\",\"dateModified\":\"2025-03-25T20:19:48+00:00\",\"description\":\"Pinnacle Halskrage fr\u00e5n Breg \u00e4r en justerbar nackkrage med 12 l\u00e4gen, som ger komfort, tryckavlastning och enkel hygien f\u00f6r l\u00e5ngtidsanv\u00e4ndning.\",\"breadcrumb\":{\"@id\":\"https:\\\/\\\/embreis.com\\\/se\\\/produkt\\\/pinnacle-halskrage\\\/#breadcrumb\"},\"inLanguage\":\"sv-SE\",\"potentialAction\":[{\"@type\":\"ReadAction\",\"target\":[\"https:\\\/\\\/embreis.com\\\/se\\\/produkt\\\/pinnacle-halskrage\\\/\"]}]},{\"@type\":\"ImageObject\",\"inLanguage\":\"sv-SE\",\"@id\":\"https:\\\/\\\/embreis.com\\\/se\\\/produkt\\\/pinnacle-halskrage\\\/#primaryimage\",\"url\":\"https:\\\/\\\/embreis.com\\\/se\\\/wp-content\\\/uploads\\\/sites\\\/6\\\/2024\\\/10\\\/Pinnacle-Cervical-Collar-172_1.png\",\"contentUrl\":\"https:\\\/\\\/embreis.com\\\/se\\\/wp-content\\\/uploads\\\/sites\\\/6\\\/2024\\\/10\\\/Pinnacle-Cervical-Collar-172_1.png\",\"width\":850,\"height\":850,\"caption\":\"Halskrage - Pinnacle Breg | Embreis.com\"},{\"@type\":\"BreadcrumbList\",\"@id\":\"https:\\\/\\\/embreis.com\\\/se\\\/produkt\\\/pinnacle-halskrage\\\/#breadcrumb\",\"itemListElement\":[{\"@type\":\"ListItem\",\"position\":1,\"name\":\"Hem\",\"item\":\"https:\\\/\\\/embreis.com\\\/se\\\/\"},{\"@type\":\"ListItem\",\"position\":2,\"name\":\"Sortiment\",\"item\":\"https:\\\/\\\/embreis.com\\\/se\\\/sortiment\\\/\"},{\"@type\":\"ListItem\",\"position\":3,\"name\":\"Ortos\",\"item\":\"https:\\\/\\\/embreis.com\\\/se\\\/produktkategori\\\/ortos\\\/\"},{\"@type\":\"ListItem\",\"position\":4,\"name\":\"Nacke\",\"item\":\"https:\\\/\\\/embreis.com\\\/se\\\/produktkategori\\\/ortos\\\/halskrage-cto\\\/\"},{\"@type\":\"ListItem\",\"position\":5,\"name\":\"Halskrage - Cervical ortos\",\"item\":\"https:\\\/\\\/embreis.com\\\/se\\\/produktkategori\\\/ortos\\\/halskrage-cto\\\/halskrage-cervical-ortos\\\/\"},{\"@type\":\"ListItem\",\"position\":6,\"name\":\"Pinnacle\u00ae Halskrage\"}]},{\"@type\":\"WebSite\",\"@id\":\"https:\\\/\\\/embreis.com\\\/se\\\/#website\",\"url\":\"https:\\\/\\\/embreis.com\\\/se\\\/\",\"name\":\"Embreis SE\",\"description\":\"Ortoser, proteser och material\",\"publisher\":{\"@id\":\"https:\\\/\\\/embreis.com\\\/se\\\/#organization\"},\"potentialAction\":[{\"@type\":\"SearchAction\",\"target\":{\"@type\":\"EntryPoint\",\"urlTemplate\":\"https:\\\/\\\/embreis.com\\\/se\\\/?s={search_term_string}\"},\"query-input\":{\"@type\":\"PropertyValueSpecification\",\"valueRequired\":true,\"valueName\":\"search_term_string\"}}],\"inLanguage\":\"sv-SE\"},{\"@type\":\"Organization\",\"@id\":\"https:\\\/\\\/embreis.com\\\/se\\\/#organization\",\"name\":\"Embreis AB\",\"url\":\"https:\\\/\\\/embreis.com\\\/se\\\/\",\"logo\":{\"@type\":\"ImageObject\",\"inLanguage\":\"sv-SE\",\"@id\":\"https:\\\/\\\/embreis.com\\\/se\\\/#\\\/schema\\\/logo\\\/image\\\/\",\"url\":\"https:\\\/\\\/embreis.com\\\/se\\\/wp-content\\\/uploads\\\/sites\\\/6\\\/2019\\\/08\\\/Embreis_Logo2_PMS.png\",\"contentUrl\":\"https:\\\/\\\/embreis.com\\\/se\\\/wp-content\\\/uploads\\\/sites\\\/6\\\/2019\\\/08\\\/Embreis_Logo2_PMS.png\",\"width\":1723,\"height\":926,\"caption\":\"Embreis AB\"},\"image\":{\"@id\":\"https:\\\/\\\/embreis.com\\\/se\\\/#\\\/schema\\\/logo\\\/image\\\/\"},\"sameAs\":[\"https:\\\/\\\/www.facebook.com\\\/embreis\\\/\",\"https:\\\/\\\/www.linkedin.com\\\/company\\\/embreis-ab\\\/\",\"https:\\\/\\\/www.youtube.com\\\/user\\\/embreisAB\"]}]}<\/script>\n<!-- \/ Yoast SEO Premium plugin. -->","yoast_head_json":{"title":"Pinnacle\u00ae Halskrage - Embreis.com","description":"Pinnacle Halskrage fr\u00e5n Breg \u00e4r en justerbar nackkrage med 12 l\u00e4gen, som ger komfort, tryckavlastning och enkel hygien f\u00f6r l\u00e5ngtidsanv\u00e4ndning.","robots":{"index":"index","follow":"follow","max-snippet":"max-snippet:-1","max-image-preview":"max-image-preview:large","max-video-preview":"max-video-preview:-1"},"canonical":"https:\/\/embreis.com\/se\/produkt\/pinnacle-halskrage\/","og_locale":"sv_SE","og_type":"article","og_title":"Pinnacle\u00ae Halskrage","og_description":"Pinnacle Halskrage fr\u00e5n Breg \u00e4r en justerbar nackkrage med 12 l\u00e4gen, som ger komfort, tryckavlastning och enkel hygien f\u00f6r l\u00e5ngtidsanv\u00e4ndning.","og_url":"https:\/\/embreis.com\/se\/produkt\/pinnacle-halskrage\/","og_site_name":"Embreis SE","article_publisher":"https:\/\/www.facebook.com\/embreis\/","article_modified_time":"2025-03-25T20:19:48+00:00","og_image":[{"width":850,"height":850,"url":"https:\/\/embreis.com\/se\/wp-content\/uploads\/sites\/6\/2024\/10\/Pinnacle-Cervical-Collar-172_1.png","type":"image\/png"}],"twitter_card":"summary_large_image","twitter_misc":{"Ber\u00e4knad l\u00e4stid":"1 minut"},"schema":{"@context":"https:\/\/schema.org","@graph":[{"@type":"WebPage","@id":"https:\/\/embreis.com\/se\/produkt\/pinnacle-halskrage\/","url":"https:\/\/embreis.com\/se\/produkt\/pinnacle-halskrage\/","name":"Pinnacle\u00ae Halskrage - Embreis.com","isPartOf":{"@id":"https:\/\/embreis.com\/se\/#website"},"primaryImageOfPage":{"@id":"https:\/\/embreis.com\/se\/produkt\/pinnacle-halskrage\/#primaryimage"},"image":{"@id":"https:\/\/embreis.com\/se\/produkt\/pinnacle-halskrage\/#primaryimage"},"thumbnailUrl":"https:\/\/embreis.com\/se\/wp-content\/uploads\/sites\/6\/2024\/10\/Pinnacle-Cervical-Collar-172_1.png","datePublished":"2024-10-01T12:21:18+00:00","dateModified":"2025-03-25T20:19:48+00:00","description":"Pinnacle Halskrage fr\u00e5n Breg \u00e4r en justerbar nackkrage med 12 l\u00e4gen, som ger komfort, tryckavlastning och enkel hygien f\u00f6r l\u00e5ngtidsanv\u00e4ndning.","breadcrumb":{"@id":"https:\/\/embreis.com\/se\/produkt\/pinnacle-halskrage\/#breadcrumb"},"inLanguage":"sv-SE","potentialAction":[{"@type":"ReadAction","target":["https:\/\/embreis.com\/se\/produkt\/pinnacle-halskrage\/"]}]},{"@type":"ImageObject","inLanguage":"sv-SE","@id":"https:\/\/embreis.com\/se\/produkt\/pinnacle-halskrage\/#primaryimage","url":"https:\/\/embreis.com\/se\/wp-content\/uploads\/sites\/6\/2024\/10\/Pinnacle-Cervical-Collar-172_1.png","contentUrl":"https:\/\/embreis.com\/se\/wp-content\/uploads\/sites\/6\/2024\/10\/Pinnacle-Cervical-Collar-172_1.png","width":850,"height":850,"caption":"Halskrage - Pinnacle Breg | Embreis.com"},{"@type":"BreadcrumbList","@id":"https:\/\/embreis.com\/se\/produkt\/pinnacle-halskrage\/#breadcrumb","itemListElement":[{"@type":"ListItem","position":1,"name":"Hem","item":"https:\/\/embreis.com\/se\/"},{"@type":"ListItem","position":2,"name":"Sortiment","item":"https:\/\/embreis.com\/se\/sortiment\/"},{"@type":"ListItem","position":3,"name":"Ortos","item":"https:\/\/embreis.com\/se\/produktkategori\/ortos\/"},{"@type":"ListItem","position":4,"name":"Nacke","item":"https:\/\/embreis.com\/se\/produktkategori\/ortos\/halskrage-cto\/"},{"@type":"ListItem","position":5,"name":"Halskrage - Cervical ortos","item":"https:\/\/embreis.com\/se\/produktkategori\/ortos\/halskrage-cto\/halskrage-cervical-ortos\/"},{"@type":"ListItem","position":6,"name":"Pinnacle\u00ae Halskrage"}]},{"@type":"WebSite","@id":"https:\/\/embreis.com\/se\/#website","url":"https:\/\/embreis.com\/se\/","name":"Embreis SE","description":"Ortoser, proteser och material","publisher":{"@id":"https:\/\/embreis.com\/se\/#organization"},"potentialAction":[{"@type":"SearchAction","target":{"@type":"EntryPoint","urlTemplate":"https:\/\/embreis.com\/se\/?s={search_term_string}"},"query-input":{"@type":"PropertyValueSpecification","valueRequired":true,"valueName":"search_term_string"}}],"inLanguage":"sv-SE"},{"@type":"Organization","@id":"https:\/\/embreis.com\/se\/#organization","name":"Embreis AB","url":"https:\/\/embreis.com\/se\/","logo":{"@type":"ImageObject","inLanguage":"sv-SE","@id":"https:\/\/embreis.com\/se\/#\/schema\/logo\/image\/","url":"https:\/\/embreis.com\/se\/wp-content\/uploads\/sites\/6\/2019\/08\/Embreis_Logo2_PMS.png","contentUrl":"https:\/\/embreis.com\/se\/wp-content\/uploads\/sites\/6\/2019\/08\/Embreis_Logo2_PMS.png","width":1723,"height":926,"caption":"Embreis AB"},"image":{"@id":"https:\/\/embreis.com\/se\/#\/schema\/logo\/image\/"},"sameAs":["https:\/\/www.facebook.com\/embreis\/","https:\/\/www.linkedin.com\/company\/embreis-ab\/","https:\/\/www.youtube.com\/user\/embreisAB"]}]}},"_links":{"self":[{"href":"https:\/\/embreis.com\/se\/wp-json\/wp\/v2\/product\/13082","targetHints":{"allow":["GET"]}}],"collection":[{"href":"https:\/\/embreis.com\/se\/wp-json\/wp\/v2\/product"}],"about":[{"href":"https:\/\/embreis.com\/se\/wp-json\/wp\/v2\/types\/product"}],"wp:featuredmedia":[{"embeddable":true,"href":"https:\/\/embreis.com\/se\/wp-json\/wp\/v2\/media\/13621"}],"wp:attachment":[{"href":"https:\/\/embreis.com\/se\/wp-json\/wp\/v2\/media?parent=13082"}],"wp:term":[{"taxonomy":"product_brand","embeddable":true,"href":"https:\/\/embreis.com\/se\/wp-json\/wp\/v2\/product_brand?post=13082"},{"taxonomy":"product_cat","embeddable":true,"href":"https:\/\/embreis.com\/se\/wp-json\/wp\/v2\/product_cat?post=13082"},{"taxonomy":"product_tag","embeddable":true,"href":"https:\/\/embreis.com\/se\/wp-json\/wp\/v2\/product_tag?post=13082"}],"curies":[{"name":"wp","href":"https:\/\/api.w.org\/{rel}","templated":true}]}}