{"id":12646,"date":"2023-01-17T12:54:56","date_gmt":"2023-01-17T10:54:56","guid":{"rendered":"https:\/\/embreis.com\/se\/?post_type=product&#038;p=12646"},"modified":"2025-03-26T16:51:42","modified_gmt":"2025-03-26T14:51:42","slug":"xtern-frontier","status":"publish","type":"product","link":"https:\/\/embreis.com\/se\/produkt\/xtern-frontier\/","title":{"rendered":"Xtern Frontier"},"content":{"rendered":"<div id=\"ctl00_cph1_rightCol\">\n<p>XTERN Frontier \u00e4r en medicinteknisk ortos utvecklad f\u00f6r patienter med droppfot och samtidig nedsatt hand- och fingermotorik, exempelvis till f\u00f6ljd av stroke. Ortosen bygger p\u00e5 samma biomekaniska princip som XTERN Classic men \u00e4r konstruerad med framp\u00e5liggande bygel f\u00f6r att underl\u00e4tta av- och p\u00e5tagning f\u00f6r patienter med begr\u00e4nsad r\u00f6relsef\u00f6rm\u00e5ga. Den levereras med magnetsp\u00e4nnen som m\u00f6jligg\u00f6r hantering med en hand. Ortosen appliceras utanp\u00e5 skon och kommer inte i kontakt med foten. Det eliminerar risken f\u00f6r tryckskador och g\u00f6r den l\u00e4mplig f\u00f6r anv\u00e4ndare med k\u00e4nslig hud eller cirkulationsproblem.<\/p>\n<p>Konstruktionen fungerar som ett externt biomekaniskt st\u00f6d som ers\u00e4tter fotledens dorsalflexion och ger f\u00f6rb\u00e4ttrad g\u00e5ngfunktion. XTERN Frontier \u00e4r f\u00f6rsp\u00e4nd och ger ett kontrollerat lyft av foten vid varje steg. Sp\u00e4nningen kan justeras individuellt f\u00f6r att m\u00f6ta patientens specifika behov. Ortosen ger \u00e4ven upp till 25% mer mediolateral stabilitet \u00e4n XTERN Classic, vilket ytterligare underl\u00e4ttar stabil g\u00e5ng.<\/p>\n<p>Utprovning sker i klinisk milj\u00f6 med hj\u00e4lp av <a href=\"https:\/\/embreis.com\/se\/produkt\/extern-at-x-utprovning\/\">AT-Tool<\/a> f\u00f6r att s\u00e4kerst\u00e4lla att ortosen uppfyller patientens biomekaniska och medicinska behov innan slutlig montering och best\u00e4llning.<\/p>\n<p>\u00c4r du patient eller kliniker rekommenderar vi att du g\u00e5r in p\u00e5\u202f<a href=\"https:\/\/www.facebook.com\/groups\/1931055460454084\/\">Turbomed Foot Drop Club<\/a>\u202fp\u00e5 Facebook, d\u00e4r du kan\u00a0 hitta fr\u00e5gor och svar om alla Turbomed\u00b4s modeller och \u00e4ven dela dina synpunkter och erfarenheter.<\/p>\n<\/div>\n","protected":false},"excerpt":{"rendered":"<ul>\n<li>Dynamisk droppfotsortos<\/li>\n<li>Appliceras utanp\u00e5 skon<\/li>\n<li>L\u00e4tt att flytta till olika skor<\/li>\n<li>L\u00e4mplig f\u00f6r aktiva patienter<\/li>\n<\/ul>\n","protected":false},"featured_media":12650,"template":"","meta":[],"product_brand":[],"product_cat":[1231,217,225],"product_tag":[],"class_list":{"0":"post-12646","1":"product","2":"type-product","3":"status-publish","4":"has-post-thumbnail","6":"product_cat-neuro-rehab-vrist-ortos","7":"product_cat-ortos","8":"product_cat-ankel","9":"pa_varumarke-turbomed","11":"first","12":"outofstock","13":"shipping-taxable","14":"product-type-variable"},"acf":[],"yoast_head":"<!-- This site is optimized with the Yoast SEO Premium plugin v25.3.1 (Yoast SEO v25.3.1) - https:\/\/yoast.com\/wordpress\/plugins\/seo\/ -->\n<title>Xtern Frontier - Embreis.com<\/title>\n<meta name=\"robots\" content=\"index, follow, max-snippet:-1, max-image-preview:large, max-video-preview:-1\" \/>\n<link rel=\"canonical\" href=\"https:\/\/embreis.com\/se\/produkt\/xtern-frontier\/\" \/>\n<meta property=\"og:locale\" content=\"sv_SE\" \/>\n<meta property=\"og:type\" content=\"article\" \/>\n<meta property=\"og:title\" content=\"Xtern Frontier\" \/>\n<meta property=\"og:description\" content=\"Dynamisk droppfotsortos  Appliceras utanp\u00e5 skon  L\u00e4tt att flytta till olika skor  L\u00e4mplig f\u00f6r aktiva patienter\" \/>\n<meta property=\"og:url\" content=\"https:\/\/embreis.com\/se\/produkt\/xtern-frontier\/\" \/>\n<meta property=\"og:site_name\" content=\"Embreis SE\" \/>\n<meta property=\"article:publisher\" content=\"https:\/\/www.facebook.com\/embreis\/\" \/>\n<meta property=\"article:modified_time\" content=\"2025-03-26T14:51:42+00:00\" \/>\n<meta property=\"og:image\" content=\"https:\/\/embreis.com\/se\/wp-content\/uploads\/sites\/6\/2023\/01\/Xtern_frontier_1.png\" \/>\n\t<meta property=\"og:image:width\" content=\"850\" \/>\n\t<meta property=\"og:image:height\" content=\"850\" \/>\n\t<meta property=\"og:image:type\" content=\"image\/png\" \/>\n<meta name=\"twitter:card\" content=\"summary_large_image\" \/>\n<meta name=\"twitter:label1\" content=\"Ber\u00e4knad l\u00e4stid\" \/>\n\t<meta name=\"twitter:data1\" content=\"2 minuter\" \/>\n<script type=\"application\/ld+json\" class=\"yoast-schema-graph\">{\"@context\":\"https:\/\/schema.org\",\"@graph\":[{\"@type\":\"WebPage\",\"@id\":\"https:\/\/embreis.com\/se\/produkt\/xtern-frontier\/\",\"url\":\"https:\/\/embreis.com\/se\/produkt\/xtern-frontier\/\",\"name\":\"Xtern Frontier - Embreis.com\",\"isPartOf\":{\"@id\":\"https:\/\/embreis.com\/se\/#website\"},\"primaryImageOfPage\":{\"@id\":\"https:\/\/embreis.com\/se\/produkt\/xtern-frontier\/#primaryimage\"},\"image\":{\"@id\":\"https:\/\/embreis.com\/se\/produkt\/xtern-frontier\/#primaryimage\"},\"thumbnailUrl\":\"https:\/\/embreis.com\/se\/wp-content\/uploads\/sites\/6\/2023\/01\/Xtern_frontier_1.png\",\"datePublished\":\"2023-01-17T10:54:56+00:00\",\"dateModified\":\"2025-03-26T14:51:42+00:00\",\"breadcrumb\":{\"@id\":\"https:\/\/embreis.com\/se\/produkt\/xtern-frontier\/#breadcrumb\"},\"inLanguage\":\"sv-SE\",\"potentialAction\":[{\"@type\":\"ReadAction\",\"target\":[\"https:\/\/embreis.com\/se\/produkt\/xtern-frontier\/\"]}]},{\"@type\":\"ImageObject\",\"inLanguage\":\"sv-SE\",\"@id\":\"https:\/\/embreis.com\/se\/produkt\/xtern-frontier\/#primaryimage\",\"url\":\"https:\/\/embreis.com\/se\/wp-content\/uploads\/sites\/6\/2023\/01\/Xtern_frontier_1.png\",\"contentUrl\":\"https:\/\/embreis.com\/se\/wp-content\/uploads\/sites\/6\/2023\/01\/Xtern_frontier_1.png\",\"width\":850,\"height\":850},{\"@type\":\"BreadcrumbList\",\"@id\":\"https:\/\/embreis.com\/se\/produkt\/xtern-frontier\/#breadcrumb\",\"itemListElement\":[{\"@type\":\"ListItem\",\"position\":1,\"name\":\"Hem\",\"item\":\"https:\/\/embreis.com\/se\/\"},{\"@type\":\"ListItem\",\"position\":2,\"name\":\"Sortiment\",\"item\":\"https:\/\/embreis.com\/se\/sortiment\/\"},{\"@type\":\"ListItem\",\"position\":3,\"name\":\"Ortos\",\"item\":\"https:\/\/embreis.com\/se\/produktkategori\/ortos\/\"},{\"@type\":\"ListItem\",\"position\":4,\"name\":\"Ankel\",\"item\":\"https:\/\/embreis.com\/se\/produktkategori\/ortos\/ankel\/\"},{\"@type\":\"ListItem\",\"position\":5,\"name\":\"Neuro - Rehab\",\"item\":\"https:\/\/embreis.com\/se\/produktkategori\/ortos\/ankel\/neuro-rehab-vrist-ortos\/\"},{\"@type\":\"ListItem\",\"position\":6,\"name\":\"Xtern Frontier\"}]},{\"@type\":\"WebSite\",\"@id\":\"https:\/\/embreis.com\/se\/#website\",\"url\":\"https:\/\/embreis.com\/se\/\",\"name\":\"Embreis SE\",\"description\":\"Ortoser, proteser och material\",\"publisher\":{\"@id\":\"https:\/\/embreis.com\/se\/#organization\"},\"potentialAction\":[{\"@type\":\"SearchAction\",\"target\":{\"@type\":\"EntryPoint\",\"urlTemplate\":\"https:\/\/embreis.com\/se\/?s={search_term_string}\"},\"query-input\":{\"@type\":\"PropertyValueSpecification\",\"valueRequired\":true,\"valueName\":\"search_term_string\"}}],\"inLanguage\":\"sv-SE\"},{\"@type\":\"Organization\",\"@id\":\"https:\/\/embreis.com\/se\/#organization\",\"name\":\"Embreis AB\",\"url\":\"https:\/\/embreis.com\/se\/\",\"logo\":{\"@type\":\"ImageObject\",\"inLanguage\":\"sv-SE\",\"@id\":\"https:\/\/embreis.com\/se\/#\/schema\/logo\/image\/\",\"url\":\"https:\/\/embreis.com\/se\/wp-content\/uploads\/sites\/6\/2019\/08\/Embreis_Logo2_PMS.png\",\"contentUrl\":\"https:\/\/embreis.com\/se\/wp-content\/uploads\/sites\/6\/2019\/08\/Embreis_Logo2_PMS.png\",\"width\":1723,\"height\":926,\"caption\":\"Embreis AB\"},\"image\":{\"@id\":\"https:\/\/embreis.com\/se\/#\/schema\/logo\/image\/\"},\"sameAs\":[\"https:\/\/www.facebook.com\/embreis\/\",\"https:\/\/www.linkedin.com\/company\/embreis-ab\/\",\"https:\/\/www.youtube.com\/user\/embreisAB\"]}]}<\/script>\n<!-- \/ Yoast SEO Premium plugin. -->","yoast_head_json":{"title":"Xtern Frontier - Embreis.com","robots":{"index":"index","follow":"follow","max-snippet":"max-snippet:-1","max-image-preview":"max-image-preview:large","max-video-preview":"max-video-preview:-1"},"canonical":"https:\/\/embreis.com\/se\/produkt\/xtern-frontier\/","og_locale":"sv_SE","og_type":"article","og_title":"Xtern Frontier","og_description":"Dynamisk droppfotsortos  Appliceras utanp\u00e5 skon  L\u00e4tt att flytta till olika skor  L\u00e4mplig f\u00f6r aktiva patienter","og_url":"https:\/\/embreis.com\/se\/produkt\/xtern-frontier\/","og_site_name":"Embreis SE","article_publisher":"https:\/\/www.facebook.com\/embreis\/","article_modified_time":"2025-03-26T14:51:42+00:00","og_image":[{"width":850,"height":850,"url":"https:\/\/embreis.com\/se\/wp-content\/uploads\/sites\/6\/2023\/01\/Xtern_frontier_1.png","type":"image\/png"}],"twitter_card":"summary_large_image","twitter_misc":{"Ber\u00e4knad l\u00e4stid":"2 minuter"},"schema":{"@context":"https:\/\/schema.org","@graph":[{"@type":"WebPage","@id":"https:\/\/embreis.com\/se\/produkt\/xtern-frontier\/","url":"https:\/\/embreis.com\/se\/produkt\/xtern-frontier\/","name":"Xtern Frontier - Embreis.com","isPartOf":{"@id":"https:\/\/embreis.com\/se\/#website"},"primaryImageOfPage":{"@id":"https:\/\/embreis.com\/se\/produkt\/xtern-frontier\/#primaryimage"},"image":{"@id":"https:\/\/embreis.com\/se\/produkt\/xtern-frontier\/#primaryimage"},"thumbnailUrl":"https:\/\/embreis.com\/se\/wp-content\/uploads\/sites\/6\/2023\/01\/Xtern_frontier_1.png","datePublished":"2023-01-17T10:54:56+00:00","dateModified":"2025-03-26T14:51:42+00:00","breadcrumb":{"@id":"https:\/\/embreis.com\/se\/produkt\/xtern-frontier\/#breadcrumb"},"inLanguage":"sv-SE","potentialAction":[{"@type":"ReadAction","target":["https:\/\/embreis.com\/se\/produkt\/xtern-frontier\/"]}]},{"@type":"ImageObject","inLanguage":"sv-SE","@id":"https:\/\/embreis.com\/se\/produkt\/xtern-frontier\/#primaryimage","url":"https:\/\/embreis.com\/se\/wp-content\/uploads\/sites\/6\/2023\/01\/Xtern_frontier_1.png","contentUrl":"https:\/\/embreis.com\/se\/wp-content\/uploads\/sites\/6\/2023\/01\/Xtern_frontier_1.png","width":850,"height":850},{"@type":"BreadcrumbList","@id":"https:\/\/embreis.com\/se\/produkt\/xtern-frontier\/#breadcrumb","itemListElement":[{"@type":"ListItem","position":1,"name":"Hem","item":"https:\/\/embreis.com\/se\/"},{"@type":"ListItem","position":2,"name":"Sortiment","item":"https:\/\/embreis.com\/se\/sortiment\/"},{"@type":"ListItem","position":3,"name":"Ortos","item":"https:\/\/embreis.com\/se\/produktkategori\/ortos\/"},{"@type":"ListItem","position":4,"name":"Ankel","item":"https:\/\/embreis.com\/se\/produktkategori\/ortos\/ankel\/"},{"@type":"ListItem","position":5,"name":"Neuro - Rehab","item":"https:\/\/embreis.com\/se\/produktkategori\/ortos\/ankel\/neuro-rehab-vrist-ortos\/"},{"@type":"ListItem","position":6,"name":"Xtern Frontier"}]},{"@type":"WebSite","@id":"https:\/\/embreis.com\/se\/#website","url":"https:\/\/embreis.com\/se\/","name":"Embreis SE","description":"Ortoser, proteser och material","publisher":{"@id":"https:\/\/embreis.com\/se\/#organization"},"potentialAction":[{"@type":"SearchAction","target":{"@type":"EntryPoint","urlTemplate":"https:\/\/embreis.com\/se\/?s={search_term_string}"},"query-input":{"@type":"PropertyValueSpecification","valueRequired":true,"valueName":"search_term_string"}}],"inLanguage":"sv-SE"},{"@type":"Organization","@id":"https:\/\/embreis.com\/se\/#organization","name":"Embreis AB","url":"https:\/\/embreis.com\/se\/","logo":{"@type":"ImageObject","inLanguage":"sv-SE","@id":"https:\/\/embreis.com\/se\/#\/schema\/logo\/image\/","url":"https:\/\/embreis.com\/se\/wp-content\/uploads\/sites\/6\/2019\/08\/Embreis_Logo2_PMS.png","contentUrl":"https:\/\/embreis.com\/se\/wp-content\/uploads\/sites\/6\/2019\/08\/Embreis_Logo2_PMS.png","width":1723,"height":926,"caption":"Embreis AB"},"image":{"@id":"https:\/\/embreis.com\/se\/#\/schema\/logo\/image\/"},"sameAs":["https:\/\/www.facebook.com\/embreis\/","https:\/\/www.linkedin.com\/company\/embreis-ab\/","https:\/\/www.youtube.com\/user\/embreisAB"]}]}},"_links":{"self":[{"href":"https:\/\/embreis.com\/se\/wp-json\/wp\/v2\/product\/12646","targetHints":{"allow":["GET"]}}],"collection":[{"href":"https:\/\/embreis.com\/se\/wp-json\/wp\/v2\/product"}],"about":[{"href":"https:\/\/embreis.com\/se\/wp-json\/wp\/v2\/types\/product"}],"wp:featuredmedia":[{"embeddable":true,"href":"https:\/\/embreis.com\/se\/wp-json\/wp\/v2\/media\/12650"}],"wp:attachment":[{"href":"https:\/\/embreis.com\/se\/wp-json\/wp\/v2\/media?parent=12646"}],"wp:term":[{"taxonomy":"product_brand","embeddable":true,"href":"https:\/\/embreis.com\/se\/wp-json\/wp\/v2\/product_brand?post=12646"},{"taxonomy":"product_cat","embeddable":true,"href":"https:\/\/embreis.com\/se\/wp-json\/wp\/v2\/product_cat?post=12646"},{"taxonomy":"product_tag","embeddable":true,"href":"https:\/\/embreis.com\/se\/wp-json\/wp\/v2\/product_tag?post=12646"}],"curies":[{"name":"wp","href":"https:\/\/api.w.org\/{rel}","templated":true}]}}