{"id":12414,"date":"2022-05-05T11:08:38","date_gmt":"2022-05-05T09:08:38","guid":{"rendered":"https:\/\/embreis.com\/se\/?post_type=product&#038;p=12414"},"modified":"2025-09-10T14:59:44","modified_gmt":"2025-09-10T12:59:44","slug":"spinomed-v","status":"publish","type":"product","link":"https:\/\/embreis.com\/se\/produkt\/spinomed-v\/","title":{"rendered":"Spinomed\u00ae V"},"content":{"rendered":"<p>Spinomed\u00ae V \u00e4r den nya versionen som anv\u00e4nds fr\u00e4mst vid behandling av kotfrakturer orsakade av bensk\u00f6rhet\/osteoporos, men \u00e4ven i \u00f6vriga fall f\u00f6r att minska kyfos samt st\u00e4rka rygg och bukmuskulatur. Den nya ortosen best\u00e5r precis som tidigare av en kl\u00e4dd ryggskena och justerbara band med kardborrekn\u00e4ppning. <span class=\"Y2IQFc\" lang=\"sv\">Den stora f\u00f6r\u00e4ndringen \u00e4r den nya innovativa pivotleden med den roterande kopplingen mellan h\u00f6ftb\u00e4ltet och ryggskenan.\u00a0 Det h\u00e4r garanterar en optimal passform av ortosen vilket ger en f\u00f6rb\u00e4ttrad r\u00f6relsefrihet och b\u00e4rkomfort. Man har ocks\u00e5 f\u00f6rfinat och f\u00f6rb\u00e4ttrat axelremmarna med dess funktion. \u00c4ven materialet har f\u00e5tt sig en uppdatering och framf\u00f6rallt den nya vadderingen i ryggdelen ger ett material som l\u00e4ttare andas och ger brukaren en mer behaglig anv\u00e4ndarupplevelse.<\/span><\/p>\n<p>B\u00e5de ryggskenan och banden anpassas individuellt efter ryggen och kroppens form. Ortosen \u00e4r enkel att applicera efter det att utprovningen gjorts d\u00e5\u00a0den tas av och p\u00e5 som en ryggs\u00e4ck. P\u00e5 v\u00e5r sida <a class=\"file nu\" title=\"osteoporos.nu\" href=\"http:\/\/www.osteoporos.nu\/\" target=\"_blank\" rel=\"noopener noreferrer\">www.osteoporos.nu<\/a> kan du l\u00e4s mer om osteoporos och hur Spinomed fungerar i grunden. Se g\u00e4rna instruktionsvideo h\u00e4r nedan f\u00f6r att ta del av den nya Spinomed\u00ae V uppdateringar och f\u00f6rdelar.<\/p>\n","protected":false},"excerpt":{"rendered":"<ul>\n<li>Aktiverande korsett<\/li>\n<li>St\u00e4rker rygg- o magmuskler<\/li>\n<li>Motverkar kyfos<\/li>\n<li>F\u00f6rb\u00e4ttrar balans<\/li>\n<\/ul>\n","protected":false},"featured_media":12420,"template":"","meta":[],"product_brand":[],"product_cat":[1216,217,224],"product_tag":[],"class_list":{"0":"post-12414","1":"product","2":"type-product","3":"status-publish","4":"has-post-thumbnail","6":"product_cat-osteoporos","7":"product_cat-ortos","8":"product_cat-rygg","9":"pa_upphandlingar-region-vasternorrland-ortos","10":"pa_varumarke-medi","12":"first","13":"outofstock","14":"featured","15":"shipping-taxable","16":"product-type-variable"},"acf":[],"yoast_head":"<!-- This site is optimized with the Yoast SEO Premium plugin v27.3 (Yoast SEO v27.3) - https:\/\/yoast.com\/product\/yoast-seo-premium-wordpress\/ -->\n<title>Spinomed\u00ae V - Embreis.com<\/title>\n<meta name=\"robots\" content=\"index, follow, max-snippet:-1, max-image-preview:large, max-video-preview:-1\" \/>\n<link rel=\"canonical\" href=\"https:\/\/embreis.com\/se\/produkt\/spinomed-v\/\" \/>\n<meta property=\"og:locale\" content=\"sv_SE\" \/>\n<meta property=\"og:type\" content=\"article\" \/>\n<meta property=\"og:title\" content=\"Spinomed\u00ae V\" \/>\n<meta property=\"og:description\" content=\"Aktiverande korsett  St\u00e4rker rygg- o magmuskler  Motverkar kyfos  F\u00f6rb\u00e4ttrar balans\" \/>\n<meta property=\"og:url\" content=\"https:\/\/embreis.com\/se\/produkt\/spinomed-v\/\" \/>\n<meta property=\"og:site_name\" content=\"Embreis SE\" \/>\n<meta property=\"article:publisher\" content=\"https:\/\/www.facebook.com\/embreis\/\" \/>\n<meta property=\"article:modified_time\" content=\"2025-09-10T12:59:44+00:00\" \/>\n<meta property=\"og:image\" content=\"https:\/\/embreis.com\/se\/wp-content\/uploads\/sites\/6\/2022\/05\/Spinomed_V_2.png\" \/>\n\t<meta property=\"og:image:width\" content=\"850\" \/>\n\t<meta property=\"og:image:height\" content=\"850\" \/>\n\t<meta property=\"og:image:type\" content=\"image\/png\" \/>\n<meta name=\"twitter:card\" content=\"summary_large_image\" \/>\n<meta name=\"twitter:label1\" content=\"Ber\u00e4knad l\u00e4stid\" \/>\n\t<meta name=\"twitter:data1\" content=\"2 minuter\" \/>\n<script type=\"application\/ld+json\" class=\"yoast-schema-graph\">{\"@context\":\"https:\\\/\\\/schema.org\",\"@graph\":[{\"@type\":\"WebPage\",\"@id\":\"https:\\\/\\\/embreis.com\\\/se\\\/produkt\\\/spinomed-v\\\/\",\"url\":\"https:\\\/\\\/embreis.com\\\/se\\\/produkt\\\/spinomed-v\\\/\",\"name\":\"Spinomed\u00ae V - Embreis.com\",\"isPartOf\":{\"@id\":\"https:\\\/\\\/embreis.com\\\/se\\\/#website\"},\"primaryImageOfPage\":{\"@id\":\"https:\\\/\\\/embreis.com\\\/se\\\/produkt\\\/spinomed-v\\\/#primaryimage\"},\"image\":{\"@id\":\"https:\\\/\\\/embreis.com\\\/se\\\/produkt\\\/spinomed-v\\\/#primaryimage\"},\"thumbnailUrl\":\"https:\\\/\\\/embreis.com\\\/se\\\/wp-content\\\/uploads\\\/sites\\\/6\\\/2022\\\/05\\\/Spinomed_V_2.png\",\"datePublished\":\"2022-05-05T09:08:38+00:00\",\"dateModified\":\"2025-09-10T12:59:44+00:00\",\"breadcrumb\":{\"@id\":\"https:\\\/\\\/embreis.com\\\/se\\\/produkt\\\/spinomed-v\\\/#breadcrumb\"},\"inLanguage\":\"sv-SE\",\"potentialAction\":[{\"@type\":\"ReadAction\",\"target\":[\"https:\\\/\\\/embreis.com\\\/se\\\/produkt\\\/spinomed-v\\\/\"]}]},{\"@type\":\"ImageObject\",\"inLanguage\":\"sv-SE\",\"@id\":\"https:\\\/\\\/embreis.com\\\/se\\\/produkt\\\/spinomed-v\\\/#primaryimage\",\"url\":\"https:\\\/\\\/embreis.com\\\/se\\\/wp-content\\\/uploads\\\/sites\\\/6\\\/2022\\\/05\\\/Spinomed_V_2.png\",\"contentUrl\":\"https:\\\/\\\/embreis.com\\\/se\\\/wp-content\\\/uploads\\\/sites\\\/6\\\/2022\\\/05\\\/Spinomed_V_2.png\",\"width\":850,\"height\":850},{\"@type\":\"BreadcrumbList\",\"@id\":\"https:\\\/\\\/embreis.com\\\/se\\\/produkt\\\/spinomed-v\\\/#breadcrumb\",\"itemListElement\":[{\"@type\":\"ListItem\",\"position\":1,\"name\":\"Hem\",\"item\":\"https:\\\/\\\/embreis.com\\\/se\\\/\"},{\"@type\":\"ListItem\",\"position\":2,\"name\":\"Sortiment\",\"item\":\"https:\\\/\\\/embreis.com\\\/se\\\/sortiment\\\/\"},{\"@type\":\"ListItem\",\"position\":3,\"name\":\"Ortos\",\"item\":\"https:\\\/\\\/embreis.com\\\/se\\\/produktkategori\\\/ortos\\\/\"},{\"@type\":\"ListItem\",\"position\":4,\"name\":\"Rygg\",\"item\":\"https:\\\/\\\/embreis.com\\\/se\\\/produktkategori\\\/ortos\\\/rygg\\\/\"},{\"@type\":\"ListItem\",\"position\":5,\"name\":\"Osteoporos\",\"item\":\"https:\\\/\\\/embreis.com\\\/se\\\/produktkategori\\\/ortos\\\/rygg\\\/osteoporos\\\/\"},{\"@type\":\"ListItem\",\"position\":6,\"name\":\"Spinomed\u00ae V\"}]},{\"@type\":\"WebSite\",\"@id\":\"https:\\\/\\\/embreis.com\\\/se\\\/#website\",\"url\":\"https:\\\/\\\/embreis.com\\\/se\\\/\",\"name\":\"Embreis SE\",\"description\":\"Ortoser, proteser och material\",\"publisher\":{\"@id\":\"https:\\\/\\\/embreis.com\\\/se\\\/#organization\"},\"potentialAction\":[{\"@type\":\"SearchAction\",\"target\":{\"@type\":\"EntryPoint\",\"urlTemplate\":\"https:\\\/\\\/embreis.com\\\/se\\\/?s={search_term_string}\"},\"query-input\":{\"@type\":\"PropertyValueSpecification\",\"valueRequired\":true,\"valueName\":\"search_term_string\"}}],\"inLanguage\":\"sv-SE\"},{\"@type\":\"Organization\",\"@id\":\"https:\\\/\\\/embreis.com\\\/se\\\/#organization\",\"name\":\"Embreis AB\",\"url\":\"https:\\\/\\\/embreis.com\\\/se\\\/\",\"logo\":{\"@type\":\"ImageObject\",\"inLanguage\":\"sv-SE\",\"@id\":\"https:\\\/\\\/embreis.com\\\/se\\\/#\\\/schema\\\/logo\\\/image\\\/\",\"url\":\"https:\\\/\\\/embreis.com\\\/se\\\/wp-content\\\/uploads\\\/sites\\\/6\\\/2019\\\/08\\\/Embreis_Logo2_PMS.png\",\"contentUrl\":\"https:\\\/\\\/embreis.com\\\/se\\\/wp-content\\\/uploads\\\/sites\\\/6\\\/2019\\\/08\\\/Embreis_Logo2_PMS.png\",\"width\":1723,\"height\":926,\"caption\":\"Embreis AB\"},\"image\":{\"@id\":\"https:\\\/\\\/embreis.com\\\/se\\\/#\\\/schema\\\/logo\\\/image\\\/\"},\"sameAs\":[\"https:\\\/\\\/www.facebook.com\\\/embreis\\\/\",\"https:\\\/\\\/www.linkedin.com\\\/company\\\/embreis-ab\\\/\",\"https:\\\/\\\/www.youtube.com\\\/user\\\/embreisAB\"]}]}<\/script>\n<!-- \/ Yoast SEO Premium plugin. -->","yoast_head_json":{"title":"Spinomed\u00ae V - Embreis.com","robots":{"index":"index","follow":"follow","max-snippet":"max-snippet:-1","max-image-preview":"max-image-preview:large","max-video-preview":"max-video-preview:-1"},"canonical":"https:\/\/embreis.com\/se\/produkt\/spinomed-v\/","og_locale":"sv_SE","og_type":"article","og_title":"Spinomed\u00ae V","og_description":"Aktiverande korsett  St\u00e4rker rygg- o magmuskler  Motverkar kyfos  F\u00f6rb\u00e4ttrar balans","og_url":"https:\/\/embreis.com\/se\/produkt\/spinomed-v\/","og_site_name":"Embreis SE","article_publisher":"https:\/\/www.facebook.com\/embreis\/","article_modified_time":"2025-09-10T12:59:44+00:00","og_image":[{"width":850,"height":850,"url":"https:\/\/embreis.com\/se\/wp-content\/uploads\/sites\/6\/2022\/05\/Spinomed_V_2.png","type":"image\/png"}],"twitter_card":"summary_large_image","twitter_misc":{"Ber\u00e4knad l\u00e4stid":"2 minuter"},"schema":{"@context":"https:\/\/schema.org","@graph":[{"@type":"WebPage","@id":"https:\/\/embreis.com\/se\/produkt\/spinomed-v\/","url":"https:\/\/embreis.com\/se\/produkt\/spinomed-v\/","name":"Spinomed\u00ae V - Embreis.com","isPartOf":{"@id":"https:\/\/embreis.com\/se\/#website"},"primaryImageOfPage":{"@id":"https:\/\/embreis.com\/se\/produkt\/spinomed-v\/#primaryimage"},"image":{"@id":"https:\/\/embreis.com\/se\/produkt\/spinomed-v\/#primaryimage"},"thumbnailUrl":"https:\/\/embreis.com\/se\/wp-content\/uploads\/sites\/6\/2022\/05\/Spinomed_V_2.png","datePublished":"2022-05-05T09:08:38+00:00","dateModified":"2025-09-10T12:59:44+00:00","breadcrumb":{"@id":"https:\/\/embreis.com\/se\/produkt\/spinomed-v\/#breadcrumb"},"inLanguage":"sv-SE","potentialAction":[{"@type":"ReadAction","target":["https:\/\/embreis.com\/se\/produkt\/spinomed-v\/"]}]},{"@type":"ImageObject","inLanguage":"sv-SE","@id":"https:\/\/embreis.com\/se\/produkt\/spinomed-v\/#primaryimage","url":"https:\/\/embreis.com\/se\/wp-content\/uploads\/sites\/6\/2022\/05\/Spinomed_V_2.png","contentUrl":"https:\/\/embreis.com\/se\/wp-content\/uploads\/sites\/6\/2022\/05\/Spinomed_V_2.png","width":850,"height":850},{"@type":"BreadcrumbList","@id":"https:\/\/embreis.com\/se\/produkt\/spinomed-v\/#breadcrumb","itemListElement":[{"@type":"ListItem","position":1,"name":"Hem","item":"https:\/\/embreis.com\/se\/"},{"@type":"ListItem","position":2,"name":"Sortiment","item":"https:\/\/embreis.com\/se\/sortiment\/"},{"@type":"ListItem","position":3,"name":"Ortos","item":"https:\/\/embreis.com\/se\/produktkategori\/ortos\/"},{"@type":"ListItem","position":4,"name":"Rygg","item":"https:\/\/embreis.com\/se\/produktkategori\/ortos\/rygg\/"},{"@type":"ListItem","position":5,"name":"Osteoporos","item":"https:\/\/embreis.com\/se\/produktkategori\/ortos\/rygg\/osteoporos\/"},{"@type":"ListItem","position":6,"name":"Spinomed\u00ae V"}]},{"@type":"WebSite","@id":"https:\/\/embreis.com\/se\/#website","url":"https:\/\/embreis.com\/se\/","name":"Embreis SE","description":"Ortoser, proteser och material","publisher":{"@id":"https:\/\/embreis.com\/se\/#organization"},"potentialAction":[{"@type":"SearchAction","target":{"@type":"EntryPoint","urlTemplate":"https:\/\/embreis.com\/se\/?s={search_term_string}"},"query-input":{"@type":"PropertyValueSpecification","valueRequired":true,"valueName":"search_term_string"}}],"inLanguage":"sv-SE"},{"@type":"Organization","@id":"https:\/\/embreis.com\/se\/#organization","name":"Embreis AB","url":"https:\/\/embreis.com\/se\/","logo":{"@type":"ImageObject","inLanguage":"sv-SE","@id":"https:\/\/embreis.com\/se\/#\/schema\/logo\/image\/","url":"https:\/\/embreis.com\/se\/wp-content\/uploads\/sites\/6\/2019\/08\/Embreis_Logo2_PMS.png","contentUrl":"https:\/\/embreis.com\/se\/wp-content\/uploads\/sites\/6\/2019\/08\/Embreis_Logo2_PMS.png","width":1723,"height":926,"caption":"Embreis AB"},"image":{"@id":"https:\/\/embreis.com\/se\/#\/schema\/logo\/image\/"},"sameAs":["https:\/\/www.facebook.com\/embreis\/","https:\/\/www.linkedin.com\/company\/embreis-ab\/","https:\/\/www.youtube.com\/user\/embreisAB"]}]}},"_links":{"self":[{"href":"https:\/\/embreis.com\/se\/wp-json\/wp\/v2\/product\/12414","targetHints":{"allow":["GET"]}}],"collection":[{"href":"https:\/\/embreis.com\/se\/wp-json\/wp\/v2\/product"}],"about":[{"href":"https:\/\/embreis.com\/se\/wp-json\/wp\/v2\/types\/product"}],"wp:featuredmedia":[{"embeddable":true,"href":"https:\/\/embreis.com\/se\/wp-json\/wp\/v2\/media\/12420"}],"wp:attachment":[{"href":"https:\/\/embreis.com\/se\/wp-json\/wp\/v2\/media?parent=12414"}],"wp:term":[{"taxonomy":"product_brand","embeddable":true,"href":"https:\/\/embreis.com\/se\/wp-json\/wp\/v2\/product_brand?post=12414"},{"taxonomy":"product_cat","embeddable":true,"href":"https:\/\/embreis.com\/se\/wp-json\/wp\/v2\/product_cat?post=12414"},{"taxonomy":"product_tag","embeddable":true,"href":"https:\/\/embreis.com\/se\/wp-json\/wp\/v2\/product_tag?post=12414"}],"curies":[{"name":"wp","href":"https:\/\/api.w.org\/{rel}","templated":true}]}}