{"id":12067,"date":"2021-11-17T16:39:33","date_gmt":"2021-11-17T14:39:33","guid":{"rendered":"https:\/\/embreis.com\/se\/?post_type=product&#038;p=12067"},"modified":"2024-10-14T20:07:58","modified_gmt":"2024-10-14T18:07:58","slug":"ponseti-afo-standard-prematur","status":"publish","type":"product","link":"https:\/\/embreis.com\/se\/produkt\/ponseti-afo-standard-prematur\/","title":{"rendered":"Mitchell Ponseti\u00ae AFO Standard &#8211; Prematur"},"content":{"rendered":"<p id=\"tw-target-text\" class=\"tw-data-text tw-text-large tw-ta\" dir=\"ltr\" data-placeholder=\"\u00d6vers\u00e4ttning\"><span class=\"Y2IQFc\" lang=\"sv\">Mitchell Ponseti\u00ae AFO Standard \u00e4r en ankelfots ortos f\u00f6r anv\u00e4ndning vid PEVA &#8211; Klumpfots korrigering enligt etablerad standardbehandling &#8211; Ponsetimetoden.<br \/>\n<\/span><span class=\"Y2IQFc\" lang=\"sv\">Det patenterade Mitchell Ponseti\u00ae systemet best\u00e5r av sandalliknande AFO som f\u00e4sts p\u00e5 den reglerbara skenan, med inbyggd dorsal flexion. Allt i enlighet med Ponsetis standardprotokoll.<br \/>\n<\/span><span class=\"Y2IQFc\" lang=\"sv\">AFO:n \u00e4r speciellt framtagen f\u00f6r att undvika skav och bl\u00e5sor p\u00e5 barnets fot. Ett mjukt foder av elastomer f\u00f6r extra komfort och f\u00f6ljsamhet. \u00d6verdel och remmar \u00e4r framtagna i ett mjukt syntetiskt l\u00e4der. <\/span><span class=\"Y2IQFc\" lang=\"sv\">H\u00e4lens placering kan enkelt ses genom de tv\u00e5 h\u00e5l som finns p\u00e5 baksidan av AFO:n. En viktig del f\u00f6r att f\u00e5 en perfekt passform och optimal komfort.<\/span><\/p>\n<p class=\"tw-data-text tw-text-large tw-ta\" dir=\"ltr\" data-placeholder=\"\u00d6vers\u00e4ttning\"><span class=\"Y2IQFc\" lang=\"sv\"><strong>AFO Prematur \u00e4r framtagen f\u00f6r PEVA behandling hos prematura barn.<\/strong> AFO och Skena \u00e4r permanent monterade och finns i tv\u00e5 storlekar, P6-0 och P5-0. Dessa storlekar s\u00e4ljs ej separat utan endast som par. Prematurskenan &#8211; Preemie Bar har m\u00e5tt 15.0-20.0 cm och kan vid behov kortas ned till 10 cm.<\/span><\/p>\n<p dir=\"ltr\" data-placeholder=\"\u00d6vers\u00e4ttning\"><a href=\"https:\/\/embreis.com\/se\/produkt\/ponseti-afo-standard-singel\/\">Mitchell Ponseti\u00ae AFO Standard &#8211; Singel<\/a><\/p>\n","protected":false},"excerpt":{"rendered":"<p>Mitchell Ponseti\u00ae AFO Standard \u00e4r en ankelfots ortos f\u00f6r anv\u00e4ndning vid PEVA &#8211; Klumpfots korrigering enligt etablerad standardbehandling &#8211; Ponsetimetoden. [&hellip;]<\/p>\n","protected":false},"featured_media":12083,"template":"","meta":[],"product_brand":[],"product_cat":[1363,217,220],"product_tag":[],"class_list":{"0":"post-12067","1":"product","2":"type-product","3":"status-publish","4":"has-post-thumbnail","6":"product_cat-peva-klumpfot","7":"product_cat-ortos","8":"product_cat-fot","9":"pa_upphandlingar-vgr","10":"pa_varumarke-mitchell-ponseti","12":"first","13":"outofstock","14":"shipping-taxable","15":"product-type-variable"},"acf":[],"yoast_head":"<!-- This site is optimized with the Yoast SEO Premium plugin v27.3 (Yoast SEO v27.3) - https:\/\/yoast.com\/product\/yoast-seo-premium-wordpress\/ -->\n<title>Mitchell Ponseti\u00ae AFO Standard - Prematur - Embreis.com<\/title>\n<meta name=\"robots\" content=\"index, follow, max-snippet:-1, max-image-preview:large, max-video-preview:-1\" \/>\n<link rel=\"canonical\" href=\"https:\/\/embreis.com\/se\/produkt\/ponseti-afo-standard-prematur\/\" \/>\n<meta property=\"og:locale\" content=\"sv_SE\" \/>\n<meta property=\"og:type\" content=\"article\" \/>\n<meta property=\"og:title\" content=\"Mitchell Ponseti\u00ae AFO Standard - Prematur\" \/>\n<meta property=\"og:description\" content=\"Mitchell Ponseti\u00ae AFO Standard \u00e4r en ankelfots ortos f\u00f6r anv\u00e4ndning vid PEVA &#8211; Klumpfots korrigering enligt etablerad standardbehandling &#8211; Ponsetimetoden. [&hellip;]\" \/>\n<meta property=\"og:url\" content=\"https:\/\/embreis.com\/se\/produkt\/ponseti-afo-standard-prematur\/\" \/>\n<meta property=\"og:site_name\" content=\"Embreis SE\" \/>\n<meta property=\"article:publisher\" content=\"https:\/\/www.facebook.com\/embreis\/\" \/>\n<meta property=\"article:modified_time\" content=\"2024-10-14T18:07:58+00:00\" \/>\n<meta property=\"og:image\" content=\"https:\/\/embreis.com\/se\/wp-content\/uploads\/sites\/6\/2021\/11\/Ponseti-Standard-Prematur.png\" \/>\n\t<meta property=\"og:image:width\" content=\"850\" \/>\n\t<meta property=\"og:image:height\" content=\"838\" \/>\n\t<meta property=\"og:image:type\" content=\"image\/png\" \/>\n<meta name=\"twitter:card\" content=\"summary_large_image\" \/>\n<meta name=\"twitter:label1\" content=\"Ber\u00e4knad l\u00e4stid\" \/>\n\t<meta name=\"twitter:data1\" content=\"1 minut\" \/>\n<script type=\"application\/ld+json\" class=\"yoast-schema-graph\">{\"@context\":\"https:\\\/\\\/schema.org\",\"@graph\":[{\"@type\":\"WebPage\",\"@id\":\"https:\\\/\\\/embreis.com\\\/se\\\/produkt\\\/ponseti-afo-standard-prematur\\\/\",\"url\":\"https:\\\/\\\/embreis.com\\\/se\\\/produkt\\\/ponseti-afo-standard-prematur\\\/\",\"name\":\"Mitchell Ponseti\u00ae AFO Standard - Prematur - Embreis.com\",\"isPartOf\":{\"@id\":\"https:\\\/\\\/embreis.com\\\/se\\\/#website\"},\"primaryImageOfPage\":{\"@id\":\"https:\\\/\\\/embreis.com\\\/se\\\/produkt\\\/ponseti-afo-standard-prematur\\\/#primaryimage\"},\"image\":{\"@id\":\"https:\\\/\\\/embreis.com\\\/se\\\/produkt\\\/ponseti-afo-standard-prematur\\\/#primaryimage\"},\"thumbnailUrl\":\"https:\\\/\\\/embreis.com\\\/se\\\/wp-content\\\/uploads\\\/sites\\\/6\\\/2021\\\/11\\\/Ponseti-Standard-Prematur.png\",\"datePublished\":\"2021-11-17T14:39:33+00:00\",\"dateModified\":\"2024-10-14T18:07:58+00:00\",\"breadcrumb\":{\"@id\":\"https:\\\/\\\/embreis.com\\\/se\\\/produkt\\\/ponseti-afo-standard-prematur\\\/#breadcrumb\"},\"inLanguage\":\"sv-SE\",\"potentialAction\":[{\"@type\":\"ReadAction\",\"target\":[\"https:\\\/\\\/embreis.com\\\/se\\\/produkt\\\/ponseti-afo-standard-prematur\\\/\"]}]},{\"@type\":\"ImageObject\",\"inLanguage\":\"sv-SE\",\"@id\":\"https:\\\/\\\/embreis.com\\\/se\\\/produkt\\\/ponseti-afo-standard-prematur\\\/#primaryimage\",\"url\":\"https:\\\/\\\/embreis.com\\\/se\\\/wp-content\\\/uploads\\\/sites\\\/6\\\/2021\\\/11\\\/Ponseti-Standard-Prematur.png\",\"contentUrl\":\"https:\\\/\\\/embreis.com\\\/se\\\/wp-content\\\/uploads\\\/sites\\\/6\\\/2021\\\/11\\\/Ponseti-Standard-Prematur.png\",\"width\":850,\"height\":838},{\"@type\":\"BreadcrumbList\",\"@id\":\"https:\\\/\\\/embreis.com\\\/se\\\/produkt\\\/ponseti-afo-standard-prematur\\\/#breadcrumb\",\"itemListElement\":[{\"@type\":\"ListItem\",\"position\":1,\"name\":\"Hem\",\"item\":\"https:\\\/\\\/embreis.com\\\/se\\\/\"},{\"@type\":\"ListItem\",\"position\":2,\"name\":\"Sortiment\",\"item\":\"https:\\\/\\\/embreis.com\\\/se\\\/sortiment\\\/\"},{\"@type\":\"ListItem\",\"position\":3,\"name\":\"Ortos\",\"item\":\"https:\\\/\\\/embreis.com\\\/se\\\/produktkategori\\\/ortos\\\/\"},{\"@type\":\"ListItem\",\"position\":4,\"name\":\"Fot\",\"item\":\"https:\\\/\\\/embreis.com\\\/se\\\/produktkategori\\\/ortos\\\/fot\\\/\"},{\"@type\":\"ListItem\",\"position\":5,\"name\":\"PEVA - Klumpfot\",\"item\":\"https:\\\/\\\/embreis.com\\\/se\\\/produktkategori\\\/ortos\\\/fot\\\/peva-klumpfot\\\/\"},{\"@type\":\"ListItem\",\"position\":6,\"name\":\"Mitchell Ponseti\u00ae AFO Standard &#8211; Prematur\"}]},{\"@type\":\"WebSite\",\"@id\":\"https:\\\/\\\/embreis.com\\\/se\\\/#website\",\"url\":\"https:\\\/\\\/embreis.com\\\/se\\\/\",\"name\":\"Embreis SE\",\"description\":\"Ortoser, proteser och material\",\"publisher\":{\"@id\":\"https:\\\/\\\/embreis.com\\\/se\\\/#organization\"},\"potentialAction\":[{\"@type\":\"SearchAction\",\"target\":{\"@type\":\"EntryPoint\",\"urlTemplate\":\"https:\\\/\\\/embreis.com\\\/se\\\/?s={search_term_string}\"},\"query-input\":{\"@type\":\"PropertyValueSpecification\",\"valueRequired\":true,\"valueName\":\"search_term_string\"}}],\"inLanguage\":\"sv-SE\"},{\"@type\":\"Organization\",\"@id\":\"https:\\\/\\\/embreis.com\\\/se\\\/#organization\",\"name\":\"Embreis AB\",\"url\":\"https:\\\/\\\/embreis.com\\\/se\\\/\",\"logo\":{\"@type\":\"ImageObject\",\"inLanguage\":\"sv-SE\",\"@id\":\"https:\\\/\\\/embreis.com\\\/se\\\/#\\\/schema\\\/logo\\\/image\\\/\",\"url\":\"https:\\\/\\\/embreis.com\\\/se\\\/wp-content\\\/uploads\\\/sites\\\/6\\\/2019\\\/08\\\/Embreis_Logo2_PMS.png\",\"contentUrl\":\"https:\\\/\\\/embreis.com\\\/se\\\/wp-content\\\/uploads\\\/sites\\\/6\\\/2019\\\/08\\\/Embreis_Logo2_PMS.png\",\"width\":1723,\"height\":926,\"caption\":\"Embreis AB\"},\"image\":{\"@id\":\"https:\\\/\\\/embreis.com\\\/se\\\/#\\\/schema\\\/logo\\\/image\\\/\"},\"sameAs\":[\"https:\\\/\\\/www.facebook.com\\\/embreis\\\/\",\"https:\\\/\\\/www.linkedin.com\\\/company\\\/embreis-ab\\\/\",\"https:\\\/\\\/www.youtube.com\\\/user\\\/embreisAB\"]}]}<\/script>\n<!-- \/ Yoast SEO Premium plugin. -->","yoast_head_json":{"title":"Mitchell Ponseti\u00ae AFO Standard - Prematur - Embreis.com","robots":{"index":"index","follow":"follow","max-snippet":"max-snippet:-1","max-image-preview":"max-image-preview:large","max-video-preview":"max-video-preview:-1"},"canonical":"https:\/\/embreis.com\/se\/produkt\/ponseti-afo-standard-prematur\/","og_locale":"sv_SE","og_type":"article","og_title":"Mitchell Ponseti\u00ae AFO Standard - Prematur","og_description":"Mitchell Ponseti\u00ae AFO Standard \u00e4r en ankelfots ortos f\u00f6r anv\u00e4ndning vid PEVA &#8211; Klumpfots korrigering enligt etablerad standardbehandling &#8211; Ponsetimetoden. [&hellip;]","og_url":"https:\/\/embreis.com\/se\/produkt\/ponseti-afo-standard-prematur\/","og_site_name":"Embreis SE","article_publisher":"https:\/\/www.facebook.com\/embreis\/","article_modified_time":"2024-10-14T18:07:58+00:00","og_image":[{"width":850,"height":838,"url":"https:\/\/embreis.com\/se\/wp-content\/uploads\/sites\/6\/2021\/11\/Ponseti-Standard-Prematur.png","type":"image\/png"}],"twitter_card":"summary_large_image","twitter_misc":{"Ber\u00e4knad l\u00e4stid":"1 minut"},"schema":{"@context":"https:\/\/schema.org","@graph":[{"@type":"WebPage","@id":"https:\/\/embreis.com\/se\/produkt\/ponseti-afo-standard-prematur\/","url":"https:\/\/embreis.com\/se\/produkt\/ponseti-afo-standard-prematur\/","name":"Mitchell Ponseti\u00ae AFO Standard - Prematur - Embreis.com","isPartOf":{"@id":"https:\/\/embreis.com\/se\/#website"},"primaryImageOfPage":{"@id":"https:\/\/embreis.com\/se\/produkt\/ponseti-afo-standard-prematur\/#primaryimage"},"image":{"@id":"https:\/\/embreis.com\/se\/produkt\/ponseti-afo-standard-prematur\/#primaryimage"},"thumbnailUrl":"https:\/\/embreis.com\/se\/wp-content\/uploads\/sites\/6\/2021\/11\/Ponseti-Standard-Prematur.png","datePublished":"2021-11-17T14:39:33+00:00","dateModified":"2024-10-14T18:07:58+00:00","breadcrumb":{"@id":"https:\/\/embreis.com\/se\/produkt\/ponseti-afo-standard-prematur\/#breadcrumb"},"inLanguage":"sv-SE","potentialAction":[{"@type":"ReadAction","target":["https:\/\/embreis.com\/se\/produkt\/ponseti-afo-standard-prematur\/"]}]},{"@type":"ImageObject","inLanguage":"sv-SE","@id":"https:\/\/embreis.com\/se\/produkt\/ponseti-afo-standard-prematur\/#primaryimage","url":"https:\/\/embreis.com\/se\/wp-content\/uploads\/sites\/6\/2021\/11\/Ponseti-Standard-Prematur.png","contentUrl":"https:\/\/embreis.com\/se\/wp-content\/uploads\/sites\/6\/2021\/11\/Ponseti-Standard-Prematur.png","width":850,"height":838},{"@type":"BreadcrumbList","@id":"https:\/\/embreis.com\/se\/produkt\/ponseti-afo-standard-prematur\/#breadcrumb","itemListElement":[{"@type":"ListItem","position":1,"name":"Hem","item":"https:\/\/embreis.com\/se\/"},{"@type":"ListItem","position":2,"name":"Sortiment","item":"https:\/\/embreis.com\/se\/sortiment\/"},{"@type":"ListItem","position":3,"name":"Ortos","item":"https:\/\/embreis.com\/se\/produktkategori\/ortos\/"},{"@type":"ListItem","position":4,"name":"Fot","item":"https:\/\/embreis.com\/se\/produktkategori\/ortos\/fot\/"},{"@type":"ListItem","position":5,"name":"PEVA - Klumpfot","item":"https:\/\/embreis.com\/se\/produktkategori\/ortos\/fot\/peva-klumpfot\/"},{"@type":"ListItem","position":6,"name":"Mitchell Ponseti\u00ae AFO Standard &#8211; Prematur"}]},{"@type":"WebSite","@id":"https:\/\/embreis.com\/se\/#website","url":"https:\/\/embreis.com\/se\/","name":"Embreis SE","description":"Ortoser, proteser och material","publisher":{"@id":"https:\/\/embreis.com\/se\/#organization"},"potentialAction":[{"@type":"SearchAction","target":{"@type":"EntryPoint","urlTemplate":"https:\/\/embreis.com\/se\/?s={search_term_string}"},"query-input":{"@type":"PropertyValueSpecification","valueRequired":true,"valueName":"search_term_string"}}],"inLanguage":"sv-SE"},{"@type":"Organization","@id":"https:\/\/embreis.com\/se\/#organization","name":"Embreis AB","url":"https:\/\/embreis.com\/se\/","logo":{"@type":"ImageObject","inLanguage":"sv-SE","@id":"https:\/\/embreis.com\/se\/#\/schema\/logo\/image\/","url":"https:\/\/embreis.com\/se\/wp-content\/uploads\/sites\/6\/2019\/08\/Embreis_Logo2_PMS.png","contentUrl":"https:\/\/embreis.com\/se\/wp-content\/uploads\/sites\/6\/2019\/08\/Embreis_Logo2_PMS.png","width":1723,"height":926,"caption":"Embreis AB"},"image":{"@id":"https:\/\/embreis.com\/se\/#\/schema\/logo\/image\/"},"sameAs":["https:\/\/www.facebook.com\/embreis\/","https:\/\/www.linkedin.com\/company\/embreis-ab\/","https:\/\/www.youtube.com\/user\/embreisAB"]}]}},"_links":{"self":[{"href":"https:\/\/embreis.com\/se\/wp-json\/wp\/v2\/product\/12067","targetHints":{"allow":["GET"]}}],"collection":[{"href":"https:\/\/embreis.com\/se\/wp-json\/wp\/v2\/product"}],"about":[{"href":"https:\/\/embreis.com\/se\/wp-json\/wp\/v2\/types\/product"}],"wp:featuredmedia":[{"embeddable":true,"href":"https:\/\/embreis.com\/se\/wp-json\/wp\/v2\/media\/12083"}],"wp:attachment":[{"href":"https:\/\/embreis.com\/se\/wp-json\/wp\/v2\/media?parent=12067"}],"wp:term":[{"taxonomy":"product_brand","embeddable":true,"href":"https:\/\/embreis.com\/se\/wp-json\/wp\/v2\/product_brand?post=12067"},{"taxonomy":"product_cat","embeddable":true,"href":"https:\/\/embreis.com\/se\/wp-json\/wp\/v2\/product_cat?post=12067"},{"taxonomy":"product_tag","embeddable":true,"href":"https:\/\/embreis.com\/se\/wp-json\/wp\/v2\/product_tag?post=12067"}],"curies":[{"name":"wp","href":"https:\/\/api.w.org\/{rel}","templated":true}]}}