{"id":10316,"date":"2020-12-14T18:50:07","date_gmt":"2020-12-14T16:50:07","guid":{"rendered":"http:\/\/embreiscom.wpengine.com\/product\/duo-ci\/"},"modified":"2023-03-27T13:06:17","modified_gmt":"2023-03-27T11:06:17","slug":"duo-pcl","status":"publish","type":"product","link":"https:\/\/embreis.com\/se\/produkt\/duo-pcl\/","title":{"rendered":"Duo &#8211; CI"},"content":{"rendered":"<p>DUO st\u00e5r f\u00f6r Dynamic Unloading Orthosis och \u00e4r en bilateralt ledad kn\u00e4ortos med dynamisk progressiv avlastning av kn\u00e4leden. Den anv\u00e4nds till patienter med gonartros f\u00f6r stabilitet, korrigering, avlastning, och sm\u00e4rtlindring. Ramen kan justeras individuellt f\u00f6r varus respektive valgus och den har en unik led som under extensionsfasen automatiskt vinklar ortosen ytterligare f\u00f6r \u00f6kad avlastning av kn\u00e4leden. DUO l\u00e4mpar sig utm\u00e4rkt f\u00f6r patienter med isolerad artros samt f\u00f6r patienter med kombinerad artros och instabilitetsproblem. DUO finns i prefabricerat utf\u00f6rande och som Custom made samt f\u00f6r medial eller lateral avlastning.<\/p>\n","protected":false},"excerpt":{"rendered":"<ul>\n<li>Dynamisk avlastning<\/li>\n<li>\u00d6kande kraft i extension<\/li>\n<li>St\u00e4llbar ram varus\/valgus<\/li>\n<li>Bilaterala leder f\u00f6r stabilitet<\/li>\n<\/ul>\n","protected":false},"featured_media":7936,"template":"","meta":[],"product_brand":[],"product_cat":[1227,217,222],"product_tag":[],"class_list":{"0":"post-10316","1":"product","2":"type-product","3":"status-publish","4":"has-post-thumbnail","6":"product_cat-oa-gonartros","7":"product_cat-ortos","8":"product_cat-kna","9":"pa_upphandlingar-vgr","10":"pa_varumarke-breg","12":"first","13":"outofstock","14":"shipping-taxable","15":"product-type-variable"},"acf":[],"yoast_head":"<!-- This site is optimized with the Yoast SEO Premium plugin v25.3.1 (Yoast SEO v25.3.1) - https:\/\/yoast.com\/wordpress\/plugins\/seo\/ -->\n<title>Duo - CI - Embreis.com<\/title>\n<meta name=\"robots\" content=\"index, follow, max-snippet:-1, max-image-preview:large, max-video-preview:-1\" \/>\n<link rel=\"canonical\" href=\"https:\/\/embreis.com\/se\/produkt\/duo-pcl\/\" \/>\n<meta property=\"og:locale\" content=\"sv_SE\" \/>\n<meta property=\"og:type\" content=\"article\" \/>\n<meta property=\"og:title\" content=\"Duo - CI\" \/>\n<meta property=\"og:description\" content=\"Dynamisk avlastning  \u00d6kande kraft i extension  St\u00e4llbar ram varus\/valgus  Bilaterala leder f\u00f6r stabilitet\" \/>\n<meta property=\"og:url\" content=\"https:\/\/embreis.com\/se\/produkt\/duo-pcl\/\" \/>\n<meta property=\"og:site_name\" content=\"Embreis SE\" \/>\n<meta property=\"article:publisher\" content=\"https:\/\/www.facebook.com\/embreis\/\" \/>\n<meta property=\"article:modified_time\" content=\"2023-03-27T11:06:17+00:00\" \/>\n<meta property=\"og:image\" content=\"https:\/\/embreis.com\/se\/wp-content\/uploads\/sites\/6\/2020\/02\/Breg.DUO_.jpg\" \/>\n\t<meta property=\"og:image:width\" content=\"567\" \/>\n\t<meta property=\"og:image:height\" content=\"567\" \/>\n\t<meta property=\"og:image:type\" content=\"image\/jpeg\" \/>\n<meta name=\"twitter:card\" content=\"summary_large_image\" \/>\n<meta name=\"twitter:label1\" content=\"Ber\u00e4knad l\u00e4stid\" \/>\n\t<meta name=\"twitter:data1\" content=\"1 minut\" \/>\n<script type=\"application\/ld+json\" class=\"yoast-schema-graph\">{\"@context\":\"https:\/\/schema.org\",\"@graph\":[{\"@type\":\"WebPage\",\"@id\":\"https:\/\/embreis.com\/se\/produkt\/duo-pcl\/\",\"url\":\"https:\/\/embreis.com\/se\/produkt\/duo-pcl\/\",\"name\":\"Duo - CI - Embreis.com\",\"isPartOf\":{\"@id\":\"https:\/\/embreis.com\/se\/#website\"},\"primaryImageOfPage\":{\"@id\":\"https:\/\/embreis.com\/se\/produkt\/duo-pcl\/#primaryimage\"},\"image\":{\"@id\":\"https:\/\/embreis.com\/se\/produkt\/duo-pcl\/#primaryimage\"},\"thumbnailUrl\":\"https:\/\/embreis.com\/se\/wp-content\/uploads\/sites\/6\/2020\/02\/Breg.DUO_.jpg\",\"datePublished\":\"2020-12-14T16:50:07+00:00\",\"dateModified\":\"2023-03-27T11:06:17+00:00\",\"breadcrumb\":{\"@id\":\"https:\/\/embreis.com\/se\/produkt\/duo-pcl\/#breadcrumb\"},\"inLanguage\":\"sv-SE\",\"potentialAction\":[{\"@type\":\"ReadAction\",\"target\":[\"https:\/\/embreis.com\/se\/produkt\/duo-pcl\/\"]}]},{\"@type\":\"ImageObject\",\"inLanguage\":\"sv-SE\",\"@id\":\"https:\/\/embreis.com\/se\/produkt\/duo-pcl\/#primaryimage\",\"url\":\"https:\/\/embreis.com\/se\/wp-content\/uploads\/sites\/6\/2020\/02\/Breg.DUO_.jpg\",\"contentUrl\":\"https:\/\/embreis.com\/se\/wp-content\/uploads\/sites\/6\/2020\/02\/Breg.DUO_.jpg\",\"width\":567,\"height\":567},{\"@type\":\"BreadcrumbList\",\"@id\":\"https:\/\/embreis.com\/se\/produkt\/duo-pcl\/#breadcrumb\",\"itemListElement\":[{\"@type\":\"ListItem\",\"position\":1,\"name\":\"Hem\",\"item\":\"https:\/\/embreis.com\/se\/\"},{\"@type\":\"ListItem\",\"position\":2,\"name\":\"Sortiment\",\"item\":\"https:\/\/embreis.com\/se\/sortiment\/\"},{\"@type\":\"ListItem\",\"position\":3,\"name\":\"Ortos\",\"item\":\"https:\/\/embreis.com\/se\/produktkategori\/ortos\/\"},{\"@type\":\"ListItem\",\"position\":4,\"name\":\"Kn\u00e4\",\"item\":\"https:\/\/embreis.com\/se\/produktkategori\/ortos\/kna\/\"},{\"@type\":\"ListItem\",\"position\":5,\"name\":\"OA Gonartros\",\"item\":\"https:\/\/embreis.com\/se\/produktkategori\/ortos\/kna\/oa-gonartros\/\"},{\"@type\":\"ListItem\",\"position\":6,\"name\":\"Duo &#8211; CI\"}]},{\"@type\":\"WebSite\",\"@id\":\"https:\/\/embreis.com\/se\/#website\",\"url\":\"https:\/\/embreis.com\/se\/\",\"name\":\"Embreis SE\",\"description\":\"Ortoser, proteser och material\",\"publisher\":{\"@id\":\"https:\/\/embreis.com\/se\/#organization\"},\"potentialAction\":[{\"@type\":\"SearchAction\",\"target\":{\"@type\":\"EntryPoint\",\"urlTemplate\":\"https:\/\/embreis.com\/se\/?s={search_term_string}\"},\"query-input\":{\"@type\":\"PropertyValueSpecification\",\"valueRequired\":true,\"valueName\":\"search_term_string\"}}],\"inLanguage\":\"sv-SE\"},{\"@type\":\"Organization\",\"@id\":\"https:\/\/embreis.com\/se\/#organization\",\"name\":\"Embreis AB\",\"url\":\"https:\/\/embreis.com\/se\/\",\"logo\":{\"@type\":\"ImageObject\",\"inLanguage\":\"sv-SE\",\"@id\":\"https:\/\/embreis.com\/se\/#\/schema\/logo\/image\/\",\"url\":\"https:\/\/embreis.com\/se\/wp-content\/uploads\/sites\/6\/2019\/08\/Embreis_Logo2_PMS.png\",\"contentUrl\":\"https:\/\/embreis.com\/se\/wp-content\/uploads\/sites\/6\/2019\/08\/Embreis_Logo2_PMS.png\",\"width\":1723,\"height\":926,\"caption\":\"Embreis AB\"},\"image\":{\"@id\":\"https:\/\/embreis.com\/se\/#\/schema\/logo\/image\/\"},\"sameAs\":[\"https:\/\/www.facebook.com\/embreis\/\",\"https:\/\/www.linkedin.com\/company\/embreis-ab\/\",\"https:\/\/www.youtube.com\/user\/embreisAB\"]}]}<\/script>\n<!-- \/ Yoast SEO Premium plugin. -->","yoast_head_json":{"title":"Duo - CI - Embreis.com","robots":{"index":"index","follow":"follow","max-snippet":"max-snippet:-1","max-image-preview":"max-image-preview:large","max-video-preview":"max-video-preview:-1"},"canonical":"https:\/\/embreis.com\/se\/produkt\/duo-pcl\/","og_locale":"sv_SE","og_type":"article","og_title":"Duo - CI","og_description":"Dynamisk avlastning  \u00d6kande kraft i extension  St\u00e4llbar ram varus\/valgus  Bilaterala leder f\u00f6r stabilitet","og_url":"https:\/\/embreis.com\/se\/produkt\/duo-pcl\/","og_site_name":"Embreis SE","article_publisher":"https:\/\/www.facebook.com\/embreis\/","article_modified_time":"2023-03-27T11:06:17+00:00","og_image":[{"width":567,"height":567,"url":"https:\/\/embreis.com\/se\/wp-content\/uploads\/sites\/6\/2020\/02\/Breg.DUO_.jpg","type":"image\/jpeg"}],"twitter_card":"summary_large_image","twitter_misc":{"Ber\u00e4knad l\u00e4stid":"1 minut"},"schema":{"@context":"https:\/\/schema.org","@graph":[{"@type":"WebPage","@id":"https:\/\/embreis.com\/se\/produkt\/duo-pcl\/","url":"https:\/\/embreis.com\/se\/produkt\/duo-pcl\/","name":"Duo - CI - Embreis.com","isPartOf":{"@id":"https:\/\/embreis.com\/se\/#website"},"primaryImageOfPage":{"@id":"https:\/\/embreis.com\/se\/produkt\/duo-pcl\/#primaryimage"},"image":{"@id":"https:\/\/embreis.com\/se\/produkt\/duo-pcl\/#primaryimage"},"thumbnailUrl":"https:\/\/embreis.com\/se\/wp-content\/uploads\/sites\/6\/2020\/02\/Breg.DUO_.jpg","datePublished":"2020-12-14T16:50:07+00:00","dateModified":"2023-03-27T11:06:17+00:00","breadcrumb":{"@id":"https:\/\/embreis.com\/se\/produkt\/duo-pcl\/#breadcrumb"},"inLanguage":"sv-SE","potentialAction":[{"@type":"ReadAction","target":["https:\/\/embreis.com\/se\/produkt\/duo-pcl\/"]}]},{"@type":"ImageObject","inLanguage":"sv-SE","@id":"https:\/\/embreis.com\/se\/produkt\/duo-pcl\/#primaryimage","url":"https:\/\/embreis.com\/se\/wp-content\/uploads\/sites\/6\/2020\/02\/Breg.DUO_.jpg","contentUrl":"https:\/\/embreis.com\/se\/wp-content\/uploads\/sites\/6\/2020\/02\/Breg.DUO_.jpg","width":567,"height":567},{"@type":"BreadcrumbList","@id":"https:\/\/embreis.com\/se\/produkt\/duo-pcl\/#breadcrumb","itemListElement":[{"@type":"ListItem","position":1,"name":"Hem","item":"https:\/\/embreis.com\/se\/"},{"@type":"ListItem","position":2,"name":"Sortiment","item":"https:\/\/embreis.com\/se\/sortiment\/"},{"@type":"ListItem","position":3,"name":"Ortos","item":"https:\/\/embreis.com\/se\/produktkategori\/ortos\/"},{"@type":"ListItem","position":4,"name":"Kn\u00e4","item":"https:\/\/embreis.com\/se\/produktkategori\/ortos\/kna\/"},{"@type":"ListItem","position":5,"name":"OA Gonartros","item":"https:\/\/embreis.com\/se\/produktkategori\/ortos\/kna\/oa-gonartros\/"},{"@type":"ListItem","position":6,"name":"Duo &#8211; CI"}]},{"@type":"WebSite","@id":"https:\/\/embreis.com\/se\/#website","url":"https:\/\/embreis.com\/se\/","name":"Embreis SE","description":"Ortoser, proteser och material","publisher":{"@id":"https:\/\/embreis.com\/se\/#organization"},"potentialAction":[{"@type":"SearchAction","target":{"@type":"EntryPoint","urlTemplate":"https:\/\/embreis.com\/se\/?s={search_term_string}"},"query-input":{"@type":"PropertyValueSpecification","valueRequired":true,"valueName":"search_term_string"}}],"inLanguage":"sv-SE"},{"@type":"Organization","@id":"https:\/\/embreis.com\/se\/#organization","name":"Embreis AB","url":"https:\/\/embreis.com\/se\/","logo":{"@type":"ImageObject","inLanguage":"sv-SE","@id":"https:\/\/embreis.com\/se\/#\/schema\/logo\/image\/","url":"https:\/\/embreis.com\/se\/wp-content\/uploads\/sites\/6\/2019\/08\/Embreis_Logo2_PMS.png","contentUrl":"https:\/\/embreis.com\/se\/wp-content\/uploads\/sites\/6\/2019\/08\/Embreis_Logo2_PMS.png","width":1723,"height":926,"caption":"Embreis AB"},"image":{"@id":"https:\/\/embreis.com\/se\/#\/schema\/logo\/image\/"},"sameAs":["https:\/\/www.facebook.com\/embreis\/","https:\/\/www.linkedin.com\/company\/embreis-ab\/","https:\/\/www.youtube.com\/user\/embreisAB"]}]}},"_links":{"self":[{"href":"https:\/\/embreis.com\/se\/wp-json\/wp\/v2\/product\/10316","targetHints":{"allow":["GET"]}}],"collection":[{"href":"https:\/\/embreis.com\/se\/wp-json\/wp\/v2\/product"}],"about":[{"href":"https:\/\/embreis.com\/se\/wp-json\/wp\/v2\/types\/product"}],"wp:featuredmedia":[{"embeddable":true,"href":"https:\/\/embreis.com\/se\/wp-json\/wp\/v2\/media\/7936"}],"wp:attachment":[{"href":"https:\/\/embreis.com\/se\/wp-json\/wp\/v2\/media?parent=10316"}],"wp:term":[{"taxonomy":"product_brand","embeddable":true,"href":"https:\/\/embreis.com\/se\/wp-json\/wp\/v2\/product_brand?post=10316"},{"taxonomy":"product_cat","embeddable":true,"href":"https:\/\/embreis.com\/se\/wp-json\/wp\/v2\/product_cat?post=10316"},{"taxonomy":"product_tag","embeddable":true,"href":"https:\/\/embreis.com\/se\/wp-json\/wp\/v2\/product_tag?post=10316"}],"curies":[{"name":"wp","href":"https:\/\/api.w.org\/{rel}","templated":true}]}}