{"id":11812,"date":"2021-03-11T19:06:20","date_gmt":"2021-03-11T17:06:20","guid":{"rendered":"https:\/\/embreis.com\/se\/se\/?page_id=11812"},"modified":"2025-03-27T13:19:22","modified_gmt":"2025-03-27T11:19:22","slug":"vad-ar-osteoporos","status":"publish","type":"page","link":"https:\/\/embreis.com\/se\/osteoporos\/vad-ar-osteoporos\/","title":{"rendered":"Vad \u00e4r Osteoporos?"},"content":{"rendered":"<p><div class=\"fusion-fullwidth fullwidth-box fusion-builder-row-1 fusion-flex-container nonhundred-percent-fullwidth non-hundred-percent-height-scrolling\" style=\"--awb-border-radius-top-left:0px;--awb-border-radius-top-right:0px;--awb-border-radius-bottom-right:0px;--awb-border-radius-bottom-left:0px;\" ><div class=\"fusion-builder-row fusion-row fusion-flex-align-items-flex-start\" style=\"max-width:1248px;margin-left: calc(-4% \/ 2 );margin-right: calc(-4% \/ 2 );\"><div class=\"fusion-layout-column fusion_builder_column fusion-builder-column-0 fusion_builder_column_1_1 1_1 fusion-flex-column\" style=\"--awb-bg-size:cover;--awb-width-large:100%;--awb-spacing-right-large:1.92%;--awb-spacing-left-large:1.92%;--awb-width-medium:100%;--awb-order-medium:0;--awb-spacing-right-medium:1.92%;--awb-spacing-left-medium:1.92%;--awb-width-small:100%;--awb-order-small:0;--awb-spacing-right-small:1.92%;--awb-spacing-left-small:1.92%;\"><div class=\"fusion-column-wrapper fusion-column-has-shadow fusion-flex-justify-content-flex-start fusion-content-layout-column\"><div class=\"fusion-title title fusion-title-1 fusion-sep-none fusion-title-text fusion-title-size-one\"><h1 class=\"title-heading-left\" style=\"margin:0;\"><h1>Vad \u00e4r osteoporos?<\/h1><\/h1><\/div><\/div><\/div><\/div><\/div><div class=\"fusion-fullwidth fullwidth-box fusion-builder-row-2 fusion-flex-container nonhundred-percent-fullwidth non-hundred-percent-height-scrolling\" style=\"--awb-border-radius-top-left:0px;--awb-border-radius-top-right:0px;--awb-border-radius-bottom-right:0px;--awb-border-radius-bottom-left:0px;\" ><div class=\"fusion-builder-row fusion-row fusion-flex-align-items-flex-start\" style=\"max-width:1248px;margin-left: calc(-4% \/ 2 );margin-right: calc(-4% \/ 2 );\"><div class=\"fusion-layout-column fusion_builder_column fusion-builder-column-1 fusion_builder_column_1_3 1_3 fusion-flex-column\" style=\"--awb-bg-size:cover;--awb-width-large:33.333333333333%;--awb-spacing-right-large:5.76%;--awb-spacing-left-large:5.76%;--awb-width-medium:100%;--awb-order-medium:0;--awb-spacing-right-medium:1.92%;--awb-spacing-left-medium:1.92%;--awb-width-small:100%;--awb-order-small:0;--awb-spacing-right-small:1.92%;--awb-spacing-left-small:1.92%;\"><div class=\"fusion-column-wrapper fusion-column-has-shadow fusion-flex-justify-content-flex-start fusion-content-layout-column\"><div class=\"fusion-image-element \" style=\"--awb-bottom-shadow-color:rgba(0,0,0,0.4);\"><div class=\"awb-image-frame awb-image-frame-1 fusion-image-frame-bottomshadow image-frame-shadow-1\"><span class=\" fusion-imageframe imageframe-bottomshadow imageframe-1 element-bottomshadow hover-type-none\"><img decoding=\"async\" width=\"241\" height=\"300\" title=\"Osteoporos skelett bild 1\" src=\"https:\/\/embreis.com\/se\/wp-content\/uploads\/sites\/6\/2021\/06\/bild1.png\" data-orig-src=\"https:\/\/embreis.com\/se\/wp-content\/uploads\/sites\/6\/2021\/06\/bild1-241x300.png\" alt class=\"lazyload img-responsive wp-image-11956\" srcset=\"data:image\/svg+xml,%3Csvg%20xmlns%3D%27http%3A%2F%2Fwww.w3.org%2F2000%2Fsvg%27%20width%3D%27250%27%20height%3D%27311%27%20viewBox%3D%270%200%20250%20311%27%3E%3Crect%20width%3D%27250%27%20height%3D%27311%27%20fill-opacity%3D%220%22%2F%3E%3C%2Fsvg%3E\" data-srcset=\"https:\/\/embreis.com\/se\/wp-content\/uploads\/sites\/6\/2021\/06\/bild1-200x249.png 200w, https:\/\/embreis.com\/se\/wp-content\/uploads\/sites\/6\/2021\/06\/bild1.png 250w\" data-sizes=\"auto\" data-orig-sizes=\"(max-width: 1024px) 100vw, (max-width: 640px) 100vw, 241px\" \/><\/span><\/div><\/div><div class=\"fusion-text fusion-text-1\" style=\"--awb-margin-top:5px;\"><p><em>Frisk kotkropp<\/em><\/p>\n<\/div><\/div><\/div><div class=\"fusion-layout-column fusion_builder_column fusion-builder-column-2 fusion_builder_column_2_3 2_3 fusion-flex-column\" style=\"--awb-bg-size:cover;--awb-width-large:66.666666666667%;--awb-spacing-right-large:2.88%;--awb-spacing-left-large:2.88%;--awb-width-medium:100%;--awb-order-medium:0;--awb-spacing-right-medium:1.92%;--awb-spacing-left-medium:1.92%;--awb-width-small:100%;--awb-order-small:0;--awb-spacing-right-small:1.92%;--awb-spacing-left-small:1.92%;\"><div class=\"fusion-column-wrapper fusion-column-has-shadow fusion-flex-justify-content-flex-start fusion-content-layout-column\"><div class=\"fusion-text fusion-text-2\"><h3><strong>Vad \u00e4r osteoporos<\/strong><\/h3>\n<p id=\"u1576-2\">Osteoporos, bensk\u00f6rhet, urkalkning, \u00e4r en skelett- och endokrin sjukdom. Det \u00e4r en vanlig sjukdom med l\u00e4gre bent\u00e4thet och \u00f6kad risk f\u00f6r benbrott. Risken f\u00f6r benbrott \u00f6kar med \u00f6kad \u00e5lder. Vid h\u00f6g \u00e5lder blir h\u00f6ftbrott vanligare. Vid nedbrytning av kollagen kan bensk\u00f6rhet uppst\u00e5. Fysisk aktivitet och riklig med kalcium och D-vitamin i dieten kan vara f\u00f6rbyggande. Rollen hos kalcium och D-vitamin \u00e4r inte helt klarlagd. Kalcium finns i mejeriprodukter som mj\u00f6lk, filmj\u00f6lk, yoghurt och ost, samt i bladgr\u00f6nsaker som broccoli och spenat.<\/p>\n<h3 id=\"u1576-5\" class=\"Rubrik2\"><strong>Definition<\/strong><\/h3>\n<p id=\"u1576-7\">WHO:s definition av osteoporos \u00e4r ett bent\u00e4thetsv\u00e4rde som ligger mer \u00e4n 2,5 standardavvikelser under v\u00e4rdet f\u00f6r unga vuxna i samma population, detta kallas f\u00f6r T-v\u00e4rdet (T-Score), d\u00e5 man j\u00e4mf\u00f6relsen ist\u00e4llet med medel bent\u00e4thetsv\u00e4rdet f\u00f6r den \u00e5ldern kallas det Z-v\u00e4rde (Z-score).<\/p>\n<\/div><\/div><\/div><div class=\"fusion-layout-column fusion_builder_column fusion-builder-column-3 fusion_builder_column_1_3 1_3 fusion-flex-column\" style=\"--awb-bg-size:cover;--awb-width-large:33.333333333333%;--awb-spacing-right-large:5.76%;--awb-spacing-left-large:5.76%;--awb-width-medium:100%;--awb-order-medium:0;--awb-spacing-right-medium:1.92%;--awb-spacing-left-medium:1.92%;--awb-width-small:100%;--awb-order-small:0;--awb-spacing-right-small:1.92%;--awb-spacing-left-small:1.92%;\"><div class=\"fusion-column-wrapper fusion-column-has-shadow fusion-flex-justify-content-flex-start fusion-content-layout-column\"><div class=\"fusion-image-element \" style=\"--awb-bottom-shadow-color:rgba(0,0,0,0.4);\"><div class=\"awb-image-frame awb-image-frame-2 fusion-image-frame-bottomshadow image-frame-shadow-2\"><span class=\" fusion-imageframe imageframe-bottomshadow imageframe-2 element-bottomshadow hover-type-none\"><img decoding=\"async\" width=\"223\" height=\"300\" title=\"Osteoporos skelett bild 2\" src=\"https:\/\/embreis.com\/se\/wp-content\/uploads\/sites\/6\/2021\/06\/bild2.png\" data-orig-src=\"https:\/\/embreis.com\/se\/wp-content\/uploads\/sites\/6\/2021\/06\/bild2-223x300.png\" alt class=\"lazyload img-responsive wp-image-11958\" srcset=\"data:image\/svg+xml,%3Csvg%20xmlns%3D%27http%3A%2F%2Fwww.w3.org%2F2000%2Fsvg%27%20width%3D%27250%27%20height%3D%27337%27%20viewBox%3D%270%200%20250%20337%27%3E%3Crect%20width%3D%27250%27%20height%3D%27337%27%20fill-opacity%3D%220%22%2F%3E%3C%2Fsvg%3E\" data-srcset=\"https:\/\/embreis.com\/se\/wp-content\/uploads\/sites\/6\/2021\/06\/bild2-200x270.png 200w, https:\/\/embreis.com\/se\/wp-content\/uploads\/sites\/6\/2021\/06\/bild2.png 250w\" data-sizes=\"auto\" data-orig-sizes=\"(max-width: 1024px) 100vw, (max-width: 640px) 100vw, 223px\" \/><\/span><\/div><\/div><div class=\"fusion-text fusion-text-3\" style=\"--awb-margin-top:5px;\"><p><em>Osteoporotisk kotkropp<\/em><\/p>\n<\/div><\/div><\/div><div class=\"fusion-layout-column fusion_builder_column fusion-builder-column-4 fusion_builder_column_2_3 2_3 fusion-flex-column\" style=\"--awb-bg-size:cover;--awb-width-large:66.666666666667%;--awb-spacing-right-large:2.88%;--awb-spacing-left-large:2.88%;--awb-width-medium:100%;--awb-order-medium:0;--awb-spacing-right-medium:1.92%;--awb-spacing-left-medium:1.92%;--awb-width-small:100%;--awb-order-small:0;--awb-spacing-right-small:1.92%;--awb-spacing-left-small:1.92%;\"><div class=\"fusion-column-wrapper fusion-column-has-shadow fusion-flex-justify-content-flex-start fusion-content-layout-column\"><div class=\"fusion-text fusion-text-4\"><h3 id=\"u1576-10\" class=\"Rubrik2\"><strong>Orsaker<\/strong><\/h3>\n<p id=\"u1576-12\">Minskad benm\u00e4ngd \u00e4r den huvudsakliga orsaken. Skelettet \u00e4r som starkast i 20-25-\u00e5rs \u00e5lder och f\u00f6rsvagas d\u00e4refter hela tiden. \u00c4ldre kvinnor f\u00e5r svagare skelett i och med att de inte l\u00e4ngre producerar \u00f6strogen. Benm\u00e4ngden regleras av en m\u00e4ngd olika faktorer s\u00e5som kost, r\u00f6kning och motion. Osteoporos kan \u00e4ven vara ett resultat av en bakomliggande sjukdomsprocess, exempelvis cancer. \u00c4ven njursvikt orsakad av exempelvis en tungmetallf\u00f6rgiftning (t ex kadmium) kan i slut\u00e4ndan ge upphov till osteoporos, eftersom minskad njurfunktion st\u00f6r oms\u00e4ttningen av fosfat och kalcium samt D-vitamin-metabolismen. Fysisk inaktivitet \u00e4r en av de st\u00f6rsta k\u00e4nda orsakerna till bensk\u00f6rhet. \u00c4ven vitamin A kan vara en k\u00e4lla till bensk\u00f6rhet, dock inte vitamin A fr\u00e5n gr\u00f6nsaker, utan endast fr\u00e5n bl a lever och mj\u00f6lkprodukter.<\/p>\n<h3 id=\"u1576-15\" class=\"Rubrik2\"><strong>Unders\u00f6kning<\/strong><\/h3>\n<p id=\"u1576-17\">Man ska utesluta andra orsaker s\u00e5som prim\u00e4r aldosteronism, myelom och thyreotoxikos. K\u00f6nshormoner ska m\u00e4tas f\u00f6r att det inte ska bero p\u00e5 en s\u00e5dan brist. Bent\u00e4theten b\u00f6r definitivt bli m\u00e4tt.<\/p>\n<p id=\"u1576-24\">\u00c4r du i riskzonen f\u00f6r att drabbas?\u00a0<a class=\"nonblock\" href=\"https:\/\/www.sheffield.ac.uk\/FRAX\/tool.aspx?country=5\">FRAX<\/a>\u00a0\u00e4r en modell d\u00e4r man kan ber\u00e4kna 10-\u00e5rsrisken f\u00f6r osteoporos relaterade frakturer. Socialstyrelsen rekommenderar h\u00e4lso- och sjukv\u00e5rden att anv\u00e4nda metoden vid bed\u00f6mning av frakturrisk hos patienter.<\/p>\n<\/div><\/div><\/div><div class=\"fusion-layout-column fusion_builder_column fusion-builder-column-5 fusion_builder_column_1_3 1_3 fusion-flex-column\" style=\"--awb-bg-size:cover;--awb-width-large:33.333333333333%;--awb-spacing-right-large:5.76%;--awb-spacing-left-large:5.76%;--awb-width-medium:100%;--awb-order-medium:0;--awb-spacing-right-medium:1.92%;--awb-spacing-left-medium:1.92%;--awb-width-small:100%;--awb-order-small:0;--awb-spacing-right-small:1.92%;--awb-spacing-left-small:1.92%;\"><div class=\"fusion-column-wrapper fusion-column-has-shadow fusion-flex-justify-content-flex-start fusion-content-layout-column\"><div class=\"fusion-text fusion-text-5\" style=\"--awb-margin-top:5px;\"><h3 id=\"u1576-36\"><strong>L\u00e4s mer om osteoporos p\u00e5 nedanst\u00e5ende l\u00e4nkar:<\/strong><\/h3>\n<p id=\"u1576-42\">Socialstyrelsen &#8211;\u00a0<a class=\"nonblock\" href=\"https:\/\/www.socialstyrelsen.se\/sok\/?q=osteoporos+nationella+riktlinjer\" target=\"_blank\" rel=\"noopener\">www.socialstyrelsen.se\/nationellariktlinjer<\/a><\/p>\n<p id=\"u1576-47\">Svenska Osteoporos s\u00e4llskapet &#8211; <a class=\"nonblock\" href=\"http:\/\/www.svos.se\/\" target=\"_blank\" rel=\"noopener\">www.svos.se<\/a><\/p>\n<p id=\"u1576-53\">Riksf\u00f6reningen Osteoporotiker &#8211;\u00a0<a class=\"nonblock\" href=\"http:\/\/www.osteoporos.org\/\" target=\"_blank\" rel=\"noopener\">www.osteoporos.org<\/a><\/p>\n<\/div><\/div><\/div><div class=\"fusion-layout-column fusion_builder_column fusion-builder-column-6 fusion_builder_column_2_3 2_3 fusion-flex-column\" style=\"--awb-bg-size:cover;--awb-width-large:66.666666666667%;--awb-spacing-right-large:2.88%;--awb-spacing-left-large:2.88%;--awb-width-medium:100%;--awb-order-medium:0;--awb-spacing-right-medium:1.92%;--awb-spacing-left-medium:1.92%;--awb-width-small:100%;--awb-order-small:0;--awb-spacing-right-small:1.92%;--awb-spacing-left-small:1.92%;\"><div class=\"fusion-column-wrapper fusion-column-has-shadow fusion-flex-justify-content-flex-start fusion-content-layout-column\"><div class=\"fusion-text fusion-text-6\"><h3 id=\"u1576-27\" class=\"Rubrik2\"><strong>Behandling<\/strong><\/h3>\n<p id=\"u1576-29\">L\u00e4kemedel s\u00e5som bisfosfonater, \u00f6strogen (ej l\u00e5ngverkande tabletter utan ist\u00e4llet dagvis intag), kalcium, aktivt eller inaktivt Vitamin D eller \u00f6strogenreceptormodulerare (SERM) kan anv\u00e4ndas. \u00d6kad fysisk aktivitet och belastning av skelettet, t ex genom dagliga utepromenader, har visat sig vara effektivt f\u00f6r att stoppa f\u00f6rloppet av \u00f6kad bensk\u00f6rhet. Tillr\u00e4ckligt intag av D-vitamin genom utevistelse och genom kosten, t ex feta fiskar, \u00e4r ocks\u00e5 viktigt i behandlingen.<\/p>\n<p id=\"u1576-33\"><em>K\u00e4lla: Wikipedia<\/em><\/p>\n<\/div><\/div><\/div><\/div><\/div><div class=\"fusion-fullwidth fullwidth-box fusion-builder-row-3 fusion-flex-container nonhundred-percent-fullwidth non-hundred-percent-height-scrolling\" style=\"--awb-border-radius-top-left:0px;--awb-border-radius-top-right:0px;--awb-border-radius-bottom-right:0px;--awb-border-radius-bottom-left:0px;\" ><div class=\"fusion-builder-row fusion-row fusion-flex-align-items-flex-start\" style=\"max-width:1248px;margin-left: calc(-4% \/ 2 );margin-right: calc(-4% \/ 2 );\"><div class=\"fusion-layout-column fusion_builder_column fusion-builder-column-7 fusion_builder_column_1_4 1_4 fusion-flex-column\" style=\"--awb-bg-size:cover;--awb-width-large:25%;--awb-spacing-right-large:7.68%;--awb-spacing-left-large:7.68%;--awb-width-medium:100%;--awb-order-medium:0;--awb-spacing-right-medium:1.92%;--awb-spacing-left-medium:1.92%;--awb-width-small:100%;--awb-order-small:0;--awb-spacing-right-small:1.92%;--awb-spacing-left-small:1.92%;\"><div class=\"fusion-column-wrapper fusion-column-has-shadow fusion-flex-justify-content-flex-start fusion-content-layout-column\"><\/div><\/div><div class=\"fusion-layout-column fusion_builder_column fusion-builder-column-8 fusion_builder_column_1_4 1_4 fusion-flex-column\" style=\"--awb-bg-size:cover;--awb-width-large:25%;--awb-spacing-right-large:7.68%;--awb-spacing-left-large:7.68%;--awb-width-medium:100%;--awb-order-medium:0;--awb-spacing-right-medium:1.92%;--awb-spacing-left-medium:1.92%;--awb-width-small:100%;--awb-order-small:0;--awb-spacing-right-small:1.92%;--awb-spacing-left-small:1.92%;\"><div class=\"fusion-column-wrapper fusion-column-has-shadow fusion-flex-justify-content-flex-start fusion-content-layout-column\"><\/div><\/div><div class=\"fusion-layout-column fusion_builder_column fusion-builder-column-9 fusion_builder_column_1_4 1_4 fusion-flex-column\" style=\"--awb-bg-size:cover;--awb-width-large:25%;--awb-spacing-right-large:7.68%;--awb-spacing-left-large:7.68%;--awb-width-medium:100%;--awb-order-medium:0;--awb-spacing-right-medium:1.92%;--awb-spacing-left-medium:1.92%;--awb-width-small:100%;--awb-order-small:0;--awb-spacing-right-small:1.92%;--awb-spacing-left-small:1.92%;\"><div class=\"fusion-column-wrapper fusion-column-has-shadow fusion-flex-justify-content-flex-start fusion-content-layout-column\"><\/div><\/div><div class=\"fusion-layout-column fusion_builder_column fusion-builder-column-10 fusion_builder_column_1_4 1_4 fusion-flex-column\" style=\"--awb-bg-size:cover;--awb-width-large:25%;--awb-spacing-right-large:7.68%;--awb-spacing-left-large:7.68%;--awb-width-medium:100%;--awb-order-medium:0;--awb-spacing-right-medium:1.92%;--awb-spacing-left-medium:1.92%;--awb-width-small:100%;--awb-order-small:0;--awb-spacing-right-small:1.92%;--awb-spacing-left-small:1.92%;\"><div class=\"fusion-column-wrapper fusion-column-has-shadow fusion-flex-justify-content-flex-start fusion-content-layout-column\"><div class=\"fusion-text fusion-text-7\"><p><a href=\"https:\/\/embreis.com\/se\/osteoporos\/\">&lt;&#8211; Tillbaks till Osteoporos.<\/a><\/p>\n<\/div><\/div><\/div><\/div><\/div><\/p>\n","protected":false},"excerpt":{"rendered":"","protected":false},"author":3,"featured_media":0,"parent":11811,"menu_order":0,"comment_status":"closed","ping_status":"closed","template":"","meta":{"footnotes":""},"class_list":["post-11812","page","type-page","status-publish","hentry"],"acf":[],"yoast_head":"<!-- This site is optimized with the Yoast SEO Premium plugin v27.3 (Yoast SEO v27.3) - https:\/\/yoast.com\/product\/yoast-seo-premium-wordpress\/ -->\n<title>Vad \u00e4r Osteoporos? - Embreis.com<\/title>\n<meta name=\"robots\" content=\"index, follow, max-snippet:-1, max-image-preview:large, max-video-preview:-1\" \/>\n<link rel=\"canonical\" href=\"https:\/\/embreis.com\/se\/osteoporos\/vad-ar-osteoporos\/\" \/>\n<meta property=\"og:locale\" content=\"sv_SE\" \/>\n<meta property=\"og:type\" content=\"article\" \/>\n<meta property=\"og:title\" content=\"Vad \u00e4r Osteoporos?\" \/>\n<meta property=\"og:url\" content=\"https:\/\/embreis.com\/se\/osteoporos\/vad-ar-osteoporos\/\" \/>\n<meta property=\"og:site_name\" content=\"Embreis SE\" \/>\n<meta property=\"article:publisher\" content=\"https:\/\/www.facebook.com\/embreis\/\" \/>\n<meta property=\"article:modified_time\" content=\"2025-03-27T11:19:22+00:00\" \/>\n<meta property=\"og:image\" content=\"https:\/\/embreis.com\/se\/wp-content\/uploads\/sites\/6\/2019\/08\/Embreis_Logo2_PMS.png\" \/>\n\t<meta property=\"og:image:width\" content=\"1723\" \/>\n\t<meta property=\"og:image:height\" content=\"926\" \/>\n\t<meta property=\"og:image:type\" content=\"image\/png\" \/>\n<meta name=\"twitter:card\" content=\"summary_large_image\" \/>\n<meta name=\"twitter:label1\" content=\"Ber\u00e4knad l\u00e4stid\" \/>\n\t<meta name=\"twitter:data1\" content=\"10 minuter\" \/>\n<script type=\"application\/ld+json\" class=\"yoast-schema-graph\">{\"@context\":\"https:\\\/\\\/schema.org\",\"@graph\":[{\"@type\":\"WebPage\",\"@id\":\"https:\\\/\\\/embreis.com\\\/se\\\/osteoporos\\\/vad-ar-osteoporos\\\/\",\"url\":\"https:\\\/\\\/embreis.com\\\/se\\\/osteoporos\\\/vad-ar-osteoporos\\\/\",\"name\":\"Vad \u00e4r Osteoporos? - Embreis.com\",\"isPartOf\":{\"@id\":\"https:\\\/\\\/embreis.com\\\/se\\\/#website\"},\"datePublished\":\"2021-03-11T17:06:20+00:00\",\"dateModified\":\"2025-03-27T11:19:22+00:00\",\"breadcrumb\":{\"@id\":\"https:\\\/\\\/embreis.com\\\/se\\\/osteoporos\\\/vad-ar-osteoporos\\\/#breadcrumb\"},\"inLanguage\":\"sv-SE\",\"potentialAction\":[{\"@type\":\"ReadAction\",\"target\":[\"https:\\\/\\\/embreis.com\\\/se\\\/osteoporos\\\/vad-ar-osteoporos\\\/\"]}]},{\"@type\":\"BreadcrumbList\",\"@id\":\"https:\\\/\\\/embreis.com\\\/se\\\/osteoporos\\\/vad-ar-osteoporos\\\/#breadcrumb\",\"itemListElement\":[{\"@type\":\"ListItem\",\"position\":1,\"name\":\"Hem\",\"item\":\"https:\\\/\\\/embreis.com\\\/se\\\/\"},{\"@type\":\"ListItem\",\"position\":2,\"name\":\"Osteoporos\",\"item\":\"https:\\\/\\\/embreis.com\\\/se\\\/osteoporos\\\/\"},{\"@type\":\"ListItem\",\"position\":3,\"name\":\"Vad \u00e4r Osteoporos?\"}]},{\"@type\":\"WebSite\",\"@id\":\"https:\\\/\\\/embreis.com\\\/se\\\/#website\",\"url\":\"https:\\\/\\\/embreis.com\\\/se\\\/\",\"name\":\"Embreis SE\",\"description\":\"Ortoser, proteser och material\",\"publisher\":{\"@id\":\"https:\\\/\\\/embreis.com\\\/se\\\/#organization\"},\"potentialAction\":[{\"@type\":\"SearchAction\",\"target\":{\"@type\":\"EntryPoint\",\"urlTemplate\":\"https:\\\/\\\/embreis.com\\\/se\\\/?s={search_term_string}\"},\"query-input\":{\"@type\":\"PropertyValueSpecification\",\"valueRequired\":true,\"valueName\":\"search_term_string\"}}],\"inLanguage\":\"sv-SE\"},{\"@type\":\"Organization\",\"@id\":\"https:\\\/\\\/embreis.com\\\/se\\\/#organization\",\"name\":\"Embreis AB\",\"url\":\"https:\\\/\\\/embreis.com\\\/se\\\/\",\"logo\":{\"@type\":\"ImageObject\",\"inLanguage\":\"sv-SE\",\"@id\":\"https:\\\/\\\/embreis.com\\\/se\\\/#\\\/schema\\\/logo\\\/image\\\/\",\"url\":\"https:\\\/\\\/embreis.com\\\/se\\\/wp-content\\\/uploads\\\/sites\\\/6\\\/2019\\\/08\\\/Embreis_Logo2_PMS.png\",\"contentUrl\":\"https:\\\/\\\/embreis.com\\\/se\\\/wp-content\\\/uploads\\\/sites\\\/6\\\/2019\\\/08\\\/Embreis_Logo2_PMS.png\",\"width\":1723,\"height\":926,\"caption\":\"Embreis AB\"},\"image\":{\"@id\":\"https:\\\/\\\/embreis.com\\\/se\\\/#\\\/schema\\\/logo\\\/image\\\/\"},\"sameAs\":[\"https:\\\/\\\/www.facebook.com\\\/embreis\\\/\",\"https:\\\/\\\/www.linkedin.com\\\/company\\\/embreis-ab\\\/\",\"https:\\\/\\\/www.youtube.com\\\/user\\\/embreisAB\"]}]}<\/script>\n<!-- \/ Yoast SEO Premium plugin. -->","yoast_head_json":{"title":"Vad \u00e4r Osteoporos? - Embreis.com","robots":{"index":"index","follow":"follow","max-snippet":"max-snippet:-1","max-image-preview":"max-image-preview:large","max-video-preview":"max-video-preview:-1"},"canonical":"https:\/\/embreis.com\/se\/osteoporos\/vad-ar-osteoporos\/","og_locale":"sv_SE","og_type":"article","og_title":"Vad \u00e4r Osteoporos?","og_url":"https:\/\/embreis.com\/se\/osteoporos\/vad-ar-osteoporos\/","og_site_name":"Embreis SE","article_publisher":"https:\/\/www.facebook.com\/embreis\/","article_modified_time":"2025-03-27T11:19:22+00:00","og_image":[{"width":1723,"height":926,"url":"https:\/\/embreis.com\/se\/wp-content\/uploads\/sites\/6\/2019\/08\/Embreis_Logo2_PMS.png","type":"image\/png"}],"twitter_card":"summary_large_image","twitter_misc":{"Ber\u00e4knad l\u00e4stid":"10 minuter"},"schema":{"@context":"https:\/\/schema.org","@graph":[{"@type":"WebPage","@id":"https:\/\/embreis.com\/se\/osteoporos\/vad-ar-osteoporos\/","url":"https:\/\/embreis.com\/se\/osteoporos\/vad-ar-osteoporos\/","name":"Vad \u00e4r Osteoporos? - Embreis.com","isPartOf":{"@id":"https:\/\/embreis.com\/se\/#website"},"datePublished":"2021-03-11T17:06:20+00:00","dateModified":"2025-03-27T11:19:22+00:00","breadcrumb":{"@id":"https:\/\/embreis.com\/se\/osteoporos\/vad-ar-osteoporos\/#breadcrumb"},"inLanguage":"sv-SE","potentialAction":[{"@type":"ReadAction","target":["https:\/\/embreis.com\/se\/osteoporos\/vad-ar-osteoporos\/"]}]},{"@type":"BreadcrumbList","@id":"https:\/\/embreis.com\/se\/osteoporos\/vad-ar-osteoporos\/#breadcrumb","itemListElement":[{"@type":"ListItem","position":1,"name":"Hem","item":"https:\/\/embreis.com\/se\/"},{"@type":"ListItem","position":2,"name":"Osteoporos","item":"https:\/\/embreis.com\/se\/osteoporos\/"},{"@type":"ListItem","position":3,"name":"Vad \u00e4r Osteoporos?"}]},{"@type":"WebSite","@id":"https:\/\/embreis.com\/se\/#website","url":"https:\/\/embreis.com\/se\/","name":"Embreis SE","description":"Ortoser, proteser och material","publisher":{"@id":"https:\/\/embreis.com\/se\/#organization"},"potentialAction":[{"@type":"SearchAction","target":{"@type":"EntryPoint","urlTemplate":"https:\/\/embreis.com\/se\/?s={search_term_string}"},"query-input":{"@type":"PropertyValueSpecification","valueRequired":true,"valueName":"search_term_string"}}],"inLanguage":"sv-SE"},{"@type":"Organization","@id":"https:\/\/embreis.com\/se\/#organization","name":"Embreis AB","url":"https:\/\/embreis.com\/se\/","logo":{"@type":"ImageObject","inLanguage":"sv-SE","@id":"https:\/\/embreis.com\/se\/#\/schema\/logo\/image\/","url":"https:\/\/embreis.com\/se\/wp-content\/uploads\/sites\/6\/2019\/08\/Embreis_Logo2_PMS.png","contentUrl":"https:\/\/embreis.com\/se\/wp-content\/uploads\/sites\/6\/2019\/08\/Embreis_Logo2_PMS.png","width":1723,"height":926,"caption":"Embreis AB"},"image":{"@id":"https:\/\/embreis.com\/se\/#\/schema\/logo\/image\/"},"sameAs":["https:\/\/www.facebook.com\/embreis\/","https:\/\/www.linkedin.com\/company\/embreis-ab\/","https:\/\/www.youtube.com\/user\/embreisAB"]}]}},"_links":{"self":[{"href":"https:\/\/embreis.com\/se\/wp-json\/wp\/v2\/pages\/11812","targetHints":{"allow":["GET"]}}],"collection":[{"href":"https:\/\/embreis.com\/se\/wp-json\/wp\/v2\/pages"}],"about":[{"href":"https:\/\/embreis.com\/se\/wp-json\/wp\/v2\/types\/page"}],"author":[{"embeddable":true,"href":"https:\/\/embreis.com\/se\/wp-json\/wp\/v2\/users\/3"}],"replies":[{"embeddable":true,"href":"https:\/\/embreis.com\/se\/wp-json\/wp\/v2\/comments?post=11812"}],"version-history":[{"count":0,"href":"https:\/\/embreis.com\/se\/wp-json\/wp\/v2\/pages\/11812\/revisions"}],"up":[{"embeddable":true,"href":"https:\/\/embreis.com\/se\/wp-json\/wp\/v2\/pages\/11811"}],"wp:attachment":[{"href":"https:\/\/embreis.com\/se\/wp-json\/wp\/v2\/media?parent=11812"}],"curies":[{"name":"wp","href":"https:\/\/api.w.org\/{rel}","templated":true}]}}