{"id":11811,"date":"2021-03-11T19:05:43","date_gmt":"2021-03-11T17:05:43","guid":{"rendered":"https:\/\/embreis.com\/se\/se\/?page_id=11811"},"modified":"2021-08-21T14:33:43","modified_gmt":"2021-08-21T12:33:43","slug":"osteoporos","status":"publish","type":"page","link":"https:\/\/embreis.com\/se\/osteoporos\/","title":{"rendered":"Osteoporos"},"content":{"rendered":"<p><div class=\"fusion-fullwidth fullwidth-box fusion-builder-row-1 fusion-flex-container nonhundred-percent-fullwidth non-hundred-percent-height-scrolling\" style=\"--awb-border-radius-top-left:0px;--awb-border-radius-top-right:0px;--awb-border-radius-bottom-right:0px;--awb-border-radius-bottom-left:0px;\" ><div class=\"fusion-builder-row fusion-row fusion-flex-align-items-flex-start\" style=\"max-width:1248px;margin-left: calc(-4% \/ 2 );margin-right: calc(-4% \/ 2 );\"><div class=\"fusion-layout-column fusion_builder_column fusion-builder-column-0 fusion_builder_column_1_1 1_1 fusion-flex-column\" style=\"--awb-bg-size:cover;--awb-width-large:100%;--awb-spacing-right-large:1.92%;--awb-spacing-left-large:1.92%;--awb-width-medium:100%;--awb-order-medium:0;--awb-spacing-right-medium:1.92%;--awb-spacing-left-medium:1.92%;--awb-width-small:100%;--awb-order-small:0;--awb-spacing-right-small:1.92%;--awb-spacing-left-small:1.92%;\"><div class=\"fusion-column-wrapper fusion-column-has-shadow fusion-flex-justify-content-flex-start fusion-content-layout-column\"><div class=\"fusion-title title fusion-title-1 fusion-sep-none fusion-title-text fusion-title-size-one\"><h1 class=\"title-heading-left\" style=\"margin:0;\"><h1><span class=\"Teckenformat\">Evidensbaserad behandling av kotkompressioner<\/span><\/h1><\/h1><\/div><\/div><\/div><\/div><\/div><div class=\"fusion-fullwidth fullwidth-box fusion-builder-row-2 fusion-flex-container nonhundred-percent-fullwidth non-hundred-percent-height-scrolling\" style=\"--awb-border-radius-top-left:0px;--awb-border-radius-top-right:0px;--awb-border-radius-bottom-right:0px;--awb-border-radius-bottom-left:0px;\" ><div class=\"fusion-builder-row fusion-row fusion-flex-align-items-flex-start\" style=\"max-width:1248px;margin-left: calc(-4% \/ 2 );margin-right: calc(-4% \/ 2 );\"><div class=\"fusion-layout-column fusion_builder_column fusion-builder-column-1 fusion_builder_column_1_3 1_3 fusion-flex-column\" style=\"--awb-bg-size:cover;--awb-width-large:33.333333333333%;--awb-spacing-right-large:5.76%;--awb-spacing-left-large:5.76%;--awb-width-medium:100%;--awb-order-medium:0;--awb-spacing-right-medium:1.92%;--awb-spacing-left-medium:1.92%;--awb-width-small:100%;--awb-order-small:0;--awb-spacing-right-small:1.92%;--awb-spacing-left-small:1.92%;\"><div class=\"fusion-column-wrapper fusion-column-has-shadow fusion-flex-justify-content-flex-start fusion-content-layout-column\"><div class=\"fusion-image-element \" style=\"--awb-bottom-shadow-color:rgba(0,0,0,0.4);\"><div class=\"awb-image-frame awb-image-frame-1 fusion-image-frame-bottomshadow image-frame-shadow-1\"><span class=\" fusion-imageframe imageframe-bottomshadow imageframe-1 element-bottomshadow hover-type-none\"><img decoding=\"async\" width=\"300\" height=\"300\" title=\"osteoporos-spinomed-par\" src=\"https:\/\/embreis.com\/se\/wp-content\/uploads\/sites\/6\/2021\/06\/osteoporosnu-spinomed-par.jpeg\" data-orig-src=\"https:\/\/embreis.com\/se\/wp-content\/uploads\/sites\/6\/2021\/06\/osteoporosnu-spinomed-par-300x300.jpeg\" alt class=\"lazyload img-responsive wp-image-11953\" srcset=\"data:image\/svg+xml,%3Csvg%20xmlns%3D%27http%3A%2F%2Fwww.w3.org%2F2000%2Fsvg%27%20width%3D%27300%27%20height%3D%27300%27%20viewBox%3D%270%200%20300%20300%27%3E%3Crect%20width%3D%27300%27%20height%3D%27300%27%20fill-opacity%3D%220%22%2F%3E%3C%2Fsvg%3E\" data-srcset=\"https:\/\/embreis.com\/se\/wp-content\/uploads\/sites\/6\/2021\/06\/osteoporosnu-spinomed-par-200x200.jpeg 200w, https:\/\/embreis.com\/se\/wp-content\/uploads\/sites\/6\/2021\/06\/osteoporosnu-spinomed-par.jpeg 300w\" data-sizes=\"auto\" data-orig-sizes=\"(max-width: 1024px) 100vw, (max-width: 640px) 100vw, 300px\" \/><\/span><\/div><\/div><\/div><\/div><div class=\"fusion-layout-column fusion_builder_column fusion-builder-column-2 fusion_builder_column_2_3 2_3 fusion-flex-column\" style=\"--awb-bg-size:cover;--awb-width-large:66.666666666667%;--awb-spacing-right-large:2.88%;--awb-spacing-left-large:2.88%;--awb-width-medium:100%;--awb-order-medium:0;--awb-spacing-right-medium:1.92%;--awb-spacing-left-medium:1.92%;--awb-width-small:100%;--awb-order-small:0;--awb-spacing-right-small:1.92%;--awb-spacing-left-small:1.92%;\"><div class=\"fusion-column-wrapper fusion-column-has-shadow fusion-flex-justify-content-flex-start fusion-content-layout-column\"><div class=\"fusion-text fusion-text-1\"><h3><strong>Osteoporos &#8211; en folksjukdom<\/strong><\/h3>\n<p>Osteoporos anses idag vara en folksjukdom d\u00e4r Sverige \u00e4r ett av de h\u00e5rdast drabbade l\u00e4nderna i v\u00e4rlden. Varannan svensk kvinna och var fj\u00e4rde man \u00f6ver 50 \u00e5r ber\u00e4knas f\u00e5 minst en fraktur under sin livstid p\u00e5 grund av osteoporos. Kartl\u00e4ggning av osteoporos patienter och fraktur kedjor \u00e4r en viktig del i landstingens f\u00f6rebyggande arbete. Det registreras c:a 70 000 osteoporos frakturer \u00e5rligen i Sverige till f\u00f6ljd av bensk\u00f6rhet och antalet ber\u00e4knas \u00f6ka.<\/p>\n<\/div><div class=\"fusion-text fusion-text-2\"><h3 class=\"Rubrik2\"><strong>\u00d6kad risk f\u00f6r fraktur vid osteoporos<\/strong><\/h3>\n<p id=\"u435-7\">Osteoporos orsakar f\u00f6rlust av benmassa vilket g\u00f6r att skelettet urkalkas och blir sk\u00f6rt vilket ger en \u00f6kad risk f\u00f6r fraktur. Ut\u00f6ver h\u00f6ft, under- och \u00f6verarm \u00e4r ryggkotorna den mest utsatta delen p\u00e5 kroppen och just kotkompressioner \u00e4r den vanligast f\u00f6rekommande osteoporos frakturen. C:a 10 000 ryggfrakturer registreras \u00e5rligen men m\u00f6rkertalet kring dessa \u00e4r stort d\u00e5 l\u00e5ngt ifr\u00e5n alla f\u00e5r en diagnos utan kopplas till vanligt f\u00f6rekommande ryggont.<\/p>\n<\/div><\/div><\/div><div class=\"fusion-layout-column fusion_builder_column fusion-builder-column-3 fusion_builder_column_1_3 1_3 fusion-flex-column\" style=\"--awb-bg-size:cover;--awb-width-large:33.333333333333%;--awb-spacing-right-large:5.76%;--awb-spacing-left-large:5.76%;--awb-width-medium:100%;--awb-order-medium:0;--awb-spacing-right-medium:1.92%;--awb-spacing-left-medium:1.92%;--awb-width-small:100%;--awb-order-small:0;--awb-spacing-right-small:1.92%;--awb-spacing-left-small:1.92%;\"><div class=\"fusion-column-wrapper fusion-column-has-shadow fusion-flex-justify-content-flex-start fusion-content-layout-column\"><div class=\"fusion-image-element \" style=\"--awb-bottom-shadow-color:rgba(0,0,0,0.4);\"><div class=\"awb-image-frame awb-image-frame-2 fusion-image-frame-bottomshadow image-frame-shadow-2\"><span class=\" fusion-imageframe imageframe-bottomshadow imageframe-2 element-bottomshadow hover-type-none\"><img decoding=\"async\" width=\"250\" height=\"181\" title=\"osteoporos-anatomi\" src=\"https:\/\/embreis.com\/se\/wp-content\/uploads\/sites\/6\/2021\/06\/osteoporosnu-anatomi.jpeg\" data-orig-src=\"https:\/\/embreis.com\/se\/wp-content\/uploads\/sites\/6\/2021\/06\/osteoporosnu-anatomi.jpeg\" alt class=\"lazyload img-responsive wp-image-11954\" srcset=\"data:image\/svg+xml,%3Csvg%20xmlns%3D%27http%3A%2F%2Fwww.w3.org%2F2000%2Fsvg%27%20width%3D%27250%27%20height%3D%27181%27%20viewBox%3D%270%200%20250%20181%27%3E%3Crect%20width%3D%27250%27%20height%3D%27181%27%20fill-opacity%3D%220%22%2F%3E%3C%2Fsvg%3E\" data-srcset=\"https:\/\/embreis.com\/se\/wp-content\/uploads\/sites\/6\/2021\/06\/osteoporosnu-anatomi-200x145.jpeg 200w, https:\/\/embreis.com\/se\/wp-content\/uploads\/sites\/6\/2021\/06\/osteoporosnu-anatomi.jpeg 250w\" data-sizes=\"auto\" data-orig-sizes=\"(max-width: 1024px) 100vw, (max-width: 640px) 100vw, 250px\" \/><\/span><\/div><\/div><div class=\"fusion-text fusion-text-3\"><h6><em>Bilden visar en tilltagande kutrygg, s.k. kyfos<\/em><\/h6>\n<\/div><\/div><\/div><div class=\"fusion-layout-column fusion_builder_column fusion-builder-column-4 fusion_builder_column_2_3 2_3 fusion-flex-column\" style=\"--awb-bg-size:cover;--awb-width-large:66.666666666667%;--awb-spacing-right-large:2.88%;--awb-spacing-left-large:2.88%;--awb-width-medium:100%;--awb-order-medium:0;--awb-spacing-right-medium:1.92%;--awb-spacing-left-medium:1.92%;--awb-width-small:100%;--awb-order-small:0;--awb-spacing-right-small:1.92%;--awb-spacing-left-small:1.92%;\"><div class=\"fusion-column-wrapper fusion-column-has-shadow fusion-flex-justify-content-flex-start fusion-content-layout-column\"><div class=\"fusion-text fusion-text-4\"><h3 class=\"Rubrik2\"><strong>Vad \u00e4r konsekvensen av en kotkompression?<\/strong><\/h3>\n<p id=\"u435-15\">Vid en kotkompression kollapsar kotan successivt och orsakar en akut sm\u00e4rta som kan p\u00e5g\u00e5 i m\u00e5nader. Vid \u00e5terkommande kotkompressioner uppst\u00e5r oftast en kronisk v\u00e4rk. Dessa \u00e5stadkommer en f\u00f6rsvagning av ryggmuskulaturen och en tilltagande kutrygg s.k. kyfos (se bild). I takt med nya kotkompressioner tilltar kyfosen vilket p\u00e5verkar balans, andningskapacitet och aktivitetsgrad. Att f\u00f6rebygga nya frakturer \u00e4r alltid m\u00e5let vid all behandling av osteoporospatienter.<strong>\u00a0<a href=\"https:\/\/embreis.com\/se\/osteoporos\/vad-ar-osteoporos\/\">L\u00e4s mer om osteoporos h\u00e4r.<\/a><\/strong><\/p>\n<h3 class=\"Rubrik2\"><strong>St\u00e4rk ryggen, f\u00f6rb\u00e4ttra h\u00e5llningen och minska sm\u00e4rtan<\/strong><\/h3>\n<p id=\"u435-23\">Ut\u00f6ver medicinering, kosth\u00e5llning och motion \u00e4r en av de absolut viktigaste \u00e5tg\u00e4rderna att aktivera och st\u00e4rka ryggmuskulaturen. En starkare rygg f\u00f6rb\u00e4ttrar inte bara patientens h\u00e5llning utan ger \u00e4ven en b\u00e4ttre balans och minskad sm\u00e4rta. Med en dynamisk *Spinomed ortos f\u00e5r ryggen st\u00f6d och avlastning och framf\u00f6rallt aktiveras b\u00e5de rygg och magmuskulatur. Specifik tr\u00e4ning med fysioterapeut rekommenderas alltid.<strong>\u00a0<a href=\"https:\/\/embreis.com\/se\/osteoporos\/vad-ar-spinomed\/\">L\u00e4s mer om hur Spinomed fungerar h\u00e4r.<\/a><\/strong><\/p>\n<\/div><\/div><\/div><div class=\"fusion-layout-column fusion_builder_column fusion-builder-column-5 fusion_builder_column_1_3 1_3 fusion-flex-column\" style=\"--awb-bg-size:cover;--awb-width-large:33.333333333333%;--awb-spacing-right-large:5.76%;--awb-spacing-left-large:5.76%;--awb-width-medium:100%;--awb-order-medium:0;--awb-spacing-right-medium:1.92%;--awb-spacing-left-medium:1.92%;--awb-width-small:100%;--awb-order-small:0;--awb-spacing-right-small:1.92%;--awb-spacing-left-small:1.92%;\"><div class=\"fusion-column-wrapper fusion-column-has-shadow fusion-flex-justify-content-flex-start fusion-content-layout-column\"><\/div><\/div><div class=\"fusion-layout-column fusion_builder_column fusion-builder-column-6 fusion_builder_column_2_3 2_3 fusion-flex-column\" style=\"--awb-bg-size:cover;--awb-width-large:66.666666666667%;--awb-spacing-right-large:2.88%;--awb-spacing-left-large:2.88%;--awb-width-medium:100%;--awb-order-medium:0;--awb-spacing-right-medium:1.92%;--awb-spacing-left-medium:1.92%;--awb-width-small:100%;--awb-order-small:0;--awb-spacing-right-small:1.92%;--awb-spacing-left-small:1.92%;\"><div class=\"fusion-column-wrapper fusion-column-has-shadow fusion-flex-justify-content-flex-start fusion-content-layout-column\"><div class=\"fusion-text fusion-text-5\"><h3 class=\"Rubrik2\"><strong>Kliniska studier visar p\u00e5 Spinomeds effekt<\/strong><\/h3>\n<p id=\"u435-32\">Spinomed har via kliniska studier bevisad effekt n\u00e4r det g\u00e4ller behandling av osteoporotiska kotkompressioner. Ortosen ger en \u00f6kad rygg och magmuskelstyrka, f\u00f6rb\u00e4ttrad balans och reducering av kyfos och sm\u00e4rta. Till skillnad fr\u00e5n traditionella rigida eller elastiska korsetter eller ortoser har Spinomed, med sin dynamiska effekt, en mycket positiv inverkan f\u00f6r patienter med dessa problem.\u00a0<strong><a href=\"https:\/\/embreis.com\/se\/osteoporos\/kliniska-studier\/\">L\u00e4s mer om studierna h\u00e4r.<\/a><\/strong><\/p>\n<\/div><\/div><\/div><div class=\"fusion-layout-column fusion_builder_column fusion-builder-column-7 fusion_builder_column_1_3 1_3 fusion-flex-column\" style=\"--awb-bg-size:cover;--awb-width-large:33.333333333333%;--awb-spacing-right-large:5.76%;--awb-spacing-left-large:5.76%;--awb-width-medium:100%;--awb-order-medium:0;--awb-spacing-right-medium:1.92%;--awb-spacing-left-medium:1.92%;--awb-width-small:100%;--awb-order-small:0;--awb-spacing-right-small:1.92%;--awb-spacing-left-small:1.92%;\"><div class=\"fusion-column-wrapper fusion-column-has-shadow fusion-flex-justify-content-flex-start fusion-content-layout-column\"><div class=\"fusion-image-element \"><span class=\" fusion-imageframe imageframe-none imageframe-3 hover-type-none\"><a class=\"fusion-no-lightbox\" href=\"https:\/\/embreis.com\/se\/wp-content\/uploads\/sites\/6\/2020\/11\/90SW1_User_Information_Spinomed.pdf\" target=\"_self\" aria-label=\"Ladda ner spinomed broschyr\"><img decoding=\"async\" width=\"250\" height=\"300\" src=\"https:\/\/embreis.com\/se\/wp-content\/uploads\/sites\/6\/2021\/08\/Ladda-ner-spinomed-broschyr.png\" data-orig-src=\"https:\/\/embreis.com\/se\/wp-content\/uploads\/sites\/6\/2021\/08\/Ladda-ner-spinomed-broschyr.png\" alt class=\"lazyload img-responsive wp-image-11985\" srcset=\"data:image\/svg+xml,%3Csvg%20xmlns%3D%27http%3A%2F%2Fwww.w3.org%2F2000%2Fsvg%27%20width%3D%27250%27%20height%3D%27300%27%20viewBox%3D%270%200%20250%20300%27%3E%3Crect%20width%3D%27250%27%20height%3D%27300%27%20fill-opacity%3D%220%22%2F%3E%3C%2Fsvg%3E\" data-srcset=\"https:\/\/embreis.com\/se\/wp-content\/uploads\/sites\/6\/2021\/08\/Ladda-ner-spinomed-broschyr-200x240.png 200w, https:\/\/embreis.com\/se\/wp-content\/uploads\/sites\/6\/2021\/08\/Ladda-ner-spinomed-broschyr.png 250w\" data-sizes=\"auto\" data-orig-sizes=\"(max-width: 1024px) 100vw, (max-width: 640px) 100vw, 250px\" \/><\/a><\/span><\/div><\/div><\/div><div class=\"fusion-layout-column fusion_builder_column fusion-builder-column-8 fusion_builder_column_2_3 2_3 fusion-flex-column\" style=\"--awb-bg-size:cover;--awb-width-large:66.666666666667%;--awb-spacing-right-large:2.88%;--awb-spacing-left-large:2.88%;--awb-width-medium:100%;--awb-order-medium:0;--awb-spacing-right-medium:1.92%;--awb-spacing-left-medium:1.92%;--awb-width-small:100%;--awb-order-small:0;--awb-spacing-right-small:1.92%;--awb-spacing-left-small:1.92%;\"><div class=\"fusion-column-wrapper fusion-column-has-shadow fusion-flex-justify-content-flex-start fusion-content-layout-column\"><div class=\"fusion-text fusion-text-6\"><h3 class=\"Rubrik2\"><strong>Hur f\u00e5r jag hj\u00e4lp?<\/strong><\/h3>\n<p id=\"u1602-4\">Hantering och lokala regler kring remissf\u00f6rskrivande av ortopedtekniska hj\u00e4lpmedel s\u00e5 som Spinomed skiljer sig \u00e5t och \u00e4ndras med tiden. I normala fall skrivs remiss fr\u00e5n specialistl\u00e4kare inom ortopedi, neurologi, endokrinologi och medicinsk rehabilitering. I vissa landsting har \u00e4ven prim\u00e4rv\u00e5rdsl\u00e4kare och fysioterapeut f\u00f6rskrivningsr\u00e4tt av ortoser. Utprovning sker sedan p\u00e5 en ortopedteknisk avdelning som finns kopplad till de flesta sjukhus i Sverige.<\/p>\n<p>Om du \u00e4r intresserad av att f\u00e5 mer information kring Spinomed och kontaktuppgifter till en klinik n\u00e4ra dig g\u00e5r det bra att kontakta oss.<strong> <a href=\"https:\/\/embreis.com\/se\/kundsupport\/kontakta-oss\/\">H\u00e4r hittar du v\u00e5ra kontaktuppgifter.\u00a0<\/a><\/strong><\/p>\n<p><strong>Du kan ocks\u00e5 ladda ner v\u00e5r patient broschyr och ta med till din l\u00e4kare eller v\u00e5rdkontakt.<\/strong><\/p>\n<\/div><\/div><\/div><\/div><\/div><\/p>\n","protected":false},"excerpt":{"rendered":"","protected":false},"author":3,"featured_media":0,"parent":0,"menu_order":0,"comment_status":"closed","ping_status":"closed","template":"","meta":{"footnotes":""},"class_list":["post-11811","page","type-page","status-publish","hentry"],"acf":[],"yoast_head":"<!-- This site is optimized with the Yoast SEO Premium plugin v27.3 (Yoast SEO v27.3) - https:\/\/yoast.com\/product\/yoast-seo-premium-wordpress\/ -->\n<title>Osteoporos - Behandling vid Kotkomression - Embreis.com<\/title>\n<meta name=\"robots\" content=\"index, follow, max-snippet:-1, max-image-preview:large, max-video-preview:-1\" \/>\n<link rel=\"canonical\" href=\"https:\/\/embreis.com\/se\/osteoporos\/\" \/>\n<meta property=\"og:locale\" content=\"sv_SE\" \/>\n<meta property=\"og:type\" content=\"article\" \/>\n<meta property=\"og:title\" content=\"Osteoporos\" \/>\n<meta property=\"og:url\" content=\"https:\/\/embreis.com\/se\/osteoporos\/\" \/>\n<meta property=\"og:site_name\" content=\"Embreis SE\" \/>\n<meta property=\"article:publisher\" content=\"https:\/\/www.facebook.com\/embreis\/\" \/>\n<meta property=\"article:modified_time\" content=\"2021-08-21T12:33:43+00:00\" \/>\n<meta property=\"og:image\" content=\"https:\/\/embreis.com\/se\/wp-content\/uploads\/sites\/6\/2019\/08\/Embreis_Logo2_PMS.png\" \/>\n\t<meta property=\"og:image:width\" content=\"1723\" \/>\n\t<meta property=\"og:image:height\" content=\"926\" \/>\n\t<meta property=\"og:image:type\" content=\"image\/png\" \/>\n<meta name=\"twitter:card\" content=\"summary_large_image\" \/>\n<meta name=\"twitter:label1\" content=\"Ber\u00e4knad l\u00e4stid\" \/>\n\t<meta name=\"twitter:data1\" content=\"10 minuter\" \/>\n<script type=\"application\/ld+json\" class=\"yoast-schema-graph\">{\"@context\":\"https:\\\/\\\/schema.org\",\"@graph\":[{\"@type\":\"WebPage\",\"@id\":\"https:\\\/\\\/embreis.com\\\/se\\\/osteoporos\\\/\",\"url\":\"https:\\\/\\\/embreis.com\\\/se\\\/osteoporos\\\/\",\"name\":\"Osteoporos - Behandling vid Kotkomression - Embreis.com\",\"isPartOf\":{\"@id\":\"https:\\\/\\\/embreis.com\\\/se\\\/#website\"},\"datePublished\":\"2021-03-11T17:05:43+00:00\",\"dateModified\":\"2021-08-21T12:33:43+00:00\",\"breadcrumb\":{\"@id\":\"https:\\\/\\\/embreis.com\\\/se\\\/osteoporos\\\/#breadcrumb\"},\"inLanguage\":\"sv-SE\",\"potentialAction\":[{\"@type\":\"ReadAction\",\"target\":[\"https:\\\/\\\/embreis.com\\\/se\\\/osteoporos\\\/\"]}]},{\"@type\":\"BreadcrumbList\",\"@id\":\"https:\\\/\\\/embreis.com\\\/se\\\/osteoporos\\\/#breadcrumb\",\"itemListElement\":[{\"@type\":\"ListItem\",\"position\":1,\"name\":\"Hem\",\"item\":\"https:\\\/\\\/embreis.com\\\/se\\\/\"},{\"@type\":\"ListItem\",\"position\":2,\"name\":\"Osteoporos\"}]},{\"@type\":\"WebSite\",\"@id\":\"https:\\\/\\\/embreis.com\\\/se\\\/#website\",\"url\":\"https:\\\/\\\/embreis.com\\\/se\\\/\",\"name\":\"Embreis SE\",\"description\":\"Ortoser, proteser och material\",\"publisher\":{\"@id\":\"https:\\\/\\\/embreis.com\\\/se\\\/#organization\"},\"potentialAction\":[{\"@type\":\"SearchAction\",\"target\":{\"@type\":\"EntryPoint\",\"urlTemplate\":\"https:\\\/\\\/embreis.com\\\/se\\\/?s={search_term_string}\"},\"query-input\":{\"@type\":\"PropertyValueSpecification\",\"valueRequired\":true,\"valueName\":\"search_term_string\"}}],\"inLanguage\":\"sv-SE\"},{\"@type\":\"Organization\",\"@id\":\"https:\\\/\\\/embreis.com\\\/se\\\/#organization\",\"name\":\"Embreis AB\",\"url\":\"https:\\\/\\\/embreis.com\\\/se\\\/\",\"logo\":{\"@type\":\"ImageObject\",\"inLanguage\":\"sv-SE\",\"@id\":\"https:\\\/\\\/embreis.com\\\/se\\\/#\\\/schema\\\/logo\\\/image\\\/\",\"url\":\"https:\\\/\\\/embreis.com\\\/se\\\/wp-content\\\/uploads\\\/sites\\\/6\\\/2019\\\/08\\\/Embreis_Logo2_PMS.png\",\"contentUrl\":\"https:\\\/\\\/embreis.com\\\/se\\\/wp-content\\\/uploads\\\/sites\\\/6\\\/2019\\\/08\\\/Embreis_Logo2_PMS.png\",\"width\":1723,\"height\":926,\"caption\":\"Embreis AB\"},\"image\":{\"@id\":\"https:\\\/\\\/embreis.com\\\/se\\\/#\\\/schema\\\/logo\\\/image\\\/\"},\"sameAs\":[\"https:\\\/\\\/www.facebook.com\\\/embreis\\\/\",\"https:\\\/\\\/www.linkedin.com\\\/company\\\/embreis-ab\\\/\",\"https:\\\/\\\/www.youtube.com\\\/user\\\/embreisAB\"]}]}<\/script>\n<!-- \/ Yoast SEO Premium plugin. -->","yoast_head_json":{"title":"Osteoporos - Behandling vid Kotkomression - Embreis.com","robots":{"index":"index","follow":"follow","max-snippet":"max-snippet:-1","max-image-preview":"max-image-preview:large","max-video-preview":"max-video-preview:-1"},"canonical":"https:\/\/embreis.com\/se\/osteoporos\/","og_locale":"sv_SE","og_type":"article","og_title":"Osteoporos","og_url":"https:\/\/embreis.com\/se\/osteoporos\/","og_site_name":"Embreis SE","article_publisher":"https:\/\/www.facebook.com\/embreis\/","article_modified_time":"2021-08-21T12:33:43+00:00","og_image":[{"width":1723,"height":926,"url":"https:\/\/embreis.com\/se\/wp-content\/uploads\/sites\/6\/2019\/08\/Embreis_Logo2_PMS.png","type":"image\/png"}],"twitter_card":"summary_large_image","twitter_misc":{"Ber\u00e4knad l\u00e4stid":"10 minuter"},"schema":{"@context":"https:\/\/schema.org","@graph":[{"@type":"WebPage","@id":"https:\/\/embreis.com\/se\/osteoporos\/","url":"https:\/\/embreis.com\/se\/osteoporos\/","name":"Osteoporos - Behandling vid Kotkomression - Embreis.com","isPartOf":{"@id":"https:\/\/embreis.com\/se\/#website"},"datePublished":"2021-03-11T17:05:43+00:00","dateModified":"2021-08-21T12:33:43+00:00","breadcrumb":{"@id":"https:\/\/embreis.com\/se\/osteoporos\/#breadcrumb"},"inLanguage":"sv-SE","potentialAction":[{"@type":"ReadAction","target":["https:\/\/embreis.com\/se\/osteoporos\/"]}]},{"@type":"BreadcrumbList","@id":"https:\/\/embreis.com\/se\/osteoporos\/#breadcrumb","itemListElement":[{"@type":"ListItem","position":1,"name":"Hem","item":"https:\/\/embreis.com\/se\/"},{"@type":"ListItem","position":2,"name":"Osteoporos"}]},{"@type":"WebSite","@id":"https:\/\/embreis.com\/se\/#website","url":"https:\/\/embreis.com\/se\/","name":"Embreis SE","description":"Ortoser, proteser och material","publisher":{"@id":"https:\/\/embreis.com\/se\/#organization"},"potentialAction":[{"@type":"SearchAction","target":{"@type":"EntryPoint","urlTemplate":"https:\/\/embreis.com\/se\/?s={search_term_string}"},"query-input":{"@type":"PropertyValueSpecification","valueRequired":true,"valueName":"search_term_string"}}],"inLanguage":"sv-SE"},{"@type":"Organization","@id":"https:\/\/embreis.com\/se\/#organization","name":"Embreis AB","url":"https:\/\/embreis.com\/se\/","logo":{"@type":"ImageObject","inLanguage":"sv-SE","@id":"https:\/\/embreis.com\/se\/#\/schema\/logo\/image\/","url":"https:\/\/embreis.com\/se\/wp-content\/uploads\/sites\/6\/2019\/08\/Embreis_Logo2_PMS.png","contentUrl":"https:\/\/embreis.com\/se\/wp-content\/uploads\/sites\/6\/2019\/08\/Embreis_Logo2_PMS.png","width":1723,"height":926,"caption":"Embreis AB"},"image":{"@id":"https:\/\/embreis.com\/se\/#\/schema\/logo\/image\/"},"sameAs":["https:\/\/www.facebook.com\/embreis\/","https:\/\/www.linkedin.com\/company\/embreis-ab\/","https:\/\/www.youtube.com\/user\/embreisAB"]}]}},"_links":{"self":[{"href":"https:\/\/embreis.com\/se\/wp-json\/wp\/v2\/pages\/11811","targetHints":{"allow":["GET"]}}],"collection":[{"href":"https:\/\/embreis.com\/se\/wp-json\/wp\/v2\/pages"}],"about":[{"href":"https:\/\/embreis.com\/se\/wp-json\/wp\/v2\/types\/page"}],"author":[{"embeddable":true,"href":"https:\/\/embreis.com\/se\/wp-json\/wp\/v2\/users\/3"}],"replies":[{"embeddable":true,"href":"https:\/\/embreis.com\/se\/wp-json\/wp\/v2\/comments?post=11811"}],"version-history":[{"count":0,"href":"https:\/\/embreis.com\/se\/wp-json\/wp\/v2\/pages\/11811\/revisions"}],"wp:attachment":[{"href":"https:\/\/embreis.com\/se\/wp-json\/wp\/v2\/media?parent=11811"}],"curies":[{"name":"wp","href":"https:\/\/api.w.org\/{rel}","templated":true}]}}