{"id":9487,"date":"2020-12-03T19:09:54","date_gmt":"2020-12-03T17:09:54","guid":{"rendered":"http:\/\/embreiscom.wpengine.com\/product\/genesis-mid-calf-walker\/"},"modified":"2026-02-12T11:28:58","modified_gmt":"2026-02-12T09:28:58","slug":"genesis-mid-calf-walker","status":"publish","type":"product","link":"https:\/\/embreis.com\/no\/produkt\/genesis-mid-calf-walker\/","title":{"rendered":"Genesis Walker kort Mid-Calf"},"content":{"rendered":"<p><strong>Genesis Walker \u2013 effektiv immobilisering med fokus p\u00e5 naturlig gangfunksjon og h\u00f8y komfort<\/strong><\/p>\n<p>Dette er en kort (mid-calf) versjon av Genesis Walker, en lett og velbalansert Walker ortose som kombinerer effektiv stabilisering og immobilisering med sv\u00e6rt h\u00f8y brukskomfort. Ortosen brukes ved postoperativ og posttraumatisk immobilisering av ankel og fot, og er utformet for \u00e5 muliggj\u00f8re et s\u00e5 naturlig og biomekanisk korrekt gangm\u00f8nster som mulig under rehabiliteringen.<\/p>\n<p>I utviklingsprosessen er ingenting overlatt til tilfeldighetene. Ved hjelp av avansert dataoptimalisering og moderne produktutvikling har Breg skapt en optimal kombinasjon av medisinsk funksjon og brukskomfort. Den lave vekten, den sv\u00e6rt lave byggeh\u00f8yden og det smidige plastskallet bidrar til \u00f8kt bevegelighet og minimal p\u00e5virkning p\u00e5 pasientens hverdag. En n\u00f8ye avstemt rulles\u00e5le, st\u00f8tdemping i h\u00e6lpartiet samt bilaterale luftkanaler gir b\u00e5de stabilitet og komfort, noe som gir h\u00f8y pasientaksept i behandlingsperioden.<\/p>\n<p>Genesis Walker kort Mid-Calf er en av de letteste ortosene i sitt segment og legger til rette for en trygg og effektiv rehabilitering.<\/p>\n","protected":false},"excerpt":{"rendered":"<div id=\"ctl00_cph1_lTxt\">\n<ul>\n<li>L\u00e5g Walker modell<\/li>\n<li>Fixering av fotled<\/li>\n<li>L\u00e5g byggh\u00f6jd<\/li>\n<li>Smidig rullsula<\/li>\n<\/ul>\n<\/div>\n","protected":false},"featured_media":10386,"template":"","meta":[],"product_brand":[],"product_cat":[1232,217,225],"product_tag":[],"class_list":{"0":"post-9487","1":"product","2":"type-product","3":"status-publish","4":"has-post-thumbnail","6":"product_cat-postop-traum","7":"product_cat-ortos","8":"product_cat-ankel","9":"pa_varumarke-breg","11":"first","12":"outofstock","13":"shipping-taxable","14":"product-type-variable"},"acf":[],"yoast_head":"<!-- This site is optimized with the Yoast SEO Premium plugin v27.3 (Yoast SEO v27.3) - https:\/\/yoast.com\/product\/yoast-seo-premium-wordpress\/ -->\n<title>Genesis Walker kort Mid-Calf - Embreis NO<\/title>\n<meta name=\"robots\" content=\"index, follow, max-snippet:-1, max-image-preview:large, max-video-preview:-1\" \/>\n<link rel=\"canonical\" href=\"https:\/\/embreis.com\/no\/produkt\/genesis-mid-calf-walker\/\" \/>\n<meta property=\"og:locale\" content=\"sv_SE\" \/>\n<meta property=\"og:type\" content=\"article\" \/>\n<meta property=\"og:title\" content=\"Genesis Walker kort Mid-Calf\" \/>\n<meta property=\"og:description\" content=\"L\u00e5g Walker modell  Fixering av fotled  L\u00e5g byggh\u00f6jd  Smidig rullsula\" \/>\n<meta property=\"og:url\" content=\"https:\/\/embreis.com\/no\/produkt\/genesis-mid-calf-walker\/\" \/>\n<meta property=\"og:site_name\" content=\"Embreis NO\" \/>\n<meta property=\"article:modified_time\" content=\"2026-02-12T09:28:58+00:00\" \/>\n<meta property=\"og:image\" content=\"https:\/\/embreis.com\/no\/wp-content\/uploads\/sites\/9\/2020\/12\/Breg.Genesis_Mid-Calf.jpg\" \/>\n\t<meta property=\"og:image:width\" content=\"567\" \/>\n\t<meta property=\"og:image:height\" content=\"567\" \/>\n\t<meta property=\"og:image:type\" content=\"image\/jpeg\" \/>\n<meta name=\"twitter:card\" content=\"summary_large_image\" \/>\n<meta name=\"twitter:label1\" content=\"Ber\u00e4knad l\u00e4stid\" \/>\n\t<meta name=\"twitter:data1\" content=\"1 minut\" \/>\n<script type=\"application\/ld+json\" class=\"yoast-schema-graph\">{\"@context\":\"https:\\\/\\\/schema.org\",\"@graph\":[{\"@type\":\"WebPage\",\"@id\":\"https:\\\/\\\/embreis.com\\\/no\\\/produkt\\\/genesis-mid-calf-walker\\\/\",\"url\":\"https:\\\/\\\/embreis.com\\\/no\\\/produkt\\\/genesis-mid-calf-walker\\\/\",\"name\":\"Genesis Walker kort Mid-Calf - Embreis NO\",\"isPartOf\":{\"@id\":\"https:\\\/\\\/embreis.com\\\/no\\\/#website\"},\"primaryImageOfPage\":{\"@id\":\"https:\\\/\\\/embreis.com\\\/no\\\/produkt\\\/genesis-mid-calf-walker\\\/#primaryimage\"},\"image\":{\"@id\":\"https:\\\/\\\/embreis.com\\\/no\\\/produkt\\\/genesis-mid-calf-walker\\\/#primaryimage\"},\"thumbnailUrl\":\"https:\\\/\\\/embreis.com\\\/no\\\/wp-content\\\/uploads\\\/sites\\\/9\\\/2020\\\/12\\\/Breg.Genesis_Mid-Calf.jpg\",\"datePublished\":\"2020-12-03T17:09:54+00:00\",\"dateModified\":\"2026-02-12T09:28:58+00:00\",\"breadcrumb\":{\"@id\":\"https:\\\/\\\/embreis.com\\\/no\\\/produkt\\\/genesis-mid-calf-walker\\\/#breadcrumb\"},\"inLanguage\":\"sv-SE\",\"potentialAction\":[{\"@type\":\"ReadAction\",\"target\":[\"https:\\\/\\\/embreis.com\\\/no\\\/produkt\\\/genesis-mid-calf-walker\\\/\"]}]},{\"@type\":\"ImageObject\",\"inLanguage\":\"sv-SE\",\"@id\":\"https:\\\/\\\/embreis.com\\\/no\\\/produkt\\\/genesis-mid-calf-walker\\\/#primaryimage\",\"url\":\"https:\\\/\\\/embreis.com\\\/no\\\/wp-content\\\/uploads\\\/sites\\\/9\\\/2020\\\/12\\\/Breg.Genesis_Mid-Calf.jpg\",\"contentUrl\":\"https:\\\/\\\/embreis.com\\\/no\\\/wp-content\\\/uploads\\\/sites\\\/9\\\/2020\\\/12\\\/Breg.Genesis_Mid-Calf.jpg\",\"width\":567,\"height\":567},{\"@type\":\"BreadcrumbList\",\"@id\":\"https:\\\/\\\/embreis.com\\\/no\\\/produkt\\\/genesis-mid-calf-walker\\\/#breadcrumb\",\"itemListElement\":[{\"@type\":\"ListItem\",\"position\":1,\"name\":\"Hem\",\"item\":\"https:\\\/\\\/embreis.com\\\/no\\\/\"},{\"@type\":\"ListItem\",\"position\":2,\"name\":\"Sortiment\",\"item\":\"https:\\\/\\\/embreis.com\\\/no\\\/sortiment\\\/\"},{\"@type\":\"ListItem\",\"position\":3,\"name\":\"Ortos\",\"item\":\"https:\\\/\\\/embreis.com\\\/no\\\/produktkategori\\\/ortos\\\/\"},{\"@type\":\"ListItem\",\"position\":4,\"name\":\"Ankel\",\"item\":\"https:\\\/\\\/embreis.com\\\/no\\\/produktkategori\\\/ortos\\\/ankel\\\/\"},{\"@type\":\"ListItem\",\"position\":5,\"name\":\"PostOp - Trauma\",\"item\":\"https:\\\/\\\/embreis.com\\\/no\\\/produktkategori\\\/ortos\\\/ankel\\\/postop-traum\\\/\"},{\"@type\":\"ListItem\",\"position\":6,\"name\":\"Genesis Walker kort Mid-Calf\"}]},{\"@type\":\"WebSite\",\"@id\":\"https:\\\/\\\/embreis.com\\\/no\\\/#website\",\"url\":\"https:\\\/\\\/embreis.com\\\/no\\\/\",\"name\":\"Embreis NO\",\"description\":\"Ortoser, proteser och material\",\"potentialAction\":[{\"@type\":\"SearchAction\",\"target\":{\"@type\":\"EntryPoint\",\"urlTemplate\":\"https:\\\/\\\/embreis.com\\\/no\\\/?s={search_term_string}\"},\"query-input\":{\"@type\":\"PropertyValueSpecification\",\"valueRequired\":true,\"valueName\":\"search_term_string\"}}],\"inLanguage\":\"sv-SE\"}]}<\/script>\n<!-- \/ Yoast SEO Premium plugin. -->","yoast_head_json":{"title":"Genesis Walker kort Mid-Calf - Embreis NO","robots":{"index":"index","follow":"follow","max-snippet":"max-snippet:-1","max-image-preview":"max-image-preview:large","max-video-preview":"max-video-preview:-1"},"canonical":"https:\/\/embreis.com\/no\/produkt\/genesis-mid-calf-walker\/","og_locale":"sv_SE","og_type":"article","og_title":"Genesis Walker kort Mid-Calf","og_description":"L\u00e5g Walker modell  Fixering av fotled  L\u00e5g byggh\u00f6jd  Smidig rullsula","og_url":"https:\/\/embreis.com\/no\/produkt\/genesis-mid-calf-walker\/","og_site_name":"Embreis NO","article_modified_time":"2026-02-12T09:28:58+00:00","og_image":[{"width":567,"height":567,"url":"https:\/\/embreis.com\/no\/wp-content\/uploads\/sites\/9\/2020\/12\/Breg.Genesis_Mid-Calf.jpg","type":"image\/jpeg"}],"twitter_card":"summary_large_image","twitter_misc":{"Ber\u00e4knad l\u00e4stid":"1 minut"},"schema":{"@context":"https:\/\/schema.org","@graph":[{"@type":"WebPage","@id":"https:\/\/embreis.com\/no\/produkt\/genesis-mid-calf-walker\/","url":"https:\/\/embreis.com\/no\/produkt\/genesis-mid-calf-walker\/","name":"Genesis Walker kort Mid-Calf - Embreis NO","isPartOf":{"@id":"https:\/\/embreis.com\/no\/#website"},"primaryImageOfPage":{"@id":"https:\/\/embreis.com\/no\/produkt\/genesis-mid-calf-walker\/#primaryimage"},"image":{"@id":"https:\/\/embreis.com\/no\/produkt\/genesis-mid-calf-walker\/#primaryimage"},"thumbnailUrl":"https:\/\/embreis.com\/no\/wp-content\/uploads\/sites\/9\/2020\/12\/Breg.Genesis_Mid-Calf.jpg","datePublished":"2020-12-03T17:09:54+00:00","dateModified":"2026-02-12T09:28:58+00:00","breadcrumb":{"@id":"https:\/\/embreis.com\/no\/produkt\/genesis-mid-calf-walker\/#breadcrumb"},"inLanguage":"sv-SE","potentialAction":[{"@type":"ReadAction","target":["https:\/\/embreis.com\/no\/produkt\/genesis-mid-calf-walker\/"]}]},{"@type":"ImageObject","inLanguage":"sv-SE","@id":"https:\/\/embreis.com\/no\/produkt\/genesis-mid-calf-walker\/#primaryimage","url":"https:\/\/embreis.com\/no\/wp-content\/uploads\/sites\/9\/2020\/12\/Breg.Genesis_Mid-Calf.jpg","contentUrl":"https:\/\/embreis.com\/no\/wp-content\/uploads\/sites\/9\/2020\/12\/Breg.Genesis_Mid-Calf.jpg","width":567,"height":567},{"@type":"BreadcrumbList","@id":"https:\/\/embreis.com\/no\/produkt\/genesis-mid-calf-walker\/#breadcrumb","itemListElement":[{"@type":"ListItem","position":1,"name":"Hem","item":"https:\/\/embreis.com\/no\/"},{"@type":"ListItem","position":2,"name":"Sortiment","item":"https:\/\/embreis.com\/no\/sortiment\/"},{"@type":"ListItem","position":3,"name":"Ortos","item":"https:\/\/embreis.com\/no\/produktkategori\/ortos\/"},{"@type":"ListItem","position":4,"name":"Ankel","item":"https:\/\/embreis.com\/no\/produktkategori\/ortos\/ankel\/"},{"@type":"ListItem","position":5,"name":"PostOp - Trauma","item":"https:\/\/embreis.com\/no\/produktkategori\/ortos\/ankel\/postop-traum\/"},{"@type":"ListItem","position":6,"name":"Genesis Walker kort Mid-Calf"}]},{"@type":"WebSite","@id":"https:\/\/embreis.com\/no\/#website","url":"https:\/\/embreis.com\/no\/","name":"Embreis NO","description":"Ortoser, proteser och material","potentialAction":[{"@type":"SearchAction","target":{"@type":"EntryPoint","urlTemplate":"https:\/\/embreis.com\/no\/?s={search_term_string}"},"query-input":{"@type":"PropertyValueSpecification","valueRequired":true,"valueName":"search_term_string"}}],"inLanguage":"sv-SE"}]}},"_links":{"self":[{"href":"https:\/\/embreis.com\/no\/wp-json\/wp\/v2\/product\/9487","targetHints":{"allow":["GET"]}}],"collection":[{"href":"https:\/\/embreis.com\/no\/wp-json\/wp\/v2\/product"}],"about":[{"href":"https:\/\/embreis.com\/no\/wp-json\/wp\/v2\/types\/product"}],"wp:featuredmedia":[{"embeddable":true,"href":"https:\/\/embreis.com\/no\/wp-json\/wp\/v2\/media\/10386"}],"wp:attachment":[{"href":"https:\/\/embreis.com\/no\/wp-json\/wp\/v2\/media?parent=9487"}],"wp:term":[{"taxonomy":"product_brand","embeddable":true,"href":"https:\/\/embreis.com\/no\/wp-json\/wp\/v2\/product_brand?post=9487"},{"taxonomy":"product_cat","embeddable":true,"href":"https:\/\/embreis.com\/no\/wp-json\/wp\/v2\/product_cat?post=9487"},{"taxonomy":"product_tag","embeddable":true,"href":"https:\/\/embreis.com\/no\/wp-json\/wp\/v2\/product_tag?post=9487"}],"curies":[{"name":"wp","href":"https:\/\/api.w.org\/{rel}","templated":true}]}}