{"id":8318,"date":"2020-11-30T17:31:57","date_gmt":"2020-11-30T15:31:57","guid":{"rendered":"http:\/\/embreiscom.wpengine.com\/product\/boston-3d\/"},"modified":"2025-03-13T09:30:15","modified_gmt":"2025-03-13T07:30:15","slug":"boston-3d","status":"publish","type":"product","link":"https:\/\/embreis.com\/no\/produkt\/boston-3d\/","title":{"rendered":"Boston 3D"},"content":{"rendered":"<p>Boston 3D skolioskorsetter anv\u00e4nds i f\u00f6rsta hand f\u00f6r behandling av idiopatisk skolios och \u00e4r en sk. \u201ddagkorsett\u201d eller \u201dfull time brace\u201d. Boston O&amp;P \u00e4r ledande inom omr\u00e5det i USA och har utvecklat denna korsett baserad p\u00e5 m\u00e5ng\u00e5rig kompetens inom omr\u00e5det, samt den senaste CAD\/CAM tekniken. Med hj\u00e4lp av kroppsscanning, analys av r\u00f6ntgenbild och orderformul\u00e4r tillverkas varje korsett helt individuellt f\u00f6r varje patient och med alla korrigeringar inbyggda i en asymmetrisk korsettdesign.<\/p>\n<p>Korsetterna kan kompletteras med en sk. iButton f\u00f6r att kunna registrera och f\u00f6lja upp patientens dagliga anv\u00e4ndande och \u00f6ka motivation.<\/p>\n<p>Boston 3D tillverkas i en m\u00e4ngd olika f\u00e4rger och m\u00f6nster f\u00f6r att p\u00e5 b\u00e4sta s\u00e4tt f\u00e5 patienten att uppleva sitt hj\u00e4lpmedel s\u00e5 tilltalande som m\u00f6jligt. Du hittar l\u00e4nk till valbara m\u00f6nster h\u00e4r nedanf\u00f6r.<\/p>\n","protected":false},"excerpt":{"rendered":"<ul>\n<li>Smidig design och perfekt passform<\/li>\n<li>Producerad efter kroppscanning<\/li>\n<li>100% individuellt tillverkad<\/li>\n<li>Asymmetrisk form<\/li>\n<\/ul>\n","protected":false},"featured_media":10359,"template":"","meta":[],"product_brand":[],"product_cat":[1217,217,224],"product_tag":[],"class_list":{"0":"post-8318","1":"product","2":"type-product","3":"status-publish","4":"has-post-thumbnail","6":"product_cat-skolios","7":"product_cat-ortos","8":"product_cat-rygg","9":"pa_varumarke-boston","11":"first","12":"instock","13":"featured","14":"shipping-taxable","15":"product-type-simple"},"acf":[],"yoast_head":"<!-- This site is optimized with the Yoast SEO Premium plugin v27.3 (Yoast SEO v27.3) - https:\/\/yoast.com\/product\/yoast-seo-premium-wordpress\/ -->\n<title>Boston 3D - Embreis NO<\/title>\n<meta name=\"robots\" content=\"index, follow, max-snippet:-1, max-image-preview:large, max-video-preview:-1\" \/>\n<link rel=\"canonical\" href=\"https:\/\/embreis.com\/no\/produkt\/boston-3d\/\" \/>\n<meta property=\"og:locale\" content=\"sv_SE\" \/>\n<meta property=\"og:type\" content=\"article\" \/>\n<meta property=\"og:title\" content=\"Boston 3D\" \/>\n<meta property=\"og:description\" content=\"Smidig design och perfekt passform  Producerad efter kroppscanning  100% individuellt tillverkad  Asymmetrisk form\" \/>\n<meta property=\"og:url\" content=\"https:\/\/embreis.com\/no\/produkt\/boston-3d\/\" \/>\n<meta property=\"og:site_name\" content=\"Embreis NO\" \/>\n<meta property=\"article:modified_time\" content=\"2025-03-13T07:30:15+00:00\" \/>\n<meta property=\"og:image\" content=\"https:\/\/embreis.com\/no\/wp-content\/uploads\/sites\/9\/2020\/11\/Boston_3D_1_850.jpg\" \/>\n\t<meta property=\"og:image:width\" content=\"850\" \/>\n\t<meta property=\"og:image:height\" content=\"850\" \/>\n\t<meta property=\"og:image:type\" content=\"image\/jpeg\" \/>\n<meta name=\"twitter:card\" content=\"summary_large_image\" \/>\n<meta name=\"twitter:label1\" content=\"Ber\u00e4knad l\u00e4stid\" \/>\n\t<meta name=\"twitter:data1\" content=\"1 minut\" \/>\n<script type=\"application\/ld+json\" class=\"yoast-schema-graph\">{\"@context\":\"https:\\\/\\\/schema.org\",\"@graph\":[{\"@type\":\"WebPage\",\"@id\":\"https:\\\/\\\/embreis.com\\\/no\\\/produkt\\\/boston-3d\\\/\",\"url\":\"https:\\\/\\\/embreis.com\\\/no\\\/produkt\\\/boston-3d\\\/\",\"name\":\"Boston 3D - Embreis NO\",\"isPartOf\":{\"@id\":\"https:\\\/\\\/embreis.com\\\/no\\\/#website\"},\"primaryImageOfPage\":{\"@id\":\"https:\\\/\\\/embreis.com\\\/no\\\/produkt\\\/boston-3d\\\/#primaryimage\"},\"image\":{\"@id\":\"https:\\\/\\\/embreis.com\\\/no\\\/produkt\\\/boston-3d\\\/#primaryimage\"},\"thumbnailUrl\":\"https:\\\/\\\/embreis.com\\\/no\\\/wp-content\\\/uploads\\\/sites\\\/9\\\/2020\\\/11\\\/Boston_3D_1_850.jpg\",\"datePublished\":\"2020-11-30T15:31:57+00:00\",\"dateModified\":\"2025-03-13T07:30:15+00:00\",\"breadcrumb\":{\"@id\":\"https:\\\/\\\/embreis.com\\\/no\\\/produkt\\\/boston-3d\\\/#breadcrumb\"},\"inLanguage\":\"sv-SE\",\"potentialAction\":[{\"@type\":\"ReadAction\",\"target\":[\"https:\\\/\\\/embreis.com\\\/no\\\/produkt\\\/boston-3d\\\/\"]}]},{\"@type\":\"ImageObject\",\"inLanguage\":\"sv-SE\",\"@id\":\"https:\\\/\\\/embreis.com\\\/no\\\/produkt\\\/boston-3d\\\/#primaryimage\",\"url\":\"https:\\\/\\\/embreis.com\\\/no\\\/wp-content\\\/uploads\\\/sites\\\/9\\\/2020\\\/11\\\/Boston_3D_1_850.jpg\",\"contentUrl\":\"https:\\\/\\\/embreis.com\\\/no\\\/wp-content\\\/uploads\\\/sites\\\/9\\\/2020\\\/11\\\/Boston_3D_1_850.jpg\",\"width\":850,\"height\":850},{\"@type\":\"BreadcrumbList\",\"@id\":\"https:\\\/\\\/embreis.com\\\/no\\\/produkt\\\/boston-3d\\\/#breadcrumb\",\"itemListElement\":[{\"@type\":\"ListItem\",\"position\":1,\"name\":\"Hem\",\"item\":\"https:\\\/\\\/embreis.com\\\/no\\\/\"},{\"@type\":\"ListItem\",\"position\":2,\"name\":\"Sortiment\",\"item\":\"https:\\\/\\\/embreis.com\\\/no\\\/sortiment\\\/\"},{\"@type\":\"ListItem\",\"position\":3,\"name\":\"Ortos\",\"item\":\"https:\\\/\\\/embreis.com\\\/no\\\/produktkategori\\\/ortos\\\/\"},{\"@type\":\"ListItem\",\"position\":4,\"name\":\"Rygg\",\"item\":\"https:\\\/\\\/embreis.com\\\/no\\\/produktkategori\\\/ortos\\\/rygg\\\/\"},{\"@type\":\"ListItem\",\"position\":5,\"name\":\"Skolios\",\"item\":\"https:\\\/\\\/embreis.com\\\/no\\\/produktkategori\\\/ortos\\\/rygg\\\/skolios\\\/\"},{\"@type\":\"ListItem\",\"position\":6,\"name\":\"Boston 3D\"}]},{\"@type\":\"WebSite\",\"@id\":\"https:\\\/\\\/embreis.com\\\/no\\\/#website\",\"url\":\"https:\\\/\\\/embreis.com\\\/no\\\/\",\"name\":\"Embreis NO\",\"description\":\"Ortoser, proteser och material\",\"potentialAction\":[{\"@type\":\"SearchAction\",\"target\":{\"@type\":\"EntryPoint\",\"urlTemplate\":\"https:\\\/\\\/embreis.com\\\/no\\\/?s={search_term_string}\"},\"query-input\":{\"@type\":\"PropertyValueSpecification\",\"valueRequired\":true,\"valueName\":\"search_term_string\"}}],\"inLanguage\":\"sv-SE\"}]}<\/script>\n<!-- \/ Yoast SEO Premium plugin. -->","yoast_head_json":{"title":"Boston 3D - Embreis NO","robots":{"index":"index","follow":"follow","max-snippet":"max-snippet:-1","max-image-preview":"max-image-preview:large","max-video-preview":"max-video-preview:-1"},"canonical":"https:\/\/embreis.com\/no\/produkt\/boston-3d\/","og_locale":"sv_SE","og_type":"article","og_title":"Boston 3D","og_description":"Smidig design och perfekt passform  Producerad efter kroppscanning  100% individuellt tillverkad  Asymmetrisk form","og_url":"https:\/\/embreis.com\/no\/produkt\/boston-3d\/","og_site_name":"Embreis NO","article_modified_time":"2025-03-13T07:30:15+00:00","og_image":[{"width":850,"height":850,"url":"https:\/\/embreis.com\/no\/wp-content\/uploads\/sites\/9\/2020\/11\/Boston_3D_1_850.jpg","type":"image\/jpeg"}],"twitter_card":"summary_large_image","twitter_misc":{"Ber\u00e4knad l\u00e4stid":"1 minut"},"schema":{"@context":"https:\/\/schema.org","@graph":[{"@type":"WebPage","@id":"https:\/\/embreis.com\/no\/produkt\/boston-3d\/","url":"https:\/\/embreis.com\/no\/produkt\/boston-3d\/","name":"Boston 3D - Embreis NO","isPartOf":{"@id":"https:\/\/embreis.com\/no\/#website"},"primaryImageOfPage":{"@id":"https:\/\/embreis.com\/no\/produkt\/boston-3d\/#primaryimage"},"image":{"@id":"https:\/\/embreis.com\/no\/produkt\/boston-3d\/#primaryimage"},"thumbnailUrl":"https:\/\/embreis.com\/no\/wp-content\/uploads\/sites\/9\/2020\/11\/Boston_3D_1_850.jpg","datePublished":"2020-11-30T15:31:57+00:00","dateModified":"2025-03-13T07:30:15+00:00","breadcrumb":{"@id":"https:\/\/embreis.com\/no\/produkt\/boston-3d\/#breadcrumb"},"inLanguage":"sv-SE","potentialAction":[{"@type":"ReadAction","target":["https:\/\/embreis.com\/no\/produkt\/boston-3d\/"]}]},{"@type":"ImageObject","inLanguage":"sv-SE","@id":"https:\/\/embreis.com\/no\/produkt\/boston-3d\/#primaryimage","url":"https:\/\/embreis.com\/no\/wp-content\/uploads\/sites\/9\/2020\/11\/Boston_3D_1_850.jpg","contentUrl":"https:\/\/embreis.com\/no\/wp-content\/uploads\/sites\/9\/2020\/11\/Boston_3D_1_850.jpg","width":850,"height":850},{"@type":"BreadcrumbList","@id":"https:\/\/embreis.com\/no\/produkt\/boston-3d\/#breadcrumb","itemListElement":[{"@type":"ListItem","position":1,"name":"Hem","item":"https:\/\/embreis.com\/no\/"},{"@type":"ListItem","position":2,"name":"Sortiment","item":"https:\/\/embreis.com\/no\/sortiment\/"},{"@type":"ListItem","position":3,"name":"Ortos","item":"https:\/\/embreis.com\/no\/produktkategori\/ortos\/"},{"@type":"ListItem","position":4,"name":"Rygg","item":"https:\/\/embreis.com\/no\/produktkategori\/ortos\/rygg\/"},{"@type":"ListItem","position":5,"name":"Skolios","item":"https:\/\/embreis.com\/no\/produktkategori\/ortos\/rygg\/skolios\/"},{"@type":"ListItem","position":6,"name":"Boston 3D"}]},{"@type":"WebSite","@id":"https:\/\/embreis.com\/no\/#website","url":"https:\/\/embreis.com\/no\/","name":"Embreis NO","description":"Ortoser, proteser och material","potentialAction":[{"@type":"SearchAction","target":{"@type":"EntryPoint","urlTemplate":"https:\/\/embreis.com\/no\/?s={search_term_string}"},"query-input":{"@type":"PropertyValueSpecification","valueRequired":true,"valueName":"search_term_string"}}],"inLanguage":"sv-SE"}]}},"_links":{"self":[{"href":"https:\/\/embreis.com\/no\/wp-json\/wp\/v2\/product\/8318","targetHints":{"allow":["GET"]}}],"collection":[{"href":"https:\/\/embreis.com\/no\/wp-json\/wp\/v2\/product"}],"about":[{"href":"https:\/\/embreis.com\/no\/wp-json\/wp\/v2\/types\/product"}],"wp:featuredmedia":[{"embeddable":true,"href":"https:\/\/embreis.com\/no\/wp-json\/wp\/v2\/media\/10359"}],"wp:attachment":[{"href":"https:\/\/embreis.com\/no\/wp-json\/wp\/v2\/media?parent=8318"}],"wp:term":[{"taxonomy":"product_brand","embeddable":true,"href":"https:\/\/embreis.com\/no\/wp-json\/wp\/v2\/product_brand?post=8318"},{"taxonomy":"product_cat","embeddable":true,"href":"https:\/\/embreis.com\/no\/wp-json\/wp\/v2\/product_cat?post=8318"},{"taxonomy":"product_tag","embeddable":true,"href":"https:\/\/embreis.com\/no\/wp-json\/wp\/v2\/product_tag?post=8318"}],"curies":[{"name":"wp","href":"https:\/\/api.w.org\/{rel}","templated":true}]}}