{"id":611,"date":"2019-08-26T09:01:55","date_gmt":"2019-08-26T07:01:55","guid":{"rendered":"http:\/\/embreiscom.wpengine.com\/?product=import-placeholder-for-20242"},"modified":"2024-10-09T15:28:41","modified_gmt":"2024-10-09T13:28:41","slug":"stabil-halskrage-cervi-hit","status":"publish","type":"product","link":"https:\/\/embreis.com\/no\/produkt\/stabil-halskrage-cervi-hit\/","title":{"rendered":"Cervi-Hit"},"content":{"rendered":"<p>Cervi-Hit \u00e4r en semirigid halskrage. Basen \u00e4r av mjuk skumfoam kompletterad av en fast mittsektion f\u00f6r \u00f6kad stabilitet. Den anv\u00e4nds f\u00f6r l\u00e4tta till medelsv\u00e5ra nackskador samt vid kroniska sjukdomar som ex. reumatism. Den \u00e4r anatomiskt utformad f\u00f6r god passform och komfort. Ytterskiktet \u00e4r svalt och bekv\u00e4mt mot huden vilket g\u00f6r den bekv\u00e4m att b\u00e4ra.<\/p>\n","protected":false},"excerpt":{"rendered":"<ul>\n<li>Semirigid halskrage<\/li>\n<li>Anatomiskt utformad<\/li>\n<li>Svalt ytterfoder<\/li>\n<li>F\u00f6rst\u00e4rkt mittsektion<\/li>\n<\/ul>\n","protected":false},"featured_media":11653,"template":"","meta":[],"product_brand":[],"product_cat":[217,223,1194],"product_tag":[946,947],"class_list":{"0":"post-611","1":"product","2":"type-product","3":"status-publish","4":"has-post-thumbnail","6":"product_cat-ortos","7":"product_cat-nacke","8":"product_cat-halskrage-cervical-ortos","9":"product_tag-lattare-nackskador","10":"product_tag-spanningstillstand-nacke","11":"pa_varumarke-sporlastic","13":"first","14":"outofstock","15":"shipping-taxable","16":"product-type-variable"},"acf":[],"yoast_head":"<!-- This site is optimized with the Yoast SEO Premium plugin v27.3 (Yoast SEO v27.3) - https:\/\/yoast.com\/product\/yoast-seo-premium-wordpress\/ -->\n<title>Cervi-Hit - Embreis NO<\/title>\n<meta name=\"robots\" content=\"index, follow, max-snippet:-1, max-image-preview:large, max-video-preview:-1\" \/>\n<link rel=\"canonical\" href=\"https:\/\/embreis.com\/no\/produkt\/stabil-halskrage-cervi-hit\/\" \/>\n<meta property=\"og:locale\" content=\"sv_SE\" \/>\n<meta property=\"og:type\" content=\"article\" \/>\n<meta property=\"og:title\" content=\"Cervi-Hit\" \/>\n<meta property=\"og:description\" content=\"Semirigid halskrage  Anatomiskt utformad  Svalt ytterfoder  F\u00f6rst\u00e4rkt mittsektion\" \/>\n<meta property=\"og:url\" content=\"https:\/\/embreis.com\/no\/produkt\/stabil-halskrage-cervi-hit\/\" \/>\n<meta property=\"og:site_name\" content=\"Embreis NO\" \/>\n<meta property=\"article:modified_time\" content=\"2024-10-09T13:28:41+00:00\" \/>\n<meta property=\"og:image\" content=\"https:\/\/embreis.com\/no\/wp-content\/uploads\/sites\/9\/2019\/08\/cervihit.jpg\" \/>\n\t<meta property=\"og:image:width\" content=\"850\" \/>\n\t<meta property=\"og:image:height\" content=\"850\" \/>\n\t<meta property=\"og:image:type\" content=\"image\/jpeg\" \/>\n<meta name=\"twitter:card\" content=\"summary_large_image\" \/>\n<meta name=\"twitter:label1\" content=\"Ber\u00e4knad l\u00e4stid\" \/>\n\t<meta name=\"twitter:data1\" content=\"1 minut\" \/>\n<script type=\"application\/ld+json\" class=\"yoast-schema-graph\">{\"@context\":\"https:\\\/\\\/schema.org\",\"@graph\":[{\"@type\":\"WebPage\",\"@id\":\"https:\\\/\\\/embreis.com\\\/no\\\/produkt\\\/stabil-halskrage-cervi-hit\\\/\",\"url\":\"https:\\\/\\\/embreis.com\\\/no\\\/produkt\\\/stabil-halskrage-cervi-hit\\\/\",\"name\":\"Cervi-Hit - Embreis NO\",\"isPartOf\":{\"@id\":\"https:\\\/\\\/embreis.com\\\/no\\\/#website\"},\"primaryImageOfPage\":{\"@id\":\"https:\\\/\\\/embreis.com\\\/no\\\/produkt\\\/stabil-halskrage-cervi-hit\\\/#primaryimage\"},\"image\":{\"@id\":\"https:\\\/\\\/embreis.com\\\/no\\\/produkt\\\/stabil-halskrage-cervi-hit\\\/#primaryimage\"},\"thumbnailUrl\":\"https:\\\/\\\/embreis.com\\\/no\\\/wp-content\\\/uploads\\\/sites\\\/9\\\/2019\\\/08\\\/cervihit.jpg\",\"datePublished\":\"2019-08-26T07:01:55+00:00\",\"dateModified\":\"2024-10-09T13:28:41+00:00\",\"breadcrumb\":{\"@id\":\"https:\\\/\\\/embreis.com\\\/no\\\/produkt\\\/stabil-halskrage-cervi-hit\\\/#breadcrumb\"},\"inLanguage\":\"sv-SE\",\"potentialAction\":[{\"@type\":\"ReadAction\",\"target\":[\"https:\\\/\\\/embreis.com\\\/no\\\/produkt\\\/stabil-halskrage-cervi-hit\\\/\"]}]},{\"@type\":\"ImageObject\",\"inLanguage\":\"sv-SE\",\"@id\":\"https:\\\/\\\/embreis.com\\\/no\\\/produkt\\\/stabil-halskrage-cervi-hit\\\/#primaryimage\",\"url\":\"https:\\\/\\\/embreis.com\\\/no\\\/wp-content\\\/uploads\\\/sites\\\/9\\\/2019\\\/08\\\/cervihit.jpg\",\"contentUrl\":\"https:\\\/\\\/embreis.com\\\/no\\\/wp-content\\\/uploads\\\/sites\\\/9\\\/2019\\\/08\\\/cervihit.jpg\",\"width\":850,\"height\":850},{\"@type\":\"BreadcrumbList\",\"@id\":\"https:\\\/\\\/embreis.com\\\/no\\\/produkt\\\/stabil-halskrage-cervi-hit\\\/#breadcrumb\",\"itemListElement\":[{\"@type\":\"ListItem\",\"position\":1,\"name\":\"Hem\",\"item\":\"https:\\\/\\\/embreis.com\\\/no\\\/\"},{\"@type\":\"ListItem\",\"position\":2,\"name\":\"Sortiment\",\"item\":\"https:\\\/\\\/embreis.com\\\/no\\\/sortiment\\\/\"},{\"@type\":\"ListItem\",\"position\":3,\"name\":\"Ortos\",\"item\":\"https:\\\/\\\/embreis.com\\\/no\\\/produktkategori\\\/ortos\\\/\"},{\"@type\":\"ListItem\",\"position\":4,\"name\":\"Nacke\",\"item\":\"https:\\\/\\\/embreis.com\\\/no\\\/produktkategori\\\/ortos\\\/nacke\\\/\"},{\"@type\":\"ListItem\",\"position\":5,\"name\":\"Halskrage - Cervical ortos\",\"item\":\"https:\\\/\\\/embreis.com\\\/no\\\/produktkategori\\\/ortos\\\/nacke\\\/halskrage-cervical-ortos\\\/\"},{\"@type\":\"ListItem\",\"position\":6,\"name\":\"Cervi-Hit\"}]},{\"@type\":\"WebSite\",\"@id\":\"https:\\\/\\\/embreis.com\\\/no\\\/#website\",\"url\":\"https:\\\/\\\/embreis.com\\\/no\\\/\",\"name\":\"Embreis NO\",\"description\":\"Ortoser, proteser och material\",\"potentialAction\":[{\"@type\":\"SearchAction\",\"target\":{\"@type\":\"EntryPoint\",\"urlTemplate\":\"https:\\\/\\\/embreis.com\\\/no\\\/?s={search_term_string}\"},\"query-input\":{\"@type\":\"PropertyValueSpecification\",\"valueRequired\":true,\"valueName\":\"search_term_string\"}}],\"inLanguage\":\"sv-SE\"}]}<\/script>\n<!-- \/ Yoast SEO Premium plugin. -->","yoast_head_json":{"title":"Cervi-Hit - Embreis NO","robots":{"index":"index","follow":"follow","max-snippet":"max-snippet:-1","max-image-preview":"max-image-preview:large","max-video-preview":"max-video-preview:-1"},"canonical":"https:\/\/embreis.com\/no\/produkt\/stabil-halskrage-cervi-hit\/","og_locale":"sv_SE","og_type":"article","og_title":"Cervi-Hit","og_description":"Semirigid halskrage  Anatomiskt utformad  Svalt ytterfoder  F\u00f6rst\u00e4rkt mittsektion","og_url":"https:\/\/embreis.com\/no\/produkt\/stabil-halskrage-cervi-hit\/","og_site_name":"Embreis NO","article_modified_time":"2024-10-09T13:28:41+00:00","og_image":[{"width":850,"height":850,"url":"https:\/\/embreis.com\/no\/wp-content\/uploads\/sites\/9\/2019\/08\/cervihit.jpg","type":"image\/jpeg"}],"twitter_card":"summary_large_image","twitter_misc":{"Ber\u00e4knad l\u00e4stid":"1 minut"},"schema":{"@context":"https:\/\/schema.org","@graph":[{"@type":"WebPage","@id":"https:\/\/embreis.com\/no\/produkt\/stabil-halskrage-cervi-hit\/","url":"https:\/\/embreis.com\/no\/produkt\/stabil-halskrage-cervi-hit\/","name":"Cervi-Hit - Embreis NO","isPartOf":{"@id":"https:\/\/embreis.com\/no\/#website"},"primaryImageOfPage":{"@id":"https:\/\/embreis.com\/no\/produkt\/stabil-halskrage-cervi-hit\/#primaryimage"},"image":{"@id":"https:\/\/embreis.com\/no\/produkt\/stabil-halskrage-cervi-hit\/#primaryimage"},"thumbnailUrl":"https:\/\/embreis.com\/no\/wp-content\/uploads\/sites\/9\/2019\/08\/cervihit.jpg","datePublished":"2019-08-26T07:01:55+00:00","dateModified":"2024-10-09T13:28:41+00:00","breadcrumb":{"@id":"https:\/\/embreis.com\/no\/produkt\/stabil-halskrage-cervi-hit\/#breadcrumb"},"inLanguage":"sv-SE","potentialAction":[{"@type":"ReadAction","target":["https:\/\/embreis.com\/no\/produkt\/stabil-halskrage-cervi-hit\/"]}]},{"@type":"ImageObject","inLanguage":"sv-SE","@id":"https:\/\/embreis.com\/no\/produkt\/stabil-halskrage-cervi-hit\/#primaryimage","url":"https:\/\/embreis.com\/no\/wp-content\/uploads\/sites\/9\/2019\/08\/cervihit.jpg","contentUrl":"https:\/\/embreis.com\/no\/wp-content\/uploads\/sites\/9\/2019\/08\/cervihit.jpg","width":850,"height":850},{"@type":"BreadcrumbList","@id":"https:\/\/embreis.com\/no\/produkt\/stabil-halskrage-cervi-hit\/#breadcrumb","itemListElement":[{"@type":"ListItem","position":1,"name":"Hem","item":"https:\/\/embreis.com\/no\/"},{"@type":"ListItem","position":2,"name":"Sortiment","item":"https:\/\/embreis.com\/no\/sortiment\/"},{"@type":"ListItem","position":3,"name":"Ortos","item":"https:\/\/embreis.com\/no\/produktkategori\/ortos\/"},{"@type":"ListItem","position":4,"name":"Nacke","item":"https:\/\/embreis.com\/no\/produktkategori\/ortos\/nacke\/"},{"@type":"ListItem","position":5,"name":"Halskrage - Cervical ortos","item":"https:\/\/embreis.com\/no\/produktkategori\/ortos\/nacke\/halskrage-cervical-ortos\/"},{"@type":"ListItem","position":6,"name":"Cervi-Hit"}]},{"@type":"WebSite","@id":"https:\/\/embreis.com\/no\/#website","url":"https:\/\/embreis.com\/no\/","name":"Embreis NO","description":"Ortoser, proteser och material","potentialAction":[{"@type":"SearchAction","target":{"@type":"EntryPoint","urlTemplate":"https:\/\/embreis.com\/no\/?s={search_term_string}"},"query-input":{"@type":"PropertyValueSpecification","valueRequired":true,"valueName":"search_term_string"}}],"inLanguage":"sv-SE"}]}},"_links":{"self":[{"href":"https:\/\/embreis.com\/no\/wp-json\/wp\/v2\/product\/611","targetHints":{"allow":["GET"]}}],"collection":[{"href":"https:\/\/embreis.com\/no\/wp-json\/wp\/v2\/product"}],"about":[{"href":"https:\/\/embreis.com\/no\/wp-json\/wp\/v2\/types\/product"}],"wp:featuredmedia":[{"embeddable":true,"href":"https:\/\/embreis.com\/no\/wp-json\/wp\/v2\/media\/11653"}],"wp:attachment":[{"href":"https:\/\/embreis.com\/no\/wp-json\/wp\/v2\/media?parent=611"}],"wp:term":[{"taxonomy":"product_brand","embeddable":true,"href":"https:\/\/embreis.com\/no\/wp-json\/wp\/v2\/product_brand?post=611"},{"taxonomy":"product_cat","embeddable":true,"href":"https:\/\/embreis.com\/no\/wp-json\/wp\/v2\/product_cat?post=611"},{"taxonomy":"product_tag","embeddable":true,"href":"https:\/\/embreis.com\/no\/wp-json\/wp\/v2\/product_tag?post=611"}],"curies":[{"name":"wp","href":"https:\/\/api.w.org\/{rel}","templated":true}]}}