{"id":359,"date":"2019-08-26T08:56:20","date_gmt":"2019-08-26T06:56:20","guid":{"rendered":"http:\/\/embreiscom.wpengine.com\/?product=import-placeholder-for-19934"},"modified":"2021-02-10T18:56:05","modified_gmt":"2021-02-10T16:56:05","slug":"wrist-lacer-stabilt-handledsbandage","status":"publish","type":"product","link":"https:\/\/embreis.com\/no\/produkt\/wrist-lacer-stabilt-handledsbandage\/","title":{"rendered":"Wrist Lacer"},"content":{"rendered":"<p>Handledsbandage anv\u00e4nds f\u00f6r att stabilisera handleden efter skada, operation eller kroniska besv\u00e4r. Genom det stumma materialet i handledsst\u00f6det och sn\u00f6rl\u00e5sningen ges mycket effektiv stabilisering. Med ett handledsbandage kan \u00e4ven patienter med nedsatt handfunktion f\u00e5 bra stabilitet och avlastning. Handledsbandaget \u00e4r perforerat och v\u00e4l polstrat f\u00f6r god komfort. Insidan av handen st\u00f6ds av stabil aluminiumskena som kan anpassas individuellt f\u00f6r komfort och \u00f6nskad vinkel av handleden. Ett handledsst\u00f6d som \u00e4r l\u00e4tt att ta p\u00e5, bekv\u00e4m och mycket stabil.<\/p>\n<p>&nbsp;<\/p>\n<div><\/div>\n","protected":false},"excerpt":{"rendered":"<ul>\n<li>Effektiv stabilisering<\/li>\n<li>Enkel att sp\u00e4nna<\/li>\n<li>Oelastiskt material<\/li>\n<li>Perforerad<\/li>\n<\/ul>\n","protected":false},"featured_media":385,"template":"","meta":[],"product_brand":[],"product_cat":[1211,217,221],"product_tag":[],"class_list":{"0":"post-359","1":"product","2":"type-product","3":"status-publish","4":"has-post-thumbnail","6":"product_cat-handledsortos","7":"product_cat-ortos","8":"product_cat-hand","9":"pa_varumarke-breg","11":"first","12":"outofstock","13":"shipping-taxable","14":"product-type-variable"},"acf":[],"yoast_head":"<!-- This site is optimized with the Yoast SEO Premium plugin v27.3 (Yoast SEO v27.3) - https:\/\/yoast.com\/product\/yoast-seo-premium-wordpress\/ -->\n<title>Wrist Lacer - Embreis NO<\/title>\n<meta name=\"description\" content=\"Handledsbandage som anv\u00e4nds f\u00f6r att stabilisera handleden efter skada, operation. Stumt material och sn\u00f6rl\u00e5sning ger effektiv stabilisering.\" \/>\n<meta name=\"robots\" content=\"index, follow, max-snippet:-1, max-image-preview:large, max-video-preview:-1\" \/>\n<link rel=\"canonical\" href=\"https:\/\/embreis.com\/no\/produkt\/wrist-lacer-stabilt-handledsbandage\/\" \/>\n<meta property=\"og:locale\" content=\"sv_SE\" \/>\n<meta property=\"og:type\" content=\"article\" \/>\n<meta property=\"og:title\" content=\"Wrist Lacer\" \/>\n<meta property=\"og:description\" content=\"Handledsbandage som anv\u00e4nds f\u00f6r att stabilisera handleden efter skada, operation. Stumt material och sn\u00f6rl\u00e5sning ger effektiv stabilisering.\" \/>\n<meta property=\"og:url\" content=\"https:\/\/embreis.com\/no\/produkt\/wrist-lacer-stabilt-handledsbandage\/\" \/>\n<meta property=\"og:site_name\" content=\"Embreis NO\" \/>\n<meta property=\"article:modified_time\" content=\"2021-02-10T16:56:05+00:00\" \/>\n<meta property=\"og:image\" content=\"https:\/\/embreis.com\/no\/wp-content\/uploads\/sites\/9\/2019\/08\/wristlacer.jpg\" \/>\n\t<meta property=\"og:image:width\" content=\"850\" \/>\n\t<meta property=\"og:image:height\" content=\"850\" \/>\n\t<meta property=\"og:image:type\" content=\"image\/jpeg\" \/>\n<meta name=\"twitter:card\" content=\"summary_large_image\" \/>\n<script type=\"application\/ld+json\" class=\"yoast-schema-graph\">{\"@context\":\"https:\\\/\\\/schema.org\",\"@graph\":[{\"@type\":\"WebPage\",\"@id\":\"https:\\\/\\\/embreis.com\\\/no\\\/produkt\\\/wrist-lacer-stabilt-handledsbandage\\\/\",\"url\":\"https:\\\/\\\/embreis.com\\\/no\\\/produkt\\\/wrist-lacer-stabilt-handledsbandage\\\/\",\"name\":\"Wrist Lacer - Embreis NO\",\"isPartOf\":{\"@id\":\"https:\\\/\\\/embreis.com\\\/no\\\/#website\"},\"primaryImageOfPage\":{\"@id\":\"https:\\\/\\\/embreis.com\\\/no\\\/produkt\\\/wrist-lacer-stabilt-handledsbandage\\\/#primaryimage\"},\"image\":{\"@id\":\"https:\\\/\\\/embreis.com\\\/no\\\/produkt\\\/wrist-lacer-stabilt-handledsbandage\\\/#primaryimage\"},\"thumbnailUrl\":\"https:\\\/\\\/embreis.com\\\/no\\\/wp-content\\\/uploads\\\/sites\\\/9\\\/2019\\\/08\\\/wristlacer.jpg\",\"datePublished\":\"2019-08-26T06:56:20+00:00\",\"dateModified\":\"2021-02-10T16:56:05+00:00\",\"description\":\"Handledsbandage som anv\u00e4nds f\u00f6r att stabilisera handleden efter skada, operation. Stumt material och sn\u00f6rl\u00e5sning ger effektiv stabilisering.\",\"breadcrumb\":{\"@id\":\"https:\\\/\\\/embreis.com\\\/no\\\/produkt\\\/wrist-lacer-stabilt-handledsbandage\\\/#breadcrumb\"},\"inLanguage\":\"sv-SE\",\"potentialAction\":[{\"@type\":\"ReadAction\",\"target\":[\"https:\\\/\\\/embreis.com\\\/no\\\/produkt\\\/wrist-lacer-stabilt-handledsbandage\\\/\"]}]},{\"@type\":\"ImageObject\",\"inLanguage\":\"sv-SE\",\"@id\":\"https:\\\/\\\/embreis.com\\\/no\\\/produkt\\\/wrist-lacer-stabilt-handledsbandage\\\/#primaryimage\",\"url\":\"https:\\\/\\\/embreis.com\\\/no\\\/wp-content\\\/uploads\\\/sites\\\/9\\\/2019\\\/08\\\/wristlacer.jpg\",\"contentUrl\":\"https:\\\/\\\/embreis.com\\\/no\\\/wp-content\\\/uploads\\\/sites\\\/9\\\/2019\\\/08\\\/wristlacer.jpg\",\"width\":850,\"height\":850},{\"@type\":\"BreadcrumbList\",\"@id\":\"https:\\\/\\\/embreis.com\\\/no\\\/produkt\\\/wrist-lacer-stabilt-handledsbandage\\\/#breadcrumb\",\"itemListElement\":[{\"@type\":\"ListItem\",\"position\":1,\"name\":\"Hem\",\"item\":\"https:\\\/\\\/embreis.com\\\/no\\\/\"},{\"@type\":\"ListItem\",\"position\":2,\"name\":\"Sortiment\",\"item\":\"https:\\\/\\\/embreis.com\\\/no\\\/sortiment\\\/\"},{\"@type\":\"ListItem\",\"position\":3,\"name\":\"Ortos\",\"item\":\"https:\\\/\\\/embreis.com\\\/no\\\/produktkategori\\\/ortos\\\/\"},{\"@type\":\"ListItem\",\"position\":4,\"name\":\"Hand\",\"item\":\"https:\\\/\\\/embreis.com\\\/no\\\/produktkategori\\\/ortos\\\/hand\\\/\"},{\"@type\":\"ListItem\",\"position\":5,\"name\":\"Handledsortos\",\"item\":\"https:\\\/\\\/embreis.com\\\/no\\\/produktkategori\\\/ortos\\\/hand\\\/handledsortos\\\/\"},{\"@type\":\"ListItem\",\"position\":6,\"name\":\"Wrist Lacer\"}]},{\"@type\":\"WebSite\",\"@id\":\"https:\\\/\\\/embreis.com\\\/no\\\/#website\",\"url\":\"https:\\\/\\\/embreis.com\\\/no\\\/\",\"name\":\"Embreis NO\",\"description\":\"Ortoser, proteser och material\",\"potentialAction\":[{\"@type\":\"SearchAction\",\"target\":{\"@type\":\"EntryPoint\",\"urlTemplate\":\"https:\\\/\\\/embreis.com\\\/no\\\/?s={search_term_string}\"},\"query-input\":{\"@type\":\"PropertyValueSpecification\",\"valueRequired\":true,\"valueName\":\"search_term_string\"}}],\"inLanguage\":\"sv-SE\"}]}<\/script>\n<!-- \/ Yoast SEO Premium plugin. -->","yoast_head_json":{"title":"Wrist Lacer - Embreis NO","description":"Handledsbandage som anv\u00e4nds f\u00f6r att stabilisera handleden efter skada, operation. Stumt material och sn\u00f6rl\u00e5sning ger effektiv stabilisering.","robots":{"index":"index","follow":"follow","max-snippet":"max-snippet:-1","max-image-preview":"max-image-preview:large","max-video-preview":"max-video-preview:-1"},"canonical":"https:\/\/embreis.com\/no\/produkt\/wrist-lacer-stabilt-handledsbandage\/","og_locale":"sv_SE","og_type":"article","og_title":"Wrist Lacer","og_description":"Handledsbandage som anv\u00e4nds f\u00f6r att stabilisera handleden efter skada, operation. Stumt material och sn\u00f6rl\u00e5sning ger effektiv stabilisering.","og_url":"https:\/\/embreis.com\/no\/produkt\/wrist-lacer-stabilt-handledsbandage\/","og_site_name":"Embreis NO","article_modified_time":"2021-02-10T16:56:05+00:00","og_image":[{"width":850,"height":850,"url":"https:\/\/embreis.com\/no\/wp-content\/uploads\/sites\/9\/2019\/08\/wristlacer.jpg","type":"image\/jpeg"}],"twitter_card":"summary_large_image","schema":{"@context":"https:\/\/schema.org","@graph":[{"@type":"WebPage","@id":"https:\/\/embreis.com\/no\/produkt\/wrist-lacer-stabilt-handledsbandage\/","url":"https:\/\/embreis.com\/no\/produkt\/wrist-lacer-stabilt-handledsbandage\/","name":"Wrist Lacer - Embreis NO","isPartOf":{"@id":"https:\/\/embreis.com\/no\/#website"},"primaryImageOfPage":{"@id":"https:\/\/embreis.com\/no\/produkt\/wrist-lacer-stabilt-handledsbandage\/#primaryimage"},"image":{"@id":"https:\/\/embreis.com\/no\/produkt\/wrist-lacer-stabilt-handledsbandage\/#primaryimage"},"thumbnailUrl":"https:\/\/embreis.com\/no\/wp-content\/uploads\/sites\/9\/2019\/08\/wristlacer.jpg","datePublished":"2019-08-26T06:56:20+00:00","dateModified":"2021-02-10T16:56:05+00:00","description":"Handledsbandage som anv\u00e4nds f\u00f6r att stabilisera handleden efter skada, operation. Stumt material och sn\u00f6rl\u00e5sning ger effektiv stabilisering.","breadcrumb":{"@id":"https:\/\/embreis.com\/no\/produkt\/wrist-lacer-stabilt-handledsbandage\/#breadcrumb"},"inLanguage":"sv-SE","potentialAction":[{"@type":"ReadAction","target":["https:\/\/embreis.com\/no\/produkt\/wrist-lacer-stabilt-handledsbandage\/"]}]},{"@type":"ImageObject","inLanguage":"sv-SE","@id":"https:\/\/embreis.com\/no\/produkt\/wrist-lacer-stabilt-handledsbandage\/#primaryimage","url":"https:\/\/embreis.com\/no\/wp-content\/uploads\/sites\/9\/2019\/08\/wristlacer.jpg","contentUrl":"https:\/\/embreis.com\/no\/wp-content\/uploads\/sites\/9\/2019\/08\/wristlacer.jpg","width":850,"height":850},{"@type":"BreadcrumbList","@id":"https:\/\/embreis.com\/no\/produkt\/wrist-lacer-stabilt-handledsbandage\/#breadcrumb","itemListElement":[{"@type":"ListItem","position":1,"name":"Hem","item":"https:\/\/embreis.com\/no\/"},{"@type":"ListItem","position":2,"name":"Sortiment","item":"https:\/\/embreis.com\/no\/sortiment\/"},{"@type":"ListItem","position":3,"name":"Ortos","item":"https:\/\/embreis.com\/no\/produktkategori\/ortos\/"},{"@type":"ListItem","position":4,"name":"Hand","item":"https:\/\/embreis.com\/no\/produktkategori\/ortos\/hand\/"},{"@type":"ListItem","position":5,"name":"Handledsortos","item":"https:\/\/embreis.com\/no\/produktkategori\/ortos\/hand\/handledsortos\/"},{"@type":"ListItem","position":6,"name":"Wrist Lacer"}]},{"@type":"WebSite","@id":"https:\/\/embreis.com\/no\/#website","url":"https:\/\/embreis.com\/no\/","name":"Embreis NO","description":"Ortoser, proteser och material","potentialAction":[{"@type":"SearchAction","target":{"@type":"EntryPoint","urlTemplate":"https:\/\/embreis.com\/no\/?s={search_term_string}"},"query-input":{"@type":"PropertyValueSpecification","valueRequired":true,"valueName":"search_term_string"}}],"inLanguage":"sv-SE"}]}},"_links":{"self":[{"href":"https:\/\/embreis.com\/no\/wp-json\/wp\/v2\/product\/359","targetHints":{"allow":["GET"]}}],"collection":[{"href":"https:\/\/embreis.com\/no\/wp-json\/wp\/v2\/product"}],"about":[{"href":"https:\/\/embreis.com\/no\/wp-json\/wp\/v2\/types\/product"}],"wp:featuredmedia":[{"embeddable":true,"href":"https:\/\/embreis.com\/no\/wp-json\/wp\/v2\/media\/385"}],"wp:attachment":[{"href":"https:\/\/embreis.com\/no\/wp-json\/wp\/v2\/media?parent=359"}],"wp:term":[{"taxonomy":"product_brand","embeddable":true,"href":"https:\/\/embreis.com\/no\/wp-json\/wp\/v2\/product_brand?post=359"},{"taxonomy":"product_cat","embeddable":true,"href":"https:\/\/embreis.com\/no\/wp-json\/wp\/v2\/product_cat?post=359"},{"taxonomy":"product_tag","embeddable":true,"href":"https:\/\/embreis.com\/no\/wp-json\/wp\/v2\/product_tag?post=359"}],"curies":[{"name":"wp","href":"https:\/\/api.w.org\/{rel}","templated":true}]}}