{"id":224,"date":"2019-08-26T08:53:35","date_gmt":"2019-08-26T06:53:35","guid":{"rendered":"http:\/\/embreiscom.wpengine.com\/?product=import-placeholder-for-19726"},"modified":"2022-08-23T14:44:45","modified_gmt":"2022-08-23T12:44:45","slug":"x2k-adjustable-hinge","status":"publish","type":"product","link":"https:\/\/embreis.com\/no\/produkt\/x2k-adjustable-hinge\/","title":{"rendered":"X2K Adjustable Hinge"},"content":{"rendered":"<p>X2K ortosen \u00e4r grundmodellen i Bregs kn\u00e4ortossorti-ment. Genom \u201ddiamondshape-ramen\u201d blir konstruktionen mycket stabil i sidled och f\u00e5r bra vridstyvhet. Ortosen an-v\u00e4nds f\u00f6r ligamentskador och kronisk instabilitet i kn\u00e4le-den. Modellen bygger p\u00e5 bra kondylkontakt f\u00f6r att skapa stabilitet runt kn\u00e4leden tillsammans med ramens l\u00e5nga h\u00e4varmar. Anti-slip systement under och ovan kn\u00e4t ser till att ortosen sitter p\u00e5 plats och inte glider ner. Kondylkud-darna justeras individuellt f\u00f6r en perfekt passform och anl\u00e4ggningsyta. Leden \u00e4r st\u00e4llbar i extension och flexion.<\/p>\n","protected":false},"excerpt":{"rendered":"<ul>\n<li>Justerbara kondylkuddar<\/li>\n<li>Anti-slip system<\/li>\n<li>L\u00e4ttviktsaluminium<\/li>\n<li>Rotationskontroll<\/li>\n<\/ul>\n","protected":false},"featured_media":252,"template":"","meta":[],"product_brand":[],"product_cat":[1226,217,222],"product_tag":[],"class_list":{"0":"post-224","1":"product","2":"type-product","3":"status-publish","4":"has-post-thumbnail","6":"product_cat-rigida-ligament","7":"product_cat-ortos","8":"product_cat-kna","9":"pa_varumarke-breg","11":"first","12":"outofstock","13":"shipping-taxable","14":"product-type-variable"},"acf":[],"yoast_head":"<!-- This site is optimized with the Yoast SEO Premium plugin v25.3.1 (Yoast SEO v25.3.1) - https:\/\/yoast.com\/wordpress\/plugins\/seo\/ -->\n<title>X2K Adjustable Hinge - Embreis NO<\/title>\n<meta name=\"robots\" content=\"index, follow, max-snippet:-1, max-image-preview:large, max-video-preview:-1\" \/>\n<link rel=\"canonical\" href=\"https:\/\/embreis.com\/no\/produkt\/x2k-adjustable-hinge\/\" \/>\n<meta property=\"og:locale\" content=\"sv_SE\" \/>\n<meta property=\"og:type\" content=\"article\" \/>\n<meta property=\"og:title\" content=\"X2K Adjustable Hinge\" \/>\n<meta property=\"og:description\" content=\"Justerbara kondylkuddar  Anti-slip system  L\u00e4ttviktsaluminium  Rotationskontroll\" \/>\n<meta property=\"og:url\" content=\"https:\/\/embreis.com\/no\/produkt\/x2k-adjustable-hinge\/\" \/>\n<meta property=\"og:site_name\" content=\"Embreis NO\" \/>\n<meta property=\"article:modified_time\" content=\"2022-08-23T12:44:45+00:00\" \/>\n<meta property=\"og:image\" content=\"https:\/\/embreis.com\/no\/wp-content\/uploads\/sites\/9\/2019\/08\/x2k.adjustable.hinge_.jpg\" \/>\n\t<meta property=\"og:image:width\" content=\"850\" \/>\n\t<meta property=\"og:image:height\" content=\"850\" \/>\n\t<meta property=\"og:image:type\" content=\"image\/jpeg\" \/>\n<meta name=\"twitter:card\" content=\"summary_large_image\" \/>\n<script type=\"application\/ld+json\" class=\"yoast-schema-graph\">{\"@context\":\"https:\/\/schema.org\",\"@graph\":[{\"@type\":\"WebPage\",\"@id\":\"https:\/\/embreis.com\/no\/produkt\/x2k-adjustable-hinge\/\",\"url\":\"https:\/\/embreis.com\/no\/produkt\/x2k-adjustable-hinge\/\",\"name\":\"X2K Adjustable Hinge - Embreis NO\",\"isPartOf\":{\"@id\":\"https:\/\/embreis.com\/no\/#website\"},\"primaryImageOfPage\":{\"@id\":\"https:\/\/embreis.com\/no\/produkt\/x2k-adjustable-hinge\/#primaryimage\"},\"image\":{\"@id\":\"https:\/\/embreis.com\/no\/produkt\/x2k-adjustable-hinge\/#primaryimage\"},\"thumbnailUrl\":\"https:\/\/embreis.com\/no\/wp-content\/uploads\/sites\/9\/2019\/08\/x2k.adjustable.hinge_.jpg\",\"datePublished\":\"2019-08-26T06:53:35+00:00\",\"dateModified\":\"2022-08-23T12:44:45+00:00\",\"breadcrumb\":{\"@id\":\"https:\/\/embreis.com\/no\/produkt\/x2k-adjustable-hinge\/#breadcrumb\"},\"inLanguage\":\"sv-SE\",\"potentialAction\":[{\"@type\":\"ReadAction\",\"target\":[\"https:\/\/embreis.com\/no\/produkt\/x2k-adjustable-hinge\/\"]}]},{\"@type\":\"ImageObject\",\"inLanguage\":\"sv-SE\",\"@id\":\"https:\/\/embreis.com\/no\/produkt\/x2k-adjustable-hinge\/#primaryimage\",\"url\":\"https:\/\/embreis.com\/no\/wp-content\/uploads\/sites\/9\/2019\/08\/x2k.adjustable.hinge_.jpg\",\"contentUrl\":\"https:\/\/embreis.com\/no\/wp-content\/uploads\/sites\/9\/2019\/08\/x2k.adjustable.hinge_.jpg\",\"width\":850,\"height\":850},{\"@type\":\"BreadcrumbList\",\"@id\":\"https:\/\/embreis.com\/no\/produkt\/x2k-adjustable-hinge\/#breadcrumb\",\"itemListElement\":[{\"@type\":\"ListItem\",\"position\":1,\"name\":\"Hem\",\"item\":\"https:\/\/embreis.com\/no\/\"},{\"@type\":\"ListItem\",\"position\":2,\"name\":\"Sortiment\",\"item\":\"https:\/\/embreis.com\/no\/sortiment\/\"},{\"@type\":\"ListItem\",\"position\":3,\"name\":\"Ortos\",\"item\":\"https:\/\/embreis.com\/no\/produktkategori\/ortos\/\"},{\"@type\":\"ListItem\",\"position\":4,\"name\":\"Kn\u00e4\",\"item\":\"https:\/\/embreis.com\/no\/produktkategori\/ortos\/kna\/\"},{\"@type\":\"ListItem\",\"position\":5,\"name\":\"Rigida Ligament\",\"item\":\"https:\/\/embreis.com\/no\/produktkategori\/ortos\/kna\/rigida-ligament\/\"},{\"@type\":\"ListItem\",\"position\":6,\"name\":\"X2K Adjustable Hinge\"}]},{\"@type\":\"WebSite\",\"@id\":\"https:\/\/embreis.com\/no\/#website\",\"url\":\"https:\/\/embreis.com\/no\/\",\"name\":\"Embreis NO\",\"description\":\"Ortoser, proteser och material\",\"potentialAction\":[{\"@type\":\"SearchAction\",\"target\":{\"@type\":\"EntryPoint\",\"urlTemplate\":\"https:\/\/embreis.com\/no\/?s={search_term_string}\"},\"query-input\":{\"@type\":\"PropertyValueSpecification\",\"valueRequired\":true,\"valueName\":\"search_term_string\"}}],\"inLanguage\":\"sv-SE\"}]}<\/script>\n<!-- \/ Yoast SEO Premium plugin. -->","yoast_head_json":{"title":"X2K Adjustable Hinge - Embreis NO","robots":{"index":"index","follow":"follow","max-snippet":"max-snippet:-1","max-image-preview":"max-image-preview:large","max-video-preview":"max-video-preview:-1"},"canonical":"https:\/\/embreis.com\/no\/produkt\/x2k-adjustable-hinge\/","og_locale":"sv_SE","og_type":"article","og_title":"X2K Adjustable Hinge","og_description":"Justerbara kondylkuddar  Anti-slip system  L\u00e4ttviktsaluminium  Rotationskontroll","og_url":"https:\/\/embreis.com\/no\/produkt\/x2k-adjustable-hinge\/","og_site_name":"Embreis NO","article_modified_time":"2022-08-23T12:44:45+00:00","og_image":[{"width":850,"height":850,"url":"https:\/\/embreis.com\/no\/wp-content\/uploads\/sites\/9\/2019\/08\/x2k.adjustable.hinge_.jpg","type":"image\/jpeg"}],"twitter_card":"summary_large_image","schema":{"@context":"https:\/\/schema.org","@graph":[{"@type":"WebPage","@id":"https:\/\/embreis.com\/no\/produkt\/x2k-adjustable-hinge\/","url":"https:\/\/embreis.com\/no\/produkt\/x2k-adjustable-hinge\/","name":"X2K Adjustable Hinge - Embreis NO","isPartOf":{"@id":"https:\/\/embreis.com\/no\/#website"},"primaryImageOfPage":{"@id":"https:\/\/embreis.com\/no\/produkt\/x2k-adjustable-hinge\/#primaryimage"},"image":{"@id":"https:\/\/embreis.com\/no\/produkt\/x2k-adjustable-hinge\/#primaryimage"},"thumbnailUrl":"https:\/\/embreis.com\/no\/wp-content\/uploads\/sites\/9\/2019\/08\/x2k.adjustable.hinge_.jpg","datePublished":"2019-08-26T06:53:35+00:00","dateModified":"2022-08-23T12:44:45+00:00","breadcrumb":{"@id":"https:\/\/embreis.com\/no\/produkt\/x2k-adjustable-hinge\/#breadcrumb"},"inLanguage":"sv-SE","potentialAction":[{"@type":"ReadAction","target":["https:\/\/embreis.com\/no\/produkt\/x2k-adjustable-hinge\/"]}]},{"@type":"ImageObject","inLanguage":"sv-SE","@id":"https:\/\/embreis.com\/no\/produkt\/x2k-adjustable-hinge\/#primaryimage","url":"https:\/\/embreis.com\/no\/wp-content\/uploads\/sites\/9\/2019\/08\/x2k.adjustable.hinge_.jpg","contentUrl":"https:\/\/embreis.com\/no\/wp-content\/uploads\/sites\/9\/2019\/08\/x2k.adjustable.hinge_.jpg","width":850,"height":850},{"@type":"BreadcrumbList","@id":"https:\/\/embreis.com\/no\/produkt\/x2k-adjustable-hinge\/#breadcrumb","itemListElement":[{"@type":"ListItem","position":1,"name":"Hem","item":"https:\/\/embreis.com\/no\/"},{"@type":"ListItem","position":2,"name":"Sortiment","item":"https:\/\/embreis.com\/no\/sortiment\/"},{"@type":"ListItem","position":3,"name":"Ortos","item":"https:\/\/embreis.com\/no\/produktkategori\/ortos\/"},{"@type":"ListItem","position":4,"name":"Kn\u00e4","item":"https:\/\/embreis.com\/no\/produktkategori\/ortos\/kna\/"},{"@type":"ListItem","position":5,"name":"Rigida Ligament","item":"https:\/\/embreis.com\/no\/produktkategori\/ortos\/kna\/rigida-ligament\/"},{"@type":"ListItem","position":6,"name":"X2K Adjustable Hinge"}]},{"@type":"WebSite","@id":"https:\/\/embreis.com\/no\/#website","url":"https:\/\/embreis.com\/no\/","name":"Embreis NO","description":"Ortoser, proteser och material","potentialAction":[{"@type":"SearchAction","target":{"@type":"EntryPoint","urlTemplate":"https:\/\/embreis.com\/no\/?s={search_term_string}"},"query-input":{"@type":"PropertyValueSpecification","valueRequired":true,"valueName":"search_term_string"}}],"inLanguage":"sv-SE"}]}},"_links":{"self":[{"href":"https:\/\/embreis.com\/no\/wp-json\/wp\/v2\/product\/224","targetHints":{"allow":["GET"]}}],"collection":[{"href":"https:\/\/embreis.com\/no\/wp-json\/wp\/v2\/product"}],"about":[{"href":"https:\/\/embreis.com\/no\/wp-json\/wp\/v2\/types\/product"}],"wp:featuredmedia":[{"embeddable":true,"href":"https:\/\/embreis.com\/no\/wp-json\/wp\/v2\/media\/252"}],"wp:attachment":[{"href":"https:\/\/embreis.com\/no\/wp-json\/wp\/v2\/media?parent=224"}],"wp:term":[{"taxonomy":"product_brand","embeddable":true,"href":"https:\/\/embreis.com\/no\/wp-json\/wp\/v2\/product_brand?post=224"},{"taxonomy":"product_cat","embeddable":true,"href":"https:\/\/embreis.com\/no\/wp-json\/wp\/v2\/product_cat?post=224"},{"taxonomy":"product_tag","embeddable":true,"href":"https:\/\/embreis.com\/no\/wp-json\/wp\/v2\/product_tag?post=224"}],"curies":[{"name":"wp","href":"https:\/\/api.w.org\/{rel}","templated":true}]}}