{"id":2141,"date":"2020-02-14T15:55:54","date_gmt":"2020-02-14T13:55:54","guid":{"rendered":"http:\/\/embreiscom.wpengine.com\/product\/wraptor-speed-lace\/"},"modified":"2021-06-09T10:59:37","modified_gmt":"2021-06-09T08:59:37","slug":"wraptor-speed-lace","status":"publish","type":"product","link":"https:\/\/embreis.com\/no\/produkt\/wraptor-speed-lace\/","title":{"rendered":"Wraptor Speed Lace"},"content":{"rendered":"<p>Wraptor Ankle \u00e4r en tunn, smidig och mycket stabil fotleds ortos. Den finns i tv\u00e5 varianter, Standard Lace och Speed Lace. Med Speed-Lace sn\u00f6rning appliceras den snabbt och effektivt och med bilaterala dragband justeras den laterala och mediala stabiliteten. Insidan \u00e4r kl\u00e4dd med \u201dShark skin\u201d s\u00e5 att ortosen f\u00e5r bra f\u00e4ste mot foten. Wraptor passar i dom flesta skor och kan efter justeras under aktivitet. Den anv\u00e4nds vid l\u00e5ngvariga instabilitets problem samt i f\u00f6rebyggande syfte f\u00f6r att motverka fotledsstukning.<\/p>\n","protected":false},"excerpt":{"rendered":"<ul>\n<li>Speed-Lace sn\u00f6rning<\/li>\n<li>Bilaterala dragband<\/li>\n<li>Shark-skin insida<\/li>\n<li>Tunn, smidig och stabil<\/li>\n<\/ul>\n","protected":false},"featured_media":11948,"template":"","meta":[],"product_brand":[],"product_cat":[1233,217,225],"product_tag":[],"class_list":{"0":"post-2141","1":"product","2":"type-product","3":"status-publish","4":"has-post-thumbnail","6":"product_cat-sport-rehab","7":"product_cat-ortos","8":"product_cat-ankel","9":"pa_varumarke-breg","11":"first","12":"outofstock","13":"shipping-taxable","14":"product-type-variable"},"acf":[],"yoast_head":"<!-- This site is optimized with the Yoast SEO Premium plugin v27.3 (Yoast SEO v27.3) - https:\/\/yoast.com\/product\/yoast-seo-premium-wordpress\/ -->\n<title>Wraptor Speed Lace - Embreis NO<\/title>\n<meta name=\"robots\" content=\"index, follow, max-snippet:-1, max-image-preview:large, max-video-preview:-1\" \/>\n<link rel=\"canonical\" href=\"https:\/\/embreis.com\/no\/produkt\/wraptor-speed-lace\/\" \/>\n<meta property=\"og:locale\" content=\"sv_SE\" \/>\n<meta property=\"og:type\" content=\"article\" \/>\n<meta property=\"og:title\" content=\"Wraptor Speed Lace\" \/>\n<meta property=\"og:description\" content=\"Speed-Lace sn\u00f6rning  Bilaterala dragband  Shark-skin insida  Tunn, smidig och stabil\" \/>\n<meta property=\"og:url\" content=\"https:\/\/embreis.com\/no\/produkt\/wraptor-speed-lace\/\" \/>\n<meta property=\"og:site_name\" content=\"Embreis NO\" \/>\n<meta property=\"article:modified_time\" content=\"2021-06-09T08:59:37+00:00\" \/>\n<meta property=\"og:image\" content=\"https:\/\/embreis.com\/no\/wp-content\/uploads\/sites\/9\/2020\/02\/Fotledsskydd-Wraptor.Speed.Lace.jpg\" \/>\n\t<meta property=\"og:image:width\" content=\"850\" \/>\n\t<meta property=\"og:image:height\" content=\"850\" \/>\n\t<meta property=\"og:image:type\" content=\"image\/jpeg\" \/>\n<meta name=\"twitter:card\" content=\"summary_large_image\" \/>\n<meta name=\"twitter:label1\" content=\"Ber\u00e4knad l\u00e4stid\" \/>\n\t<meta name=\"twitter:data1\" content=\"1 minut\" \/>\n<script type=\"application\/ld+json\" class=\"yoast-schema-graph\">{\"@context\":\"https:\\\/\\\/schema.org\",\"@graph\":[{\"@type\":\"WebPage\",\"@id\":\"https:\\\/\\\/embreis.com\\\/no\\\/produkt\\\/wraptor-speed-lace\\\/\",\"url\":\"https:\\\/\\\/embreis.com\\\/no\\\/produkt\\\/wraptor-speed-lace\\\/\",\"name\":\"Wraptor Speed Lace - Embreis NO\",\"isPartOf\":{\"@id\":\"https:\\\/\\\/embreis.com\\\/no\\\/#website\"},\"primaryImageOfPage\":{\"@id\":\"https:\\\/\\\/embreis.com\\\/no\\\/produkt\\\/wraptor-speed-lace\\\/#primaryimage\"},\"image\":{\"@id\":\"https:\\\/\\\/embreis.com\\\/no\\\/produkt\\\/wraptor-speed-lace\\\/#primaryimage\"},\"thumbnailUrl\":\"https:\\\/\\\/embreis.com\\\/no\\\/wp-content\\\/uploads\\\/sites\\\/9\\\/2020\\\/02\\\/Fotledsskydd-Wraptor.Speed.Lace.jpg\",\"datePublished\":\"2020-02-14T13:55:54+00:00\",\"dateModified\":\"2021-06-09T08:59:37+00:00\",\"breadcrumb\":{\"@id\":\"https:\\\/\\\/embreis.com\\\/no\\\/produkt\\\/wraptor-speed-lace\\\/#breadcrumb\"},\"inLanguage\":\"sv-SE\",\"potentialAction\":[{\"@type\":\"ReadAction\",\"target\":[\"https:\\\/\\\/embreis.com\\\/no\\\/produkt\\\/wraptor-speed-lace\\\/\"]}]},{\"@type\":\"ImageObject\",\"inLanguage\":\"sv-SE\",\"@id\":\"https:\\\/\\\/embreis.com\\\/no\\\/produkt\\\/wraptor-speed-lace\\\/#primaryimage\",\"url\":\"https:\\\/\\\/embreis.com\\\/no\\\/wp-content\\\/uploads\\\/sites\\\/9\\\/2020\\\/02\\\/Fotledsskydd-Wraptor.Speed.Lace.jpg\",\"contentUrl\":\"https:\\\/\\\/embreis.com\\\/no\\\/wp-content\\\/uploads\\\/sites\\\/9\\\/2020\\\/02\\\/Fotledsskydd-Wraptor.Speed.Lace.jpg\",\"width\":850,\"height\":850},{\"@type\":\"BreadcrumbList\",\"@id\":\"https:\\\/\\\/embreis.com\\\/no\\\/produkt\\\/wraptor-speed-lace\\\/#breadcrumb\",\"itemListElement\":[{\"@type\":\"ListItem\",\"position\":1,\"name\":\"Hem\",\"item\":\"https:\\\/\\\/embreis.com\\\/no\\\/\"},{\"@type\":\"ListItem\",\"position\":2,\"name\":\"Sortiment\",\"item\":\"https:\\\/\\\/embreis.com\\\/no\\\/sortiment\\\/\"},{\"@type\":\"ListItem\",\"position\":3,\"name\":\"Ortos\",\"item\":\"https:\\\/\\\/embreis.com\\\/no\\\/produktkategori\\\/ortos\\\/\"},{\"@type\":\"ListItem\",\"position\":4,\"name\":\"Ankel\",\"item\":\"https:\\\/\\\/embreis.com\\\/no\\\/produktkategori\\\/ortos\\\/ankel\\\/\"},{\"@type\":\"ListItem\",\"position\":5,\"name\":\"Sport - Rehab\",\"item\":\"https:\\\/\\\/embreis.com\\\/no\\\/produktkategori\\\/ortos\\\/ankel\\\/sport-rehab\\\/\"},{\"@type\":\"ListItem\",\"position\":6,\"name\":\"Wraptor Speed Lace\"}]},{\"@type\":\"WebSite\",\"@id\":\"https:\\\/\\\/embreis.com\\\/no\\\/#website\",\"url\":\"https:\\\/\\\/embreis.com\\\/no\\\/\",\"name\":\"Embreis NO\",\"description\":\"Ortoser, proteser och material\",\"potentialAction\":[{\"@type\":\"SearchAction\",\"target\":{\"@type\":\"EntryPoint\",\"urlTemplate\":\"https:\\\/\\\/embreis.com\\\/no\\\/?s={search_term_string}\"},\"query-input\":{\"@type\":\"PropertyValueSpecification\",\"valueRequired\":true,\"valueName\":\"search_term_string\"}}],\"inLanguage\":\"sv-SE\"}]}<\/script>\n<!-- \/ Yoast SEO Premium plugin. -->","yoast_head_json":{"title":"Wraptor Speed Lace - Embreis NO","robots":{"index":"index","follow":"follow","max-snippet":"max-snippet:-1","max-image-preview":"max-image-preview:large","max-video-preview":"max-video-preview:-1"},"canonical":"https:\/\/embreis.com\/no\/produkt\/wraptor-speed-lace\/","og_locale":"sv_SE","og_type":"article","og_title":"Wraptor Speed Lace","og_description":"Speed-Lace sn\u00f6rning  Bilaterala dragband  Shark-skin insida  Tunn, smidig och stabil","og_url":"https:\/\/embreis.com\/no\/produkt\/wraptor-speed-lace\/","og_site_name":"Embreis NO","article_modified_time":"2021-06-09T08:59:37+00:00","og_image":[{"width":850,"height":850,"url":"https:\/\/embreis.com\/no\/wp-content\/uploads\/sites\/9\/2020\/02\/Fotledsskydd-Wraptor.Speed.Lace.jpg","type":"image\/jpeg"}],"twitter_card":"summary_large_image","twitter_misc":{"Ber\u00e4knad l\u00e4stid":"1 minut"},"schema":{"@context":"https:\/\/schema.org","@graph":[{"@type":"WebPage","@id":"https:\/\/embreis.com\/no\/produkt\/wraptor-speed-lace\/","url":"https:\/\/embreis.com\/no\/produkt\/wraptor-speed-lace\/","name":"Wraptor Speed Lace - Embreis NO","isPartOf":{"@id":"https:\/\/embreis.com\/no\/#website"},"primaryImageOfPage":{"@id":"https:\/\/embreis.com\/no\/produkt\/wraptor-speed-lace\/#primaryimage"},"image":{"@id":"https:\/\/embreis.com\/no\/produkt\/wraptor-speed-lace\/#primaryimage"},"thumbnailUrl":"https:\/\/embreis.com\/no\/wp-content\/uploads\/sites\/9\/2020\/02\/Fotledsskydd-Wraptor.Speed.Lace.jpg","datePublished":"2020-02-14T13:55:54+00:00","dateModified":"2021-06-09T08:59:37+00:00","breadcrumb":{"@id":"https:\/\/embreis.com\/no\/produkt\/wraptor-speed-lace\/#breadcrumb"},"inLanguage":"sv-SE","potentialAction":[{"@type":"ReadAction","target":["https:\/\/embreis.com\/no\/produkt\/wraptor-speed-lace\/"]}]},{"@type":"ImageObject","inLanguage":"sv-SE","@id":"https:\/\/embreis.com\/no\/produkt\/wraptor-speed-lace\/#primaryimage","url":"https:\/\/embreis.com\/no\/wp-content\/uploads\/sites\/9\/2020\/02\/Fotledsskydd-Wraptor.Speed.Lace.jpg","contentUrl":"https:\/\/embreis.com\/no\/wp-content\/uploads\/sites\/9\/2020\/02\/Fotledsskydd-Wraptor.Speed.Lace.jpg","width":850,"height":850},{"@type":"BreadcrumbList","@id":"https:\/\/embreis.com\/no\/produkt\/wraptor-speed-lace\/#breadcrumb","itemListElement":[{"@type":"ListItem","position":1,"name":"Hem","item":"https:\/\/embreis.com\/no\/"},{"@type":"ListItem","position":2,"name":"Sortiment","item":"https:\/\/embreis.com\/no\/sortiment\/"},{"@type":"ListItem","position":3,"name":"Ortos","item":"https:\/\/embreis.com\/no\/produktkategori\/ortos\/"},{"@type":"ListItem","position":4,"name":"Ankel","item":"https:\/\/embreis.com\/no\/produktkategori\/ortos\/ankel\/"},{"@type":"ListItem","position":5,"name":"Sport - Rehab","item":"https:\/\/embreis.com\/no\/produktkategori\/ortos\/ankel\/sport-rehab\/"},{"@type":"ListItem","position":6,"name":"Wraptor Speed Lace"}]},{"@type":"WebSite","@id":"https:\/\/embreis.com\/no\/#website","url":"https:\/\/embreis.com\/no\/","name":"Embreis NO","description":"Ortoser, proteser och material","potentialAction":[{"@type":"SearchAction","target":{"@type":"EntryPoint","urlTemplate":"https:\/\/embreis.com\/no\/?s={search_term_string}"},"query-input":{"@type":"PropertyValueSpecification","valueRequired":true,"valueName":"search_term_string"}}],"inLanguage":"sv-SE"}]}},"_links":{"self":[{"href":"https:\/\/embreis.com\/no\/wp-json\/wp\/v2\/product\/2141","targetHints":{"allow":["GET"]}}],"collection":[{"href":"https:\/\/embreis.com\/no\/wp-json\/wp\/v2\/product"}],"about":[{"href":"https:\/\/embreis.com\/no\/wp-json\/wp\/v2\/types\/product"}],"wp:featuredmedia":[{"embeddable":true,"href":"https:\/\/embreis.com\/no\/wp-json\/wp\/v2\/media\/11948"}],"wp:attachment":[{"href":"https:\/\/embreis.com\/no\/wp-json\/wp\/v2\/media?parent=2141"}],"wp:term":[{"taxonomy":"product_brand","embeddable":true,"href":"https:\/\/embreis.com\/no\/wp-json\/wp\/v2\/product_brand?post=2141"},{"taxonomy":"product_cat","embeddable":true,"href":"https:\/\/embreis.com\/no\/wp-json\/wp\/v2\/product_cat?post=2141"},{"taxonomy":"product_tag","embeddable":true,"href":"https:\/\/embreis.com\/no\/wp-json\/wp\/v2\/product_tag?post=2141"}],"curies":[{"name":"wp","href":"https:\/\/api.w.org\/{rel}","templated":true}]}}