{"id":2134,"date":"2020-02-14T15:55:52","date_gmt":"2020-02-14T13:55:52","guid":{"rendered":"http:\/\/embreiscom.wpengine.com\/product\/achilles-boot\/"},"modified":"2021-02-10T19:14:23","modified_gmt":"2021-02-10T17:14:23","slug":"achilles-boot","status":"publish","type":"product","link":"https:\/\/embreis.com\/no\/produkt\/achilles-boot\/","title":{"rendered":"Achilles Boot"},"content":{"rendered":"<p>Achilles Boot anv\u00e4nds prim\u00e4rt f\u00f6r akillessenerupturer. Genom dom inv\u00e4ndiga kilarna kan foten plantarflekteras upp till 40* och successivt minskas med 10* per kil ner till 0*. Uppbyggnaden i h\u00e5lfoten \u00f6kar komforten och f\u00f6rhindrar framf\u00f6rallt att foten glider fram\u00e5t i ortosen. Mjukt foder, formbara skenor och stumma cirkul\u00e4ra band ger en bra stabilitet . Sulan \u00e4r slitstark och halkfri med en bra avrullning som f\u00f6renklar g\u00e5ng. Foder och band \u00e4r utbytbara.<\/p>\n","protected":false},"excerpt":{"rendered":"<ul>\n<li>Specifik Akilleswalker<\/li>\n<li>4 kilar a 10\u00b0<\/li>\n<li>H\u00e5lfotsst\u00f6d<\/li>\n<li>Slitstark rullsula<\/li>\n<\/ul>\n","protected":false},"featured_media":8589,"template":"","meta":[],"product_brand":[],"product_cat":[1232,217,225],"product_tag":[],"class_list":{"0":"post-2134","1":"product","2":"type-product","3":"status-publish","4":"has-post-thumbnail","6":"product_cat-postop-traum","7":"product_cat-ortos","8":"product_cat-ankel","9":"pa_varumarke-breg","11":"first","12":"outofstock","13":"shipping-taxable","14":"product-type-variable"},"acf":[],"yoast_head":"<!-- This site is optimized with the Yoast SEO Premium plugin v27.3 (Yoast SEO v27.3) - https:\/\/yoast.com\/product\/yoast-seo-premium-wordpress\/ -->\n<title>Achilles Boot - Embreis NO<\/title>\n<meta name=\"robots\" content=\"index, follow, max-snippet:-1, max-image-preview:large, max-video-preview:-1\" \/>\n<link rel=\"canonical\" href=\"https:\/\/embreis.com\/no\/produkt\/achilles-boot\/\" \/>\n<meta property=\"og:locale\" content=\"sv_SE\" \/>\n<meta property=\"og:type\" content=\"article\" \/>\n<meta property=\"og:title\" content=\"Achilles Boot\" \/>\n<meta property=\"og:description\" content=\"Specifik Akilleswalker  4 kilar a 10\u00b0  H\u00e5lfotsst\u00f6d  Slitstark rullsula\" \/>\n<meta property=\"og:url\" content=\"https:\/\/embreis.com\/no\/produkt\/achilles-boot\/\" \/>\n<meta property=\"og:site_name\" content=\"Embreis NO\" \/>\n<meta property=\"article:modified_time\" content=\"2021-02-10T17:14:23+00:00\" \/>\n<meta property=\"og:image\" content=\"https:\/\/embreis.com\/no\/wp-content\/uploads\/sites\/9\/2020\/02\/Bledsoe.Achilles.Boot_.jpg\" \/>\n\t<meta property=\"og:image:width\" content=\"567\" \/>\n\t<meta property=\"og:image:height\" content=\"567\" \/>\n\t<meta property=\"og:image:type\" content=\"image\/jpeg\" \/>\n<meta name=\"twitter:card\" content=\"summary_large_image\" \/>\n<script type=\"application\/ld+json\" class=\"yoast-schema-graph\">{\"@context\":\"https:\\\/\\\/schema.org\",\"@graph\":[{\"@type\":\"WebPage\",\"@id\":\"https:\\\/\\\/embreis.com\\\/no\\\/produkt\\\/achilles-boot\\\/\",\"url\":\"https:\\\/\\\/embreis.com\\\/no\\\/produkt\\\/achilles-boot\\\/\",\"name\":\"Achilles Boot - Embreis NO\",\"isPartOf\":{\"@id\":\"https:\\\/\\\/embreis.com\\\/no\\\/#website\"},\"primaryImageOfPage\":{\"@id\":\"https:\\\/\\\/embreis.com\\\/no\\\/produkt\\\/achilles-boot\\\/#primaryimage\"},\"image\":{\"@id\":\"https:\\\/\\\/embreis.com\\\/no\\\/produkt\\\/achilles-boot\\\/#primaryimage\"},\"thumbnailUrl\":\"https:\\\/\\\/embreis.com\\\/no\\\/wp-content\\\/uploads\\\/sites\\\/9\\\/2020\\\/02\\\/Bledsoe.Achilles.Boot_.jpg\",\"datePublished\":\"2020-02-14T13:55:52+00:00\",\"dateModified\":\"2021-02-10T17:14:23+00:00\",\"breadcrumb\":{\"@id\":\"https:\\\/\\\/embreis.com\\\/no\\\/produkt\\\/achilles-boot\\\/#breadcrumb\"},\"inLanguage\":\"sv-SE\",\"potentialAction\":[{\"@type\":\"ReadAction\",\"target\":[\"https:\\\/\\\/embreis.com\\\/no\\\/produkt\\\/achilles-boot\\\/\"]}]},{\"@type\":\"ImageObject\",\"inLanguage\":\"sv-SE\",\"@id\":\"https:\\\/\\\/embreis.com\\\/no\\\/produkt\\\/achilles-boot\\\/#primaryimage\",\"url\":\"https:\\\/\\\/embreis.com\\\/no\\\/wp-content\\\/uploads\\\/sites\\\/9\\\/2020\\\/02\\\/Bledsoe.Achilles.Boot_.jpg\",\"contentUrl\":\"https:\\\/\\\/embreis.com\\\/no\\\/wp-content\\\/uploads\\\/sites\\\/9\\\/2020\\\/02\\\/Bledsoe.Achilles.Boot_.jpg\",\"width\":567,\"height\":567},{\"@type\":\"BreadcrumbList\",\"@id\":\"https:\\\/\\\/embreis.com\\\/no\\\/produkt\\\/achilles-boot\\\/#breadcrumb\",\"itemListElement\":[{\"@type\":\"ListItem\",\"position\":1,\"name\":\"Hem\",\"item\":\"https:\\\/\\\/embreis.com\\\/no\\\/\"},{\"@type\":\"ListItem\",\"position\":2,\"name\":\"Sortiment\",\"item\":\"https:\\\/\\\/embreis.com\\\/no\\\/sortiment\\\/\"},{\"@type\":\"ListItem\",\"position\":3,\"name\":\"Ortos\",\"item\":\"https:\\\/\\\/embreis.com\\\/no\\\/produktkategori\\\/ortos\\\/\"},{\"@type\":\"ListItem\",\"position\":4,\"name\":\"Ankel\",\"item\":\"https:\\\/\\\/embreis.com\\\/no\\\/produktkategori\\\/ortos\\\/ankel\\\/\"},{\"@type\":\"ListItem\",\"position\":5,\"name\":\"PostOp - Trauma\",\"item\":\"https:\\\/\\\/embreis.com\\\/no\\\/produktkategori\\\/ortos\\\/ankel\\\/postop-traum\\\/\"},{\"@type\":\"ListItem\",\"position\":6,\"name\":\"Achilles Boot\"}]},{\"@type\":\"WebSite\",\"@id\":\"https:\\\/\\\/embreis.com\\\/no\\\/#website\",\"url\":\"https:\\\/\\\/embreis.com\\\/no\\\/\",\"name\":\"Embreis NO\",\"description\":\"Ortoser, proteser och material\",\"potentialAction\":[{\"@type\":\"SearchAction\",\"target\":{\"@type\":\"EntryPoint\",\"urlTemplate\":\"https:\\\/\\\/embreis.com\\\/no\\\/?s={search_term_string}\"},\"query-input\":{\"@type\":\"PropertyValueSpecification\",\"valueRequired\":true,\"valueName\":\"search_term_string\"}}],\"inLanguage\":\"sv-SE\"}]}<\/script>\n<!-- \/ Yoast SEO Premium plugin. -->","yoast_head_json":{"title":"Achilles Boot - Embreis NO","robots":{"index":"index","follow":"follow","max-snippet":"max-snippet:-1","max-image-preview":"max-image-preview:large","max-video-preview":"max-video-preview:-1"},"canonical":"https:\/\/embreis.com\/no\/produkt\/achilles-boot\/","og_locale":"sv_SE","og_type":"article","og_title":"Achilles Boot","og_description":"Specifik Akilleswalker  4 kilar a 10\u00b0  H\u00e5lfotsst\u00f6d  Slitstark rullsula","og_url":"https:\/\/embreis.com\/no\/produkt\/achilles-boot\/","og_site_name":"Embreis NO","article_modified_time":"2021-02-10T17:14:23+00:00","og_image":[{"width":567,"height":567,"url":"https:\/\/embreis.com\/no\/wp-content\/uploads\/sites\/9\/2020\/02\/Bledsoe.Achilles.Boot_.jpg","type":"image\/jpeg"}],"twitter_card":"summary_large_image","schema":{"@context":"https:\/\/schema.org","@graph":[{"@type":"WebPage","@id":"https:\/\/embreis.com\/no\/produkt\/achilles-boot\/","url":"https:\/\/embreis.com\/no\/produkt\/achilles-boot\/","name":"Achilles Boot - Embreis NO","isPartOf":{"@id":"https:\/\/embreis.com\/no\/#website"},"primaryImageOfPage":{"@id":"https:\/\/embreis.com\/no\/produkt\/achilles-boot\/#primaryimage"},"image":{"@id":"https:\/\/embreis.com\/no\/produkt\/achilles-boot\/#primaryimage"},"thumbnailUrl":"https:\/\/embreis.com\/no\/wp-content\/uploads\/sites\/9\/2020\/02\/Bledsoe.Achilles.Boot_.jpg","datePublished":"2020-02-14T13:55:52+00:00","dateModified":"2021-02-10T17:14:23+00:00","breadcrumb":{"@id":"https:\/\/embreis.com\/no\/produkt\/achilles-boot\/#breadcrumb"},"inLanguage":"sv-SE","potentialAction":[{"@type":"ReadAction","target":["https:\/\/embreis.com\/no\/produkt\/achilles-boot\/"]}]},{"@type":"ImageObject","inLanguage":"sv-SE","@id":"https:\/\/embreis.com\/no\/produkt\/achilles-boot\/#primaryimage","url":"https:\/\/embreis.com\/no\/wp-content\/uploads\/sites\/9\/2020\/02\/Bledsoe.Achilles.Boot_.jpg","contentUrl":"https:\/\/embreis.com\/no\/wp-content\/uploads\/sites\/9\/2020\/02\/Bledsoe.Achilles.Boot_.jpg","width":567,"height":567},{"@type":"BreadcrumbList","@id":"https:\/\/embreis.com\/no\/produkt\/achilles-boot\/#breadcrumb","itemListElement":[{"@type":"ListItem","position":1,"name":"Hem","item":"https:\/\/embreis.com\/no\/"},{"@type":"ListItem","position":2,"name":"Sortiment","item":"https:\/\/embreis.com\/no\/sortiment\/"},{"@type":"ListItem","position":3,"name":"Ortos","item":"https:\/\/embreis.com\/no\/produktkategori\/ortos\/"},{"@type":"ListItem","position":4,"name":"Ankel","item":"https:\/\/embreis.com\/no\/produktkategori\/ortos\/ankel\/"},{"@type":"ListItem","position":5,"name":"PostOp - Trauma","item":"https:\/\/embreis.com\/no\/produktkategori\/ortos\/ankel\/postop-traum\/"},{"@type":"ListItem","position":6,"name":"Achilles Boot"}]},{"@type":"WebSite","@id":"https:\/\/embreis.com\/no\/#website","url":"https:\/\/embreis.com\/no\/","name":"Embreis NO","description":"Ortoser, proteser och material","potentialAction":[{"@type":"SearchAction","target":{"@type":"EntryPoint","urlTemplate":"https:\/\/embreis.com\/no\/?s={search_term_string}"},"query-input":{"@type":"PropertyValueSpecification","valueRequired":true,"valueName":"search_term_string"}}],"inLanguage":"sv-SE"}]}},"_links":{"self":[{"href":"https:\/\/embreis.com\/no\/wp-json\/wp\/v2\/product\/2134","targetHints":{"allow":["GET"]}}],"collection":[{"href":"https:\/\/embreis.com\/no\/wp-json\/wp\/v2\/product"}],"about":[{"href":"https:\/\/embreis.com\/no\/wp-json\/wp\/v2\/types\/product"}],"wp:featuredmedia":[{"embeddable":true,"href":"https:\/\/embreis.com\/no\/wp-json\/wp\/v2\/media\/8589"}],"wp:attachment":[{"href":"https:\/\/embreis.com\/no\/wp-json\/wp\/v2\/media?parent=2134"}],"wp:term":[{"taxonomy":"product_brand","embeddable":true,"href":"https:\/\/embreis.com\/no\/wp-json\/wp\/v2\/product_brand?post=2134"},{"taxonomy":"product_cat","embeddable":true,"href":"https:\/\/embreis.com\/no\/wp-json\/wp\/v2\/product_cat?post=2134"},{"taxonomy":"product_tag","embeddable":true,"href":"https:\/\/embreis.com\/no\/wp-json\/wp\/v2\/product_tag?post=2134"}],"curies":[{"name":"wp","href":"https:\/\/api.w.org\/{rel}","templated":true}]}}