{"id":2112,"date":"2020-02-14T15:55:48","date_gmt":"2020-02-14T13:55:48","guid":{"rendered":"http:\/\/embreiscom.wpengine.com\/product\/elift\/"},"modified":"2021-12-03T12:23:15","modified_gmt":"2021-12-03T10:23:15","slug":"podus-boot","status":"publish","type":"product","link":"https:\/\/embreis.com\/no\/produkt\/podus-boot\/","title":{"rendered":"Podus Boot"},"content":{"rendered":"<p>Podus Boot \u00e4r specifikt utformad f\u00f6r att h\u00e5lla foten i normalposition samt avlasta h\u00e4len i liggande, sittande och st\u00e5ende position. Den \u00e4r l\u00e4tt att applicera och polstringen kan enkelt tas bort f\u00f6r byte och tv\u00e4tt. T\u00e5delen kan justeras i l\u00e4ngd f\u00f6r att skydda t\u00e5rna mot st\u00f6tar och tryck. Sulan sitter fast och till\u00e5ter kortare f\u00f6rflyttning. Om rotationsbygeln f\u00e4lls ut f\u00f6rhindras foten och underbenet att rotera. Ortosen anv\u00e4nds vid s\u00e5rl\u00e4kning av h\u00e4ls\u00e5r och kan anv\u00e4ndas i f\u00f6rebyggande syfte f\u00f6r att avlasta h\u00e4len och motverka spetsfot.<\/p>\n","protected":false},"excerpt":{"rendered":"<ul>\n<li>Avlastar h\u00e4len effektivt<\/li>\n<li>Motverkar tryck av h\u00e4l\/t\u00e5r<\/li>\n<li>Mjuk och tryckavlastande<\/li>\n<li>Utbytbart foder<\/li>\n<\/ul>\n","protected":false},"featured_media":12058,"template":"","meta":[],"product_brand":[],"product_cat":[1231,217,225],"product_tag":[],"class_list":{"0":"post-2112","1":"product","2":"type-product","3":"status-publish","4":"has-post-thumbnail","6":"product_cat-neuro-rehab-vrist-ortos","7":"product_cat-ortos","8":"product_cat-ankel","10":"first","11":"outofstock","12":"shipping-taxable","13":"product-type-variable"},"acf":[],"yoast_head":"<!-- This site is optimized with the Yoast SEO Premium plugin v25.3.1 (Yoast SEO v25.3.1) - https:\/\/yoast.com\/wordpress\/plugins\/seo\/ -->\n<title>Podus Boot - Embreis NO<\/title>\n<meta name=\"robots\" content=\"index, follow, max-snippet:-1, max-image-preview:large, max-video-preview:-1\" \/>\n<link rel=\"canonical\" href=\"https:\/\/embreis.com\/no\/produkt\/podus-boot\/\" \/>\n<meta property=\"og:locale\" content=\"sv_SE\" \/>\n<meta property=\"og:type\" content=\"article\" \/>\n<meta property=\"og:title\" content=\"Podus Boot\" \/>\n<meta property=\"og:description\" content=\"Avlastar h\u00e4len effektivt  Motverkar tryck av h\u00e4l\/t\u00e5r  Mjuk och tryckavlastande  Utbytbart foder\" \/>\n<meta property=\"og:url\" content=\"https:\/\/embreis.com\/no\/produkt\/podus-boot\/\" \/>\n<meta property=\"og:site_name\" content=\"Embreis NO\" \/>\n<meta property=\"article:modified_time\" content=\"2021-12-03T10:23:15+00:00\" \/>\n<meta property=\"og:image\" content=\"https:\/\/embreis.com\/no\/wp-content\/uploads\/sites\/9\/2020\/02\/PBX-Podus-Boot.png\" \/>\n\t<meta property=\"og:image:width\" content=\"850\" \/>\n\t<meta property=\"og:image:height\" content=\"850\" \/>\n\t<meta property=\"og:image:type\" content=\"image\/png\" \/>\n<meta name=\"twitter:card\" content=\"summary_large_image\" \/>\n<meta name=\"twitter:label1\" content=\"Ber\u00e4knad l\u00e4stid\" \/>\n\t<meta name=\"twitter:data1\" content=\"1 minut\" \/>\n<script type=\"application\/ld+json\" class=\"yoast-schema-graph\">{\"@context\":\"https:\/\/schema.org\",\"@graph\":[{\"@type\":\"WebPage\",\"@id\":\"https:\/\/embreis.com\/no\/produkt\/podus-boot\/\",\"url\":\"https:\/\/embreis.com\/no\/produkt\/podus-boot\/\",\"name\":\"Podus Boot - Embreis NO\",\"isPartOf\":{\"@id\":\"https:\/\/embreis.com\/no\/#website\"},\"primaryImageOfPage\":{\"@id\":\"https:\/\/embreis.com\/no\/produkt\/podus-boot\/#primaryimage\"},\"image\":{\"@id\":\"https:\/\/embreis.com\/no\/produkt\/podus-boot\/#primaryimage\"},\"thumbnailUrl\":\"https:\/\/embreis.com\/no\/wp-content\/uploads\/sites\/9\/2020\/02\/PBX-Podus-Boot.png\",\"datePublished\":\"2020-02-14T13:55:48+00:00\",\"dateModified\":\"2021-12-03T10:23:15+00:00\",\"breadcrumb\":{\"@id\":\"https:\/\/embreis.com\/no\/produkt\/podus-boot\/#breadcrumb\"},\"inLanguage\":\"sv-SE\",\"potentialAction\":[{\"@type\":\"ReadAction\",\"target\":[\"https:\/\/embreis.com\/no\/produkt\/podus-boot\/\"]}]},{\"@type\":\"ImageObject\",\"inLanguage\":\"sv-SE\",\"@id\":\"https:\/\/embreis.com\/no\/produkt\/podus-boot\/#primaryimage\",\"url\":\"https:\/\/embreis.com\/no\/wp-content\/uploads\/sites\/9\/2020\/02\/PBX-Podus-Boot.png\",\"contentUrl\":\"https:\/\/embreis.com\/no\/wp-content\/uploads\/sites\/9\/2020\/02\/PBX-Podus-Boot.png\",\"width\":850,\"height\":850},{\"@type\":\"BreadcrumbList\",\"@id\":\"https:\/\/embreis.com\/no\/produkt\/podus-boot\/#breadcrumb\",\"itemListElement\":[{\"@type\":\"ListItem\",\"position\":1,\"name\":\"Hem\",\"item\":\"https:\/\/embreis.com\/no\/\"},{\"@type\":\"ListItem\",\"position\":2,\"name\":\"Sortiment\",\"item\":\"https:\/\/embreis.com\/no\/sortiment\/\"},{\"@type\":\"ListItem\",\"position\":3,\"name\":\"Ortos\",\"item\":\"https:\/\/embreis.com\/no\/produktkategori\/ortos\/\"},{\"@type\":\"ListItem\",\"position\":4,\"name\":\"Ankel\",\"item\":\"https:\/\/embreis.com\/no\/produktkategori\/ortos\/ankel\/\"},{\"@type\":\"ListItem\",\"position\":5,\"name\":\"Neuro - Rehab\",\"item\":\"https:\/\/embreis.com\/no\/produktkategori\/ortos\/ankel\/neuro-rehab-vrist-ortos\/\"},{\"@type\":\"ListItem\",\"position\":6,\"name\":\"Podus Boot\"}]},{\"@type\":\"WebSite\",\"@id\":\"https:\/\/embreis.com\/no\/#website\",\"url\":\"https:\/\/embreis.com\/no\/\",\"name\":\"Embreis NO\",\"description\":\"Ortoser, proteser och material\",\"potentialAction\":[{\"@type\":\"SearchAction\",\"target\":{\"@type\":\"EntryPoint\",\"urlTemplate\":\"https:\/\/embreis.com\/no\/?s={search_term_string}\"},\"query-input\":{\"@type\":\"PropertyValueSpecification\",\"valueRequired\":true,\"valueName\":\"search_term_string\"}}],\"inLanguage\":\"sv-SE\"}]}<\/script>\n<!-- \/ Yoast SEO Premium plugin. -->","yoast_head_json":{"title":"Podus Boot - Embreis NO","robots":{"index":"index","follow":"follow","max-snippet":"max-snippet:-1","max-image-preview":"max-image-preview:large","max-video-preview":"max-video-preview:-1"},"canonical":"https:\/\/embreis.com\/no\/produkt\/podus-boot\/","og_locale":"sv_SE","og_type":"article","og_title":"Podus Boot","og_description":"Avlastar h\u00e4len effektivt  Motverkar tryck av h\u00e4l\/t\u00e5r  Mjuk och tryckavlastande  Utbytbart foder","og_url":"https:\/\/embreis.com\/no\/produkt\/podus-boot\/","og_site_name":"Embreis NO","article_modified_time":"2021-12-03T10:23:15+00:00","og_image":[{"width":850,"height":850,"url":"https:\/\/embreis.com\/no\/wp-content\/uploads\/sites\/9\/2020\/02\/PBX-Podus-Boot.png","type":"image\/png"}],"twitter_card":"summary_large_image","twitter_misc":{"Ber\u00e4knad l\u00e4stid":"1 minut"},"schema":{"@context":"https:\/\/schema.org","@graph":[{"@type":"WebPage","@id":"https:\/\/embreis.com\/no\/produkt\/podus-boot\/","url":"https:\/\/embreis.com\/no\/produkt\/podus-boot\/","name":"Podus Boot - Embreis NO","isPartOf":{"@id":"https:\/\/embreis.com\/no\/#website"},"primaryImageOfPage":{"@id":"https:\/\/embreis.com\/no\/produkt\/podus-boot\/#primaryimage"},"image":{"@id":"https:\/\/embreis.com\/no\/produkt\/podus-boot\/#primaryimage"},"thumbnailUrl":"https:\/\/embreis.com\/no\/wp-content\/uploads\/sites\/9\/2020\/02\/PBX-Podus-Boot.png","datePublished":"2020-02-14T13:55:48+00:00","dateModified":"2021-12-03T10:23:15+00:00","breadcrumb":{"@id":"https:\/\/embreis.com\/no\/produkt\/podus-boot\/#breadcrumb"},"inLanguage":"sv-SE","potentialAction":[{"@type":"ReadAction","target":["https:\/\/embreis.com\/no\/produkt\/podus-boot\/"]}]},{"@type":"ImageObject","inLanguage":"sv-SE","@id":"https:\/\/embreis.com\/no\/produkt\/podus-boot\/#primaryimage","url":"https:\/\/embreis.com\/no\/wp-content\/uploads\/sites\/9\/2020\/02\/PBX-Podus-Boot.png","contentUrl":"https:\/\/embreis.com\/no\/wp-content\/uploads\/sites\/9\/2020\/02\/PBX-Podus-Boot.png","width":850,"height":850},{"@type":"BreadcrumbList","@id":"https:\/\/embreis.com\/no\/produkt\/podus-boot\/#breadcrumb","itemListElement":[{"@type":"ListItem","position":1,"name":"Hem","item":"https:\/\/embreis.com\/no\/"},{"@type":"ListItem","position":2,"name":"Sortiment","item":"https:\/\/embreis.com\/no\/sortiment\/"},{"@type":"ListItem","position":3,"name":"Ortos","item":"https:\/\/embreis.com\/no\/produktkategori\/ortos\/"},{"@type":"ListItem","position":4,"name":"Ankel","item":"https:\/\/embreis.com\/no\/produktkategori\/ortos\/ankel\/"},{"@type":"ListItem","position":5,"name":"Neuro - Rehab","item":"https:\/\/embreis.com\/no\/produktkategori\/ortos\/ankel\/neuro-rehab-vrist-ortos\/"},{"@type":"ListItem","position":6,"name":"Podus Boot"}]},{"@type":"WebSite","@id":"https:\/\/embreis.com\/no\/#website","url":"https:\/\/embreis.com\/no\/","name":"Embreis NO","description":"Ortoser, proteser och material","potentialAction":[{"@type":"SearchAction","target":{"@type":"EntryPoint","urlTemplate":"https:\/\/embreis.com\/no\/?s={search_term_string}"},"query-input":{"@type":"PropertyValueSpecification","valueRequired":true,"valueName":"search_term_string"}}],"inLanguage":"sv-SE"}]}},"_links":{"self":[{"href":"https:\/\/embreis.com\/no\/wp-json\/wp\/v2\/product\/2112","targetHints":{"allow":["GET"]}}],"collection":[{"href":"https:\/\/embreis.com\/no\/wp-json\/wp\/v2\/product"}],"about":[{"href":"https:\/\/embreis.com\/no\/wp-json\/wp\/v2\/types\/product"}],"wp:featuredmedia":[{"embeddable":true,"href":"https:\/\/embreis.com\/no\/wp-json\/wp\/v2\/media\/12058"}],"wp:attachment":[{"href":"https:\/\/embreis.com\/no\/wp-json\/wp\/v2\/media?parent=2112"}],"wp:term":[{"taxonomy":"product_brand","embeddable":true,"href":"https:\/\/embreis.com\/no\/wp-json\/wp\/v2\/product_brand?post=2112"},{"taxonomy":"product_cat","embeddable":true,"href":"https:\/\/embreis.com\/no\/wp-json\/wp\/v2\/product_cat?post=2112"},{"taxonomy":"product_tag","embeddable":true,"href":"https:\/\/embreis.com\/no\/wp-json\/wp\/v2\/product_tag?post=2112"}],"curies":[{"name":"wp","href":"https:\/\/api.w.org\/{rel}","templated":true}]}}