{"id":2107,"date":"2020-02-14T15:55:46","date_gmt":"2020-02-14T13:55:46","guid":{"rendered":"http:\/\/embreiscom.wpengine.com\/product\/espine-3\/"},"modified":"2021-12-01T17:51:37","modified_gmt":"2021-12-01T15:51:37","slug":"tecnoway-t410c","status":"publish","type":"product","link":"https:\/\/embreis.com\/no\/produkt\/tecnoway-t410c\/","title":{"rendered":"Tecnoway T410C"},"content":{"rendered":"<p>Tecnoway T410C \u00e4r en l\u00e4tt, smidig och st\u00f6djande 3-punktsortos som hindrar flexion av ryggen efter skada eller operation. Den \u00e4r ett l\u00e4mpligt alternativ till traditionell hyperextensionsortos pga smidigare design. Br\u00f6st- och bukplattor \u00e4r l\u00e4tt r\u00f6rliga vilket f\u00f6rb\u00e4ttrar komforten. Samtliga anl\u00e4ggningsplattor kan justeras i h\u00f6jd och sidled och l\u00e5ssystemet g\u00f6r den enkel att ta av och p\u00e5.<\/p>\n","protected":false},"excerpt":{"rendered":"<ul>\n<li>Smidig 3-punkts ortos<\/li>\n<li>Extenderar ryggen<\/li>\n<li>Motverkar ryggflexion<\/li>\n<li>L\u00e4tt att justera<\/li>\n<\/ul>\n","protected":false},"featured_media":8123,"template":"","meta":[],"product_brand":[],"product_cat":[1221,217,224],"product_tag":[],"class_list":{"0":"post-2107","1":"product","2":"type-product","3":"status-publish","4":"has-post-thumbnail","6":"product_cat-tlso","7":"product_cat-ortos","8":"product_cat-rygg","10":"first","11":"outofstock","12":"shipping-taxable","13":"product-type-variable"},"acf":[],"yoast_head":"<!-- This site is optimized with the Yoast SEO Premium plugin v27.3 (Yoast SEO v27.3) - https:\/\/yoast.com\/product\/yoast-seo-premium-wordpress\/ -->\n<title>Tecnoway T410C - Embreis NO<\/title>\n<meta name=\"robots\" content=\"index, follow, max-snippet:-1, max-image-preview:large, max-video-preview:-1\" \/>\n<link rel=\"canonical\" href=\"https:\/\/embreis.com\/no\/produkt\/tecnoway-t410c\/\" \/>\n<meta property=\"og:locale\" content=\"sv_SE\" \/>\n<meta property=\"og:type\" content=\"article\" \/>\n<meta property=\"og:title\" content=\"Tecnoway T410C\" \/>\n<meta property=\"og:description\" content=\"Smidig 3-punkts ortos  Extenderar ryggen  Motverkar ryggflexion  L\u00e4tt att justera\" \/>\n<meta property=\"og:url\" content=\"https:\/\/embreis.com\/no\/produkt\/tecnoway-t410c\/\" \/>\n<meta property=\"og:site_name\" content=\"Embreis NO\" \/>\n<meta property=\"article:modified_time\" content=\"2021-12-01T15:51:37+00:00\" \/>\n<meta property=\"og:image\" content=\"https:\/\/embreis.com\/no\/wp-content\/uploads\/sites\/9\/2020\/02\/eSpine-3.E50150x.jpg\" \/>\n\t<meta property=\"og:image:width\" content=\"567\" \/>\n\t<meta property=\"og:image:height\" content=\"567\" \/>\n\t<meta property=\"og:image:type\" content=\"image\/jpeg\" \/>\n<meta name=\"twitter:card\" content=\"summary_large_image\" \/>\n<meta name=\"twitter:label1\" content=\"Ber\u00e4knad l\u00e4stid\" \/>\n\t<meta name=\"twitter:data1\" content=\"1 minut\" \/>\n<script type=\"application\/ld+json\" class=\"yoast-schema-graph\">{\"@context\":\"https:\\\/\\\/schema.org\",\"@graph\":[{\"@type\":\"WebPage\",\"@id\":\"https:\\\/\\\/embreis.com\\\/no\\\/produkt\\\/tecnoway-t410c\\\/\",\"url\":\"https:\\\/\\\/embreis.com\\\/no\\\/produkt\\\/tecnoway-t410c\\\/\",\"name\":\"Tecnoway T410C - Embreis NO\",\"isPartOf\":{\"@id\":\"https:\\\/\\\/embreis.com\\\/no\\\/#website\"},\"primaryImageOfPage\":{\"@id\":\"https:\\\/\\\/embreis.com\\\/no\\\/produkt\\\/tecnoway-t410c\\\/#primaryimage\"},\"image\":{\"@id\":\"https:\\\/\\\/embreis.com\\\/no\\\/produkt\\\/tecnoway-t410c\\\/#primaryimage\"},\"thumbnailUrl\":\"https:\\\/\\\/embreis.com\\\/no\\\/wp-content\\\/uploads\\\/sites\\\/9\\\/2020\\\/02\\\/eSpine-3.E50150x.jpg\",\"datePublished\":\"2020-02-14T13:55:46+00:00\",\"dateModified\":\"2021-12-01T15:51:37+00:00\",\"breadcrumb\":{\"@id\":\"https:\\\/\\\/embreis.com\\\/no\\\/produkt\\\/tecnoway-t410c\\\/#breadcrumb\"},\"inLanguage\":\"sv-SE\",\"potentialAction\":[{\"@type\":\"ReadAction\",\"target\":[\"https:\\\/\\\/embreis.com\\\/no\\\/produkt\\\/tecnoway-t410c\\\/\"]}]},{\"@type\":\"ImageObject\",\"inLanguage\":\"sv-SE\",\"@id\":\"https:\\\/\\\/embreis.com\\\/no\\\/produkt\\\/tecnoway-t410c\\\/#primaryimage\",\"url\":\"https:\\\/\\\/embreis.com\\\/no\\\/wp-content\\\/uploads\\\/sites\\\/9\\\/2020\\\/02\\\/eSpine-3.E50150x.jpg\",\"contentUrl\":\"https:\\\/\\\/embreis.com\\\/no\\\/wp-content\\\/uploads\\\/sites\\\/9\\\/2020\\\/02\\\/eSpine-3.E50150x.jpg\",\"width\":567,\"height\":567},{\"@type\":\"BreadcrumbList\",\"@id\":\"https:\\\/\\\/embreis.com\\\/no\\\/produkt\\\/tecnoway-t410c\\\/#breadcrumb\",\"itemListElement\":[{\"@type\":\"ListItem\",\"position\":1,\"name\":\"Hem\",\"item\":\"https:\\\/\\\/embreis.com\\\/no\\\/\"},{\"@type\":\"ListItem\",\"position\":2,\"name\":\"Sortiment\",\"item\":\"https:\\\/\\\/embreis.com\\\/no\\\/sortiment\\\/\"},{\"@type\":\"ListItem\",\"position\":3,\"name\":\"Ortos\",\"item\":\"https:\\\/\\\/embreis.com\\\/no\\\/produktkategori\\\/ortos\\\/\"},{\"@type\":\"ListItem\",\"position\":4,\"name\":\"Rygg\",\"item\":\"https:\\\/\\\/embreis.com\\\/no\\\/produktkategori\\\/ortos\\\/rygg\\\/\"},{\"@type\":\"ListItem\",\"position\":5,\"name\":\"TLSO\",\"item\":\"https:\\\/\\\/embreis.com\\\/no\\\/produktkategori\\\/ortos\\\/rygg\\\/tlso\\\/\"},{\"@type\":\"ListItem\",\"position\":6,\"name\":\"Tecnoway T410C\"}]},{\"@type\":\"WebSite\",\"@id\":\"https:\\\/\\\/embreis.com\\\/no\\\/#website\",\"url\":\"https:\\\/\\\/embreis.com\\\/no\\\/\",\"name\":\"Embreis NO\",\"description\":\"Ortoser, proteser och material\",\"potentialAction\":[{\"@type\":\"SearchAction\",\"target\":{\"@type\":\"EntryPoint\",\"urlTemplate\":\"https:\\\/\\\/embreis.com\\\/no\\\/?s={search_term_string}\"},\"query-input\":{\"@type\":\"PropertyValueSpecification\",\"valueRequired\":true,\"valueName\":\"search_term_string\"}}],\"inLanguage\":\"sv-SE\"}]}<\/script>\n<!-- \/ Yoast SEO Premium plugin. -->","yoast_head_json":{"title":"Tecnoway T410C - Embreis NO","robots":{"index":"index","follow":"follow","max-snippet":"max-snippet:-1","max-image-preview":"max-image-preview:large","max-video-preview":"max-video-preview:-1"},"canonical":"https:\/\/embreis.com\/no\/produkt\/tecnoway-t410c\/","og_locale":"sv_SE","og_type":"article","og_title":"Tecnoway T410C","og_description":"Smidig 3-punkts ortos  Extenderar ryggen  Motverkar ryggflexion  L\u00e4tt att justera","og_url":"https:\/\/embreis.com\/no\/produkt\/tecnoway-t410c\/","og_site_name":"Embreis NO","article_modified_time":"2021-12-01T15:51:37+00:00","og_image":[{"width":567,"height":567,"url":"https:\/\/embreis.com\/no\/wp-content\/uploads\/sites\/9\/2020\/02\/eSpine-3.E50150x.jpg","type":"image\/jpeg"}],"twitter_card":"summary_large_image","twitter_misc":{"Ber\u00e4knad l\u00e4stid":"1 minut"},"schema":{"@context":"https:\/\/schema.org","@graph":[{"@type":"WebPage","@id":"https:\/\/embreis.com\/no\/produkt\/tecnoway-t410c\/","url":"https:\/\/embreis.com\/no\/produkt\/tecnoway-t410c\/","name":"Tecnoway T410C - Embreis NO","isPartOf":{"@id":"https:\/\/embreis.com\/no\/#website"},"primaryImageOfPage":{"@id":"https:\/\/embreis.com\/no\/produkt\/tecnoway-t410c\/#primaryimage"},"image":{"@id":"https:\/\/embreis.com\/no\/produkt\/tecnoway-t410c\/#primaryimage"},"thumbnailUrl":"https:\/\/embreis.com\/no\/wp-content\/uploads\/sites\/9\/2020\/02\/eSpine-3.E50150x.jpg","datePublished":"2020-02-14T13:55:46+00:00","dateModified":"2021-12-01T15:51:37+00:00","breadcrumb":{"@id":"https:\/\/embreis.com\/no\/produkt\/tecnoway-t410c\/#breadcrumb"},"inLanguage":"sv-SE","potentialAction":[{"@type":"ReadAction","target":["https:\/\/embreis.com\/no\/produkt\/tecnoway-t410c\/"]}]},{"@type":"ImageObject","inLanguage":"sv-SE","@id":"https:\/\/embreis.com\/no\/produkt\/tecnoway-t410c\/#primaryimage","url":"https:\/\/embreis.com\/no\/wp-content\/uploads\/sites\/9\/2020\/02\/eSpine-3.E50150x.jpg","contentUrl":"https:\/\/embreis.com\/no\/wp-content\/uploads\/sites\/9\/2020\/02\/eSpine-3.E50150x.jpg","width":567,"height":567},{"@type":"BreadcrumbList","@id":"https:\/\/embreis.com\/no\/produkt\/tecnoway-t410c\/#breadcrumb","itemListElement":[{"@type":"ListItem","position":1,"name":"Hem","item":"https:\/\/embreis.com\/no\/"},{"@type":"ListItem","position":2,"name":"Sortiment","item":"https:\/\/embreis.com\/no\/sortiment\/"},{"@type":"ListItem","position":3,"name":"Ortos","item":"https:\/\/embreis.com\/no\/produktkategori\/ortos\/"},{"@type":"ListItem","position":4,"name":"Rygg","item":"https:\/\/embreis.com\/no\/produktkategori\/ortos\/rygg\/"},{"@type":"ListItem","position":5,"name":"TLSO","item":"https:\/\/embreis.com\/no\/produktkategori\/ortos\/rygg\/tlso\/"},{"@type":"ListItem","position":6,"name":"Tecnoway T410C"}]},{"@type":"WebSite","@id":"https:\/\/embreis.com\/no\/#website","url":"https:\/\/embreis.com\/no\/","name":"Embreis NO","description":"Ortoser, proteser och material","potentialAction":[{"@type":"SearchAction","target":{"@type":"EntryPoint","urlTemplate":"https:\/\/embreis.com\/no\/?s={search_term_string}"},"query-input":{"@type":"PropertyValueSpecification","valueRequired":true,"valueName":"search_term_string"}}],"inLanguage":"sv-SE"}]}},"_links":{"self":[{"href":"https:\/\/embreis.com\/no\/wp-json\/wp\/v2\/product\/2107","targetHints":{"allow":["GET"]}}],"collection":[{"href":"https:\/\/embreis.com\/no\/wp-json\/wp\/v2\/product"}],"about":[{"href":"https:\/\/embreis.com\/no\/wp-json\/wp\/v2\/types\/product"}],"wp:featuredmedia":[{"embeddable":true,"href":"https:\/\/embreis.com\/no\/wp-json\/wp\/v2\/media\/8123"}],"wp:attachment":[{"href":"https:\/\/embreis.com\/no\/wp-json\/wp\/v2\/media?parent=2107"}],"wp:term":[{"taxonomy":"product_brand","embeddable":true,"href":"https:\/\/embreis.com\/no\/wp-json\/wp\/v2\/product_brand?post=2107"},{"taxonomy":"product_cat","embeddable":true,"href":"https:\/\/embreis.com\/no\/wp-json\/wp\/v2\/product_cat?post=2107"},{"taxonomy":"product_tag","embeddable":true,"href":"https:\/\/embreis.com\/no\/wp-json\/wp\/v2\/product_tag?post=2107"}],"curies":[{"name":"wp","href":"https:\/\/api.w.org\/{rel}","templated":true}]}}