{"id":2076,"date":"2020-02-14T15:55:39","date_gmt":"2020-02-14T13:55:39","guid":{"rendered":"http:\/\/embreiscom.wpengine.com\/product\/cervical-collar\/"},"modified":"2021-02-16T20:56:45","modified_gmt":"2021-02-16T18:56:45","slug":"cervical-collar","status":"publish","type":"product","link":"https:\/\/embreis.com\/no\/produkt\/cervical-collar\/","title":{"rendered":"Cervical Collar"},"content":{"rendered":"<p>Rigid halskrage av traditionell Philly modell. Basen best\u00e5r av plastazote som har plastf\u00f6rst\u00e4rkningar fram och baktill samt kardborrband. Kragen ger mycket god stabilitet och kan anpassas individuellt runtom f\u00f6r \u00f6kad passform och komfort. Den \u00e4r l\u00e4tt att tv\u00e4tta och torka av och passar d\u00e4rmed \u00e4ven under dusch och bad.<\/p>\n","protected":false},"excerpt":{"rendered":"<ul>\n<li>Stabil halskrage typ Philly<\/li>\n<li>Separat fram och bakstycke<\/li>\n<li>Tracheotomi \u00f6ppning<\/li>\n<li>L\u00e4mplig som duschkrage<\/li>\n<\/ul>\n","protected":false},"featured_media":11725,"template":"","meta":[],"product_brand":[],"product_cat":[217,223,1194],"product_tag":[942,939,940],"class_list":{"0":"post-2076","1":"product","2":"type-product","3":"status-publish","4":"has-post-thumbnail","6":"product_cat-ortos","7":"product_cat-nacke","8":"product_cat-halskrage-cervical-ortos","9":"product_tag-akuta-nackskador","10":"product_tag-cervikala-skador","11":"product_tag-degenerativa-nackskador","12":"pa_varumarke-breg","14":"first","15":"instock","16":"shipping-taxable","17":"product-type-variable"},"acf":[],"yoast_head":"<!-- This site is optimized with the Yoast SEO Premium plugin v27.3 (Yoast SEO v27.3) - https:\/\/yoast.com\/product\/yoast-seo-premium-wordpress\/ -->\n<title>Cervical Collar - Embreis NO<\/title>\n<meta name=\"robots\" content=\"index, follow, max-snippet:-1, max-image-preview:large, max-video-preview:-1\" \/>\n<link rel=\"canonical\" href=\"https:\/\/embreis.com\/no\/produkt\/cervical-collar\/\" \/>\n<meta property=\"og:locale\" content=\"sv_SE\" \/>\n<meta property=\"og:type\" content=\"article\" \/>\n<meta property=\"og:title\" content=\"Cervical Collar\" \/>\n<meta property=\"og:description\" content=\"Stabil halskrage typ Philly  Separat fram och bakstycke  Tracheotomi \u00f6ppning  L\u00e4mplig som duschkrage\" \/>\n<meta property=\"og:url\" content=\"https:\/\/embreis.com\/no\/produkt\/cervical-collar\/\" \/>\n<meta property=\"og:site_name\" content=\"Embreis NO\" \/>\n<meta property=\"article:modified_time\" content=\"2021-02-16T18:56:45+00:00\" \/>\n<meta property=\"og:image\" content=\"https:\/\/embreis.com\/no\/wp-content\/uploads\/sites\/9\/2020\/02\/cervical.collar.jpg\" \/>\n\t<meta property=\"og:image:width\" content=\"850\" \/>\n\t<meta property=\"og:image:height\" content=\"850\" \/>\n\t<meta property=\"og:image:type\" content=\"image\/jpeg\" \/>\n<meta name=\"twitter:card\" content=\"summary_large_image\" \/>\n<script type=\"application\/ld+json\" class=\"yoast-schema-graph\">{\"@context\":\"https:\\\/\\\/schema.org\",\"@graph\":[{\"@type\":\"WebPage\",\"@id\":\"https:\\\/\\\/embreis.com\\\/no\\\/produkt\\\/cervical-collar\\\/\",\"url\":\"https:\\\/\\\/embreis.com\\\/no\\\/produkt\\\/cervical-collar\\\/\",\"name\":\"Cervical Collar - Embreis NO\",\"isPartOf\":{\"@id\":\"https:\\\/\\\/embreis.com\\\/no\\\/#website\"},\"primaryImageOfPage\":{\"@id\":\"https:\\\/\\\/embreis.com\\\/no\\\/produkt\\\/cervical-collar\\\/#primaryimage\"},\"image\":{\"@id\":\"https:\\\/\\\/embreis.com\\\/no\\\/produkt\\\/cervical-collar\\\/#primaryimage\"},\"thumbnailUrl\":\"https:\\\/\\\/embreis.com\\\/no\\\/wp-content\\\/uploads\\\/sites\\\/9\\\/2020\\\/02\\\/cervical.collar.jpg\",\"datePublished\":\"2020-02-14T13:55:39+00:00\",\"dateModified\":\"2021-02-16T18:56:45+00:00\",\"breadcrumb\":{\"@id\":\"https:\\\/\\\/embreis.com\\\/no\\\/produkt\\\/cervical-collar\\\/#breadcrumb\"},\"inLanguage\":\"sv-SE\",\"potentialAction\":[{\"@type\":\"ReadAction\",\"target\":[\"https:\\\/\\\/embreis.com\\\/no\\\/produkt\\\/cervical-collar\\\/\"]}]},{\"@type\":\"ImageObject\",\"inLanguage\":\"sv-SE\",\"@id\":\"https:\\\/\\\/embreis.com\\\/no\\\/produkt\\\/cervical-collar\\\/#primaryimage\",\"url\":\"https:\\\/\\\/embreis.com\\\/no\\\/wp-content\\\/uploads\\\/sites\\\/9\\\/2020\\\/02\\\/cervical.collar.jpg\",\"contentUrl\":\"https:\\\/\\\/embreis.com\\\/no\\\/wp-content\\\/uploads\\\/sites\\\/9\\\/2020\\\/02\\\/cervical.collar.jpg\",\"width\":850,\"height\":850},{\"@type\":\"BreadcrumbList\",\"@id\":\"https:\\\/\\\/embreis.com\\\/no\\\/produkt\\\/cervical-collar\\\/#breadcrumb\",\"itemListElement\":[{\"@type\":\"ListItem\",\"position\":1,\"name\":\"Hem\",\"item\":\"https:\\\/\\\/embreis.com\\\/no\\\/\"},{\"@type\":\"ListItem\",\"position\":2,\"name\":\"Sortiment\",\"item\":\"https:\\\/\\\/embreis.com\\\/no\\\/sortiment\\\/\"},{\"@type\":\"ListItem\",\"position\":3,\"name\":\"Ortos\",\"item\":\"https:\\\/\\\/embreis.com\\\/no\\\/produktkategori\\\/ortos\\\/\"},{\"@type\":\"ListItem\",\"position\":4,\"name\":\"Nacke\",\"item\":\"https:\\\/\\\/embreis.com\\\/no\\\/produktkategori\\\/ortos\\\/nacke\\\/\"},{\"@type\":\"ListItem\",\"position\":5,\"name\":\"Halskrage - Cervical ortos\",\"item\":\"https:\\\/\\\/embreis.com\\\/no\\\/produktkategori\\\/ortos\\\/nacke\\\/halskrage-cervical-ortos\\\/\"},{\"@type\":\"ListItem\",\"position\":6,\"name\":\"Cervical Collar\"}]},{\"@type\":\"WebSite\",\"@id\":\"https:\\\/\\\/embreis.com\\\/no\\\/#website\",\"url\":\"https:\\\/\\\/embreis.com\\\/no\\\/\",\"name\":\"Embreis NO\",\"description\":\"Ortoser, proteser och material\",\"potentialAction\":[{\"@type\":\"SearchAction\",\"target\":{\"@type\":\"EntryPoint\",\"urlTemplate\":\"https:\\\/\\\/embreis.com\\\/no\\\/?s={search_term_string}\"},\"query-input\":{\"@type\":\"PropertyValueSpecification\",\"valueRequired\":true,\"valueName\":\"search_term_string\"}}],\"inLanguage\":\"sv-SE\"}]}<\/script>\n<!-- \/ Yoast SEO Premium plugin. -->","yoast_head_json":{"title":"Cervical Collar - Embreis NO","robots":{"index":"index","follow":"follow","max-snippet":"max-snippet:-1","max-image-preview":"max-image-preview:large","max-video-preview":"max-video-preview:-1"},"canonical":"https:\/\/embreis.com\/no\/produkt\/cervical-collar\/","og_locale":"sv_SE","og_type":"article","og_title":"Cervical Collar","og_description":"Stabil halskrage typ Philly  Separat fram och bakstycke  Tracheotomi \u00f6ppning  L\u00e4mplig som duschkrage","og_url":"https:\/\/embreis.com\/no\/produkt\/cervical-collar\/","og_site_name":"Embreis NO","article_modified_time":"2021-02-16T18:56:45+00:00","og_image":[{"width":850,"height":850,"url":"https:\/\/embreis.com\/no\/wp-content\/uploads\/sites\/9\/2020\/02\/cervical.collar.jpg","type":"image\/jpeg"}],"twitter_card":"summary_large_image","schema":{"@context":"https:\/\/schema.org","@graph":[{"@type":"WebPage","@id":"https:\/\/embreis.com\/no\/produkt\/cervical-collar\/","url":"https:\/\/embreis.com\/no\/produkt\/cervical-collar\/","name":"Cervical Collar - Embreis NO","isPartOf":{"@id":"https:\/\/embreis.com\/no\/#website"},"primaryImageOfPage":{"@id":"https:\/\/embreis.com\/no\/produkt\/cervical-collar\/#primaryimage"},"image":{"@id":"https:\/\/embreis.com\/no\/produkt\/cervical-collar\/#primaryimage"},"thumbnailUrl":"https:\/\/embreis.com\/no\/wp-content\/uploads\/sites\/9\/2020\/02\/cervical.collar.jpg","datePublished":"2020-02-14T13:55:39+00:00","dateModified":"2021-02-16T18:56:45+00:00","breadcrumb":{"@id":"https:\/\/embreis.com\/no\/produkt\/cervical-collar\/#breadcrumb"},"inLanguage":"sv-SE","potentialAction":[{"@type":"ReadAction","target":["https:\/\/embreis.com\/no\/produkt\/cervical-collar\/"]}]},{"@type":"ImageObject","inLanguage":"sv-SE","@id":"https:\/\/embreis.com\/no\/produkt\/cervical-collar\/#primaryimage","url":"https:\/\/embreis.com\/no\/wp-content\/uploads\/sites\/9\/2020\/02\/cervical.collar.jpg","contentUrl":"https:\/\/embreis.com\/no\/wp-content\/uploads\/sites\/9\/2020\/02\/cervical.collar.jpg","width":850,"height":850},{"@type":"BreadcrumbList","@id":"https:\/\/embreis.com\/no\/produkt\/cervical-collar\/#breadcrumb","itemListElement":[{"@type":"ListItem","position":1,"name":"Hem","item":"https:\/\/embreis.com\/no\/"},{"@type":"ListItem","position":2,"name":"Sortiment","item":"https:\/\/embreis.com\/no\/sortiment\/"},{"@type":"ListItem","position":3,"name":"Ortos","item":"https:\/\/embreis.com\/no\/produktkategori\/ortos\/"},{"@type":"ListItem","position":4,"name":"Nacke","item":"https:\/\/embreis.com\/no\/produktkategori\/ortos\/nacke\/"},{"@type":"ListItem","position":5,"name":"Halskrage - Cervical ortos","item":"https:\/\/embreis.com\/no\/produktkategori\/ortos\/nacke\/halskrage-cervical-ortos\/"},{"@type":"ListItem","position":6,"name":"Cervical Collar"}]},{"@type":"WebSite","@id":"https:\/\/embreis.com\/no\/#website","url":"https:\/\/embreis.com\/no\/","name":"Embreis NO","description":"Ortoser, proteser och material","potentialAction":[{"@type":"SearchAction","target":{"@type":"EntryPoint","urlTemplate":"https:\/\/embreis.com\/no\/?s={search_term_string}"},"query-input":{"@type":"PropertyValueSpecification","valueRequired":true,"valueName":"search_term_string"}}],"inLanguage":"sv-SE"}]}},"_links":{"self":[{"href":"https:\/\/embreis.com\/no\/wp-json\/wp\/v2\/product\/2076","targetHints":{"allow":["GET"]}}],"collection":[{"href":"https:\/\/embreis.com\/no\/wp-json\/wp\/v2\/product"}],"about":[{"href":"https:\/\/embreis.com\/no\/wp-json\/wp\/v2\/types\/product"}],"wp:featuredmedia":[{"embeddable":true,"href":"https:\/\/embreis.com\/no\/wp-json\/wp\/v2\/media\/11725"}],"wp:attachment":[{"href":"https:\/\/embreis.com\/no\/wp-json\/wp\/v2\/media?parent=2076"}],"wp:term":[{"taxonomy":"product_brand","embeddable":true,"href":"https:\/\/embreis.com\/no\/wp-json\/wp\/v2\/product_brand?post=2076"},{"taxonomy":"product_cat","embeddable":true,"href":"https:\/\/embreis.com\/no\/wp-json\/wp\/v2\/product_cat?post=2076"},{"taxonomy":"product_tag","embeddable":true,"href":"https:\/\/embreis.com\/no\/wp-json\/wp\/v2\/product_tag?post=2076"}],"curies":[{"name":"wp","href":"https:\/\/api.w.org\/{rel}","templated":true}]}}