{"id":2064,"date":"2020-02-14T15:55:36","date_gmt":"2020-02-14T13:55:36","guid":{"rendered":"http:\/\/embreiscom.wpengine.com\/product\/axiom-d-elite\/"},"modified":"2024-09-12T13:19:08","modified_gmt":"2024-09-12T11:19:08","slug":"axiom-d-elite","status":"publish","type":"product","link":"https:\/\/embreis.com\/no\/produkt\/axiom-d-elite\/","title":{"rendered":"Axiom-D Elite"},"content":{"rendered":"<p>Axiom-D Elite representerar den nya typen av Dynamiska kn\u00e4ortoser f\u00f6r fr\u00e4mre eller bakre korsbandsskador. Den har en unik och patenterad funktion. Ut\u00f6ver en stabil och smidig aluminiumram har Axiom-D Elite en r\u00f6rlig tibiabygel som ger skjuvkraft och styrning f\u00f6r kontroll av tibia.\u00a0Quadriceps respektive hamstrings kraft \u00f6verf\u00f6rs genom en bygel-led och ger skjuvkraft i anterior eller posterior riktning mot tibia och ger en dynamiskt stabiliserande effekt.\u00a0Aluminiumramen har en mycket bra passform och kan anpassas efter behov alternativt tillverkas som Custom made. Notera informationen g\u00e4llande applicering i f\u00f6rh\u00e5llande till respektive skada f\u00f6r optimal effekt.<\/p>\n","protected":false},"excerpt":{"rendered":"<ul>\n<li>Idealisk f\u00f6r ACL &amp; PCL skador<\/li>\n<li>Dynamisk skjuvkraft<\/li>\n<li>Motverkar tibial translation<\/li>\n<li>Stabil aluminiumram<\/li>\n<\/ul>\n","protected":false},"featured_media":8564,"template":"","meta":[],"product_brand":[],"product_cat":[1226,217,222],"product_tag":[],"class_list":{"0":"post-2064","1":"product","2":"type-product","3":"status-publish","4":"has-post-thumbnail","6":"product_cat-rigida-ligament","7":"product_cat-ortos","8":"product_cat-kna","9":"pa_varumarke-breg","11":"first","12":"outofstock","13":"shipping-taxable","14":"product-type-variable"},"acf":[],"yoast_head":"<!-- This site is optimized with the Yoast SEO Premium plugin v25.3.1 (Yoast SEO v25.3.1) - https:\/\/yoast.com\/wordpress\/plugins\/seo\/ -->\n<title>Axiom-D Elite - Embreis NO<\/title>\n<meta name=\"robots\" content=\"index, follow, max-snippet:-1, max-image-preview:large, max-video-preview:-1\" \/>\n<link rel=\"canonical\" href=\"https:\/\/embreis.com\/no\/produkt\/axiom-d-elite\/\" \/>\n<meta property=\"og:locale\" content=\"sv_SE\" \/>\n<meta property=\"og:type\" content=\"article\" \/>\n<meta property=\"og:title\" content=\"Axiom-D Elite\" \/>\n<meta property=\"og:description\" content=\"Idealisk f\u00f6r ACL &amp; PCL skador  Dynamisk skjuvkraft  Motverkar tibial translation  Stabil aluminiumram\" \/>\n<meta property=\"og:url\" content=\"https:\/\/embreis.com\/no\/produkt\/axiom-d-elite\/\" \/>\n<meta property=\"og:site_name\" content=\"Embreis NO\" \/>\n<meta property=\"article:modified_time\" content=\"2024-09-12T11:19:08+00:00\" \/>\n<meta property=\"og:image\" content=\"https:\/\/embreis.com\/no\/wp-content\/uploads\/sites\/9\/2020\/02\/Axiom-D.Elit_Web.grey1_.jpg\" \/>\n\t<meta property=\"og:image:width\" content=\"567\" \/>\n\t<meta property=\"og:image:height\" content=\"567\" \/>\n\t<meta property=\"og:image:type\" content=\"image\/jpeg\" \/>\n<meta name=\"twitter:card\" content=\"summary_large_image\" \/>\n<meta name=\"twitter:label1\" content=\"Ber\u00e4knad l\u00e4stid\" \/>\n\t<meta name=\"twitter:data1\" content=\"1 minut\" \/>\n<script type=\"application\/ld+json\" class=\"yoast-schema-graph\">{\"@context\":\"https:\/\/schema.org\",\"@graph\":[{\"@type\":\"WebPage\",\"@id\":\"https:\/\/embreis.com\/no\/produkt\/axiom-d-elite\/\",\"url\":\"https:\/\/embreis.com\/no\/produkt\/axiom-d-elite\/\",\"name\":\"Axiom-D Elite - Embreis NO\",\"isPartOf\":{\"@id\":\"https:\/\/embreis.com\/no\/#website\"},\"primaryImageOfPage\":{\"@id\":\"https:\/\/embreis.com\/no\/produkt\/axiom-d-elite\/#primaryimage\"},\"image\":{\"@id\":\"https:\/\/embreis.com\/no\/produkt\/axiom-d-elite\/#primaryimage\"},\"thumbnailUrl\":\"https:\/\/embreis.com\/no\/wp-content\/uploads\/sites\/9\/2020\/02\/Axiom-D.Elit_Web.grey1_.jpg\",\"datePublished\":\"2020-02-14T13:55:36+00:00\",\"dateModified\":\"2024-09-12T11:19:08+00:00\",\"breadcrumb\":{\"@id\":\"https:\/\/embreis.com\/no\/produkt\/axiom-d-elite\/#breadcrumb\"},\"inLanguage\":\"sv-SE\",\"potentialAction\":[{\"@type\":\"ReadAction\",\"target\":[\"https:\/\/embreis.com\/no\/produkt\/axiom-d-elite\/\"]}]},{\"@type\":\"ImageObject\",\"inLanguage\":\"sv-SE\",\"@id\":\"https:\/\/embreis.com\/no\/produkt\/axiom-d-elite\/#primaryimage\",\"url\":\"https:\/\/embreis.com\/no\/wp-content\/uploads\/sites\/9\/2020\/02\/Axiom-D.Elit_Web.grey1_.jpg\",\"contentUrl\":\"https:\/\/embreis.com\/no\/wp-content\/uploads\/sites\/9\/2020\/02\/Axiom-D.Elit_Web.grey1_.jpg\",\"width\":567,\"height\":567},{\"@type\":\"BreadcrumbList\",\"@id\":\"https:\/\/embreis.com\/no\/produkt\/axiom-d-elite\/#breadcrumb\",\"itemListElement\":[{\"@type\":\"ListItem\",\"position\":1,\"name\":\"Hem\",\"item\":\"https:\/\/embreis.com\/no\/\"},{\"@type\":\"ListItem\",\"position\":2,\"name\":\"Sortiment\",\"item\":\"https:\/\/embreis.com\/no\/sortiment\/\"},{\"@type\":\"ListItem\",\"position\":3,\"name\":\"Ortos\",\"item\":\"https:\/\/embreis.com\/no\/produktkategori\/ortos\/\"},{\"@type\":\"ListItem\",\"position\":4,\"name\":\"Kn\u00e4\",\"item\":\"https:\/\/embreis.com\/no\/produktkategori\/ortos\/kna\/\"},{\"@type\":\"ListItem\",\"position\":5,\"name\":\"Rigida Ligament\",\"item\":\"https:\/\/embreis.com\/no\/produktkategori\/ortos\/kna\/rigida-ligament\/\"},{\"@type\":\"ListItem\",\"position\":6,\"name\":\"Axiom-D Elite\"}]},{\"@type\":\"WebSite\",\"@id\":\"https:\/\/embreis.com\/no\/#website\",\"url\":\"https:\/\/embreis.com\/no\/\",\"name\":\"Embreis NO\",\"description\":\"Ortoser, proteser och material\",\"potentialAction\":[{\"@type\":\"SearchAction\",\"target\":{\"@type\":\"EntryPoint\",\"urlTemplate\":\"https:\/\/embreis.com\/no\/?s={search_term_string}\"},\"query-input\":{\"@type\":\"PropertyValueSpecification\",\"valueRequired\":true,\"valueName\":\"search_term_string\"}}],\"inLanguage\":\"sv-SE\"}]}<\/script>\n<!-- \/ Yoast SEO Premium plugin. -->","yoast_head_json":{"title":"Axiom-D Elite - Embreis NO","robots":{"index":"index","follow":"follow","max-snippet":"max-snippet:-1","max-image-preview":"max-image-preview:large","max-video-preview":"max-video-preview:-1"},"canonical":"https:\/\/embreis.com\/no\/produkt\/axiom-d-elite\/","og_locale":"sv_SE","og_type":"article","og_title":"Axiom-D Elite","og_description":"Idealisk f\u00f6r ACL &amp; PCL skador  Dynamisk skjuvkraft  Motverkar tibial translation  Stabil aluminiumram","og_url":"https:\/\/embreis.com\/no\/produkt\/axiom-d-elite\/","og_site_name":"Embreis NO","article_modified_time":"2024-09-12T11:19:08+00:00","og_image":[{"width":567,"height":567,"url":"https:\/\/embreis.com\/no\/wp-content\/uploads\/sites\/9\/2020\/02\/Axiom-D.Elit_Web.grey1_.jpg","type":"image\/jpeg"}],"twitter_card":"summary_large_image","twitter_misc":{"Ber\u00e4knad l\u00e4stid":"1 minut"},"schema":{"@context":"https:\/\/schema.org","@graph":[{"@type":"WebPage","@id":"https:\/\/embreis.com\/no\/produkt\/axiom-d-elite\/","url":"https:\/\/embreis.com\/no\/produkt\/axiom-d-elite\/","name":"Axiom-D Elite - Embreis NO","isPartOf":{"@id":"https:\/\/embreis.com\/no\/#website"},"primaryImageOfPage":{"@id":"https:\/\/embreis.com\/no\/produkt\/axiom-d-elite\/#primaryimage"},"image":{"@id":"https:\/\/embreis.com\/no\/produkt\/axiom-d-elite\/#primaryimage"},"thumbnailUrl":"https:\/\/embreis.com\/no\/wp-content\/uploads\/sites\/9\/2020\/02\/Axiom-D.Elit_Web.grey1_.jpg","datePublished":"2020-02-14T13:55:36+00:00","dateModified":"2024-09-12T11:19:08+00:00","breadcrumb":{"@id":"https:\/\/embreis.com\/no\/produkt\/axiom-d-elite\/#breadcrumb"},"inLanguage":"sv-SE","potentialAction":[{"@type":"ReadAction","target":["https:\/\/embreis.com\/no\/produkt\/axiom-d-elite\/"]}]},{"@type":"ImageObject","inLanguage":"sv-SE","@id":"https:\/\/embreis.com\/no\/produkt\/axiom-d-elite\/#primaryimage","url":"https:\/\/embreis.com\/no\/wp-content\/uploads\/sites\/9\/2020\/02\/Axiom-D.Elit_Web.grey1_.jpg","contentUrl":"https:\/\/embreis.com\/no\/wp-content\/uploads\/sites\/9\/2020\/02\/Axiom-D.Elit_Web.grey1_.jpg","width":567,"height":567},{"@type":"BreadcrumbList","@id":"https:\/\/embreis.com\/no\/produkt\/axiom-d-elite\/#breadcrumb","itemListElement":[{"@type":"ListItem","position":1,"name":"Hem","item":"https:\/\/embreis.com\/no\/"},{"@type":"ListItem","position":2,"name":"Sortiment","item":"https:\/\/embreis.com\/no\/sortiment\/"},{"@type":"ListItem","position":3,"name":"Ortos","item":"https:\/\/embreis.com\/no\/produktkategori\/ortos\/"},{"@type":"ListItem","position":4,"name":"Kn\u00e4","item":"https:\/\/embreis.com\/no\/produktkategori\/ortos\/kna\/"},{"@type":"ListItem","position":5,"name":"Rigida Ligament","item":"https:\/\/embreis.com\/no\/produktkategori\/ortos\/kna\/rigida-ligament\/"},{"@type":"ListItem","position":6,"name":"Axiom-D Elite"}]},{"@type":"WebSite","@id":"https:\/\/embreis.com\/no\/#website","url":"https:\/\/embreis.com\/no\/","name":"Embreis NO","description":"Ortoser, proteser och material","potentialAction":[{"@type":"SearchAction","target":{"@type":"EntryPoint","urlTemplate":"https:\/\/embreis.com\/no\/?s={search_term_string}"},"query-input":{"@type":"PropertyValueSpecification","valueRequired":true,"valueName":"search_term_string"}}],"inLanguage":"sv-SE"}]}},"_links":{"self":[{"href":"https:\/\/embreis.com\/no\/wp-json\/wp\/v2\/product\/2064","targetHints":{"allow":["GET"]}}],"collection":[{"href":"https:\/\/embreis.com\/no\/wp-json\/wp\/v2\/product"}],"about":[{"href":"https:\/\/embreis.com\/no\/wp-json\/wp\/v2\/types\/product"}],"wp:featuredmedia":[{"embeddable":true,"href":"https:\/\/embreis.com\/no\/wp-json\/wp\/v2\/media\/8564"}],"wp:attachment":[{"href":"https:\/\/embreis.com\/no\/wp-json\/wp\/v2\/media?parent=2064"}],"wp:term":[{"taxonomy":"product_brand","embeddable":true,"href":"https:\/\/embreis.com\/no\/wp-json\/wp\/v2\/product_brand?post=2064"},{"taxonomy":"product_cat","embeddable":true,"href":"https:\/\/embreis.com\/no\/wp-json\/wp\/v2\/product_cat?post=2064"},{"taxonomy":"product_tag","embeddable":true,"href":"https:\/\/embreis.com\/no\/wp-json\/wp\/v2\/product_tag?post=2064"}],"curies":[{"name":"wp","href":"https:\/\/api.w.org\/{rel}","templated":true}]}}