{"id":2036,"date":"2020-02-14T15:55:29","date_gmt":"2020-02-14T13:55:29","guid":{"rendered":"http:\/\/embreiscom.wpengine.com\/product\/fusion-xt\/"},"modified":"2022-08-23T14:08:25","modified_gmt":"2022-08-23T12:08:25","slug":"fusion-xt","status":"publish","type":"product","link":"https:\/\/embreis.com\/no\/produkt\/fusion-xt\/","title":{"rendered":"Fusion XT"},"content":{"rendered":"<p>Fusion XT \u00e4r en av marknadens absolut b\u00e4sta kn\u00e4ortoser och har en kraftigare ramkonstruktion f\u00f6r att klara av alla typer av kontaktsporter. Det h\u00e4r \u00e4r ortosen f\u00f6r den som verkligen st\u00e4ller krav p\u00e5 h\u00e5llbarhet och prestanda.\u00a0Den anv\u00e4nds efter ligamentskador eller vid kronisk instabilitet f\u00f6r stabilisering av kn\u00e4leden. Med en suver\u00e4n passform, stabilitet och komfort passar den f\u00f6r alla typer av idrotter och aktiviteter oberoende av skador p\u00e5 korsband eller sidoligament. Leden \u00e4r st\u00e4llbar i extension och flexion. Fusion ger mycket bra rotationskontroll och med det inv\u00e4ndiga anti-slip systemet sitter\u00a0ortosen perfekt p\u00e5 plats utan att glida. Den perforerade polstringen f\u00f6rdelar tryck och h\u00e5ller ortosen luftig och bekv\u00e4m att anv\u00e4nda. Den tillveras \u00e4ven i Custom Made version om benformen kr\u00e4ver det.<\/p>\n","protected":false},"excerpt":{"rendered":"<ul>\n<li>Extra rigid ram<\/li>\n<li>Suver\u00e4n passform<\/li>\n<li>Anti-slip system<\/li>\n<li>Rotationskontroll<\/li>\n<\/ul>\n","protected":false},"featured_media":8074,"template":"","meta":[],"product_brand":[],"product_cat":[1226,217,222],"product_tag":[],"class_list":{"0":"post-2036","1":"product","2":"type-product","3":"status-publish","4":"has-post-thumbnail","6":"product_cat-rigida-ligament","7":"product_cat-ortos","8":"product_cat-kna","9":"pa_varumarke-breg","11":"first","12":"outofstock","13":"shipping-taxable","14":"product-type-variable"},"acf":[],"yoast_head":"<!-- This site is optimized with the Yoast SEO Premium plugin v25.3.1 (Yoast SEO v25.3.1) - https:\/\/yoast.com\/wordpress\/plugins\/seo\/ -->\n<title>Fusion XT - Embreis NO<\/title>\n<meta name=\"robots\" content=\"index, follow, max-snippet:-1, max-image-preview:large, max-video-preview:-1\" \/>\n<link rel=\"canonical\" href=\"https:\/\/embreis.com\/no\/produkt\/fusion-xt\/\" \/>\n<meta property=\"og:locale\" content=\"sv_SE\" \/>\n<meta property=\"og:type\" content=\"article\" \/>\n<meta property=\"og:title\" content=\"Fusion XT\" \/>\n<meta property=\"og:description\" content=\"Extra rigid ram  Suver\u00e4n passform  Anti-slip system  Rotationskontroll\" \/>\n<meta property=\"og:url\" content=\"https:\/\/embreis.com\/no\/produkt\/fusion-xt\/\" \/>\n<meta property=\"og:site_name\" content=\"Embreis NO\" \/>\n<meta property=\"article:modified_time\" content=\"2022-08-23T12:08:25+00:00\" \/>\n<meta property=\"og:image\" content=\"https:\/\/embreis.com\/no\/wp-content\/uploads\/sites\/9\/2020\/02\/BREG.Fusion.XT_.1.jpg\" \/>\n\t<meta property=\"og:image:width\" content=\"567\" \/>\n\t<meta property=\"og:image:height\" content=\"567\" \/>\n\t<meta property=\"og:image:type\" content=\"image\/jpeg\" \/>\n<meta name=\"twitter:card\" content=\"summary_large_image\" \/>\n<meta name=\"twitter:label1\" content=\"Ber\u00e4knad l\u00e4stid\" \/>\n\t<meta name=\"twitter:data1\" content=\"1 minut\" \/>\n<script type=\"application\/ld+json\" class=\"yoast-schema-graph\">{\"@context\":\"https:\/\/schema.org\",\"@graph\":[{\"@type\":\"WebPage\",\"@id\":\"https:\/\/embreis.com\/no\/produkt\/fusion-xt\/\",\"url\":\"https:\/\/embreis.com\/no\/produkt\/fusion-xt\/\",\"name\":\"Fusion XT - Embreis NO\",\"isPartOf\":{\"@id\":\"https:\/\/embreis.com\/no\/#website\"},\"primaryImageOfPage\":{\"@id\":\"https:\/\/embreis.com\/no\/produkt\/fusion-xt\/#primaryimage\"},\"image\":{\"@id\":\"https:\/\/embreis.com\/no\/produkt\/fusion-xt\/#primaryimage\"},\"thumbnailUrl\":\"https:\/\/embreis.com\/no\/wp-content\/uploads\/sites\/9\/2020\/02\/BREG.Fusion.XT_.1.jpg\",\"datePublished\":\"2020-02-14T13:55:29+00:00\",\"dateModified\":\"2022-08-23T12:08:25+00:00\",\"breadcrumb\":{\"@id\":\"https:\/\/embreis.com\/no\/produkt\/fusion-xt\/#breadcrumb\"},\"inLanguage\":\"sv-SE\",\"potentialAction\":[{\"@type\":\"ReadAction\",\"target\":[\"https:\/\/embreis.com\/no\/produkt\/fusion-xt\/\"]}]},{\"@type\":\"ImageObject\",\"inLanguage\":\"sv-SE\",\"@id\":\"https:\/\/embreis.com\/no\/produkt\/fusion-xt\/#primaryimage\",\"url\":\"https:\/\/embreis.com\/no\/wp-content\/uploads\/sites\/9\/2020\/02\/BREG.Fusion.XT_.1.jpg\",\"contentUrl\":\"https:\/\/embreis.com\/no\/wp-content\/uploads\/sites\/9\/2020\/02\/BREG.Fusion.XT_.1.jpg\",\"width\":567,\"height\":567},{\"@type\":\"BreadcrumbList\",\"@id\":\"https:\/\/embreis.com\/no\/produkt\/fusion-xt\/#breadcrumb\",\"itemListElement\":[{\"@type\":\"ListItem\",\"position\":1,\"name\":\"Hem\",\"item\":\"https:\/\/embreis.com\/no\/\"},{\"@type\":\"ListItem\",\"position\":2,\"name\":\"Sortiment\",\"item\":\"https:\/\/embreis.com\/no\/sortiment\/\"},{\"@type\":\"ListItem\",\"position\":3,\"name\":\"Ortos\",\"item\":\"https:\/\/embreis.com\/no\/produktkategori\/ortos\/\"},{\"@type\":\"ListItem\",\"position\":4,\"name\":\"Kn\u00e4\",\"item\":\"https:\/\/embreis.com\/no\/produktkategori\/ortos\/kna\/\"},{\"@type\":\"ListItem\",\"position\":5,\"name\":\"Rigida Ligament\",\"item\":\"https:\/\/embreis.com\/no\/produktkategori\/ortos\/kna\/rigida-ligament\/\"},{\"@type\":\"ListItem\",\"position\":6,\"name\":\"Fusion XT\"}]},{\"@type\":\"WebSite\",\"@id\":\"https:\/\/embreis.com\/no\/#website\",\"url\":\"https:\/\/embreis.com\/no\/\",\"name\":\"Embreis NO\",\"description\":\"Ortoser, proteser och material\",\"potentialAction\":[{\"@type\":\"SearchAction\",\"target\":{\"@type\":\"EntryPoint\",\"urlTemplate\":\"https:\/\/embreis.com\/no\/?s={search_term_string}\"},\"query-input\":{\"@type\":\"PropertyValueSpecification\",\"valueRequired\":true,\"valueName\":\"search_term_string\"}}],\"inLanguage\":\"sv-SE\"}]}<\/script>\n<!-- \/ Yoast SEO Premium plugin. -->","yoast_head_json":{"title":"Fusion XT - Embreis NO","robots":{"index":"index","follow":"follow","max-snippet":"max-snippet:-1","max-image-preview":"max-image-preview:large","max-video-preview":"max-video-preview:-1"},"canonical":"https:\/\/embreis.com\/no\/produkt\/fusion-xt\/","og_locale":"sv_SE","og_type":"article","og_title":"Fusion XT","og_description":"Extra rigid ram  Suver\u00e4n passform  Anti-slip system  Rotationskontroll","og_url":"https:\/\/embreis.com\/no\/produkt\/fusion-xt\/","og_site_name":"Embreis NO","article_modified_time":"2022-08-23T12:08:25+00:00","og_image":[{"width":567,"height":567,"url":"https:\/\/embreis.com\/no\/wp-content\/uploads\/sites\/9\/2020\/02\/BREG.Fusion.XT_.1.jpg","type":"image\/jpeg"}],"twitter_card":"summary_large_image","twitter_misc":{"Ber\u00e4knad l\u00e4stid":"1 minut"},"schema":{"@context":"https:\/\/schema.org","@graph":[{"@type":"WebPage","@id":"https:\/\/embreis.com\/no\/produkt\/fusion-xt\/","url":"https:\/\/embreis.com\/no\/produkt\/fusion-xt\/","name":"Fusion XT - Embreis NO","isPartOf":{"@id":"https:\/\/embreis.com\/no\/#website"},"primaryImageOfPage":{"@id":"https:\/\/embreis.com\/no\/produkt\/fusion-xt\/#primaryimage"},"image":{"@id":"https:\/\/embreis.com\/no\/produkt\/fusion-xt\/#primaryimage"},"thumbnailUrl":"https:\/\/embreis.com\/no\/wp-content\/uploads\/sites\/9\/2020\/02\/BREG.Fusion.XT_.1.jpg","datePublished":"2020-02-14T13:55:29+00:00","dateModified":"2022-08-23T12:08:25+00:00","breadcrumb":{"@id":"https:\/\/embreis.com\/no\/produkt\/fusion-xt\/#breadcrumb"},"inLanguage":"sv-SE","potentialAction":[{"@type":"ReadAction","target":["https:\/\/embreis.com\/no\/produkt\/fusion-xt\/"]}]},{"@type":"ImageObject","inLanguage":"sv-SE","@id":"https:\/\/embreis.com\/no\/produkt\/fusion-xt\/#primaryimage","url":"https:\/\/embreis.com\/no\/wp-content\/uploads\/sites\/9\/2020\/02\/BREG.Fusion.XT_.1.jpg","contentUrl":"https:\/\/embreis.com\/no\/wp-content\/uploads\/sites\/9\/2020\/02\/BREG.Fusion.XT_.1.jpg","width":567,"height":567},{"@type":"BreadcrumbList","@id":"https:\/\/embreis.com\/no\/produkt\/fusion-xt\/#breadcrumb","itemListElement":[{"@type":"ListItem","position":1,"name":"Hem","item":"https:\/\/embreis.com\/no\/"},{"@type":"ListItem","position":2,"name":"Sortiment","item":"https:\/\/embreis.com\/no\/sortiment\/"},{"@type":"ListItem","position":3,"name":"Ortos","item":"https:\/\/embreis.com\/no\/produktkategori\/ortos\/"},{"@type":"ListItem","position":4,"name":"Kn\u00e4","item":"https:\/\/embreis.com\/no\/produktkategori\/ortos\/kna\/"},{"@type":"ListItem","position":5,"name":"Rigida Ligament","item":"https:\/\/embreis.com\/no\/produktkategori\/ortos\/kna\/rigida-ligament\/"},{"@type":"ListItem","position":6,"name":"Fusion XT"}]},{"@type":"WebSite","@id":"https:\/\/embreis.com\/no\/#website","url":"https:\/\/embreis.com\/no\/","name":"Embreis NO","description":"Ortoser, proteser och material","potentialAction":[{"@type":"SearchAction","target":{"@type":"EntryPoint","urlTemplate":"https:\/\/embreis.com\/no\/?s={search_term_string}"},"query-input":{"@type":"PropertyValueSpecification","valueRequired":true,"valueName":"search_term_string"}}],"inLanguage":"sv-SE"}]}},"_links":{"self":[{"href":"https:\/\/embreis.com\/no\/wp-json\/wp\/v2\/product\/2036","targetHints":{"allow":["GET"]}}],"collection":[{"href":"https:\/\/embreis.com\/no\/wp-json\/wp\/v2\/product"}],"about":[{"href":"https:\/\/embreis.com\/no\/wp-json\/wp\/v2\/types\/product"}],"wp:featuredmedia":[{"embeddable":true,"href":"https:\/\/embreis.com\/no\/wp-json\/wp\/v2\/media\/8074"}],"wp:attachment":[{"href":"https:\/\/embreis.com\/no\/wp-json\/wp\/v2\/media?parent=2036"}],"wp:term":[{"taxonomy":"product_brand","embeddable":true,"href":"https:\/\/embreis.com\/no\/wp-json\/wp\/v2\/product_brand?post=2036"},{"taxonomy":"product_cat","embeddable":true,"href":"https:\/\/embreis.com\/no\/wp-json\/wp\/v2\/product_cat?post=2036"},{"taxonomy":"product_tag","embeddable":true,"href":"https:\/\/embreis.com\/no\/wp-json\/wp\/v2\/product_tag?post=2036"}],"curies":[{"name":"wp","href":"https:\/\/api.w.org\/{rel}","templated":true}]}}