{"id":2021,"date":"2020-02-14T15:55:27","date_gmt":"2020-02-14T13:55:27","guid":{"rendered":"http:\/\/embreiscom.wpengine.com\/product\/wee-rom-post-op\/"},"modified":"2021-02-18T13:41:34","modified_gmt":"2021-02-18T11:41:34","slug":"wee-rom-post-op","status":"publish","type":"product","link":"https:\/\/embreis.com\/no\/produkt\/wee-rom-post-op\/","title":{"rendered":"Wee ROM Post-op"},"content":{"rendered":"<p>Wee ROM \u00e4r speciellt utvecklad f\u00f6r barn. Den anv\u00e4nds efter operationer eller skador f\u00f6r att st\u00f6dja, immobilisera eller reglera r\u00f6relseomf\u00e5nget i ben och kn\u00e4led. Genom teleskopjustering av \u00f6ver och underbensskenorna kan den enkelt anpassas. Den distala ankeldelen skall placeras ovanf\u00f6r malleolerna och f\u00f6rhindrar att ortosen glider samt s\u00e4kerst\u00e4ller r\u00f6relsebegr\u00e4nsningen i kn\u00e4leden. Exension och flexion kan justeras\u00a0mellan -10\u00b0 till 110\u00b0 med 10\u00b0 intervall. Den kan \u00e4ven immobiliseras via snabbl\u00e5sknapp. Ortosen \u00e4r \u00f6ppen, luftig och bekv\u00e4m.<\/p>\n","protected":false},"excerpt":{"rendered":"<ul>\n<li>Postop ortos f\u00f6r barn<\/li>\n<li>Teleskopinst\u00e4llning<\/li>\n<li>Smidig, bekv\u00e4m och enkel<\/li>\n<li>Extension och flexionsstopp<\/li>\n<\/ul>\n","protected":false},"featured_media":8007,"template":"","meta":[],"product_brand":[],"product_cat":[1230,217,222],"product_tag":[],"class_list":{"0":"post-2021","1":"product","2":"type-product","3":"status-publish","4":"has-post-thumbnail","6":"product_cat-postop-trauma","7":"product_cat-ortos","8":"product_cat-kna","9":"pa_varumarke-breg","11":"first","12":"instock","13":"shipping-taxable","14":"product-type-simple"},"acf":[],"yoast_head":"<!-- This site is optimized with the Yoast SEO Premium plugin v25.3.1 (Yoast SEO v25.3.1) - https:\/\/yoast.com\/wordpress\/plugins\/seo\/ -->\n<title>Wee ROM Post-op - Embreis NO<\/title>\n<meta name=\"robots\" content=\"index, follow, max-snippet:-1, max-image-preview:large, max-video-preview:-1\" \/>\n<link rel=\"canonical\" href=\"https:\/\/embreis.com\/no\/produkt\/wee-rom-post-op\/\" \/>\n<meta property=\"og:locale\" content=\"sv_SE\" \/>\n<meta property=\"og:type\" content=\"article\" \/>\n<meta property=\"og:title\" content=\"Wee ROM Post-op\" \/>\n<meta property=\"og:description\" content=\"Postop ortos f\u00f6r barn  Teleskopinst\u00e4llning  Smidig, bekv\u00e4m och enkel  Extension och flexionsstopp\" \/>\n<meta property=\"og:url\" content=\"https:\/\/embreis.com\/no\/produkt\/wee-rom-post-op\/\" \/>\n<meta property=\"og:site_name\" content=\"Embreis NO\" \/>\n<meta property=\"article:modified_time\" content=\"2021-02-18T11:41:34+00:00\" \/>\n<meta property=\"og:image\" content=\"https:\/\/embreis.com\/no\/wp-content\/uploads\/sites\/9\/2020\/02\/BLEDSOE.wee_.rom_.jpg\" \/>\n\t<meta property=\"og:image:width\" content=\"567\" \/>\n\t<meta property=\"og:image:height\" content=\"567\" \/>\n\t<meta property=\"og:image:type\" content=\"image\/jpeg\" \/>\n<meta name=\"twitter:card\" content=\"summary_large_image\" \/>\n<script type=\"application\/ld+json\" class=\"yoast-schema-graph\">{\"@context\":\"https:\/\/schema.org\",\"@graph\":[{\"@type\":\"WebPage\",\"@id\":\"https:\/\/embreis.com\/no\/produkt\/wee-rom-post-op\/\",\"url\":\"https:\/\/embreis.com\/no\/produkt\/wee-rom-post-op\/\",\"name\":\"Wee ROM Post-op - Embreis NO\",\"isPartOf\":{\"@id\":\"https:\/\/embreis.com\/no\/#website\"},\"primaryImageOfPage\":{\"@id\":\"https:\/\/embreis.com\/no\/produkt\/wee-rom-post-op\/#primaryimage\"},\"image\":{\"@id\":\"https:\/\/embreis.com\/no\/produkt\/wee-rom-post-op\/#primaryimage\"},\"thumbnailUrl\":\"https:\/\/embreis.com\/no\/wp-content\/uploads\/sites\/9\/2020\/02\/BLEDSOE.wee_.rom_.jpg\",\"datePublished\":\"2020-02-14T13:55:27+00:00\",\"dateModified\":\"2021-02-18T11:41:34+00:00\",\"breadcrumb\":{\"@id\":\"https:\/\/embreis.com\/no\/produkt\/wee-rom-post-op\/#breadcrumb\"},\"inLanguage\":\"sv-SE\",\"potentialAction\":[{\"@type\":\"ReadAction\",\"target\":[\"https:\/\/embreis.com\/no\/produkt\/wee-rom-post-op\/\"]}]},{\"@type\":\"ImageObject\",\"inLanguage\":\"sv-SE\",\"@id\":\"https:\/\/embreis.com\/no\/produkt\/wee-rom-post-op\/#primaryimage\",\"url\":\"https:\/\/embreis.com\/no\/wp-content\/uploads\/sites\/9\/2020\/02\/BLEDSOE.wee_.rom_.jpg\",\"contentUrl\":\"https:\/\/embreis.com\/no\/wp-content\/uploads\/sites\/9\/2020\/02\/BLEDSOE.wee_.rom_.jpg\",\"width\":567,\"height\":567},{\"@type\":\"BreadcrumbList\",\"@id\":\"https:\/\/embreis.com\/no\/produkt\/wee-rom-post-op\/#breadcrumb\",\"itemListElement\":[{\"@type\":\"ListItem\",\"position\":1,\"name\":\"Hem\",\"item\":\"https:\/\/embreis.com\/no\/\"},{\"@type\":\"ListItem\",\"position\":2,\"name\":\"Sortiment\",\"item\":\"https:\/\/embreis.com\/no\/sortiment\/\"},{\"@type\":\"ListItem\",\"position\":3,\"name\":\"Ortos\",\"item\":\"https:\/\/embreis.com\/no\/produktkategori\/ortos\/\"},{\"@type\":\"ListItem\",\"position\":4,\"name\":\"Kn\u00e4\",\"item\":\"https:\/\/embreis.com\/no\/produktkategori\/ortos\/kna\/\"},{\"@type\":\"ListItem\",\"position\":5,\"name\":\"PostOp Trauma\",\"item\":\"https:\/\/embreis.com\/no\/produktkategori\/ortos\/kna\/postop-trauma\/\"},{\"@type\":\"ListItem\",\"position\":6,\"name\":\"Wee ROM Post-op\"}]},{\"@type\":\"WebSite\",\"@id\":\"https:\/\/embreis.com\/no\/#website\",\"url\":\"https:\/\/embreis.com\/no\/\",\"name\":\"Embreis NO\",\"description\":\"Ortoser, proteser och material\",\"potentialAction\":[{\"@type\":\"SearchAction\",\"target\":{\"@type\":\"EntryPoint\",\"urlTemplate\":\"https:\/\/embreis.com\/no\/?s={search_term_string}\"},\"query-input\":{\"@type\":\"PropertyValueSpecification\",\"valueRequired\":true,\"valueName\":\"search_term_string\"}}],\"inLanguage\":\"sv-SE\"}]}<\/script>\n<!-- \/ Yoast SEO Premium plugin. -->","yoast_head_json":{"title":"Wee ROM Post-op - Embreis NO","robots":{"index":"index","follow":"follow","max-snippet":"max-snippet:-1","max-image-preview":"max-image-preview:large","max-video-preview":"max-video-preview:-1"},"canonical":"https:\/\/embreis.com\/no\/produkt\/wee-rom-post-op\/","og_locale":"sv_SE","og_type":"article","og_title":"Wee ROM Post-op","og_description":"Postop ortos f\u00f6r barn  Teleskopinst\u00e4llning  Smidig, bekv\u00e4m och enkel  Extension och flexionsstopp","og_url":"https:\/\/embreis.com\/no\/produkt\/wee-rom-post-op\/","og_site_name":"Embreis NO","article_modified_time":"2021-02-18T11:41:34+00:00","og_image":[{"width":567,"height":567,"url":"https:\/\/embreis.com\/no\/wp-content\/uploads\/sites\/9\/2020\/02\/BLEDSOE.wee_.rom_.jpg","type":"image\/jpeg"}],"twitter_card":"summary_large_image","schema":{"@context":"https:\/\/schema.org","@graph":[{"@type":"WebPage","@id":"https:\/\/embreis.com\/no\/produkt\/wee-rom-post-op\/","url":"https:\/\/embreis.com\/no\/produkt\/wee-rom-post-op\/","name":"Wee ROM Post-op - Embreis NO","isPartOf":{"@id":"https:\/\/embreis.com\/no\/#website"},"primaryImageOfPage":{"@id":"https:\/\/embreis.com\/no\/produkt\/wee-rom-post-op\/#primaryimage"},"image":{"@id":"https:\/\/embreis.com\/no\/produkt\/wee-rom-post-op\/#primaryimage"},"thumbnailUrl":"https:\/\/embreis.com\/no\/wp-content\/uploads\/sites\/9\/2020\/02\/BLEDSOE.wee_.rom_.jpg","datePublished":"2020-02-14T13:55:27+00:00","dateModified":"2021-02-18T11:41:34+00:00","breadcrumb":{"@id":"https:\/\/embreis.com\/no\/produkt\/wee-rom-post-op\/#breadcrumb"},"inLanguage":"sv-SE","potentialAction":[{"@type":"ReadAction","target":["https:\/\/embreis.com\/no\/produkt\/wee-rom-post-op\/"]}]},{"@type":"ImageObject","inLanguage":"sv-SE","@id":"https:\/\/embreis.com\/no\/produkt\/wee-rom-post-op\/#primaryimage","url":"https:\/\/embreis.com\/no\/wp-content\/uploads\/sites\/9\/2020\/02\/BLEDSOE.wee_.rom_.jpg","contentUrl":"https:\/\/embreis.com\/no\/wp-content\/uploads\/sites\/9\/2020\/02\/BLEDSOE.wee_.rom_.jpg","width":567,"height":567},{"@type":"BreadcrumbList","@id":"https:\/\/embreis.com\/no\/produkt\/wee-rom-post-op\/#breadcrumb","itemListElement":[{"@type":"ListItem","position":1,"name":"Hem","item":"https:\/\/embreis.com\/no\/"},{"@type":"ListItem","position":2,"name":"Sortiment","item":"https:\/\/embreis.com\/no\/sortiment\/"},{"@type":"ListItem","position":3,"name":"Ortos","item":"https:\/\/embreis.com\/no\/produktkategori\/ortos\/"},{"@type":"ListItem","position":4,"name":"Kn\u00e4","item":"https:\/\/embreis.com\/no\/produktkategori\/ortos\/kna\/"},{"@type":"ListItem","position":5,"name":"PostOp Trauma","item":"https:\/\/embreis.com\/no\/produktkategori\/ortos\/kna\/postop-trauma\/"},{"@type":"ListItem","position":6,"name":"Wee ROM Post-op"}]},{"@type":"WebSite","@id":"https:\/\/embreis.com\/no\/#website","url":"https:\/\/embreis.com\/no\/","name":"Embreis NO","description":"Ortoser, proteser och material","potentialAction":[{"@type":"SearchAction","target":{"@type":"EntryPoint","urlTemplate":"https:\/\/embreis.com\/no\/?s={search_term_string}"},"query-input":{"@type":"PropertyValueSpecification","valueRequired":true,"valueName":"search_term_string"}}],"inLanguage":"sv-SE"}]}},"_links":{"self":[{"href":"https:\/\/embreis.com\/no\/wp-json\/wp\/v2\/product\/2021","targetHints":{"allow":["GET"]}}],"collection":[{"href":"https:\/\/embreis.com\/no\/wp-json\/wp\/v2\/product"}],"about":[{"href":"https:\/\/embreis.com\/no\/wp-json\/wp\/v2\/types\/product"}],"wp:featuredmedia":[{"embeddable":true,"href":"https:\/\/embreis.com\/no\/wp-json\/wp\/v2\/media\/8007"}],"wp:attachment":[{"href":"https:\/\/embreis.com\/no\/wp-json\/wp\/v2\/media?parent=2021"}],"wp:term":[{"taxonomy":"product_brand","embeddable":true,"href":"https:\/\/embreis.com\/no\/wp-json\/wp\/v2\/product_brand?post=2021"},{"taxonomy":"product_cat","embeddable":true,"href":"https:\/\/embreis.com\/no\/wp-json\/wp\/v2\/product_cat?post=2021"},{"taxonomy":"product_tag","embeddable":true,"href":"https:\/\/embreis.com\/no\/wp-json\/wp\/v2\/product_tag?post=2021"}],"curies":[{"name":"wp","href":"https:\/\/api.w.org\/{rel}","templated":true}]}}