{"id":2020,"date":"2020-02-14T15:55:27","date_gmt":"2020-02-14T13:55:27","guid":{"rendered":"http:\/\/embreiscom.wpengine.com\/product\/extender-plus\/"},"modified":"2021-03-11T11:16:43","modified_gmt":"2021-03-11T09:16:43","slug":"extender-plus","status":"publish","type":"product","link":"https:\/\/embreis.com\/no\/produkt\/extender-plus\/","title":{"rendered":"Extender Plus"},"content":{"rendered":"<p>Extender Plus anv\u00e4nds efter skada eller operation f\u00f6r stabilisering och kontrollerat r\u00f6relseomf\u00e5ng av kn\u00e4t. Ortosen\u00a0\u00e4r justerbar med teleskopskenor och den nedre delan \u00e4r anpassad f\u00f6r att appliceras ovanf\u00f6r malleolerna. Ortosen ger maximal h\u00e4varm och stabilitet i b\u00e5de sidled och extension\/flexion. Genom dom anpassade ankelbyglarna sitter ortosen perfekt p\u00e5 plats och kan inte glida. Detta ger en god patientkomfort och s\u00e4kerst\u00e4ller ledplaceringen i f\u00f6rh\u00e5llande till kn\u00e4leden. Foder och band \u00e4r utbytbara och sp\u00e4nnen med snabbl\u00e5sfunktion \u00e4r enkla f\u00f6r patienten att hantera. Ortosen passar h\u00f6ger och v\u00e4nster ben och \u00e4r universal i omf\u00e5ng och l\u00e4ngd.<\/p>\n","protected":false},"excerpt":{"rendered":"<ul>\n<li>Teleskopjustering av l\u00e4ngd<\/li>\n<li>Enkel inst\u00e4llning av led<\/li>\n<li>Snabbl\u00e5s av band<\/li>\n<li>L\u00e5nga h\u00e4varmar<\/li>\n<\/ul>\n","protected":false},"featured_media":11690,"template":"","meta":[],"product_brand":[],"product_cat":[1230,217,222],"product_tag":[],"class_list":{"0":"post-2020","1":"product","2":"type-product","3":"status-publish","4":"has-post-thumbnail","6":"product_cat-postop-trauma","7":"product_cat-ortos","8":"product_cat-kna","9":"pa_varumarke-breg","11":"first","12":"instock","13":"shipping-taxable","14":"product-type-simple"},"acf":[],"yoast_head":"<!-- This site is optimized with the Yoast SEO Premium plugin v27.3 (Yoast SEO v27.3) - https:\/\/yoast.com\/product\/yoast-seo-premium-wordpress\/ -->\n<title>Extender Plus - Embreis NO<\/title>\n<meta name=\"robots\" content=\"index, follow, max-snippet:-1, max-image-preview:large, max-video-preview:-1\" \/>\n<link rel=\"canonical\" href=\"https:\/\/embreis.com\/no\/produkt\/extender-plus\/\" \/>\n<meta property=\"og:locale\" content=\"sv_SE\" \/>\n<meta property=\"og:type\" content=\"article\" \/>\n<meta property=\"og:title\" content=\"Extender Plus\" \/>\n<meta property=\"og:description\" content=\"Teleskopjustering av l\u00e4ngd  Enkel inst\u00e4llning av led  Snabbl\u00e5s av band  L\u00e5nga h\u00e4varmar\" \/>\n<meta property=\"og:url\" content=\"https:\/\/embreis.com\/no\/produkt\/extender-plus\/\" \/>\n<meta property=\"og:site_name\" content=\"Embreis NO\" \/>\n<meta property=\"article:modified_time\" content=\"2021-03-11T09:16:43+00:00\" \/>\n<meta property=\"og:image\" content=\"https:\/\/embreis.com\/no\/wp-content\/uploads\/sites\/9\/2020\/02\/Extender.Plus_.1.jpg\" \/>\n\t<meta property=\"og:image:width\" content=\"567\" \/>\n\t<meta property=\"og:image:height\" content=\"567\" \/>\n\t<meta property=\"og:image:type\" content=\"image\/jpeg\" \/>\n<meta name=\"twitter:card\" content=\"summary_large_image\" \/>\n<meta name=\"twitter:label1\" content=\"Ber\u00e4knad l\u00e4stid\" \/>\n\t<meta name=\"twitter:data1\" content=\"1 minut\" \/>\n<script type=\"application\/ld+json\" class=\"yoast-schema-graph\">{\"@context\":\"https:\\\/\\\/schema.org\",\"@graph\":[{\"@type\":\"WebPage\",\"@id\":\"https:\\\/\\\/embreis.com\\\/no\\\/produkt\\\/extender-plus\\\/\",\"url\":\"https:\\\/\\\/embreis.com\\\/no\\\/produkt\\\/extender-plus\\\/\",\"name\":\"Extender Plus - Embreis NO\",\"isPartOf\":{\"@id\":\"https:\\\/\\\/embreis.com\\\/no\\\/#website\"},\"primaryImageOfPage\":{\"@id\":\"https:\\\/\\\/embreis.com\\\/no\\\/produkt\\\/extender-plus\\\/#primaryimage\"},\"image\":{\"@id\":\"https:\\\/\\\/embreis.com\\\/no\\\/produkt\\\/extender-plus\\\/#primaryimage\"},\"thumbnailUrl\":\"https:\\\/\\\/embreis.com\\\/no\\\/wp-content\\\/uploads\\\/sites\\\/9\\\/2020\\\/02\\\/Extender.Plus_.1.jpg\",\"datePublished\":\"2020-02-14T13:55:27+00:00\",\"dateModified\":\"2021-03-11T09:16:43+00:00\",\"breadcrumb\":{\"@id\":\"https:\\\/\\\/embreis.com\\\/no\\\/produkt\\\/extender-plus\\\/#breadcrumb\"},\"inLanguage\":\"sv-SE\",\"potentialAction\":[{\"@type\":\"ReadAction\",\"target\":[\"https:\\\/\\\/embreis.com\\\/no\\\/produkt\\\/extender-plus\\\/\"]}]},{\"@type\":\"ImageObject\",\"inLanguage\":\"sv-SE\",\"@id\":\"https:\\\/\\\/embreis.com\\\/no\\\/produkt\\\/extender-plus\\\/#primaryimage\",\"url\":\"https:\\\/\\\/embreis.com\\\/no\\\/wp-content\\\/uploads\\\/sites\\\/9\\\/2020\\\/02\\\/Extender.Plus_.1.jpg\",\"contentUrl\":\"https:\\\/\\\/embreis.com\\\/no\\\/wp-content\\\/uploads\\\/sites\\\/9\\\/2020\\\/02\\\/Extender.Plus_.1.jpg\",\"width\":567,\"height\":567},{\"@type\":\"BreadcrumbList\",\"@id\":\"https:\\\/\\\/embreis.com\\\/no\\\/produkt\\\/extender-plus\\\/#breadcrumb\",\"itemListElement\":[{\"@type\":\"ListItem\",\"position\":1,\"name\":\"Hem\",\"item\":\"https:\\\/\\\/embreis.com\\\/no\\\/\"},{\"@type\":\"ListItem\",\"position\":2,\"name\":\"Sortiment\",\"item\":\"https:\\\/\\\/embreis.com\\\/no\\\/sortiment\\\/\"},{\"@type\":\"ListItem\",\"position\":3,\"name\":\"Ortos\",\"item\":\"https:\\\/\\\/embreis.com\\\/no\\\/produktkategori\\\/ortos\\\/\"},{\"@type\":\"ListItem\",\"position\":4,\"name\":\"Kn\u00e4\",\"item\":\"https:\\\/\\\/embreis.com\\\/no\\\/produktkategori\\\/ortos\\\/kna\\\/\"},{\"@type\":\"ListItem\",\"position\":5,\"name\":\"PostOp Trauma\",\"item\":\"https:\\\/\\\/embreis.com\\\/no\\\/produktkategori\\\/ortos\\\/kna\\\/postop-trauma\\\/\"},{\"@type\":\"ListItem\",\"position\":6,\"name\":\"Extender Plus\"}]},{\"@type\":\"WebSite\",\"@id\":\"https:\\\/\\\/embreis.com\\\/no\\\/#website\",\"url\":\"https:\\\/\\\/embreis.com\\\/no\\\/\",\"name\":\"Embreis NO\",\"description\":\"Ortoser, proteser och material\",\"potentialAction\":[{\"@type\":\"SearchAction\",\"target\":{\"@type\":\"EntryPoint\",\"urlTemplate\":\"https:\\\/\\\/embreis.com\\\/no\\\/?s={search_term_string}\"},\"query-input\":{\"@type\":\"PropertyValueSpecification\",\"valueRequired\":true,\"valueName\":\"search_term_string\"}}],\"inLanguage\":\"sv-SE\"}]}<\/script>\n<!-- \/ Yoast SEO Premium plugin. -->","yoast_head_json":{"title":"Extender Plus - Embreis NO","robots":{"index":"index","follow":"follow","max-snippet":"max-snippet:-1","max-image-preview":"max-image-preview:large","max-video-preview":"max-video-preview:-1"},"canonical":"https:\/\/embreis.com\/no\/produkt\/extender-plus\/","og_locale":"sv_SE","og_type":"article","og_title":"Extender Plus","og_description":"Teleskopjustering av l\u00e4ngd  Enkel inst\u00e4llning av led  Snabbl\u00e5s av band  L\u00e5nga h\u00e4varmar","og_url":"https:\/\/embreis.com\/no\/produkt\/extender-plus\/","og_site_name":"Embreis NO","article_modified_time":"2021-03-11T09:16:43+00:00","og_image":[{"width":567,"height":567,"url":"https:\/\/embreis.com\/no\/wp-content\/uploads\/sites\/9\/2020\/02\/Extender.Plus_.1.jpg","type":"image\/jpeg"}],"twitter_card":"summary_large_image","twitter_misc":{"Ber\u00e4knad l\u00e4stid":"1 minut"},"schema":{"@context":"https:\/\/schema.org","@graph":[{"@type":"WebPage","@id":"https:\/\/embreis.com\/no\/produkt\/extender-plus\/","url":"https:\/\/embreis.com\/no\/produkt\/extender-plus\/","name":"Extender Plus - Embreis NO","isPartOf":{"@id":"https:\/\/embreis.com\/no\/#website"},"primaryImageOfPage":{"@id":"https:\/\/embreis.com\/no\/produkt\/extender-plus\/#primaryimage"},"image":{"@id":"https:\/\/embreis.com\/no\/produkt\/extender-plus\/#primaryimage"},"thumbnailUrl":"https:\/\/embreis.com\/no\/wp-content\/uploads\/sites\/9\/2020\/02\/Extender.Plus_.1.jpg","datePublished":"2020-02-14T13:55:27+00:00","dateModified":"2021-03-11T09:16:43+00:00","breadcrumb":{"@id":"https:\/\/embreis.com\/no\/produkt\/extender-plus\/#breadcrumb"},"inLanguage":"sv-SE","potentialAction":[{"@type":"ReadAction","target":["https:\/\/embreis.com\/no\/produkt\/extender-plus\/"]}]},{"@type":"ImageObject","inLanguage":"sv-SE","@id":"https:\/\/embreis.com\/no\/produkt\/extender-plus\/#primaryimage","url":"https:\/\/embreis.com\/no\/wp-content\/uploads\/sites\/9\/2020\/02\/Extender.Plus_.1.jpg","contentUrl":"https:\/\/embreis.com\/no\/wp-content\/uploads\/sites\/9\/2020\/02\/Extender.Plus_.1.jpg","width":567,"height":567},{"@type":"BreadcrumbList","@id":"https:\/\/embreis.com\/no\/produkt\/extender-plus\/#breadcrumb","itemListElement":[{"@type":"ListItem","position":1,"name":"Hem","item":"https:\/\/embreis.com\/no\/"},{"@type":"ListItem","position":2,"name":"Sortiment","item":"https:\/\/embreis.com\/no\/sortiment\/"},{"@type":"ListItem","position":3,"name":"Ortos","item":"https:\/\/embreis.com\/no\/produktkategori\/ortos\/"},{"@type":"ListItem","position":4,"name":"Kn\u00e4","item":"https:\/\/embreis.com\/no\/produktkategori\/ortos\/kna\/"},{"@type":"ListItem","position":5,"name":"PostOp Trauma","item":"https:\/\/embreis.com\/no\/produktkategori\/ortos\/kna\/postop-trauma\/"},{"@type":"ListItem","position":6,"name":"Extender Plus"}]},{"@type":"WebSite","@id":"https:\/\/embreis.com\/no\/#website","url":"https:\/\/embreis.com\/no\/","name":"Embreis NO","description":"Ortoser, proteser och material","potentialAction":[{"@type":"SearchAction","target":{"@type":"EntryPoint","urlTemplate":"https:\/\/embreis.com\/no\/?s={search_term_string}"},"query-input":{"@type":"PropertyValueSpecification","valueRequired":true,"valueName":"search_term_string"}}],"inLanguage":"sv-SE"}]}},"_links":{"self":[{"href":"https:\/\/embreis.com\/no\/wp-json\/wp\/v2\/product\/2020","targetHints":{"allow":["GET"]}}],"collection":[{"href":"https:\/\/embreis.com\/no\/wp-json\/wp\/v2\/product"}],"about":[{"href":"https:\/\/embreis.com\/no\/wp-json\/wp\/v2\/types\/product"}],"wp:featuredmedia":[{"embeddable":true,"href":"https:\/\/embreis.com\/no\/wp-json\/wp\/v2\/media\/11690"}],"wp:attachment":[{"href":"https:\/\/embreis.com\/no\/wp-json\/wp\/v2\/media?parent=2020"}],"wp:term":[{"taxonomy":"product_brand","embeddable":true,"href":"https:\/\/embreis.com\/no\/wp-json\/wp\/v2\/product_brand?post=2020"},{"taxonomy":"product_cat","embeddable":true,"href":"https:\/\/embreis.com\/no\/wp-json\/wp\/v2\/product_cat?post=2020"},{"taxonomy":"product_tag","embeddable":true,"href":"https:\/\/embreis.com\/no\/wp-json\/wp\/v2\/product_tag?post=2020"}],"curies":[{"name":"wp","href":"https:\/\/api.w.org\/{rel}","templated":true}]}}