{"id":2010,"date":"2020-02-14T15:55:24","date_gmt":"2020-02-14T13:55:24","guid":{"rendered":"http:\/\/embreiscom.wpengine.com\/product\/t-scope-premier\/"},"modified":"2021-04-08T14:22:43","modified_gmt":"2021-04-08T12:22:43","slug":"t-scope-premier","status":"publish","type":"product","link":"https:\/\/embreis.com\/no\/produkt\/t-scope-premier\/","title":{"rendered":"T Scope Premier"},"content":{"rendered":"<p>T Scope Premier anv\u00e4nds f\u00f6r postoperativ eller posttraumatisk stabilisering av ben och kn\u00e4 d\u00e4r kontrollerat r\u00f6relseomf\u00e5ng, ROM, eller immobilisering beh\u00f6vs. Ortosen \u00e4r utformad f\u00f6r att passa h\u00f6ger och v\u00e4nster ben och l\u00e4ngden justeras enkelt med teleskopinst\u00e4llning av byglarna p\u00e5 b\u00e5da sidor, f\u00f6r individuell passform och komfort.\u00a0Leden kan enkelt justeras i extension och flexion och via snabbl\u00e5sknappen kan ortosen l\u00e5sas i ett givet l\u00e4ge. Banden s\u00e4kras med l\u00e5sklammer och f\u00f6rhindrar d\u00e4rmed att ortosen skjuver samt s\u00e4kerst\u00e4ller ROM-inst\u00e4llningen. Insidan av ortosen \u00e4r polstrad med foam f\u00f6r \u00f6kad friktion och banden kan enkelt justeras i l\u00e4ngd via kardborrekopplingar. Hakar p\u00e5 banden f\u00f6renklar av och p\u00e5tagning f\u00f6r patienten. Ny unik pelott finns som tillbeh\u00f6r f\u00f6r att avlasta tryck \u00f6ver eventuellt operationss\u00e5r.<\/p>\n","protected":false},"excerpt":{"rendered":"<ul>\n<li>Teleskopinst\u00e4llning<\/li>\n<li>Universal storlek<\/li>\n<li>Passar h\u00f6ger och v\u00e4nster<\/li>\n<li>Snabbl\u00e5s f\u00f6r fixering<\/li>\n<\/ul>\n","protected":false},"featured_media":8098,"template":"","meta":[],"product_brand":[],"product_cat":[1230,217,222],"product_tag":[],"class_list":{"0":"post-2010","1":"product","2":"type-product","3":"status-publish","4":"has-post-thumbnail","6":"product_cat-postop-trauma","7":"product_cat-ortos","8":"product_cat-kna","9":"pa_varumarke-breg","11":"first","12":"outofstock","13":"shipping-taxable","14":"product-type-variable"},"acf":[],"yoast_head":"<!-- This site is optimized with the Yoast SEO Premium plugin v25.3.1 (Yoast SEO v25.3.1) - https:\/\/yoast.com\/wordpress\/plugins\/seo\/ -->\n<title>T Scope Premier - Embreis NO<\/title>\n<meta name=\"robots\" content=\"index, follow, max-snippet:-1, max-image-preview:large, max-video-preview:-1\" \/>\n<link rel=\"canonical\" href=\"https:\/\/embreis.com\/no\/produkt\/t-scope-premier\/\" \/>\n<meta property=\"og:locale\" content=\"sv_SE\" \/>\n<meta property=\"og:type\" content=\"article\" \/>\n<meta property=\"og:title\" content=\"T Scope Premier\" \/>\n<meta property=\"og:description\" content=\"Teleskopinst\u00e4llning  Universal storlek  Passar h\u00f6ger och v\u00e4nster  Snabbl\u00e5s f\u00f6r fixering\" \/>\n<meta property=\"og:url\" content=\"https:\/\/embreis.com\/no\/produkt\/t-scope-premier\/\" \/>\n<meta property=\"og:site_name\" content=\"Embreis NO\" \/>\n<meta property=\"article:modified_time\" content=\"2021-04-08T12:22:43+00:00\" \/>\n<meta property=\"og:image\" content=\"https:\/\/embreis.com\/no\/wp-content\/uploads\/sites\/9\/2020\/02\/BREG.T-Scope.premier.jpg\" \/>\n\t<meta property=\"og:image:width\" content=\"567\" \/>\n\t<meta property=\"og:image:height\" content=\"567\" \/>\n\t<meta property=\"og:image:type\" content=\"image\/jpeg\" \/>\n<meta name=\"twitter:card\" content=\"summary_large_image\" \/>\n<meta name=\"twitter:label1\" content=\"Ber\u00e4knad l\u00e4stid\" \/>\n\t<meta name=\"twitter:data1\" content=\"1 minut\" \/>\n<script type=\"application\/ld+json\" class=\"yoast-schema-graph\">{\"@context\":\"https:\/\/schema.org\",\"@graph\":[{\"@type\":\"WebPage\",\"@id\":\"https:\/\/embreis.com\/no\/produkt\/t-scope-premier\/\",\"url\":\"https:\/\/embreis.com\/no\/produkt\/t-scope-premier\/\",\"name\":\"T Scope Premier - Embreis NO\",\"isPartOf\":{\"@id\":\"https:\/\/embreis.com\/no\/#website\"},\"primaryImageOfPage\":{\"@id\":\"https:\/\/embreis.com\/no\/produkt\/t-scope-premier\/#primaryimage\"},\"image\":{\"@id\":\"https:\/\/embreis.com\/no\/produkt\/t-scope-premier\/#primaryimage\"},\"thumbnailUrl\":\"https:\/\/embreis.com\/no\/wp-content\/uploads\/sites\/9\/2020\/02\/BREG.T-Scope.premier.jpg\",\"datePublished\":\"2020-02-14T13:55:24+00:00\",\"dateModified\":\"2021-04-08T12:22:43+00:00\",\"breadcrumb\":{\"@id\":\"https:\/\/embreis.com\/no\/produkt\/t-scope-premier\/#breadcrumb\"},\"inLanguage\":\"sv-SE\",\"potentialAction\":[{\"@type\":\"ReadAction\",\"target\":[\"https:\/\/embreis.com\/no\/produkt\/t-scope-premier\/\"]}]},{\"@type\":\"ImageObject\",\"inLanguage\":\"sv-SE\",\"@id\":\"https:\/\/embreis.com\/no\/produkt\/t-scope-premier\/#primaryimage\",\"url\":\"https:\/\/embreis.com\/no\/wp-content\/uploads\/sites\/9\/2020\/02\/BREG.T-Scope.premier.jpg\",\"contentUrl\":\"https:\/\/embreis.com\/no\/wp-content\/uploads\/sites\/9\/2020\/02\/BREG.T-Scope.premier.jpg\",\"width\":567,\"height\":567},{\"@type\":\"BreadcrumbList\",\"@id\":\"https:\/\/embreis.com\/no\/produkt\/t-scope-premier\/#breadcrumb\",\"itemListElement\":[{\"@type\":\"ListItem\",\"position\":1,\"name\":\"Hem\",\"item\":\"https:\/\/embreis.com\/no\/\"},{\"@type\":\"ListItem\",\"position\":2,\"name\":\"Sortiment\",\"item\":\"https:\/\/embreis.com\/no\/sortiment\/\"},{\"@type\":\"ListItem\",\"position\":3,\"name\":\"Ortos\",\"item\":\"https:\/\/embreis.com\/no\/produktkategori\/ortos\/\"},{\"@type\":\"ListItem\",\"position\":4,\"name\":\"Kn\u00e4\",\"item\":\"https:\/\/embreis.com\/no\/produktkategori\/ortos\/kna\/\"},{\"@type\":\"ListItem\",\"position\":5,\"name\":\"PostOp Trauma\",\"item\":\"https:\/\/embreis.com\/no\/produktkategori\/ortos\/kna\/postop-trauma\/\"},{\"@type\":\"ListItem\",\"position\":6,\"name\":\"T Scope Premier\"}]},{\"@type\":\"WebSite\",\"@id\":\"https:\/\/embreis.com\/no\/#website\",\"url\":\"https:\/\/embreis.com\/no\/\",\"name\":\"Embreis NO\",\"description\":\"Ortoser, proteser och material\",\"potentialAction\":[{\"@type\":\"SearchAction\",\"target\":{\"@type\":\"EntryPoint\",\"urlTemplate\":\"https:\/\/embreis.com\/no\/?s={search_term_string}\"},\"query-input\":{\"@type\":\"PropertyValueSpecification\",\"valueRequired\":true,\"valueName\":\"search_term_string\"}}],\"inLanguage\":\"sv-SE\"}]}<\/script>\n<!-- \/ Yoast SEO Premium plugin. -->","yoast_head_json":{"title":"T Scope Premier - Embreis NO","robots":{"index":"index","follow":"follow","max-snippet":"max-snippet:-1","max-image-preview":"max-image-preview:large","max-video-preview":"max-video-preview:-1"},"canonical":"https:\/\/embreis.com\/no\/produkt\/t-scope-premier\/","og_locale":"sv_SE","og_type":"article","og_title":"T Scope Premier","og_description":"Teleskopinst\u00e4llning  Universal storlek  Passar h\u00f6ger och v\u00e4nster  Snabbl\u00e5s f\u00f6r fixering","og_url":"https:\/\/embreis.com\/no\/produkt\/t-scope-premier\/","og_site_name":"Embreis NO","article_modified_time":"2021-04-08T12:22:43+00:00","og_image":[{"width":567,"height":567,"url":"https:\/\/embreis.com\/no\/wp-content\/uploads\/sites\/9\/2020\/02\/BREG.T-Scope.premier.jpg","type":"image\/jpeg"}],"twitter_card":"summary_large_image","twitter_misc":{"Ber\u00e4knad l\u00e4stid":"1 minut"},"schema":{"@context":"https:\/\/schema.org","@graph":[{"@type":"WebPage","@id":"https:\/\/embreis.com\/no\/produkt\/t-scope-premier\/","url":"https:\/\/embreis.com\/no\/produkt\/t-scope-premier\/","name":"T Scope Premier - Embreis NO","isPartOf":{"@id":"https:\/\/embreis.com\/no\/#website"},"primaryImageOfPage":{"@id":"https:\/\/embreis.com\/no\/produkt\/t-scope-premier\/#primaryimage"},"image":{"@id":"https:\/\/embreis.com\/no\/produkt\/t-scope-premier\/#primaryimage"},"thumbnailUrl":"https:\/\/embreis.com\/no\/wp-content\/uploads\/sites\/9\/2020\/02\/BREG.T-Scope.premier.jpg","datePublished":"2020-02-14T13:55:24+00:00","dateModified":"2021-04-08T12:22:43+00:00","breadcrumb":{"@id":"https:\/\/embreis.com\/no\/produkt\/t-scope-premier\/#breadcrumb"},"inLanguage":"sv-SE","potentialAction":[{"@type":"ReadAction","target":["https:\/\/embreis.com\/no\/produkt\/t-scope-premier\/"]}]},{"@type":"ImageObject","inLanguage":"sv-SE","@id":"https:\/\/embreis.com\/no\/produkt\/t-scope-premier\/#primaryimage","url":"https:\/\/embreis.com\/no\/wp-content\/uploads\/sites\/9\/2020\/02\/BREG.T-Scope.premier.jpg","contentUrl":"https:\/\/embreis.com\/no\/wp-content\/uploads\/sites\/9\/2020\/02\/BREG.T-Scope.premier.jpg","width":567,"height":567},{"@type":"BreadcrumbList","@id":"https:\/\/embreis.com\/no\/produkt\/t-scope-premier\/#breadcrumb","itemListElement":[{"@type":"ListItem","position":1,"name":"Hem","item":"https:\/\/embreis.com\/no\/"},{"@type":"ListItem","position":2,"name":"Sortiment","item":"https:\/\/embreis.com\/no\/sortiment\/"},{"@type":"ListItem","position":3,"name":"Ortos","item":"https:\/\/embreis.com\/no\/produktkategori\/ortos\/"},{"@type":"ListItem","position":4,"name":"Kn\u00e4","item":"https:\/\/embreis.com\/no\/produktkategori\/ortos\/kna\/"},{"@type":"ListItem","position":5,"name":"PostOp Trauma","item":"https:\/\/embreis.com\/no\/produktkategori\/ortos\/kna\/postop-trauma\/"},{"@type":"ListItem","position":6,"name":"T Scope Premier"}]},{"@type":"WebSite","@id":"https:\/\/embreis.com\/no\/#website","url":"https:\/\/embreis.com\/no\/","name":"Embreis NO","description":"Ortoser, proteser och material","potentialAction":[{"@type":"SearchAction","target":{"@type":"EntryPoint","urlTemplate":"https:\/\/embreis.com\/no\/?s={search_term_string}"},"query-input":{"@type":"PropertyValueSpecification","valueRequired":true,"valueName":"search_term_string"}}],"inLanguage":"sv-SE"}]}},"_links":{"self":[{"href":"https:\/\/embreis.com\/no\/wp-json\/wp\/v2\/product\/2010","targetHints":{"allow":["GET"]}}],"collection":[{"href":"https:\/\/embreis.com\/no\/wp-json\/wp\/v2\/product"}],"about":[{"href":"https:\/\/embreis.com\/no\/wp-json\/wp\/v2\/types\/product"}],"wp:featuredmedia":[{"embeddable":true,"href":"https:\/\/embreis.com\/no\/wp-json\/wp\/v2\/media\/8098"}],"wp:attachment":[{"href":"https:\/\/embreis.com\/no\/wp-json\/wp\/v2\/media?parent=2010"}],"wp:term":[{"taxonomy":"product_brand","embeddable":true,"href":"https:\/\/embreis.com\/no\/wp-json\/wp\/v2\/product_brand?post=2010"},{"taxonomy":"product_cat","embeddable":true,"href":"https:\/\/embreis.com\/no\/wp-json\/wp\/v2\/product_cat?post=2010"},{"taxonomy":"product_tag","embeddable":true,"href":"https:\/\/embreis.com\/no\/wp-json\/wp\/v2\/product_tag?post=2010"}],"curies":[{"name":"wp","href":"https:\/\/api.w.org\/{rel}","templated":true}]}}