{"id":2003,"date":"2020-02-14T15:55:23","date_gmt":"2020-02-14T13:55:23","guid":{"rendered":"http:\/\/embreiscom.wpengine.com\/product\/pto-hp-airmesh-ob\/"},"modified":"2021-02-10T19:08:50","modified_gmt":"2021-02-10T17:08:50","slug":"pto-hp-airmesh-ob","status":"publish","type":"product","link":"https:\/\/embreis.com\/no\/produkt\/pto-hp-airmesh-ob\/","title":{"rendered":"PTO HP Airmesh OB"},"content":{"rendered":"<p>PTO st\u00e5r f\u00f6r Patella Tracking Orthosis och HP f\u00f6r High Performance. Ortosen \u00e4r unik i sitt slag\u00a0och anv\u00e4nds fr\u00e4mst f\u00f6r instabila eller luxerande kn\u00e4sk\u00e5lar men \u00e4ven vid fr\u00e4mre kn\u00e4sm\u00e4rta n\u00e4r st\u00f6d och medialisering av kn\u00e4sk\u00e5len beh\u00f6vs. Det laterala trycket mot patella \u00e4r progressivt och p\u00e5b\u00f6rjas tidigt\u00a0vid ca 30\u00b0 flexion och tilltar upp till full extension. Kraften regleras individuellt med dom fr\u00e4mre banden vid pelotten. PTO HP har aluminiumleder som \u00e4r anpassningsbara f\u00f6r individuell passform, komfort och \u00f6kad sidostabilitet.\u00a0Den har \u00e4ven stumma fr\u00e4mre och bakre band som h\u00e5ller lederna paralella. Ortosen har en &#8221;Open back&#8221; dvs. \u00f6ppning bak i kn\u00e4vecket f\u00f6r \u00f6kad komfort. Ortosen tillverkas i airmesh.<\/p>\n","protected":false},"excerpt":{"rendered":"<div id=\"ctl00_cph1_lTxt\">\n<ul>\n<li>Dynamisk patellaortos<\/li>\n<li>Aktiv styrning av patella<\/li>\n<li>&#8221;Open Back&#8221; &#8211; \u00d6ppet kn\u00e4veck<\/li>\n<li>Finns i\u00a0Airmesh<\/li>\n<\/ul>\n<\/div>\n","protected":false},"featured_media":7983,"template":"","meta":[],"product_brand":[],"product_cat":[1228,217,222],"product_tag":[],"class_list":{"0":"post-2003","1":"product","2":"type-product","3":"status-publish","4":"has-post-thumbnail","6":"product_cat-patellaortos","7":"product_cat-ortos","8":"product_cat-kna","9":"pa_varumarke-breg","11":"first","12":"outofstock","13":"shipping-taxable","14":"product-type-variable"},"acf":[],"yoast_head":"<!-- This site is optimized with the Yoast SEO Premium plugin v25.3.1 (Yoast SEO v25.3.1) - https:\/\/yoast.com\/wordpress\/plugins\/seo\/ -->\n<title>PTO HP Airmesh OB - Embreis NO<\/title>\n<meta name=\"robots\" content=\"index, follow, max-snippet:-1, max-image-preview:large, max-video-preview:-1\" \/>\n<link rel=\"canonical\" href=\"https:\/\/embreis.com\/no\/produkt\/pto-hp-airmesh-ob\/\" \/>\n<meta property=\"og:locale\" content=\"sv_SE\" \/>\n<meta property=\"og:type\" content=\"article\" \/>\n<meta property=\"og:title\" content=\"PTO HP Airmesh OB\" \/>\n<meta property=\"og:description\" content=\"Dynamisk patellaortos  Aktiv styrning av patella  &quot;Open Back&quot; - \u00d6ppet kn\u00e4veck  Finns i\u00a0Airmesh\" \/>\n<meta property=\"og:url\" content=\"https:\/\/embreis.com\/no\/produkt\/pto-hp-airmesh-ob\/\" \/>\n<meta property=\"og:site_name\" content=\"Embreis NO\" \/>\n<meta property=\"article:modified_time\" content=\"2021-02-10T17:08:50+00:00\" \/>\n<meta property=\"og:image\" content=\"https:\/\/embreis.com\/no\/wp-content\/uploads\/sites\/9\/2020\/02\/BREG.PTO_.airmesh.hp_.jpg\" \/>\n\t<meta property=\"og:image:width\" content=\"567\" \/>\n\t<meta property=\"og:image:height\" content=\"567\" \/>\n\t<meta property=\"og:image:type\" content=\"image\/jpeg\" \/>\n<meta name=\"twitter:card\" content=\"summary_large_image\" \/>\n<meta name=\"twitter:label1\" content=\"Ber\u00e4knad l\u00e4stid\" \/>\n\t<meta name=\"twitter:data1\" content=\"1 minut\" \/>\n<script type=\"application\/ld+json\" class=\"yoast-schema-graph\">{\"@context\":\"https:\/\/schema.org\",\"@graph\":[{\"@type\":\"WebPage\",\"@id\":\"https:\/\/embreis.com\/no\/produkt\/pto-hp-airmesh-ob\/\",\"url\":\"https:\/\/embreis.com\/no\/produkt\/pto-hp-airmesh-ob\/\",\"name\":\"PTO HP Airmesh OB - Embreis NO\",\"isPartOf\":{\"@id\":\"https:\/\/embreis.com\/no\/#website\"},\"primaryImageOfPage\":{\"@id\":\"https:\/\/embreis.com\/no\/produkt\/pto-hp-airmesh-ob\/#primaryimage\"},\"image\":{\"@id\":\"https:\/\/embreis.com\/no\/produkt\/pto-hp-airmesh-ob\/#primaryimage\"},\"thumbnailUrl\":\"https:\/\/embreis.com\/no\/wp-content\/uploads\/sites\/9\/2020\/02\/BREG.PTO_.airmesh.hp_.jpg\",\"datePublished\":\"2020-02-14T13:55:23+00:00\",\"dateModified\":\"2021-02-10T17:08:50+00:00\",\"breadcrumb\":{\"@id\":\"https:\/\/embreis.com\/no\/produkt\/pto-hp-airmesh-ob\/#breadcrumb\"},\"inLanguage\":\"sv-SE\",\"potentialAction\":[{\"@type\":\"ReadAction\",\"target\":[\"https:\/\/embreis.com\/no\/produkt\/pto-hp-airmesh-ob\/\"]}]},{\"@type\":\"ImageObject\",\"inLanguage\":\"sv-SE\",\"@id\":\"https:\/\/embreis.com\/no\/produkt\/pto-hp-airmesh-ob\/#primaryimage\",\"url\":\"https:\/\/embreis.com\/no\/wp-content\/uploads\/sites\/9\/2020\/02\/BREG.PTO_.airmesh.hp_.jpg\",\"contentUrl\":\"https:\/\/embreis.com\/no\/wp-content\/uploads\/sites\/9\/2020\/02\/BREG.PTO_.airmesh.hp_.jpg\",\"width\":567,\"height\":567},{\"@type\":\"BreadcrumbList\",\"@id\":\"https:\/\/embreis.com\/no\/produkt\/pto-hp-airmesh-ob\/#breadcrumb\",\"itemListElement\":[{\"@type\":\"ListItem\",\"position\":1,\"name\":\"Hem\",\"item\":\"https:\/\/embreis.com\/no\/\"},{\"@type\":\"ListItem\",\"position\":2,\"name\":\"Sortiment\",\"item\":\"https:\/\/embreis.com\/no\/sortiment\/\"},{\"@type\":\"ListItem\",\"position\":3,\"name\":\"Ortos\",\"item\":\"https:\/\/embreis.com\/no\/produktkategori\/ortos\/\"},{\"@type\":\"ListItem\",\"position\":4,\"name\":\"Kn\u00e4\",\"item\":\"https:\/\/embreis.com\/no\/produktkategori\/ortos\/kna\/\"},{\"@type\":\"ListItem\",\"position\":5,\"name\":\"Patellaortos\",\"item\":\"https:\/\/embreis.com\/no\/produktkategori\/ortos\/kna\/patellaortos\/\"},{\"@type\":\"ListItem\",\"position\":6,\"name\":\"PTO HP Airmesh OB\"}]},{\"@type\":\"WebSite\",\"@id\":\"https:\/\/embreis.com\/no\/#website\",\"url\":\"https:\/\/embreis.com\/no\/\",\"name\":\"Embreis NO\",\"description\":\"Ortoser, proteser och material\",\"potentialAction\":[{\"@type\":\"SearchAction\",\"target\":{\"@type\":\"EntryPoint\",\"urlTemplate\":\"https:\/\/embreis.com\/no\/?s={search_term_string}\"},\"query-input\":{\"@type\":\"PropertyValueSpecification\",\"valueRequired\":true,\"valueName\":\"search_term_string\"}}],\"inLanguage\":\"sv-SE\"}]}<\/script>\n<!-- \/ Yoast SEO Premium plugin. -->","yoast_head_json":{"title":"PTO HP Airmesh OB - Embreis NO","robots":{"index":"index","follow":"follow","max-snippet":"max-snippet:-1","max-image-preview":"max-image-preview:large","max-video-preview":"max-video-preview:-1"},"canonical":"https:\/\/embreis.com\/no\/produkt\/pto-hp-airmesh-ob\/","og_locale":"sv_SE","og_type":"article","og_title":"PTO HP Airmesh OB","og_description":"Dynamisk patellaortos  Aktiv styrning av patella  \"Open Back\" - \u00d6ppet kn\u00e4veck  Finns i\u00a0Airmesh","og_url":"https:\/\/embreis.com\/no\/produkt\/pto-hp-airmesh-ob\/","og_site_name":"Embreis NO","article_modified_time":"2021-02-10T17:08:50+00:00","og_image":[{"width":567,"height":567,"url":"https:\/\/embreis.com\/no\/wp-content\/uploads\/sites\/9\/2020\/02\/BREG.PTO_.airmesh.hp_.jpg","type":"image\/jpeg"}],"twitter_card":"summary_large_image","twitter_misc":{"Ber\u00e4knad l\u00e4stid":"1 minut"},"schema":{"@context":"https:\/\/schema.org","@graph":[{"@type":"WebPage","@id":"https:\/\/embreis.com\/no\/produkt\/pto-hp-airmesh-ob\/","url":"https:\/\/embreis.com\/no\/produkt\/pto-hp-airmesh-ob\/","name":"PTO HP Airmesh OB - Embreis NO","isPartOf":{"@id":"https:\/\/embreis.com\/no\/#website"},"primaryImageOfPage":{"@id":"https:\/\/embreis.com\/no\/produkt\/pto-hp-airmesh-ob\/#primaryimage"},"image":{"@id":"https:\/\/embreis.com\/no\/produkt\/pto-hp-airmesh-ob\/#primaryimage"},"thumbnailUrl":"https:\/\/embreis.com\/no\/wp-content\/uploads\/sites\/9\/2020\/02\/BREG.PTO_.airmesh.hp_.jpg","datePublished":"2020-02-14T13:55:23+00:00","dateModified":"2021-02-10T17:08:50+00:00","breadcrumb":{"@id":"https:\/\/embreis.com\/no\/produkt\/pto-hp-airmesh-ob\/#breadcrumb"},"inLanguage":"sv-SE","potentialAction":[{"@type":"ReadAction","target":["https:\/\/embreis.com\/no\/produkt\/pto-hp-airmesh-ob\/"]}]},{"@type":"ImageObject","inLanguage":"sv-SE","@id":"https:\/\/embreis.com\/no\/produkt\/pto-hp-airmesh-ob\/#primaryimage","url":"https:\/\/embreis.com\/no\/wp-content\/uploads\/sites\/9\/2020\/02\/BREG.PTO_.airmesh.hp_.jpg","contentUrl":"https:\/\/embreis.com\/no\/wp-content\/uploads\/sites\/9\/2020\/02\/BREG.PTO_.airmesh.hp_.jpg","width":567,"height":567},{"@type":"BreadcrumbList","@id":"https:\/\/embreis.com\/no\/produkt\/pto-hp-airmesh-ob\/#breadcrumb","itemListElement":[{"@type":"ListItem","position":1,"name":"Hem","item":"https:\/\/embreis.com\/no\/"},{"@type":"ListItem","position":2,"name":"Sortiment","item":"https:\/\/embreis.com\/no\/sortiment\/"},{"@type":"ListItem","position":3,"name":"Ortos","item":"https:\/\/embreis.com\/no\/produktkategori\/ortos\/"},{"@type":"ListItem","position":4,"name":"Kn\u00e4","item":"https:\/\/embreis.com\/no\/produktkategori\/ortos\/kna\/"},{"@type":"ListItem","position":5,"name":"Patellaortos","item":"https:\/\/embreis.com\/no\/produktkategori\/ortos\/kna\/patellaortos\/"},{"@type":"ListItem","position":6,"name":"PTO HP Airmesh OB"}]},{"@type":"WebSite","@id":"https:\/\/embreis.com\/no\/#website","url":"https:\/\/embreis.com\/no\/","name":"Embreis NO","description":"Ortoser, proteser och material","potentialAction":[{"@type":"SearchAction","target":{"@type":"EntryPoint","urlTemplate":"https:\/\/embreis.com\/no\/?s={search_term_string}"},"query-input":{"@type":"PropertyValueSpecification","valueRequired":true,"valueName":"search_term_string"}}],"inLanguage":"sv-SE"}]}},"_links":{"self":[{"href":"https:\/\/embreis.com\/no\/wp-json\/wp\/v2\/product\/2003","targetHints":{"allow":["GET"]}}],"collection":[{"href":"https:\/\/embreis.com\/no\/wp-json\/wp\/v2\/product"}],"about":[{"href":"https:\/\/embreis.com\/no\/wp-json\/wp\/v2\/types\/product"}],"wp:featuredmedia":[{"embeddable":true,"href":"https:\/\/embreis.com\/no\/wp-json\/wp\/v2\/media\/7983"}],"wp:attachment":[{"href":"https:\/\/embreis.com\/no\/wp-json\/wp\/v2\/media?parent=2003"}],"wp:term":[{"taxonomy":"product_brand","embeddable":true,"href":"https:\/\/embreis.com\/no\/wp-json\/wp\/v2\/product_brand?post=2003"},{"taxonomy":"product_cat","embeddable":true,"href":"https:\/\/embreis.com\/no\/wp-json\/wp\/v2\/product_cat?post=2003"},{"taxonomy":"product_tag","embeddable":true,"href":"https:\/\/embreis.com\/no\/wp-json\/wp\/v2\/product_tag?post=2003"}],"curies":[{"name":"wp","href":"https:\/\/api.w.org\/{rel}","templated":true}]}}