{"id":1992,"date":"2020-02-14T15:55:21","date_gmt":"2020-02-14T13:55:21","guid":{"rendered":"http:\/\/embreiscom.wpengine.com\/product\/legacy-thruster\/"},"modified":"2021-12-01T16:53:51","modified_gmt":"2021-12-01T14:53:51","slug":"legacy-thruster","status":"publish","type":"product","link":"https:\/\/embreis.com\/no\/produkt\/legacy-thruster\/","title":{"rendered":"Legacy Thruster"},"content":{"rendered":"<p>Legacy Thruster anv\u00e4nds f\u00f6r att avlasta och sm\u00e4rtlindra patienter som lider av gonartros. Det \u00e4r en s.k. \u201dpulling brace\u201d med den stora f\u00f6rdelen att den inte ger n\u00e5got tryck \u00f6ver kn\u00e4leden, vare sig medialt eller lateralt. Den har leden placerat p\u00e5 den skadade sidan (led endast lateral eller medialt) vilket g\u00f6r den extra l\u00e4mplig till patienter med lateral gonartros och valgusst\u00e4llda kn\u00e4n. Den l\u00e4mpar sig inte f\u00f6r patienter med kombinerade ligamentskador, se DUO, men \u00e4r trots sin storlek en av dom mest bekv\u00e4ma OA ortoserna p\u00e5 marknaden. Genom flexibla byglar passar den prefabricerade ortosen dom flesta ben men modellen tillverkas \u00e4ven som Custom made vid behov.<\/p>\n","protected":false},"excerpt":{"rendered":"<div id=\"ctl00_cph1_lTxt\">\n<ul>\n<li>Pulling Brace funktion<\/li>\n<li>Mycket bekv\u00e4m att b\u00e4ra<\/li>\n<li>St\u00e4llbar avlastning<\/li>\n<li>Ger inget tryck \u00f6ver kondylerna<\/li>\n<\/ul>\n<\/div>\n<div id=\"ctl00_cph1_prodInfo\"><\/div>\n","protected":false},"featured_media":7972,"template":"","meta":[],"product_brand":[],"product_cat":[1227,217,222],"product_tag":[],"class_list":{"0":"post-1992","1":"product","2":"type-product","3":"status-publish","4":"has-post-thumbnail","6":"product_cat-oa-gonartros","7":"product_cat-ortos","8":"product_cat-kna","9":"pa_varumarke-breg","11":"first","12":"outofstock","13":"shipping-taxable","14":"product-type-variable"},"acf":[],"yoast_head":"<!-- This site is optimized with the Yoast SEO Premium plugin v25.3.1 (Yoast SEO v25.3.1) - https:\/\/yoast.com\/wordpress\/plugins\/seo\/ -->\n<title>Legacy Thruster - Embreis NO<\/title>\n<meta name=\"robots\" content=\"index, follow, max-snippet:-1, max-image-preview:large, max-video-preview:-1\" \/>\n<link rel=\"canonical\" href=\"https:\/\/embreis.com\/no\/produkt\/legacy-thruster\/\" \/>\n<meta property=\"og:locale\" content=\"sv_SE\" \/>\n<meta property=\"og:type\" content=\"article\" \/>\n<meta property=\"og:title\" content=\"Legacy Thruster\" \/>\n<meta property=\"og:description\" content=\"Pulling Brace funktion  Mycket bekv\u00e4m att b\u00e4ra  St\u00e4llbar avlastning  Ger inget tryck \u00f6ver kondylerna\" \/>\n<meta property=\"og:url\" content=\"https:\/\/embreis.com\/no\/produkt\/legacy-thruster\/\" \/>\n<meta property=\"og:site_name\" content=\"Embreis NO\" \/>\n<meta property=\"article:modified_time\" content=\"2021-12-01T14:53:51+00:00\" \/>\n<meta property=\"og:image\" content=\"https:\/\/embreis.com\/no\/wp-content\/uploads\/sites\/9\/2020\/02\/BREG.Legacy.Thruster.jpg\" \/>\n\t<meta property=\"og:image:width\" content=\"567\" \/>\n\t<meta property=\"og:image:height\" content=\"567\" \/>\n\t<meta property=\"og:image:type\" content=\"image\/jpeg\" \/>\n<meta name=\"twitter:card\" content=\"summary_large_image\" \/>\n<meta name=\"twitter:label1\" content=\"Ber\u00e4knad l\u00e4stid\" \/>\n\t<meta name=\"twitter:data1\" content=\"1 minut\" \/>\n<script type=\"application\/ld+json\" class=\"yoast-schema-graph\">{\"@context\":\"https:\/\/schema.org\",\"@graph\":[{\"@type\":\"WebPage\",\"@id\":\"https:\/\/embreis.com\/no\/produkt\/legacy-thruster\/\",\"url\":\"https:\/\/embreis.com\/no\/produkt\/legacy-thruster\/\",\"name\":\"Legacy Thruster - Embreis NO\",\"isPartOf\":{\"@id\":\"https:\/\/embreis.com\/no\/#website\"},\"primaryImageOfPage\":{\"@id\":\"https:\/\/embreis.com\/no\/produkt\/legacy-thruster\/#primaryimage\"},\"image\":{\"@id\":\"https:\/\/embreis.com\/no\/produkt\/legacy-thruster\/#primaryimage\"},\"thumbnailUrl\":\"https:\/\/embreis.com\/no\/wp-content\/uploads\/sites\/9\/2020\/02\/BREG.Legacy.Thruster.jpg\",\"datePublished\":\"2020-02-14T13:55:21+00:00\",\"dateModified\":\"2021-12-01T14:53:51+00:00\",\"breadcrumb\":{\"@id\":\"https:\/\/embreis.com\/no\/produkt\/legacy-thruster\/#breadcrumb\"},\"inLanguage\":\"sv-SE\",\"potentialAction\":[{\"@type\":\"ReadAction\",\"target\":[\"https:\/\/embreis.com\/no\/produkt\/legacy-thruster\/\"]}]},{\"@type\":\"ImageObject\",\"inLanguage\":\"sv-SE\",\"@id\":\"https:\/\/embreis.com\/no\/produkt\/legacy-thruster\/#primaryimage\",\"url\":\"https:\/\/embreis.com\/no\/wp-content\/uploads\/sites\/9\/2020\/02\/BREG.Legacy.Thruster.jpg\",\"contentUrl\":\"https:\/\/embreis.com\/no\/wp-content\/uploads\/sites\/9\/2020\/02\/BREG.Legacy.Thruster.jpg\",\"width\":567,\"height\":567},{\"@type\":\"BreadcrumbList\",\"@id\":\"https:\/\/embreis.com\/no\/produkt\/legacy-thruster\/#breadcrumb\",\"itemListElement\":[{\"@type\":\"ListItem\",\"position\":1,\"name\":\"Hem\",\"item\":\"https:\/\/embreis.com\/no\/\"},{\"@type\":\"ListItem\",\"position\":2,\"name\":\"Sortiment\",\"item\":\"https:\/\/embreis.com\/no\/sortiment\/\"},{\"@type\":\"ListItem\",\"position\":3,\"name\":\"Ortos\",\"item\":\"https:\/\/embreis.com\/no\/produktkategori\/ortos\/\"},{\"@type\":\"ListItem\",\"position\":4,\"name\":\"Kn\u00e4\",\"item\":\"https:\/\/embreis.com\/no\/produktkategori\/ortos\/kna\/\"},{\"@type\":\"ListItem\",\"position\":5,\"name\":\"OA Gonartros\",\"item\":\"https:\/\/embreis.com\/no\/produktkategori\/ortos\/kna\/oa-gonartros\/\"},{\"@type\":\"ListItem\",\"position\":6,\"name\":\"Legacy Thruster\"}]},{\"@type\":\"WebSite\",\"@id\":\"https:\/\/embreis.com\/no\/#website\",\"url\":\"https:\/\/embreis.com\/no\/\",\"name\":\"Embreis NO\",\"description\":\"Ortoser, proteser och material\",\"potentialAction\":[{\"@type\":\"SearchAction\",\"target\":{\"@type\":\"EntryPoint\",\"urlTemplate\":\"https:\/\/embreis.com\/no\/?s={search_term_string}\"},\"query-input\":{\"@type\":\"PropertyValueSpecification\",\"valueRequired\":true,\"valueName\":\"search_term_string\"}}],\"inLanguage\":\"sv-SE\"}]}<\/script>\n<!-- \/ Yoast SEO Premium plugin. -->","yoast_head_json":{"title":"Legacy Thruster - Embreis NO","robots":{"index":"index","follow":"follow","max-snippet":"max-snippet:-1","max-image-preview":"max-image-preview:large","max-video-preview":"max-video-preview:-1"},"canonical":"https:\/\/embreis.com\/no\/produkt\/legacy-thruster\/","og_locale":"sv_SE","og_type":"article","og_title":"Legacy Thruster","og_description":"Pulling Brace funktion  Mycket bekv\u00e4m att b\u00e4ra  St\u00e4llbar avlastning  Ger inget tryck \u00f6ver kondylerna","og_url":"https:\/\/embreis.com\/no\/produkt\/legacy-thruster\/","og_site_name":"Embreis NO","article_modified_time":"2021-12-01T14:53:51+00:00","og_image":[{"width":567,"height":567,"url":"https:\/\/embreis.com\/no\/wp-content\/uploads\/sites\/9\/2020\/02\/BREG.Legacy.Thruster.jpg","type":"image\/jpeg"}],"twitter_card":"summary_large_image","twitter_misc":{"Ber\u00e4knad l\u00e4stid":"1 minut"},"schema":{"@context":"https:\/\/schema.org","@graph":[{"@type":"WebPage","@id":"https:\/\/embreis.com\/no\/produkt\/legacy-thruster\/","url":"https:\/\/embreis.com\/no\/produkt\/legacy-thruster\/","name":"Legacy Thruster - Embreis NO","isPartOf":{"@id":"https:\/\/embreis.com\/no\/#website"},"primaryImageOfPage":{"@id":"https:\/\/embreis.com\/no\/produkt\/legacy-thruster\/#primaryimage"},"image":{"@id":"https:\/\/embreis.com\/no\/produkt\/legacy-thruster\/#primaryimage"},"thumbnailUrl":"https:\/\/embreis.com\/no\/wp-content\/uploads\/sites\/9\/2020\/02\/BREG.Legacy.Thruster.jpg","datePublished":"2020-02-14T13:55:21+00:00","dateModified":"2021-12-01T14:53:51+00:00","breadcrumb":{"@id":"https:\/\/embreis.com\/no\/produkt\/legacy-thruster\/#breadcrumb"},"inLanguage":"sv-SE","potentialAction":[{"@type":"ReadAction","target":["https:\/\/embreis.com\/no\/produkt\/legacy-thruster\/"]}]},{"@type":"ImageObject","inLanguage":"sv-SE","@id":"https:\/\/embreis.com\/no\/produkt\/legacy-thruster\/#primaryimage","url":"https:\/\/embreis.com\/no\/wp-content\/uploads\/sites\/9\/2020\/02\/BREG.Legacy.Thruster.jpg","contentUrl":"https:\/\/embreis.com\/no\/wp-content\/uploads\/sites\/9\/2020\/02\/BREG.Legacy.Thruster.jpg","width":567,"height":567},{"@type":"BreadcrumbList","@id":"https:\/\/embreis.com\/no\/produkt\/legacy-thruster\/#breadcrumb","itemListElement":[{"@type":"ListItem","position":1,"name":"Hem","item":"https:\/\/embreis.com\/no\/"},{"@type":"ListItem","position":2,"name":"Sortiment","item":"https:\/\/embreis.com\/no\/sortiment\/"},{"@type":"ListItem","position":3,"name":"Ortos","item":"https:\/\/embreis.com\/no\/produktkategori\/ortos\/"},{"@type":"ListItem","position":4,"name":"Kn\u00e4","item":"https:\/\/embreis.com\/no\/produktkategori\/ortos\/kna\/"},{"@type":"ListItem","position":5,"name":"OA Gonartros","item":"https:\/\/embreis.com\/no\/produktkategori\/ortos\/kna\/oa-gonartros\/"},{"@type":"ListItem","position":6,"name":"Legacy Thruster"}]},{"@type":"WebSite","@id":"https:\/\/embreis.com\/no\/#website","url":"https:\/\/embreis.com\/no\/","name":"Embreis NO","description":"Ortoser, proteser och material","potentialAction":[{"@type":"SearchAction","target":{"@type":"EntryPoint","urlTemplate":"https:\/\/embreis.com\/no\/?s={search_term_string}"},"query-input":{"@type":"PropertyValueSpecification","valueRequired":true,"valueName":"search_term_string"}}],"inLanguage":"sv-SE"}]}},"_links":{"self":[{"href":"https:\/\/embreis.com\/no\/wp-json\/wp\/v2\/product\/1992","targetHints":{"allow":["GET"]}}],"collection":[{"href":"https:\/\/embreis.com\/no\/wp-json\/wp\/v2\/product"}],"about":[{"href":"https:\/\/embreis.com\/no\/wp-json\/wp\/v2\/types\/product"}],"wp:featuredmedia":[{"embeddable":true,"href":"https:\/\/embreis.com\/no\/wp-json\/wp\/v2\/media\/7972"}],"wp:attachment":[{"href":"https:\/\/embreis.com\/no\/wp-json\/wp\/v2\/media?parent=1992"}],"wp:term":[{"taxonomy":"product_brand","embeddable":true,"href":"https:\/\/embreis.com\/no\/wp-json\/wp\/v2\/product_brand?post=1992"},{"taxonomy":"product_cat","embeddable":true,"href":"https:\/\/embreis.com\/no\/wp-json\/wp\/v2\/product_cat?post=1992"},{"taxonomy":"product_tag","embeddable":true,"href":"https:\/\/embreis.com\/no\/wp-json\/wp\/v2\/product_tag?post=1992"}],"curies":[{"name":"wp","href":"https:\/\/api.w.org\/{rel}","templated":true}]}}