{"id":1980,"date":"2020-02-14T15:55:17","date_gmt":"2020-02-14T13:55:17","guid":{"rendered":"http:\/\/embreiscom.wpengine.com\/product\/fusion-oa-plus\/"},"modified":"2022-08-23T14:13:02","modified_gmt":"2022-08-23T12:13:02","slug":"fusion-oa-plus","status":"publish","type":"product","link":"https:\/\/embreis.com\/no\/produkt\/fusion-oa-plus\/","title":{"rendered":"Fusion OA Plus"},"content":{"rendered":"<p>Fusion OA Plus anv\u00e4nds vid medial artos i kn\u00e4leden f\u00f6r avlastning av ledytor och sm\u00e4rtlindring.\u00a0Genom &#8221;Thumbweel leden&#8221; regleras trycket fr\u00e5n den laterala sidan f\u00f6r att avlasta dom mediala ledytorna och ge sm\u00e4rtlindring. Kraften justeras genom att med handen skruva leden med eller motsols.\u00a0Passform, stabilitet och komfort \u00e4r mycket bra och det inv\u00e4ndiga Anti-slip systemet g\u00f6r att ortosen sitter ordentligt p\u00e5 plats. Polstringen har ventilationskanaler vilket g\u00f6r den luftig och bekv\u00e4m. Fusion OA tillverkas \u00e4ven som Custom made f\u00f6r dom fall d\u00e4r kurvatur, varus eller valgus ben kr\u00e4ver speciella m\u00e5tt.<\/p>\n","protected":false},"excerpt":{"rendered":"<ul>\n<li>Medial avlastning<\/li>\n<li>Sm\u00e4rtlindring<\/li>\n<li>Justeras utan nyckel<\/li>\n<li>Anti-slip system<\/li>\n<\/ul>\n","protected":false},"featured_media":8067,"template":"","meta":[],"product_brand":[],"product_cat":[1227,217,222],"product_tag":[],"class_list":{"0":"post-1980","1":"product","2":"type-product","3":"status-publish","4":"has-post-thumbnail","6":"product_cat-oa-gonartros","7":"product_cat-ortos","8":"product_cat-kna","9":"pa_varumarke-breg","11":"first","12":"outofstock","13":"shipping-taxable","14":"product-type-variable"},"acf":[],"yoast_head":"<!-- This site is optimized with the Yoast SEO Premium plugin v25.3.1 (Yoast SEO v25.3.1) - https:\/\/yoast.com\/wordpress\/plugins\/seo\/ -->\n<title>Fusion OA Plus - Embreis NO<\/title>\n<meta name=\"robots\" content=\"index, follow, max-snippet:-1, max-image-preview:large, max-video-preview:-1\" \/>\n<link rel=\"canonical\" href=\"https:\/\/embreis.com\/no\/produkt\/fusion-oa-plus\/\" \/>\n<meta property=\"og:locale\" content=\"sv_SE\" \/>\n<meta property=\"og:type\" content=\"article\" \/>\n<meta property=\"og:title\" content=\"Fusion OA Plus\" \/>\n<meta property=\"og:description\" content=\"Medial avlastning  Sm\u00e4rtlindring  Justeras utan nyckel  Anti-slip system\" \/>\n<meta property=\"og:url\" content=\"https:\/\/embreis.com\/no\/produkt\/fusion-oa-plus\/\" \/>\n<meta property=\"og:site_name\" content=\"Embreis NO\" \/>\n<meta property=\"article:modified_time\" content=\"2022-08-23T12:13:02+00:00\" \/>\n<meta property=\"og:image\" content=\"https:\/\/embreis.com\/no\/wp-content\/uploads\/sites\/9\/2020\/02\/BREG.Fusion.OA_.Plus_.1.jpg\" \/>\n\t<meta property=\"og:image:width\" content=\"567\" \/>\n\t<meta property=\"og:image:height\" content=\"567\" \/>\n\t<meta property=\"og:image:type\" content=\"image\/jpeg\" \/>\n<meta name=\"twitter:card\" content=\"summary_large_image\" \/>\n<meta name=\"twitter:label1\" content=\"Ber\u00e4knad l\u00e4stid\" \/>\n\t<meta name=\"twitter:data1\" content=\"1 minut\" \/>\n<script type=\"application\/ld+json\" class=\"yoast-schema-graph\">{\"@context\":\"https:\/\/schema.org\",\"@graph\":[{\"@type\":\"WebPage\",\"@id\":\"https:\/\/embreis.com\/no\/produkt\/fusion-oa-plus\/\",\"url\":\"https:\/\/embreis.com\/no\/produkt\/fusion-oa-plus\/\",\"name\":\"Fusion OA Plus - Embreis NO\",\"isPartOf\":{\"@id\":\"https:\/\/embreis.com\/no\/#website\"},\"primaryImageOfPage\":{\"@id\":\"https:\/\/embreis.com\/no\/produkt\/fusion-oa-plus\/#primaryimage\"},\"image\":{\"@id\":\"https:\/\/embreis.com\/no\/produkt\/fusion-oa-plus\/#primaryimage\"},\"thumbnailUrl\":\"https:\/\/embreis.com\/no\/wp-content\/uploads\/sites\/9\/2020\/02\/BREG.Fusion.OA_.Plus_.1.jpg\",\"datePublished\":\"2020-02-14T13:55:17+00:00\",\"dateModified\":\"2022-08-23T12:13:02+00:00\",\"breadcrumb\":{\"@id\":\"https:\/\/embreis.com\/no\/produkt\/fusion-oa-plus\/#breadcrumb\"},\"inLanguage\":\"sv-SE\",\"potentialAction\":[{\"@type\":\"ReadAction\",\"target\":[\"https:\/\/embreis.com\/no\/produkt\/fusion-oa-plus\/\"]}]},{\"@type\":\"ImageObject\",\"inLanguage\":\"sv-SE\",\"@id\":\"https:\/\/embreis.com\/no\/produkt\/fusion-oa-plus\/#primaryimage\",\"url\":\"https:\/\/embreis.com\/no\/wp-content\/uploads\/sites\/9\/2020\/02\/BREG.Fusion.OA_.Plus_.1.jpg\",\"contentUrl\":\"https:\/\/embreis.com\/no\/wp-content\/uploads\/sites\/9\/2020\/02\/BREG.Fusion.OA_.Plus_.1.jpg\",\"width\":567,\"height\":567},{\"@type\":\"BreadcrumbList\",\"@id\":\"https:\/\/embreis.com\/no\/produkt\/fusion-oa-plus\/#breadcrumb\",\"itemListElement\":[{\"@type\":\"ListItem\",\"position\":1,\"name\":\"Hem\",\"item\":\"https:\/\/embreis.com\/no\/\"},{\"@type\":\"ListItem\",\"position\":2,\"name\":\"Sortiment\",\"item\":\"https:\/\/embreis.com\/no\/sortiment\/\"},{\"@type\":\"ListItem\",\"position\":3,\"name\":\"Ortos\",\"item\":\"https:\/\/embreis.com\/no\/produktkategori\/ortos\/\"},{\"@type\":\"ListItem\",\"position\":4,\"name\":\"Kn\u00e4\",\"item\":\"https:\/\/embreis.com\/no\/produktkategori\/ortos\/kna\/\"},{\"@type\":\"ListItem\",\"position\":5,\"name\":\"OA Gonartros\",\"item\":\"https:\/\/embreis.com\/no\/produktkategori\/ortos\/kna\/oa-gonartros\/\"},{\"@type\":\"ListItem\",\"position\":6,\"name\":\"Fusion OA Plus\"}]},{\"@type\":\"WebSite\",\"@id\":\"https:\/\/embreis.com\/no\/#website\",\"url\":\"https:\/\/embreis.com\/no\/\",\"name\":\"Embreis NO\",\"description\":\"Ortoser, proteser och material\",\"potentialAction\":[{\"@type\":\"SearchAction\",\"target\":{\"@type\":\"EntryPoint\",\"urlTemplate\":\"https:\/\/embreis.com\/no\/?s={search_term_string}\"},\"query-input\":{\"@type\":\"PropertyValueSpecification\",\"valueRequired\":true,\"valueName\":\"search_term_string\"}}],\"inLanguage\":\"sv-SE\"}]}<\/script>\n<!-- \/ Yoast SEO Premium plugin. -->","yoast_head_json":{"title":"Fusion OA Plus - Embreis NO","robots":{"index":"index","follow":"follow","max-snippet":"max-snippet:-1","max-image-preview":"max-image-preview:large","max-video-preview":"max-video-preview:-1"},"canonical":"https:\/\/embreis.com\/no\/produkt\/fusion-oa-plus\/","og_locale":"sv_SE","og_type":"article","og_title":"Fusion OA Plus","og_description":"Medial avlastning  Sm\u00e4rtlindring  Justeras utan nyckel  Anti-slip system","og_url":"https:\/\/embreis.com\/no\/produkt\/fusion-oa-plus\/","og_site_name":"Embreis NO","article_modified_time":"2022-08-23T12:13:02+00:00","og_image":[{"width":567,"height":567,"url":"https:\/\/embreis.com\/no\/wp-content\/uploads\/sites\/9\/2020\/02\/BREG.Fusion.OA_.Plus_.1.jpg","type":"image\/jpeg"}],"twitter_card":"summary_large_image","twitter_misc":{"Ber\u00e4knad l\u00e4stid":"1 minut"},"schema":{"@context":"https:\/\/schema.org","@graph":[{"@type":"WebPage","@id":"https:\/\/embreis.com\/no\/produkt\/fusion-oa-plus\/","url":"https:\/\/embreis.com\/no\/produkt\/fusion-oa-plus\/","name":"Fusion OA Plus - Embreis NO","isPartOf":{"@id":"https:\/\/embreis.com\/no\/#website"},"primaryImageOfPage":{"@id":"https:\/\/embreis.com\/no\/produkt\/fusion-oa-plus\/#primaryimage"},"image":{"@id":"https:\/\/embreis.com\/no\/produkt\/fusion-oa-plus\/#primaryimage"},"thumbnailUrl":"https:\/\/embreis.com\/no\/wp-content\/uploads\/sites\/9\/2020\/02\/BREG.Fusion.OA_.Plus_.1.jpg","datePublished":"2020-02-14T13:55:17+00:00","dateModified":"2022-08-23T12:13:02+00:00","breadcrumb":{"@id":"https:\/\/embreis.com\/no\/produkt\/fusion-oa-plus\/#breadcrumb"},"inLanguage":"sv-SE","potentialAction":[{"@type":"ReadAction","target":["https:\/\/embreis.com\/no\/produkt\/fusion-oa-plus\/"]}]},{"@type":"ImageObject","inLanguage":"sv-SE","@id":"https:\/\/embreis.com\/no\/produkt\/fusion-oa-plus\/#primaryimage","url":"https:\/\/embreis.com\/no\/wp-content\/uploads\/sites\/9\/2020\/02\/BREG.Fusion.OA_.Plus_.1.jpg","contentUrl":"https:\/\/embreis.com\/no\/wp-content\/uploads\/sites\/9\/2020\/02\/BREG.Fusion.OA_.Plus_.1.jpg","width":567,"height":567},{"@type":"BreadcrumbList","@id":"https:\/\/embreis.com\/no\/produkt\/fusion-oa-plus\/#breadcrumb","itemListElement":[{"@type":"ListItem","position":1,"name":"Hem","item":"https:\/\/embreis.com\/no\/"},{"@type":"ListItem","position":2,"name":"Sortiment","item":"https:\/\/embreis.com\/no\/sortiment\/"},{"@type":"ListItem","position":3,"name":"Ortos","item":"https:\/\/embreis.com\/no\/produktkategori\/ortos\/"},{"@type":"ListItem","position":4,"name":"Kn\u00e4","item":"https:\/\/embreis.com\/no\/produktkategori\/ortos\/kna\/"},{"@type":"ListItem","position":5,"name":"OA Gonartros","item":"https:\/\/embreis.com\/no\/produktkategori\/ortos\/kna\/oa-gonartros\/"},{"@type":"ListItem","position":6,"name":"Fusion OA Plus"}]},{"@type":"WebSite","@id":"https:\/\/embreis.com\/no\/#website","url":"https:\/\/embreis.com\/no\/","name":"Embreis NO","description":"Ortoser, proteser och material","potentialAction":[{"@type":"SearchAction","target":{"@type":"EntryPoint","urlTemplate":"https:\/\/embreis.com\/no\/?s={search_term_string}"},"query-input":{"@type":"PropertyValueSpecification","valueRequired":true,"valueName":"search_term_string"}}],"inLanguage":"sv-SE"}]}},"_links":{"self":[{"href":"https:\/\/embreis.com\/no\/wp-json\/wp\/v2\/product\/1980","targetHints":{"allow":["GET"]}}],"collection":[{"href":"https:\/\/embreis.com\/no\/wp-json\/wp\/v2\/product"}],"about":[{"href":"https:\/\/embreis.com\/no\/wp-json\/wp\/v2\/types\/product"}],"wp:featuredmedia":[{"embeddable":true,"href":"https:\/\/embreis.com\/no\/wp-json\/wp\/v2\/media\/8067"}],"wp:attachment":[{"href":"https:\/\/embreis.com\/no\/wp-json\/wp\/v2\/media?parent=1980"}],"wp:term":[{"taxonomy":"product_brand","embeddable":true,"href":"https:\/\/embreis.com\/no\/wp-json\/wp\/v2\/product_brand?post=1980"},{"taxonomy":"product_cat","embeddable":true,"href":"https:\/\/embreis.com\/no\/wp-json\/wp\/v2\/product_cat?post=1980"},{"taxonomy":"product_tag","embeddable":true,"href":"https:\/\/embreis.com\/no\/wp-json\/wp\/v2\/product_tag?post=1980"}],"curies":[{"name":"wp","href":"https:\/\/api.w.org\/{rel}","templated":true}]}}