{"id":1979,"date":"2020-02-14T15:55:17","date_gmt":"2020-02-14T13:55:17","guid":{"rendered":"http:\/\/embreiscom.wpengine.com\/product\/freestyle-oa\/"},"modified":"2023-01-24T15:48:34","modified_gmt":"2023-01-24T13:48:34","slug":"freestyle-oa","status":"publish","type":"product","link":"https:\/\/embreis.com\/no\/produkt\/freestyle-oa\/","title":{"rendered":"Freestyle OA"},"content":{"rendered":"<p>Freestyle OA anv\u00e4nds vid kn\u00e4sm\u00e4rtor som \u00e4r orsakade av artros eller broskskador i kn\u00e4t f\u00f6r att ge st\u00f6d och sm\u00e4rtlindring.\u00a0Den l\u00e4mpar sig fr\u00e4mst f\u00f6r l\u00e4tt till medelsv\u00e5ra skador och sm\u00e4rtproblem. Ortosen har en kombination av rigid ram, stumma band och mjukt material mot huden. Den appliceras enkelt och passar dom flesta benformer. Via &#8221;Thumbweel leden&#8221; justeras kraften f\u00f6r att avlasta ledytan p\u00e5 den motsvarande sidan. Trycket regleras med handen i en 10 gradig skala. Freestyle OA har led endast p\u00e5 den ena sidan vilket g\u00f6r den smidig att anv\u00e4nda och finns f\u00f6r b\u00e5de medial och lateral avlastning av ledytorna. Genom omlottdesignen kan passform och kompression runt kn\u00e4t enkelt regleras.<\/p>\n","protected":false},"excerpt":{"rendered":"<ul>\n<li>Avlastning av ledytor<\/li>\n<li>Sm\u00e4rtlindring<\/li>\n<li>Kompression<\/li>\n<li>Enkel ledjustering<\/li>\n<\/ul>\n","protected":false},"featured_media":8062,"template":"","meta":[],"product_brand":[],"product_cat":[1227,217,222],"product_tag":[],"class_list":{"0":"post-1979","1":"product","2":"type-product","3":"status-publish","4":"has-post-thumbnail","6":"product_cat-oa-gonartros","7":"product_cat-ortos","8":"product_cat-kna","9":"pa_varumarke-breg","11":"first","12":"outofstock","13":"shipping-taxable","14":"product-type-variable"},"acf":[],"yoast_head":"<!-- This site is optimized with the Yoast SEO Premium plugin v25.3.1 (Yoast SEO v25.3.1) - https:\/\/yoast.com\/wordpress\/plugins\/seo\/ -->\n<title>Freestyle OA - Embreis NO<\/title>\n<meta name=\"robots\" content=\"index, follow, max-snippet:-1, max-image-preview:large, max-video-preview:-1\" \/>\n<link rel=\"canonical\" href=\"https:\/\/embreis.com\/no\/produkt\/freestyle-oa\/\" \/>\n<meta property=\"og:locale\" content=\"sv_SE\" \/>\n<meta property=\"og:type\" content=\"article\" \/>\n<meta property=\"og:title\" content=\"Freestyle OA\" \/>\n<meta property=\"og:description\" content=\"Avlastning av ledytor  Sm\u00e4rtlindring  Kompression  Enkel ledjustering\" \/>\n<meta property=\"og:url\" content=\"https:\/\/embreis.com\/no\/produkt\/freestyle-oa\/\" \/>\n<meta property=\"og:site_name\" content=\"Embreis NO\" \/>\n<meta property=\"article:modified_time\" content=\"2023-01-24T13:48:34+00:00\" \/>\n<meta property=\"og:image\" content=\"https:\/\/embreis.com\/no\/wp-content\/uploads\/sites\/9\/2020\/02\/BREG.Freestyle.oa_.jpg\" \/>\n\t<meta property=\"og:image:width\" content=\"567\" \/>\n\t<meta property=\"og:image:height\" content=\"567\" \/>\n\t<meta property=\"og:image:type\" content=\"image\/jpeg\" \/>\n<meta name=\"twitter:card\" content=\"summary_large_image\" \/>\n<meta name=\"twitter:label1\" content=\"Ber\u00e4knad l\u00e4stid\" \/>\n\t<meta name=\"twitter:data1\" content=\"1 minut\" \/>\n<script type=\"application\/ld+json\" class=\"yoast-schema-graph\">{\"@context\":\"https:\/\/schema.org\",\"@graph\":[{\"@type\":\"WebPage\",\"@id\":\"https:\/\/embreis.com\/no\/produkt\/freestyle-oa\/\",\"url\":\"https:\/\/embreis.com\/no\/produkt\/freestyle-oa\/\",\"name\":\"Freestyle OA - Embreis NO\",\"isPartOf\":{\"@id\":\"https:\/\/embreis.com\/no\/#website\"},\"primaryImageOfPage\":{\"@id\":\"https:\/\/embreis.com\/no\/produkt\/freestyle-oa\/#primaryimage\"},\"image\":{\"@id\":\"https:\/\/embreis.com\/no\/produkt\/freestyle-oa\/#primaryimage\"},\"thumbnailUrl\":\"https:\/\/embreis.com\/no\/wp-content\/uploads\/sites\/9\/2020\/02\/BREG.Freestyle.oa_.jpg\",\"datePublished\":\"2020-02-14T13:55:17+00:00\",\"dateModified\":\"2023-01-24T13:48:34+00:00\",\"breadcrumb\":{\"@id\":\"https:\/\/embreis.com\/no\/produkt\/freestyle-oa\/#breadcrumb\"},\"inLanguage\":\"sv-SE\",\"potentialAction\":[{\"@type\":\"ReadAction\",\"target\":[\"https:\/\/embreis.com\/no\/produkt\/freestyle-oa\/\"]}]},{\"@type\":\"ImageObject\",\"inLanguage\":\"sv-SE\",\"@id\":\"https:\/\/embreis.com\/no\/produkt\/freestyle-oa\/#primaryimage\",\"url\":\"https:\/\/embreis.com\/no\/wp-content\/uploads\/sites\/9\/2020\/02\/BREG.Freestyle.oa_.jpg\",\"contentUrl\":\"https:\/\/embreis.com\/no\/wp-content\/uploads\/sites\/9\/2020\/02\/BREG.Freestyle.oa_.jpg\",\"width\":567,\"height\":567},{\"@type\":\"BreadcrumbList\",\"@id\":\"https:\/\/embreis.com\/no\/produkt\/freestyle-oa\/#breadcrumb\",\"itemListElement\":[{\"@type\":\"ListItem\",\"position\":1,\"name\":\"Hem\",\"item\":\"https:\/\/embreis.com\/no\/\"},{\"@type\":\"ListItem\",\"position\":2,\"name\":\"Sortiment\",\"item\":\"https:\/\/embreis.com\/no\/sortiment\/\"},{\"@type\":\"ListItem\",\"position\":3,\"name\":\"Ortos\",\"item\":\"https:\/\/embreis.com\/no\/produktkategori\/ortos\/\"},{\"@type\":\"ListItem\",\"position\":4,\"name\":\"Kn\u00e4\",\"item\":\"https:\/\/embreis.com\/no\/produktkategori\/ortos\/kna\/\"},{\"@type\":\"ListItem\",\"position\":5,\"name\":\"OA Gonartros\",\"item\":\"https:\/\/embreis.com\/no\/produktkategori\/ortos\/kna\/oa-gonartros\/\"},{\"@type\":\"ListItem\",\"position\":6,\"name\":\"Freestyle OA\"}]},{\"@type\":\"WebSite\",\"@id\":\"https:\/\/embreis.com\/no\/#website\",\"url\":\"https:\/\/embreis.com\/no\/\",\"name\":\"Embreis NO\",\"description\":\"Ortoser, proteser och material\",\"potentialAction\":[{\"@type\":\"SearchAction\",\"target\":{\"@type\":\"EntryPoint\",\"urlTemplate\":\"https:\/\/embreis.com\/no\/?s={search_term_string}\"},\"query-input\":{\"@type\":\"PropertyValueSpecification\",\"valueRequired\":true,\"valueName\":\"search_term_string\"}}],\"inLanguage\":\"sv-SE\"}]}<\/script>\n<!-- \/ Yoast SEO Premium plugin. -->","yoast_head_json":{"title":"Freestyle OA - Embreis NO","robots":{"index":"index","follow":"follow","max-snippet":"max-snippet:-1","max-image-preview":"max-image-preview:large","max-video-preview":"max-video-preview:-1"},"canonical":"https:\/\/embreis.com\/no\/produkt\/freestyle-oa\/","og_locale":"sv_SE","og_type":"article","og_title":"Freestyle OA","og_description":"Avlastning av ledytor  Sm\u00e4rtlindring  Kompression  Enkel ledjustering","og_url":"https:\/\/embreis.com\/no\/produkt\/freestyle-oa\/","og_site_name":"Embreis NO","article_modified_time":"2023-01-24T13:48:34+00:00","og_image":[{"width":567,"height":567,"url":"https:\/\/embreis.com\/no\/wp-content\/uploads\/sites\/9\/2020\/02\/BREG.Freestyle.oa_.jpg","type":"image\/jpeg"}],"twitter_card":"summary_large_image","twitter_misc":{"Ber\u00e4knad l\u00e4stid":"1 minut"},"schema":{"@context":"https:\/\/schema.org","@graph":[{"@type":"WebPage","@id":"https:\/\/embreis.com\/no\/produkt\/freestyle-oa\/","url":"https:\/\/embreis.com\/no\/produkt\/freestyle-oa\/","name":"Freestyle OA - Embreis NO","isPartOf":{"@id":"https:\/\/embreis.com\/no\/#website"},"primaryImageOfPage":{"@id":"https:\/\/embreis.com\/no\/produkt\/freestyle-oa\/#primaryimage"},"image":{"@id":"https:\/\/embreis.com\/no\/produkt\/freestyle-oa\/#primaryimage"},"thumbnailUrl":"https:\/\/embreis.com\/no\/wp-content\/uploads\/sites\/9\/2020\/02\/BREG.Freestyle.oa_.jpg","datePublished":"2020-02-14T13:55:17+00:00","dateModified":"2023-01-24T13:48:34+00:00","breadcrumb":{"@id":"https:\/\/embreis.com\/no\/produkt\/freestyle-oa\/#breadcrumb"},"inLanguage":"sv-SE","potentialAction":[{"@type":"ReadAction","target":["https:\/\/embreis.com\/no\/produkt\/freestyle-oa\/"]}]},{"@type":"ImageObject","inLanguage":"sv-SE","@id":"https:\/\/embreis.com\/no\/produkt\/freestyle-oa\/#primaryimage","url":"https:\/\/embreis.com\/no\/wp-content\/uploads\/sites\/9\/2020\/02\/BREG.Freestyle.oa_.jpg","contentUrl":"https:\/\/embreis.com\/no\/wp-content\/uploads\/sites\/9\/2020\/02\/BREG.Freestyle.oa_.jpg","width":567,"height":567},{"@type":"BreadcrumbList","@id":"https:\/\/embreis.com\/no\/produkt\/freestyle-oa\/#breadcrumb","itemListElement":[{"@type":"ListItem","position":1,"name":"Hem","item":"https:\/\/embreis.com\/no\/"},{"@type":"ListItem","position":2,"name":"Sortiment","item":"https:\/\/embreis.com\/no\/sortiment\/"},{"@type":"ListItem","position":3,"name":"Ortos","item":"https:\/\/embreis.com\/no\/produktkategori\/ortos\/"},{"@type":"ListItem","position":4,"name":"Kn\u00e4","item":"https:\/\/embreis.com\/no\/produktkategori\/ortos\/kna\/"},{"@type":"ListItem","position":5,"name":"OA Gonartros","item":"https:\/\/embreis.com\/no\/produktkategori\/ortos\/kna\/oa-gonartros\/"},{"@type":"ListItem","position":6,"name":"Freestyle OA"}]},{"@type":"WebSite","@id":"https:\/\/embreis.com\/no\/#website","url":"https:\/\/embreis.com\/no\/","name":"Embreis NO","description":"Ortoser, proteser och material","potentialAction":[{"@type":"SearchAction","target":{"@type":"EntryPoint","urlTemplate":"https:\/\/embreis.com\/no\/?s={search_term_string}"},"query-input":{"@type":"PropertyValueSpecification","valueRequired":true,"valueName":"search_term_string"}}],"inLanguage":"sv-SE"}]}},"_links":{"self":[{"href":"https:\/\/embreis.com\/no\/wp-json\/wp\/v2\/product\/1979","targetHints":{"allow":["GET"]}}],"collection":[{"href":"https:\/\/embreis.com\/no\/wp-json\/wp\/v2\/product"}],"about":[{"href":"https:\/\/embreis.com\/no\/wp-json\/wp\/v2\/types\/product"}],"wp:featuredmedia":[{"embeddable":true,"href":"https:\/\/embreis.com\/no\/wp-json\/wp\/v2\/media\/8062"}],"wp:attachment":[{"href":"https:\/\/embreis.com\/no\/wp-json\/wp\/v2\/media?parent=1979"}],"wp:term":[{"taxonomy":"product_brand","embeddable":true,"href":"https:\/\/embreis.com\/no\/wp-json\/wp\/v2\/product_brand?post=1979"},{"taxonomy":"product_cat","embeddable":true,"href":"https:\/\/embreis.com\/no\/wp-json\/wp\/v2\/product_cat?post=1979"},{"taxonomy":"product_tag","embeddable":true,"href":"https:\/\/embreis.com\/no\/wp-json\/wp\/v2\/product_tag?post=1979"}],"curies":[{"name":"wp","href":"https:\/\/api.w.org\/{rel}","templated":true}]}}