{"id":1976,"date":"2020-02-14T15:55:16","date_gmt":"2020-02-14T13:55:16","guid":{"rendered":"http:\/\/embreiscom.wpengine.com\/product\/utx2\/"},"modified":"2024-09-27T15:14:26","modified_gmt":"2024-09-27T13:14:26","slug":"utx2","status":"publish","type":"product","link":"https:\/\/embreis.com\/no\/produkt\/utx2\/","title":{"rendered":"UTX\u00ae2"},"content":{"rendered":"<p>UTX helbensortoser finns i Free, Swing och Stabil utf\u00f6rande. Beroende p\u00e5 patientens behov och kapacitet v\u00e4ljer man funktion med hj\u00e4lp av UTX Selection protokoll. UTX Swing ger patienten f\u00f6ruts\u00e4ttningen att g\u00e5 med f\u00f6rh\u00e5llandevis normalt g\u00e5ngm\u00f6nster, trots muskul\u00e4ra eller neurologiska funktionsneds\u00e4ttningar. Den grundl\u00e4ggande principen \u00e4r att ortosen l\u00e5ser kn\u00e4leden och stabiliserar benet i belastat l\u00e4ge, l\u00e5ser upp automatiskt under swing fasen f\u00f6r normal g\u00e5ng och ger dorsallyft av foten vid behov. UTX Swing och Free \u00e4r ocks\u00e5 mycket effektiva f\u00f6r att motverka kraftig hyperextension i kn\u00e4.<\/p>\n","protected":false},"excerpt":{"rendered":"<ul>\n<li>Dynamisk KAFO<\/li>\n<li>Olika utf\u00f6randen<\/li>\n<li>L\u00e5ser i full extension<\/li>\n<li>Kontrollerar kn\u00e4flexion<\/li>\n<li>Motverkar hyperextension<\/li>\n<\/ul>\n","protected":false},"featured_media":12234,"template":"","meta":[],"product_brand":[],"product_cat":[1229,217,222],"product_tag":[],"class_list":{"0":"post-1976","1":"product","2":"type-product","3":"status-publish","4":"has-post-thumbnail","6":"product_cat-neuro-rehab-kna-ortos","7":"product_cat-ortos","8":"product_cat-kna","9":"pa_varumarke-ambroise","11":"first","12":"instock","13":"shipping-taxable","14":"product-type-variable"},"acf":[],"yoast_head":"<!-- This site is optimized with the Yoast SEO Premium plugin v25.3.1 (Yoast SEO v25.3.1) - https:\/\/yoast.com\/wordpress\/plugins\/seo\/ -->\n<title>UTX\u00ae2 - Embreis NO<\/title>\n<meta name=\"robots\" content=\"index, follow, max-snippet:-1, max-image-preview:large, max-video-preview:-1\" \/>\n<link rel=\"canonical\" href=\"https:\/\/embreis.com\/no\/produkt\/utx2\/\" \/>\n<meta property=\"og:locale\" content=\"sv_SE\" \/>\n<meta property=\"og:type\" content=\"article\" \/>\n<meta property=\"og:title\" content=\"UTX\u00ae2\" \/>\n<meta property=\"og:description\" content=\"Dynamisk KAFO  Olika utf\u00f6randen  L\u00e5ser i full extension  Kontrollerar kn\u00e4flexion  Motverkar hyperextension\" \/>\n<meta property=\"og:url\" content=\"https:\/\/embreis.com\/no\/produkt\/utx2\/\" \/>\n<meta property=\"og:site_name\" content=\"Embreis NO\" \/>\n<meta property=\"article:modified_time\" content=\"2024-09-27T13:14:26+00:00\" \/>\n<meta property=\"og:image\" content=\"https:\/\/embreis.com\/no\/wp-content\/uploads\/sites\/9\/2020\/02\/UTX_Swing.png\" \/>\n\t<meta property=\"og:image:width\" content=\"850\" \/>\n\t<meta property=\"og:image:height\" content=\"850\" \/>\n\t<meta property=\"og:image:type\" content=\"image\/png\" \/>\n<meta name=\"twitter:card\" content=\"summary_large_image\" \/>\n<meta name=\"twitter:label1\" content=\"Ber\u00e4knad l\u00e4stid\" \/>\n\t<meta name=\"twitter:data1\" content=\"1 minut\" \/>\n<script type=\"application\/ld+json\" class=\"yoast-schema-graph\">{\"@context\":\"https:\/\/schema.org\",\"@graph\":[{\"@type\":\"WebPage\",\"@id\":\"https:\/\/embreis.com\/no\/produkt\/utx2\/\",\"url\":\"https:\/\/embreis.com\/no\/produkt\/utx2\/\",\"name\":\"UTX\u00ae2 - Embreis NO\",\"isPartOf\":{\"@id\":\"https:\/\/embreis.com\/no\/#website\"},\"primaryImageOfPage\":{\"@id\":\"https:\/\/embreis.com\/no\/produkt\/utx2\/#primaryimage\"},\"image\":{\"@id\":\"https:\/\/embreis.com\/no\/produkt\/utx2\/#primaryimage\"},\"thumbnailUrl\":\"https:\/\/embreis.com\/no\/wp-content\/uploads\/sites\/9\/2020\/02\/UTX_Swing.png\",\"datePublished\":\"2020-02-14T13:55:16+00:00\",\"dateModified\":\"2024-09-27T13:14:26+00:00\",\"breadcrumb\":{\"@id\":\"https:\/\/embreis.com\/no\/produkt\/utx2\/#breadcrumb\"},\"inLanguage\":\"sv-SE\",\"potentialAction\":[{\"@type\":\"ReadAction\",\"target\":[\"https:\/\/embreis.com\/no\/produkt\/utx2\/\"]}]},{\"@type\":\"ImageObject\",\"inLanguage\":\"sv-SE\",\"@id\":\"https:\/\/embreis.com\/no\/produkt\/utx2\/#primaryimage\",\"url\":\"https:\/\/embreis.com\/no\/wp-content\/uploads\/sites\/9\/2020\/02\/UTX_Swing.png\",\"contentUrl\":\"https:\/\/embreis.com\/no\/wp-content\/uploads\/sites\/9\/2020\/02\/UTX_Swing.png\",\"width\":850,\"height\":850},{\"@type\":\"BreadcrumbList\",\"@id\":\"https:\/\/embreis.com\/no\/produkt\/utx2\/#breadcrumb\",\"itemListElement\":[{\"@type\":\"ListItem\",\"position\":1,\"name\":\"Hem\",\"item\":\"https:\/\/embreis.com\/no\/\"},{\"@type\":\"ListItem\",\"position\":2,\"name\":\"Sortiment\",\"item\":\"https:\/\/embreis.com\/no\/sortiment\/\"},{\"@type\":\"ListItem\",\"position\":3,\"name\":\"Ortos\",\"item\":\"https:\/\/embreis.com\/no\/produktkategori\/ortos\/\"},{\"@type\":\"ListItem\",\"position\":4,\"name\":\"Kn\u00e4\",\"item\":\"https:\/\/embreis.com\/no\/produktkategori\/ortos\/kna\/\"},{\"@type\":\"ListItem\",\"position\":5,\"name\":\"Neuro Rehab\",\"item\":\"https:\/\/embreis.com\/no\/produktkategori\/ortos\/kna\/neuro-rehab-kna-ortos\/\"},{\"@type\":\"ListItem\",\"position\":6,\"name\":\"UTX\u00ae2\"}]},{\"@type\":\"WebSite\",\"@id\":\"https:\/\/embreis.com\/no\/#website\",\"url\":\"https:\/\/embreis.com\/no\/\",\"name\":\"Embreis NO\",\"description\":\"Ortoser, proteser och material\",\"potentialAction\":[{\"@type\":\"SearchAction\",\"target\":{\"@type\":\"EntryPoint\",\"urlTemplate\":\"https:\/\/embreis.com\/no\/?s={search_term_string}\"},\"query-input\":{\"@type\":\"PropertyValueSpecification\",\"valueRequired\":true,\"valueName\":\"search_term_string\"}}],\"inLanguage\":\"sv-SE\"}]}<\/script>\n<!-- \/ Yoast SEO Premium plugin. -->","yoast_head_json":{"title":"UTX\u00ae2 - Embreis NO","robots":{"index":"index","follow":"follow","max-snippet":"max-snippet:-1","max-image-preview":"max-image-preview:large","max-video-preview":"max-video-preview:-1"},"canonical":"https:\/\/embreis.com\/no\/produkt\/utx2\/","og_locale":"sv_SE","og_type":"article","og_title":"UTX\u00ae2","og_description":"Dynamisk KAFO  Olika utf\u00f6randen  L\u00e5ser i full extension  Kontrollerar kn\u00e4flexion  Motverkar hyperextension","og_url":"https:\/\/embreis.com\/no\/produkt\/utx2\/","og_site_name":"Embreis NO","article_modified_time":"2024-09-27T13:14:26+00:00","og_image":[{"width":850,"height":850,"url":"https:\/\/embreis.com\/no\/wp-content\/uploads\/sites\/9\/2020\/02\/UTX_Swing.png","type":"image\/png"}],"twitter_card":"summary_large_image","twitter_misc":{"Ber\u00e4knad l\u00e4stid":"1 minut"},"schema":{"@context":"https:\/\/schema.org","@graph":[{"@type":"WebPage","@id":"https:\/\/embreis.com\/no\/produkt\/utx2\/","url":"https:\/\/embreis.com\/no\/produkt\/utx2\/","name":"UTX\u00ae2 - Embreis NO","isPartOf":{"@id":"https:\/\/embreis.com\/no\/#website"},"primaryImageOfPage":{"@id":"https:\/\/embreis.com\/no\/produkt\/utx2\/#primaryimage"},"image":{"@id":"https:\/\/embreis.com\/no\/produkt\/utx2\/#primaryimage"},"thumbnailUrl":"https:\/\/embreis.com\/no\/wp-content\/uploads\/sites\/9\/2020\/02\/UTX_Swing.png","datePublished":"2020-02-14T13:55:16+00:00","dateModified":"2024-09-27T13:14:26+00:00","breadcrumb":{"@id":"https:\/\/embreis.com\/no\/produkt\/utx2\/#breadcrumb"},"inLanguage":"sv-SE","potentialAction":[{"@type":"ReadAction","target":["https:\/\/embreis.com\/no\/produkt\/utx2\/"]}]},{"@type":"ImageObject","inLanguage":"sv-SE","@id":"https:\/\/embreis.com\/no\/produkt\/utx2\/#primaryimage","url":"https:\/\/embreis.com\/no\/wp-content\/uploads\/sites\/9\/2020\/02\/UTX_Swing.png","contentUrl":"https:\/\/embreis.com\/no\/wp-content\/uploads\/sites\/9\/2020\/02\/UTX_Swing.png","width":850,"height":850},{"@type":"BreadcrumbList","@id":"https:\/\/embreis.com\/no\/produkt\/utx2\/#breadcrumb","itemListElement":[{"@type":"ListItem","position":1,"name":"Hem","item":"https:\/\/embreis.com\/no\/"},{"@type":"ListItem","position":2,"name":"Sortiment","item":"https:\/\/embreis.com\/no\/sortiment\/"},{"@type":"ListItem","position":3,"name":"Ortos","item":"https:\/\/embreis.com\/no\/produktkategori\/ortos\/"},{"@type":"ListItem","position":4,"name":"Kn\u00e4","item":"https:\/\/embreis.com\/no\/produktkategori\/ortos\/kna\/"},{"@type":"ListItem","position":5,"name":"Neuro Rehab","item":"https:\/\/embreis.com\/no\/produktkategori\/ortos\/kna\/neuro-rehab-kna-ortos\/"},{"@type":"ListItem","position":6,"name":"UTX\u00ae2"}]},{"@type":"WebSite","@id":"https:\/\/embreis.com\/no\/#website","url":"https:\/\/embreis.com\/no\/","name":"Embreis NO","description":"Ortoser, proteser och material","potentialAction":[{"@type":"SearchAction","target":{"@type":"EntryPoint","urlTemplate":"https:\/\/embreis.com\/no\/?s={search_term_string}"},"query-input":{"@type":"PropertyValueSpecification","valueRequired":true,"valueName":"search_term_string"}}],"inLanguage":"sv-SE"}]}},"_links":{"self":[{"href":"https:\/\/embreis.com\/no\/wp-json\/wp\/v2\/product\/1976","targetHints":{"allow":["GET"]}}],"collection":[{"href":"https:\/\/embreis.com\/no\/wp-json\/wp\/v2\/product"}],"about":[{"href":"https:\/\/embreis.com\/no\/wp-json\/wp\/v2\/types\/product"}],"wp:featuredmedia":[{"embeddable":true,"href":"https:\/\/embreis.com\/no\/wp-json\/wp\/v2\/media\/12234"}],"wp:attachment":[{"href":"https:\/\/embreis.com\/no\/wp-json\/wp\/v2\/media?parent=1976"}],"wp:term":[{"taxonomy":"product_brand","embeddable":true,"href":"https:\/\/embreis.com\/no\/wp-json\/wp\/v2\/product_brand?post=1976"},{"taxonomy":"product_cat","embeddable":true,"href":"https:\/\/embreis.com\/no\/wp-json\/wp\/v2\/product_cat?post=1976"},{"taxonomy":"product_tag","embeddable":true,"href":"https:\/\/embreis.com\/no\/wp-json\/wp\/v2\/product_tag?post=1976"}],"curies":[{"name":"wp","href":"https:\/\/api.w.org\/{rel}","templated":true}]}}