{"id":1937,"date":"2020-02-14T15:55:07","date_gmt":"2020-02-14T13:55:07","guid":{"rendered":"http:\/\/embreiscom.wpengine.com\/product\/wee-bow-armbagsortos\/"},"modified":"2021-02-10T18:48:43","modified_gmt":"2021-02-10T16:48:43","slug":"wee-bow-armbagsortos","status":"publish","type":"product","link":"https:\/\/embreis.com\/no\/produkt\/wee-bow-armbagsortos\/","title":{"rendered":"Wee Bow Armb\u00e5gsortos Barn"},"content":{"rendered":"<p>Wee Bow armb\u00e5gsortos f\u00f6r barn anv\u00e4nds efter operation eller trauma av arm eller armb\u00e5ge. Leden kan snabbl\u00e5sas f\u00f6r immobilisering eller reglera r\u00f6relseomf\u00e5nget mellan -10\u00b0 och 110\u00b0 flexion med 10\u00b0 intervall.\u00a0Skenan \u00e4r placerad lateralt och runt armen h\u00e5ller formbara aluminiumbyglar och cirkul\u00e4ra band armen i ett s\u00e4kert l\u00e4ge. Teleskopinst\u00e4llning av under och \u00f6verarm g\u00f6r det enkelt att f\u00e5 till en individuell passform och l\u00e4ngd mellan 26-34 cm. Band och foder \u00e4r utbytbara f\u00f6r tv\u00e4tt och hygien.<\/p>\n","protected":false},"excerpt":{"rendered":"<ul>\n<li>Armb\u00e5gsortos f\u00f6r barn<\/li>\n<li>Teleskopinst\u00e4llning<\/li>\n<li>Lateral ROM led<\/li>\n<li>Fasta byglar runt armen<\/li>\n<\/ul>\n","protected":false},"featured_media":7969,"template":"","meta":[],"product_brand":[],"product_cat":[1206,217,218],"product_tag":[],"class_list":{"0":"post-1937","1":"product","2":"type-product","3":"status-publish","4":"has-post-thumbnail","6":"product_cat-post-op-trauma-arm-ortos","7":"product_cat-ortos","8":"product_cat-arm","9":"pa_varumarke-breg","11":"first","12":"outofstock","13":"shipping-taxable","14":"product-type-variable"},"acf":[],"yoast_head":"<!-- This site is optimized with the Yoast SEO Premium plugin v27.3 (Yoast SEO v27.3) - https:\/\/yoast.com\/product\/yoast-seo-premium-wordpress\/ -->\n<title>Wee Bow Armb\u00e5gsortos Barn - Embreis NO<\/title>\n<meta name=\"robots\" content=\"index, follow, max-snippet:-1, max-image-preview:large, max-video-preview:-1\" \/>\n<link rel=\"canonical\" href=\"https:\/\/embreis.com\/no\/produkt\/wee-bow-armbagsortos\/\" \/>\n<meta property=\"og:locale\" content=\"sv_SE\" \/>\n<meta property=\"og:type\" content=\"article\" \/>\n<meta property=\"og:title\" content=\"Wee Bow Armb\u00e5gsortos Barn\" \/>\n<meta property=\"og:description\" content=\"Armb\u00e5gsortos f\u00f6r barn  Teleskopinst\u00e4llning  Lateral ROM led  Fasta byglar runt armen\" \/>\n<meta property=\"og:url\" content=\"https:\/\/embreis.com\/no\/produkt\/wee-bow-armbagsortos\/\" \/>\n<meta property=\"og:site_name\" content=\"Embreis NO\" \/>\n<meta property=\"article:modified_time\" content=\"2021-02-10T16:48:43+00:00\" \/>\n<meta property=\"og:image\" content=\"https:\/\/embreis.com\/no\/wp-content\/uploads\/sites\/9\/2020\/02\/BLEDSOE.wee_.bow_.jpg\" \/>\n\t<meta property=\"og:image:width\" content=\"567\" \/>\n\t<meta property=\"og:image:height\" content=\"567\" \/>\n\t<meta property=\"og:image:type\" content=\"image\/jpeg\" \/>\n<meta name=\"twitter:card\" content=\"summary_large_image\" \/>\n<script type=\"application\/ld+json\" class=\"yoast-schema-graph\">{\"@context\":\"https:\\\/\\\/schema.org\",\"@graph\":[{\"@type\":\"WebPage\",\"@id\":\"https:\\\/\\\/embreis.com\\\/no\\\/produkt\\\/wee-bow-armbagsortos\\\/\",\"url\":\"https:\\\/\\\/embreis.com\\\/no\\\/produkt\\\/wee-bow-armbagsortos\\\/\",\"name\":\"Wee Bow Armb\u00e5gsortos Barn - Embreis NO\",\"isPartOf\":{\"@id\":\"https:\\\/\\\/embreis.com\\\/no\\\/#website\"},\"primaryImageOfPage\":{\"@id\":\"https:\\\/\\\/embreis.com\\\/no\\\/produkt\\\/wee-bow-armbagsortos\\\/#primaryimage\"},\"image\":{\"@id\":\"https:\\\/\\\/embreis.com\\\/no\\\/produkt\\\/wee-bow-armbagsortos\\\/#primaryimage\"},\"thumbnailUrl\":\"https:\\\/\\\/embreis.com\\\/no\\\/wp-content\\\/uploads\\\/sites\\\/9\\\/2020\\\/02\\\/BLEDSOE.wee_.bow_.jpg\",\"datePublished\":\"2020-02-14T13:55:07+00:00\",\"dateModified\":\"2021-02-10T16:48:43+00:00\",\"breadcrumb\":{\"@id\":\"https:\\\/\\\/embreis.com\\\/no\\\/produkt\\\/wee-bow-armbagsortos\\\/#breadcrumb\"},\"inLanguage\":\"sv-SE\",\"potentialAction\":[{\"@type\":\"ReadAction\",\"target\":[\"https:\\\/\\\/embreis.com\\\/no\\\/produkt\\\/wee-bow-armbagsortos\\\/\"]}]},{\"@type\":\"ImageObject\",\"inLanguage\":\"sv-SE\",\"@id\":\"https:\\\/\\\/embreis.com\\\/no\\\/produkt\\\/wee-bow-armbagsortos\\\/#primaryimage\",\"url\":\"https:\\\/\\\/embreis.com\\\/no\\\/wp-content\\\/uploads\\\/sites\\\/9\\\/2020\\\/02\\\/BLEDSOE.wee_.bow_.jpg\",\"contentUrl\":\"https:\\\/\\\/embreis.com\\\/no\\\/wp-content\\\/uploads\\\/sites\\\/9\\\/2020\\\/02\\\/BLEDSOE.wee_.bow_.jpg\",\"width\":567,\"height\":567},{\"@type\":\"BreadcrumbList\",\"@id\":\"https:\\\/\\\/embreis.com\\\/no\\\/produkt\\\/wee-bow-armbagsortos\\\/#breadcrumb\",\"itemListElement\":[{\"@type\":\"ListItem\",\"position\":1,\"name\":\"Hem\",\"item\":\"https:\\\/\\\/embreis.com\\\/no\\\/\"},{\"@type\":\"ListItem\",\"position\":2,\"name\":\"Sortiment\",\"item\":\"https:\\\/\\\/embreis.com\\\/no\\\/sortiment\\\/\"},{\"@type\":\"ListItem\",\"position\":3,\"name\":\"Ortos\",\"item\":\"https:\\\/\\\/embreis.com\\\/no\\\/produktkategori\\\/ortos\\\/\"},{\"@type\":\"ListItem\",\"position\":4,\"name\":\"Arm\",\"item\":\"https:\\\/\\\/embreis.com\\\/no\\\/produktkategori\\\/ortos\\\/arm\\\/\"},{\"@type\":\"ListItem\",\"position\":5,\"name\":\"Post-op - Trauma\",\"item\":\"https:\\\/\\\/embreis.com\\\/no\\\/produktkategori\\\/ortos\\\/arm\\\/post-op-trauma-arm-ortos\\\/\"},{\"@type\":\"ListItem\",\"position\":6,\"name\":\"Wee Bow Armb\u00e5gsortos Barn\"}]},{\"@type\":\"WebSite\",\"@id\":\"https:\\\/\\\/embreis.com\\\/no\\\/#website\",\"url\":\"https:\\\/\\\/embreis.com\\\/no\\\/\",\"name\":\"Embreis NO\",\"description\":\"Ortoser, proteser och material\",\"potentialAction\":[{\"@type\":\"SearchAction\",\"target\":{\"@type\":\"EntryPoint\",\"urlTemplate\":\"https:\\\/\\\/embreis.com\\\/no\\\/?s={search_term_string}\"},\"query-input\":{\"@type\":\"PropertyValueSpecification\",\"valueRequired\":true,\"valueName\":\"search_term_string\"}}],\"inLanguage\":\"sv-SE\"}]}<\/script>\n<!-- \/ Yoast SEO Premium plugin. -->","yoast_head_json":{"title":"Wee Bow Armb\u00e5gsortos Barn - Embreis NO","robots":{"index":"index","follow":"follow","max-snippet":"max-snippet:-1","max-image-preview":"max-image-preview:large","max-video-preview":"max-video-preview:-1"},"canonical":"https:\/\/embreis.com\/no\/produkt\/wee-bow-armbagsortos\/","og_locale":"sv_SE","og_type":"article","og_title":"Wee Bow Armb\u00e5gsortos Barn","og_description":"Armb\u00e5gsortos f\u00f6r barn  Teleskopinst\u00e4llning  Lateral ROM led  Fasta byglar runt armen","og_url":"https:\/\/embreis.com\/no\/produkt\/wee-bow-armbagsortos\/","og_site_name":"Embreis NO","article_modified_time":"2021-02-10T16:48:43+00:00","og_image":[{"width":567,"height":567,"url":"https:\/\/embreis.com\/no\/wp-content\/uploads\/sites\/9\/2020\/02\/BLEDSOE.wee_.bow_.jpg","type":"image\/jpeg"}],"twitter_card":"summary_large_image","schema":{"@context":"https:\/\/schema.org","@graph":[{"@type":"WebPage","@id":"https:\/\/embreis.com\/no\/produkt\/wee-bow-armbagsortos\/","url":"https:\/\/embreis.com\/no\/produkt\/wee-bow-armbagsortos\/","name":"Wee Bow Armb\u00e5gsortos Barn - Embreis NO","isPartOf":{"@id":"https:\/\/embreis.com\/no\/#website"},"primaryImageOfPage":{"@id":"https:\/\/embreis.com\/no\/produkt\/wee-bow-armbagsortos\/#primaryimage"},"image":{"@id":"https:\/\/embreis.com\/no\/produkt\/wee-bow-armbagsortos\/#primaryimage"},"thumbnailUrl":"https:\/\/embreis.com\/no\/wp-content\/uploads\/sites\/9\/2020\/02\/BLEDSOE.wee_.bow_.jpg","datePublished":"2020-02-14T13:55:07+00:00","dateModified":"2021-02-10T16:48:43+00:00","breadcrumb":{"@id":"https:\/\/embreis.com\/no\/produkt\/wee-bow-armbagsortos\/#breadcrumb"},"inLanguage":"sv-SE","potentialAction":[{"@type":"ReadAction","target":["https:\/\/embreis.com\/no\/produkt\/wee-bow-armbagsortos\/"]}]},{"@type":"ImageObject","inLanguage":"sv-SE","@id":"https:\/\/embreis.com\/no\/produkt\/wee-bow-armbagsortos\/#primaryimage","url":"https:\/\/embreis.com\/no\/wp-content\/uploads\/sites\/9\/2020\/02\/BLEDSOE.wee_.bow_.jpg","contentUrl":"https:\/\/embreis.com\/no\/wp-content\/uploads\/sites\/9\/2020\/02\/BLEDSOE.wee_.bow_.jpg","width":567,"height":567},{"@type":"BreadcrumbList","@id":"https:\/\/embreis.com\/no\/produkt\/wee-bow-armbagsortos\/#breadcrumb","itemListElement":[{"@type":"ListItem","position":1,"name":"Hem","item":"https:\/\/embreis.com\/no\/"},{"@type":"ListItem","position":2,"name":"Sortiment","item":"https:\/\/embreis.com\/no\/sortiment\/"},{"@type":"ListItem","position":3,"name":"Ortos","item":"https:\/\/embreis.com\/no\/produktkategori\/ortos\/"},{"@type":"ListItem","position":4,"name":"Arm","item":"https:\/\/embreis.com\/no\/produktkategori\/ortos\/arm\/"},{"@type":"ListItem","position":5,"name":"Post-op - Trauma","item":"https:\/\/embreis.com\/no\/produktkategori\/ortos\/arm\/post-op-trauma-arm-ortos\/"},{"@type":"ListItem","position":6,"name":"Wee Bow Armb\u00e5gsortos Barn"}]},{"@type":"WebSite","@id":"https:\/\/embreis.com\/no\/#website","url":"https:\/\/embreis.com\/no\/","name":"Embreis NO","description":"Ortoser, proteser och material","potentialAction":[{"@type":"SearchAction","target":{"@type":"EntryPoint","urlTemplate":"https:\/\/embreis.com\/no\/?s={search_term_string}"},"query-input":{"@type":"PropertyValueSpecification","valueRequired":true,"valueName":"search_term_string"}}],"inLanguage":"sv-SE"}]}},"_links":{"self":[{"href":"https:\/\/embreis.com\/no\/wp-json\/wp\/v2\/product\/1937","targetHints":{"allow":["GET"]}}],"collection":[{"href":"https:\/\/embreis.com\/no\/wp-json\/wp\/v2\/product"}],"about":[{"href":"https:\/\/embreis.com\/no\/wp-json\/wp\/v2\/types\/product"}],"wp:featuredmedia":[{"embeddable":true,"href":"https:\/\/embreis.com\/no\/wp-json\/wp\/v2\/media\/7969"}],"wp:attachment":[{"href":"https:\/\/embreis.com\/no\/wp-json\/wp\/v2\/media?parent=1937"}],"wp:term":[{"taxonomy":"product_brand","embeddable":true,"href":"https:\/\/embreis.com\/no\/wp-json\/wp\/v2\/product_brand?post=1937"},{"taxonomy":"product_cat","embeddable":true,"href":"https:\/\/embreis.com\/no\/wp-json\/wp\/v2\/product_cat?post=1937"},{"taxonomy":"product_tag","embeddable":true,"href":"https:\/\/embreis.com\/no\/wp-json\/wp\/v2\/product_tag?post=1937"}],"curies":[{"name":"wp","href":"https:\/\/api.w.org\/{rel}","templated":true}]}}