{"id":1459,"date":"2019-08-26T09:13:21","date_gmt":"2019-08-26T07:13:21","guid":{"rendered":"http:\/\/embreiscom.wpengine.com\/?product=import-placeholder-for-25505"},"modified":"2021-01-20T20:16:56","modified_gmt":"2021-01-20T18:16:56","slug":"traccollar-gummipump","status":"publish","type":"product","link":"https:\/\/embreis.com\/no\/produkt\/traccollar-gummipump\/","title":{"rendered":"TracCollar, gummipump"},"content":{"rendered":"<p>Handpump till TracCollar Traktionskrage. Gummipumpen inneh\u00e5ller \u00e4ven ventil f\u00f6r luftutsl\u00e4pp. Levereras styckvis.<\/p>\n","protected":false},"excerpt":{"rendered":"<ul>\n<li>Tillbeh\u00f6r till TracCollar<\/li>\n<li>Gummipump ink. ventil<\/li>\n<\/ul>\n","protected":false},"featured_media":6932,"template":"","meta":[],"product_brand":[],"product_cat":[1208,217,223,1196,1138],"product_tag":[],"class_list":{"0":"post-1459","1":"product","2":"type-product","3":"status-publish","4":"has-post-thumbnail","6":"product_cat-tillbehor-nacke","7":"product_cat-ortos","8":"product_cat-nacke","9":"product_cat-halskrage-traktion","10":"product_cat-tillbehor","11":"pa_varumarke-traccollar","13":"first","14":"instock","15":"shipping-taxable","16":"product-type-simple"},"acf":[],"yoast_head":"<!-- This site is optimized with the Yoast SEO Premium plugin v27.3 (Yoast SEO v27.3) - https:\/\/yoast.com\/product\/yoast-seo-premium-wordpress\/ -->\n<title>TracCollar, gummipump - Embreis NO<\/title>\n<meta name=\"robots\" content=\"index, follow, max-snippet:-1, max-image-preview:large, max-video-preview:-1\" \/>\n<link rel=\"canonical\" href=\"https:\/\/embreis.com\/no\/produkt\/traccollar-gummipump\/\" \/>\n<meta property=\"og:locale\" content=\"sv_SE\" \/>\n<meta property=\"og:type\" content=\"article\" \/>\n<meta property=\"og:title\" content=\"TracCollar, gummipump\" \/>\n<meta property=\"og:description\" content=\"Tillbeh\u00f6r till TracCollar  Gummipump ink. ventil\" \/>\n<meta property=\"og:url\" content=\"https:\/\/embreis.com\/no\/produkt\/traccollar-gummipump\/\" \/>\n<meta property=\"og:site_name\" content=\"Embreis NO\" \/>\n<meta property=\"article:modified_time\" content=\"2021-01-20T18:16:56+00:00\" \/>\n<meta property=\"og:image\" content=\"https:\/\/embreis.com\/no\/wp-content\/uploads\/sites\/9\/2019\/08\/Traccollar-pump.jpg\" \/>\n\t<meta property=\"og:image:width\" content=\"800\" \/>\n\t<meta property=\"og:image:height\" content=\"800\" \/>\n\t<meta property=\"og:image:type\" content=\"image\/jpeg\" \/>\n<meta name=\"twitter:card\" content=\"summary_large_image\" \/>\n<script type=\"application\/ld+json\" class=\"yoast-schema-graph\">{\"@context\":\"https:\\\/\\\/schema.org\",\"@graph\":[{\"@type\":\"WebPage\",\"@id\":\"https:\\\/\\\/embreis.com\\\/no\\\/produkt\\\/traccollar-gummipump\\\/\",\"url\":\"https:\\\/\\\/embreis.com\\\/no\\\/produkt\\\/traccollar-gummipump\\\/\",\"name\":\"TracCollar, gummipump - Embreis NO\",\"isPartOf\":{\"@id\":\"https:\\\/\\\/embreis.com\\\/no\\\/#website\"},\"primaryImageOfPage\":{\"@id\":\"https:\\\/\\\/embreis.com\\\/no\\\/produkt\\\/traccollar-gummipump\\\/#primaryimage\"},\"image\":{\"@id\":\"https:\\\/\\\/embreis.com\\\/no\\\/produkt\\\/traccollar-gummipump\\\/#primaryimage\"},\"thumbnailUrl\":\"https:\\\/\\\/embreis.com\\\/no\\\/wp-content\\\/uploads\\\/sites\\\/9\\\/2019\\\/08\\\/Traccollar-pump.jpg\",\"datePublished\":\"2019-08-26T07:13:21+00:00\",\"dateModified\":\"2021-01-20T18:16:56+00:00\",\"breadcrumb\":{\"@id\":\"https:\\\/\\\/embreis.com\\\/no\\\/produkt\\\/traccollar-gummipump\\\/#breadcrumb\"},\"inLanguage\":\"sv-SE\",\"potentialAction\":[{\"@type\":\"ReadAction\",\"target\":[\"https:\\\/\\\/embreis.com\\\/no\\\/produkt\\\/traccollar-gummipump\\\/\"]}]},{\"@type\":\"ImageObject\",\"inLanguage\":\"sv-SE\",\"@id\":\"https:\\\/\\\/embreis.com\\\/no\\\/produkt\\\/traccollar-gummipump\\\/#primaryimage\",\"url\":\"https:\\\/\\\/embreis.com\\\/no\\\/wp-content\\\/uploads\\\/sites\\\/9\\\/2019\\\/08\\\/Traccollar-pump.jpg\",\"contentUrl\":\"https:\\\/\\\/embreis.com\\\/no\\\/wp-content\\\/uploads\\\/sites\\\/9\\\/2019\\\/08\\\/Traccollar-pump.jpg\",\"width\":800,\"height\":800},{\"@type\":\"BreadcrumbList\",\"@id\":\"https:\\\/\\\/embreis.com\\\/no\\\/produkt\\\/traccollar-gummipump\\\/#breadcrumb\",\"itemListElement\":[{\"@type\":\"ListItem\",\"position\":1,\"name\":\"Hem\",\"item\":\"https:\\\/\\\/embreis.com\\\/no\\\/\"},{\"@type\":\"ListItem\",\"position\":2,\"name\":\"Sortiment\",\"item\":\"https:\\\/\\\/embreis.com\\\/no\\\/sortiment\\\/\"},{\"@type\":\"ListItem\",\"position\":3,\"name\":\"Ortos\",\"item\":\"https:\\\/\\\/embreis.com\\\/no\\\/produktkategori\\\/ortos\\\/\"},{\"@type\":\"ListItem\",\"position\":4,\"name\":\"Nacke\",\"item\":\"https:\\\/\\\/embreis.com\\\/no\\\/produktkategori\\\/ortos\\\/nacke\\\/\"},{\"@type\":\"ListItem\",\"position\":5,\"name\":\"Tillbeh\u00f6r Nacke\",\"item\":\"https:\\\/\\\/embreis.com\\\/no\\\/produktkategori\\\/ortos\\\/nacke\\\/tillbehor-nacke\\\/\"},{\"@type\":\"ListItem\",\"position\":6,\"name\":\"TracCollar, gummipump\"}]},{\"@type\":\"WebSite\",\"@id\":\"https:\\\/\\\/embreis.com\\\/no\\\/#website\",\"url\":\"https:\\\/\\\/embreis.com\\\/no\\\/\",\"name\":\"Embreis NO\",\"description\":\"Ortoser, proteser och material\",\"potentialAction\":[{\"@type\":\"SearchAction\",\"target\":{\"@type\":\"EntryPoint\",\"urlTemplate\":\"https:\\\/\\\/embreis.com\\\/no\\\/?s={search_term_string}\"},\"query-input\":{\"@type\":\"PropertyValueSpecification\",\"valueRequired\":true,\"valueName\":\"search_term_string\"}}],\"inLanguage\":\"sv-SE\"}]}<\/script>\n<!-- \/ Yoast SEO Premium plugin. -->","yoast_head_json":{"title":"TracCollar, gummipump - Embreis NO","robots":{"index":"index","follow":"follow","max-snippet":"max-snippet:-1","max-image-preview":"max-image-preview:large","max-video-preview":"max-video-preview:-1"},"canonical":"https:\/\/embreis.com\/no\/produkt\/traccollar-gummipump\/","og_locale":"sv_SE","og_type":"article","og_title":"TracCollar, gummipump","og_description":"Tillbeh\u00f6r till TracCollar  Gummipump ink. ventil","og_url":"https:\/\/embreis.com\/no\/produkt\/traccollar-gummipump\/","og_site_name":"Embreis NO","article_modified_time":"2021-01-20T18:16:56+00:00","og_image":[{"width":800,"height":800,"url":"https:\/\/embreis.com\/no\/wp-content\/uploads\/sites\/9\/2019\/08\/Traccollar-pump.jpg","type":"image\/jpeg"}],"twitter_card":"summary_large_image","schema":{"@context":"https:\/\/schema.org","@graph":[{"@type":"WebPage","@id":"https:\/\/embreis.com\/no\/produkt\/traccollar-gummipump\/","url":"https:\/\/embreis.com\/no\/produkt\/traccollar-gummipump\/","name":"TracCollar, gummipump - Embreis NO","isPartOf":{"@id":"https:\/\/embreis.com\/no\/#website"},"primaryImageOfPage":{"@id":"https:\/\/embreis.com\/no\/produkt\/traccollar-gummipump\/#primaryimage"},"image":{"@id":"https:\/\/embreis.com\/no\/produkt\/traccollar-gummipump\/#primaryimage"},"thumbnailUrl":"https:\/\/embreis.com\/no\/wp-content\/uploads\/sites\/9\/2019\/08\/Traccollar-pump.jpg","datePublished":"2019-08-26T07:13:21+00:00","dateModified":"2021-01-20T18:16:56+00:00","breadcrumb":{"@id":"https:\/\/embreis.com\/no\/produkt\/traccollar-gummipump\/#breadcrumb"},"inLanguage":"sv-SE","potentialAction":[{"@type":"ReadAction","target":["https:\/\/embreis.com\/no\/produkt\/traccollar-gummipump\/"]}]},{"@type":"ImageObject","inLanguage":"sv-SE","@id":"https:\/\/embreis.com\/no\/produkt\/traccollar-gummipump\/#primaryimage","url":"https:\/\/embreis.com\/no\/wp-content\/uploads\/sites\/9\/2019\/08\/Traccollar-pump.jpg","contentUrl":"https:\/\/embreis.com\/no\/wp-content\/uploads\/sites\/9\/2019\/08\/Traccollar-pump.jpg","width":800,"height":800},{"@type":"BreadcrumbList","@id":"https:\/\/embreis.com\/no\/produkt\/traccollar-gummipump\/#breadcrumb","itemListElement":[{"@type":"ListItem","position":1,"name":"Hem","item":"https:\/\/embreis.com\/no\/"},{"@type":"ListItem","position":2,"name":"Sortiment","item":"https:\/\/embreis.com\/no\/sortiment\/"},{"@type":"ListItem","position":3,"name":"Ortos","item":"https:\/\/embreis.com\/no\/produktkategori\/ortos\/"},{"@type":"ListItem","position":4,"name":"Nacke","item":"https:\/\/embreis.com\/no\/produktkategori\/ortos\/nacke\/"},{"@type":"ListItem","position":5,"name":"Tillbeh\u00f6r Nacke","item":"https:\/\/embreis.com\/no\/produktkategori\/ortos\/nacke\/tillbehor-nacke\/"},{"@type":"ListItem","position":6,"name":"TracCollar, gummipump"}]},{"@type":"WebSite","@id":"https:\/\/embreis.com\/no\/#website","url":"https:\/\/embreis.com\/no\/","name":"Embreis NO","description":"Ortoser, proteser och material","potentialAction":[{"@type":"SearchAction","target":{"@type":"EntryPoint","urlTemplate":"https:\/\/embreis.com\/no\/?s={search_term_string}"},"query-input":{"@type":"PropertyValueSpecification","valueRequired":true,"valueName":"search_term_string"}}],"inLanguage":"sv-SE"}]}},"_links":{"self":[{"href":"https:\/\/embreis.com\/no\/wp-json\/wp\/v2\/product\/1459","targetHints":{"allow":["GET"]}}],"collection":[{"href":"https:\/\/embreis.com\/no\/wp-json\/wp\/v2\/product"}],"about":[{"href":"https:\/\/embreis.com\/no\/wp-json\/wp\/v2\/types\/product"}],"wp:featuredmedia":[{"embeddable":true,"href":"https:\/\/embreis.com\/no\/wp-json\/wp\/v2\/media\/6932"}],"wp:attachment":[{"href":"https:\/\/embreis.com\/no\/wp-json\/wp\/v2\/media?parent=1459"}],"wp:term":[{"taxonomy":"product_brand","embeddable":true,"href":"https:\/\/embreis.com\/no\/wp-json\/wp\/v2\/product_brand?post=1459"},{"taxonomy":"product_cat","embeddable":true,"href":"https:\/\/embreis.com\/no\/wp-json\/wp\/v2\/product_cat?post=1459"},{"taxonomy":"product_tag","embeddable":true,"href":"https:\/\/embreis.com\/no\/wp-json\/wp\/v2\/product_tag?post=1459"}],"curies":[{"name":"wp","href":"https:\/\/api.w.org\/{rel}","templated":true}]}}