{"id":13628,"date":"2026-03-25T15:43:54","date_gmt":"2026-03-25T13:43:54","guid":{"rendered":"https:\/\/embreis.com\/no\/?post_type=product&#038;p=13628"},"modified":"2026-03-25T15:46:44","modified_gmt":"2026-03-25T13:46:44","slug":"fargpasta","status":"publish","type":"product","link":"https:\/\/embreis.com\/no\/produkt\/fargpasta\/","title":{"rendered":"F\u00e4rgpasta"},"content":{"rendered":"<p>Koncentrerad f\u00e4rgpasta som anv\u00e4nds f\u00f6r inf\u00e4rgning av olika resin- och polyuretansystem vid ortopedteknisk tillverkning. Produkten g\u00f6r det m\u00f6jligt att enkelt ge laminat, komponenter eller skumdelar \u00f6nskad f\u00e4rg utan att p\u00e5verka materialets bearbetning i n\u00e5gon st\u00f6rre utstr\u00e4ckning.<\/p>\n<p>F\u00e4rgpastan har en pastaliknande konsistens som \u00e4r l\u00e4tt att blanda in i resin eller PUR-skum. Den h\u00f6ga pigmentkoncentrationen g\u00f6r att endast sm\u00e5 m\u00e4ngder beh\u00f6vs f\u00f6r att uppn\u00e5 \u00f6nskat resultat, vilket g\u00f6r produkten b\u00e5de effektiv och ekonomisk i anv\u00e4ndning. Olika f\u00e4rgpastor kan blandas med varandra f\u00f6r att skapa egna f\u00e4rgnyanser. F\u00f6r b\u00e4sta resultat rekommenderas att kompatibiliteten kontrolleras med aktuellt material innan f\u00f6rsta anv\u00e4ndning.<\/p>\n","protected":false},"excerpt":{"rendered":"<p>Koncentrerad f\u00e4rgpasta som anv\u00e4nds f\u00f6r inf\u00e4rgning av olika resin- och polyuretansystem vid ortopedteknisk tillverkning. Produkten g\u00f6r det m\u00f6jligt att enkelt [&hellip;]<\/p>\n","protected":false},"featured_media":13629,"template":"","meta":[],"product_brand":[],"product_cat":[1279,1281],"product_tag":[],"class_list":{"0":"post-13628","1":"product","2":"type-product","3":"status-publish","4":"has-post-thumbnail","6":"product_cat-material","7":"product_cat-ovrigt-material","9":"first","10":"outofstock","11":"shipping-taxable","12":"product-type-variable"},"acf":[],"yoast_head":"<!-- This site is optimized with the Yoast SEO Premium plugin v27.3 (Yoast SEO v27.3) - https:\/\/yoast.com\/product\/yoast-seo-premium-wordpress\/ -->\n<title>F\u00e4rgpasta - Embreis NO<\/title>\n<meta name=\"robots\" content=\"index, follow, max-snippet:-1, max-image-preview:large, max-video-preview:-1\" \/>\n<link rel=\"canonical\" href=\"https:\/\/embreis.com\/no\/produkt\/fargpasta\/\" \/>\n<meta property=\"og:locale\" content=\"sv_SE\" \/>\n<meta property=\"og:type\" content=\"article\" \/>\n<meta property=\"og:title\" content=\"F\u00e4rgpasta\" \/>\n<meta property=\"og:description\" content=\"Koncentrerad f\u00e4rgpasta som anv\u00e4nds f\u00f6r inf\u00e4rgning av olika resin- och polyuretansystem vid ortopedteknisk tillverkning. Produkten g\u00f6r det m\u00f6jligt att enkelt [&hellip;]\" \/>\n<meta property=\"og:url\" content=\"https:\/\/embreis.com\/no\/produkt\/fargpasta\/\" \/>\n<meta property=\"og:site_name\" content=\"Embreis NO\" \/>\n<meta property=\"article:modified_time\" content=\"2026-03-25T13:46:44+00:00\" \/>\n<meta property=\"og:image\" content=\"https:\/\/embreis.com\/no\/wp-content\/uploads\/sites\/9\/2026\/03\/Fargpasta.png\" \/>\n\t<meta property=\"og:image:width\" content=\"800\" \/>\n\t<meta property=\"og:image:height\" content=\"800\" \/>\n\t<meta property=\"og:image:type\" content=\"image\/png\" \/>\n<meta name=\"twitter:card\" content=\"summary_large_image\" \/>\n<meta name=\"twitter:label1\" content=\"Ber\u00e4knad l\u00e4stid\" \/>\n\t<meta name=\"twitter:data1\" content=\"1 minut\" \/>\n<script type=\"application\/ld+json\" class=\"yoast-schema-graph\">{\"@context\":\"https:\\\/\\\/schema.org\",\"@graph\":[{\"@type\":\"WebPage\",\"@id\":\"https:\\\/\\\/embreis.com\\\/no\\\/produkt\\\/fargpasta\\\/\",\"url\":\"https:\\\/\\\/embreis.com\\\/no\\\/produkt\\\/fargpasta\\\/\",\"name\":\"F\u00e4rgpasta - Embreis NO\",\"isPartOf\":{\"@id\":\"https:\\\/\\\/embreis.com\\\/no\\\/#website\"},\"primaryImageOfPage\":{\"@id\":\"https:\\\/\\\/embreis.com\\\/no\\\/produkt\\\/fargpasta\\\/#primaryimage\"},\"image\":{\"@id\":\"https:\\\/\\\/embreis.com\\\/no\\\/produkt\\\/fargpasta\\\/#primaryimage\"},\"thumbnailUrl\":\"https:\\\/\\\/embreis.com\\\/no\\\/wp-content\\\/uploads\\\/sites\\\/9\\\/2026\\\/03\\\/Fargpasta.png\",\"datePublished\":\"2026-03-25T13:43:54+00:00\",\"dateModified\":\"2026-03-25T13:46:44+00:00\",\"breadcrumb\":{\"@id\":\"https:\\\/\\\/embreis.com\\\/no\\\/produkt\\\/fargpasta\\\/#breadcrumb\"},\"inLanguage\":\"sv-SE\",\"potentialAction\":[{\"@type\":\"ReadAction\",\"target\":[\"https:\\\/\\\/embreis.com\\\/no\\\/produkt\\\/fargpasta\\\/\"]}]},{\"@type\":\"ImageObject\",\"inLanguage\":\"sv-SE\",\"@id\":\"https:\\\/\\\/embreis.com\\\/no\\\/produkt\\\/fargpasta\\\/#primaryimage\",\"url\":\"https:\\\/\\\/embreis.com\\\/no\\\/wp-content\\\/uploads\\\/sites\\\/9\\\/2026\\\/03\\\/Fargpasta.png\",\"contentUrl\":\"https:\\\/\\\/embreis.com\\\/no\\\/wp-content\\\/uploads\\\/sites\\\/9\\\/2026\\\/03\\\/Fargpasta.png\",\"width\":800,\"height\":800},{\"@type\":\"BreadcrumbList\",\"@id\":\"https:\\\/\\\/embreis.com\\\/no\\\/produkt\\\/fargpasta\\\/#breadcrumb\",\"itemListElement\":[{\"@type\":\"ListItem\",\"position\":1,\"name\":\"Hem\",\"item\":\"https:\\\/\\\/embreis.com\\\/no\\\/\"},{\"@type\":\"ListItem\",\"position\":2,\"name\":\"Sortiment\",\"item\":\"https:\\\/\\\/embreis.com\\\/no\\\/sortiment\\\/\"},{\"@type\":\"ListItem\",\"position\":3,\"name\":\"Material\",\"item\":\"https:\\\/\\\/embreis.com\\\/no\\\/produktkategori\\\/material\\\/\"},{\"@type\":\"ListItem\",\"position\":4,\"name\":\"F\u00e4rgpasta\"}]},{\"@type\":\"WebSite\",\"@id\":\"https:\\\/\\\/embreis.com\\\/no\\\/#website\",\"url\":\"https:\\\/\\\/embreis.com\\\/no\\\/\",\"name\":\"Embreis NO\",\"description\":\"Ortoser, proteser och material\",\"potentialAction\":[{\"@type\":\"SearchAction\",\"target\":{\"@type\":\"EntryPoint\",\"urlTemplate\":\"https:\\\/\\\/embreis.com\\\/no\\\/?s={search_term_string}\"},\"query-input\":{\"@type\":\"PropertyValueSpecification\",\"valueRequired\":true,\"valueName\":\"search_term_string\"}}],\"inLanguage\":\"sv-SE\"}]}<\/script>\n<!-- \/ Yoast SEO Premium plugin. -->","yoast_head_json":{"title":"F\u00e4rgpasta - Embreis NO","robots":{"index":"index","follow":"follow","max-snippet":"max-snippet:-1","max-image-preview":"max-image-preview:large","max-video-preview":"max-video-preview:-1"},"canonical":"https:\/\/embreis.com\/no\/produkt\/fargpasta\/","og_locale":"sv_SE","og_type":"article","og_title":"F\u00e4rgpasta","og_description":"Koncentrerad f\u00e4rgpasta som anv\u00e4nds f\u00f6r inf\u00e4rgning av olika resin- och polyuretansystem vid ortopedteknisk tillverkning. Produkten g\u00f6r det m\u00f6jligt att enkelt [&hellip;]","og_url":"https:\/\/embreis.com\/no\/produkt\/fargpasta\/","og_site_name":"Embreis NO","article_modified_time":"2026-03-25T13:46:44+00:00","og_image":[{"width":800,"height":800,"url":"https:\/\/embreis.com\/no\/wp-content\/uploads\/sites\/9\/2026\/03\/Fargpasta.png","type":"image\/png"}],"twitter_card":"summary_large_image","twitter_misc":{"Ber\u00e4knad l\u00e4stid":"1 minut"},"schema":{"@context":"https:\/\/schema.org","@graph":[{"@type":"WebPage","@id":"https:\/\/embreis.com\/no\/produkt\/fargpasta\/","url":"https:\/\/embreis.com\/no\/produkt\/fargpasta\/","name":"F\u00e4rgpasta - Embreis NO","isPartOf":{"@id":"https:\/\/embreis.com\/no\/#website"},"primaryImageOfPage":{"@id":"https:\/\/embreis.com\/no\/produkt\/fargpasta\/#primaryimage"},"image":{"@id":"https:\/\/embreis.com\/no\/produkt\/fargpasta\/#primaryimage"},"thumbnailUrl":"https:\/\/embreis.com\/no\/wp-content\/uploads\/sites\/9\/2026\/03\/Fargpasta.png","datePublished":"2026-03-25T13:43:54+00:00","dateModified":"2026-03-25T13:46:44+00:00","breadcrumb":{"@id":"https:\/\/embreis.com\/no\/produkt\/fargpasta\/#breadcrumb"},"inLanguage":"sv-SE","potentialAction":[{"@type":"ReadAction","target":["https:\/\/embreis.com\/no\/produkt\/fargpasta\/"]}]},{"@type":"ImageObject","inLanguage":"sv-SE","@id":"https:\/\/embreis.com\/no\/produkt\/fargpasta\/#primaryimage","url":"https:\/\/embreis.com\/no\/wp-content\/uploads\/sites\/9\/2026\/03\/Fargpasta.png","contentUrl":"https:\/\/embreis.com\/no\/wp-content\/uploads\/sites\/9\/2026\/03\/Fargpasta.png","width":800,"height":800},{"@type":"BreadcrumbList","@id":"https:\/\/embreis.com\/no\/produkt\/fargpasta\/#breadcrumb","itemListElement":[{"@type":"ListItem","position":1,"name":"Hem","item":"https:\/\/embreis.com\/no\/"},{"@type":"ListItem","position":2,"name":"Sortiment","item":"https:\/\/embreis.com\/no\/sortiment\/"},{"@type":"ListItem","position":3,"name":"Material","item":"https:\/\/embreis.com\/no\/produktkategori\/material\/"},{"@type":"ListItem","position":4,"name":"F\u00e4rgpasta"}]},{"@type":"WebSite","@id":"https:\/\/embreis.com\/no\/#website","url":"https:\/\/embreis.com\/no\/","name":"Embreis NO","description":"Ortoser, proteser och material","potentialAction":[{"@type":"SearchAction","target":{"@type":"EntryPoint","urlTemplate":"https:\/\/embreis.com\/no\/?s={search_term_string}"},"query-input":{"@type":"PropertyValueSpecification","valueRequired":true,"valueName":"search_term_string"}}],"inLanguage":"sv-SE"}]}},"_links":{"self":[{"href":"https:\/\/embreis.com\/no\/wp-json\/wp\/v2\/product\/13628","targetHints":{"allow":["GET"]}}],"collection":[{"href":"https:\/\/embreis.com\/no\/wp-json\/wp\/v2\/product"}],"about":[{"href":"https:\/\/embreis.com\/no\/wp-json\/wp\/v2\/types\/product"}],"wp:featuredmedia":[{"embeddable":true,"href":"https:\/\/embreis.com\/no\/wp-json\/wp\/v2\/media\/13629"}],"wp:attachment":[{"href":"https:\/\/embreis.com\/no\/wp-json\/wp\/v2\/media?parent=13628"}],"wp:term":[{"taxonomy":"product_brand","embeddable":true,"href":"https:\/\/embreis.com\/no\/wp-json\/wp\/v2\/product_brand?post=13628"},{"taxonomy":"product_cat","embeddable":true,"href":"https:\/\/embreis.com\/no\/wp-json\/wp\/v2\/product_cat?post=13628"},{"taxonomy":"product_tag","embeddable":true,"href":"https:\/\/embreis.com\/no\/wp-json\/wp\/v2\/product_tag?post=13628"}],"curies":[{"name":"wp","href":"https:\/\/api.w.org\/{rel}","templated":true}]}}