{"id":13615,"date":"2026-03-25T15:30:06","date_gmt":"2026-03-25T13:30:06","guid":{"rendered":"https:\/\/embreis.com\/no\/?post_type=product&#038;p=13615"},"modified":"2026-03-25T15:38:08","modified_gmt":"2026-03-25T13:38:08","slug":"pva-foliestrutar","status":"publish","type":"product","link":"https:\/\/embreis.com\/no\/produkt\/pva-foliestrutar\/","title":{"rendered":"PVA-foliestrutar"},"content":{"rendered":"<p>PVA-foliestrutar f\u00f6r anv\u00e4ndning vid laminering av proteskomponenter. De anv\u00e4nds som vakuum- och laminationsp\u00e5se f\u00f6r att skapa en t\u00e4t och j\u00e4mn laminering vid tillverkning av exempelvis proteshylsor.<\/p>\n<p>Foliestrutarna \u00e4r tillverkade av PVA (polyvinylalkohol), ett material som \u00e4r s\u00e4rskilt l\u00e4mpat f\u00f6r laminering eftersom det \u00e4r starkt, flexibelt och vattenl\u00f6sligt. Materialet formar sig v\u00e4l \u00f6ver modellen och bidrar till ett j\u00e4mnt tryck \u00f6ver hela laminatet under h\u00e4rdningsprocessen.<\/p>\n<p>Dessa PVA-foliestrutar h\u00e5ller h\u00f6g kvalitet och ger p\u00e5litliga resultat vid laminering av olika typer av proteser. De finns i flera storlekar f\u00f6r att passa olika applikationer, exempelvis underbens-, arm- och l\u00e5rbensproteser.<\/p>\n","protected":false},"excerpt":{"rendered":"<p>PVA-foliestrutar f\u00f6r anv\u00e4ndning vid laminering av proteskomponenter. De anv\u00e4nds som vakuum- och laminationsp\u00e5se f\u00f6r att skapa en t\u00e4t och j\u00e4mn [&hellip;]<\/p>\n","protected":false},"featured_media":13616,"template":"","meta":[],"product_brand":[],"product_cat":[1279,1281],"product_tag":[],"class_list":{"0":"post-13615","1":"product","2":"type-product","3":"status-publish","4":"has-post-thumbnail","6":"product_cat-material","7":"product_cat-ovrigt-material","9":"first","10":"outofstock","11":"shipping-taxable","12":"product-type-variable"},"acf":[],"yoast_head":"<!-- This site is optimized with the Yoast SEO Premium plugin v27.3 (Yoast SEO v27.3) - https:\/\/yoast.com\/product\/yoast-seo-premium-wordpress\/ -->\n<title>PVA-foliestrutar - Embreis NO<\/title>\n<meta name=\"robots\" content=\"index, follow, max-snippet:-1, max-image-preview:large, max-video-preview:-1\" \/>\n<link rel=\"canonical\" href=\"https:\/\/embreis.com\/no\/produkt\/pva-foliestrutar\/\" \/>\n<meta property=\"og:locale\" content=\"sv_SE\" \/>\n<meta property=\"og:type\" content=\"article\" \/>\n<meta property=\"og:title\" content=\"PVA-foliestrutar\" \/>\n<meta property=\"og:description\" content=\"PVA-foliestrutar f\u00f6r anv\u00e4ndning vid laminering av proteskomponenter. De anv\u00e4nds som vakuum- och laminationsp\u00e5se f\u00f6r att skapa en t\u00e4t och j\u00e4mn [&hellip;]\" \/>\n<meta property=\"og:url\" content=\"https:\/\/embreis.com\/no\/produkt\/pva-foliestrutar\/\" \/>\n<meta property=\"og:site_name\" content=\"Embreis NO\" \/>\n<meta property=\"article:modified_time\" content=\"2026-03-25T13:38:08+00:00\" \/>\n<meta property=\"og:image\" content=\"https:\/\/embreis.com\/no\/wp-content\/uploads\/sites\/9\/2026\/03\/Foliestrutar.png\" \/>\n\t<meta property=\"og:image:width\" content=\"800\" \/>\n\t<meta property=\"og:image:height\" content=\"800\" \/>\n\t<meta property=\"og:image:type\" content=\"image\/png\" \/>\n<meta name=\"twitter:card\" content=\"summary_large_image\" \/>\n<meta name=\"twitter:label1\" content=\"Ber\u00e4knad l\u00e4stid\" \/>\n\t<meta name=\"twitter:data1\" content=\"1 minut\" \/>\n<script type=\"application\/ld+json\" class=\"yoast-schema-graph\">{\"@context\":\"https:\\\/\\\/schema.org\",\"@graph\":[{\"@type\":\"WebPage\",\"@id\":\"https:\\\/\\\/embreis.com\\\/no\\\/produkt\\\/pva-foliestrutar\\\/\",\"url\":\"https:\\\/\\\/embreis.com\\\/no\\\/produkt\\\/pva-foliestrutar\\\/\",\"name\":\"PVA-foliestrutar - Embreis NO\",\"isPartOf\":{\"@id\":\"https:\\\/\\\/embreis.com\\\/no\\\/#website\"},\"primaryImageOfPage\":{\"@id\":\"https:\\\/\\\/embreis.com\\\/no\\\/produkt\\\/pva-foliestrutar\\\/#primaryimage\"},\"image\":{\"@id\":\"https:\\\/\\\/embreis.com\\\/no\\\/produkt\\\/pva-foliestrutar\\\/#primaryimage\"},\"thumbnailUrl\":\"https:\\\/\\\/embreis.com\\\/no\\\/wp-content\\\/uploads\\\/sites\\\/9\\\/2026\\\/03\\\/Foliestrutar.png\",\"datePublished\":\"2026-03-25T13:30:06+00:00\",\"dateModified\":\"2026-03-25T13:38:08+00:00\",\"breadcrumb\":{\"@id\":\"https:\\\/\\\/embreis.com\\\/no\\\/produkt\\\/pva-foliestrutar\\\/#breadcrumb\"},\"inLanguage\":\"sv-SE\",\"potentialAction\":[{\"@type\":\"ReadAction\",\"target\":[\"https:\\\/\\\/embreis.com\\\/no\\\/produkt\\\/pva-foliestrutar\\\/\"]}]},{\"@type\":\"ImageObject\",\"inLanguage\":\"sv-SE\",\"@id\":\"https:\\\/\\\/embreis.com\\\/no\\\/produkt\\\/pva-foliestrutar\\\/#primaryimage\",\"url\":\"https:\\\/\\\/embreis.com\\\/no\\\/wp-content\\\/uploads\\\/sites\\\/9\\\/2026\\\/03\\\/Foliestrutar.png\",\"contentUrl\":\"https:\\\/\\\/embreis.com\\\/no\\\/wp-content\\\/uploads\\\/sites\\\/9\\\/2026\\\/03\\\/Foliestrutar.png\",\"width\":800,\"height\":800},{\"@type\":\"BreadcrumbList\",\"@id\":\"https:\\\/\\\/embreis.com\\\/no\\\/produkt\\\/pva-foliestrutar\\\/#breadcrumb\",\"itemListElement\":[{\"@type\":\"ListItem\",\"position\":1,\"name\":\"Hem\",\"item\":\"https:\\\/\\\/embreis.com\\\/no\\\/\"},{\"@type\":\"ListItem\",\"position\":2,\"name\":\"Sortiment\",\"item\":\"https:\\\/\\\/embreis.com\\\/no\\\/sortiment\\\/\"},{\"@type\":\"ListItem\",\"position\":3,\"name\":\"Material\",\"item\":\"https:\\\/\\\/embreis.com\\\/no\\\/produktkategori\\\/material\\\/\"},{\"@type\":\"ListItem\",\"position\":4,\"name\":\"PVA-foliestrutar\"}]},{\"@type\":\"WebSite\",\"@id\":\"https:\\\/\\\/embreis.com\\\/no\\\/#website\",\"url\":\"https:\\\/\\\/embreis.com\\\/no\\\/\",\"name\":\"Embreis NO\",\"description\":\"Ortoser, proteser och material\",\"potentialAction\":[{\"@type\":\"SearchAction\",\"target\":{\"@type\":\"EntryPoint\",\"urlTemplate\":\"https:\\\/\\\/embreis.com\\\/no\\\/?s={search_term_string}\"},\"query-input\":{\"@type\":\"PropertyValueSpecification\",\"valueRequired\":true,\"valueName\":\"search_term_string\"}}],\"inLanguage\":\"sv-SE\"}]}<\/script>\n<!-- \/ Yoast SEO Premium plugin. -->","yoast_head_json":{"title":"PVA-foliestrutar - Embreis NO","robots":{"index":"index","follow":"follow","max-snippet":"max-snippet:-1","max-image-preview":"max-image-preview:large","max-video-preview":"max-video-preview:-1"},"canonical":"https:\/\/embreis.com\/no\/produkt\/pva-foliestrutar\/","og_locale":"sv_SE","og_type":"article","og_title":"PVA-foliestrutar","og_description":"PVA-foliestrutar f\u00f6r anv\u00e4ndning vid laminering av proteskomponenter. De anv\u00e4nds som vakuum- och laminationsp\u00e5se f\u00f6r att skapa en t\u00e4t och j\u00e4mn [&hellip;]","og_url":"https:\/\/embreis.com\/no\/produkt\/pva-foliestrutar\/","og_site_name":"Embreis NO","article_modified_time":"2026-03-25T13:38:08+00:00","og_image":[{"width":800,"height":800,"url":"https:\/\/embreis.com\/no\/wp-content\/uploads\/sites\/9\/2026\/03\/Foliestrutar.png","type":"image\/png"}],"twitter_card":"summary_large_image","twitter_misc":{"Ber\u00e4knad l\u00e4stid":"1 minut"},"schema":{"@context":"https:\/\/schema.org","@graph":[{"@type":"WebPage","@id":"https:\/\/embreis.com\/no\/produkt\/pva-foliestrutar\/","url":"https:\/\/embreis.com\/no\/produkt\/pva-foliestrutar\/","name":"PVA-foliestrutar - Embreis NO","isPartOf":{"@id":"https:\/\/embreis.com\/no\/#website"},"primaryImageOfPage":{"@id":"https:\/\/embreis.com\/no\/produkt\/pva-foliestrutar\/#primaryimage"},"image":{"@id":"https:\/\/embreis.com\/no\/produkt\/pva-foliestrutar\/#primaryimage"},"thumbnailUrl":"https:\/\/embreis.com\/no\/wp-content\/uploads\/sites\/9\/2026\/03\/Foliestrutar.png","datePublished":"2026-03-25T13:30:06+00:00","dateModified":"2026-03-25T13:38:08+00:00","breadcrumb":{"@id":"https:\/\/embreis.com\/no\/produkt\/pva-foliestrutar\/#breadcrumb"},"inLanguage":"sv-SE","potentialAction":[{"@type":"ReadAction","target":["https:\/\/embreis.com\/no\/produkt\/pva-foliestrutar\/"]}]},{"@type":"ImageObject","inLanguage":"sv-SE","@id":"https:\/\/embreis.com\/no\/produkt\/pva-foliestrutar\/#primaryimage","url":"https:\/\/embreis.com\/no\/wp-content\/uploads\/sites\/9\/2026\/03\/Foliestrutar.png","contentUrl":"https:\/\/embreis.com\/no\/wp-content\/uploads\/sites\/9\/2026\/03\/Foliestrutar.png","width":800,"height":800},{"@type":"BreadcrumbList","@id":"https:\/\/embreis.com\/no\/produkt\/pva-foliestrutar\/#breadcrumb","itemListElement":[{"@type":"ListItem","position":1,"name":"Hem","item":"https:\/\/embreis.com\/no\/"},{"@type":"ListItem","position":2,"name":"Sortiment","item":"https:\/\/embreis.com\/no\/sortiment\/"},{"@type":"ListItem","position":3,"name":"Material","item":"https:\/\/embreis.com\/no\/produktkategori\/material\/"},{"@type":"ListItem","position":4,"name":"PVA-foliestrutar"}]},{"@type":"WebSite","@id":"https:\/\/embreis.com\/no\/#website","url":"https:\/\/embreis.com\/no\/","name":"Embreis NO","description":"Ortoser, proteser och material","potentialAction":[{"@type":"SearchAction","target":{"@type":"EntryPoint","urlTemplate":"https:\/\/embreis.com\/no\/?s={search_term_string}"},"query-input":{"@type":"PropertyValueSpecification","valueRequired":true,"valueName":"search_term_string"}}],"inLanguage":"sv-SE"}]}},"_links":{"self":[{"href":"https:\/\/embreis.com\/no\/wp-json\/wp\/v2\/product\/13615","targetHints":{"allow":["GET"]}}],"collection":[{"href":"https:\/\/embreis.com\/no\/wp-json\/wp\/v2\/product"}],"about":[{"href":"https:\/\/embreis.com\/no\/wp-json\/wp\/v2\/types\/product"}],"wp:featuredmedia":[{"embeddable":true,"href":"https:\/\/embreis.com\/no\/wp-json\/wp\/v2\/media\/13616"}],"wp:attachment":[{"href":"https:\/\/embreis.com\/no\/wp-json\/wp\/v2\/media?parent=13615"}],"wp:term":[{"taxonomy":"product_brand","embeddable":true,"href":"https:\/\/embreis.com\/no\/wp-json\/wp\/v2\/product_brand?post=13615"},{"taxonomy":"product_cat","embeddable":true,"href":"https:\/\/embreis.com\/no\/wp-json\/wp\/v2\/product_cat?post=13615"},{"taxonomy":"product_tag","embeddable":true,"href":"https:\/\/embreis.com\/no\/wp-json\/wp\/v2\/product_tag?post=13615"}],"curies":[{"name":"wp","href":"https:\/\/api.w.org\/{rel}","templated":true}]}}